{"id":30222,"date":"2023-05-04T13:37:00","date_gmt":"2023-05-04T13:37:00","guid":{"rendered":"http:\/\/www.sakababeauty.com\/?post_type=product&#038;p=30222"},"modified":"2024-08-07T19:45:57","modified_gmt":"2024-08-07T19:45:57","slug":"beauty-of-joseon-revive-serum-ginseng-snail-muci","status":"publish","type":"product","link":"https:\/\/sakaba.mghosteur.com\/en\/product\/beauty-of-joseon-revive-serum-ginseng-snail-muci\/","title":{"rendered":"BEAUTY OF JOSEON REVIVE SERUM GINSENG + SNAIL MUCI"},"content":{"rendered":"<p>D\u00e9couvrez le S\u00e9rum Revive de la marque Beauty of Joseon, sp\u00e9cialement con\u00e7u pour revitaliser les peaux en manque d&#8217;\u00e9nergie. Ce s\u00e9rum contient du ginseng, un ingr\u00e9dient v\u00e9g\u00e9tal utilis\u00e9 depuis des si\u00e8cles en phytoth\u00e9rapie orientale pour ses propri\u00e9t\u00e9s b\u00e9n\u00e9fiques. Avec une concentration de 63% en eau de racine de ginseng, ce s\u00e9rum aide \u00e0 hydrater rapidement et en profondeur la peau pour la maintenir en bonne sant\u00e9. En plus du ginseng, ce s\u00e9rum contient \u00e9galement 3% de filtrat de s\u00e9cr\u00e9tion d&#8217;escargot, connu pour aider \u00e0 prot\u00e9ger la peau endommag\u00e9e. Associ\u00e9 \u00e0 de l&#8217;extrait de Centella asiatica, de l&#8217;extrait de champignon et de l&#8217;extrait de racine de Panax ginseng, le filtrat de s\u00e9cr\u00e9tion d&#8217;escargot cr\u00e9e une synergie parfaite pour am\u00e9liorer l&#8217;\u00e9lasticit\u00e9 de la peau. N&#8217;attendez plus pour redonner \u00e0 votre peau toute la vitalit\u00e9 qu&#8217;elle m\u00e9rite avec le S\u00e9rum Revive de Beauty of Joseon.<\/p>","protected":false},"excerpt":{"rendered":"<p>D\u00e9couvrez le S\u00e9rum Revive de la marque Beauty of Joseon, sp\u00e9cialement con\u00e7u pour revitaliser les peaux en manque d&#8217;\u00e9nergie. Ce s\u00e9rum contient du ginseng, un ingr\u00e9dient v\u00e9g\u00e9tal utilis\u00e9 depuis des si\u00e8cles en phytoth\u00e9rapie orientale pour ses propri\u00e9t\u00e9s b\u00e9n\u00e9fiques. Avec une concentration de 63% en eau de racine de ginseng, ce s\u00e9rum aide \u00e0 hydrater rapidement<span class=\"read-more-faq\"><a href=\"https:\/\/sakaba.mghosteur.com\/en\/product\/beauty-of-joseon-revive-serum-ginseng-snail-muci\/\">Read More<\/a><\/span><\/p>","protected":false},"featured_media":0,"comment_status":"closed","ping_status":"closed","template":"","meta":[],"product_brand":[],"product_cat":[294,293,1018,451,334],"product_tag":[],"class_list":{"0":"post-30222","1":"product","2":"type-product","3":"status-publish","5":"product_cat-acne","6":"product_cat-anti-taches","7":"product_cat-aai-produis-coreens","8":"product_cat-aab-soin-du-visage","9":"product_cat-traitement-serum","11":"first","12":"instock","13":"shipping-taxable","14":"product-type-simple"},"jetpack-related-posts":[{"id":31393,"url":"https:\/\/sakaba.mghosteur.com\/en\/product\/beauty-of-joseon-revive-serum-ginseng-snail-mucin\/","url_meta":{"origin":30222,"position":0},"title":"BEAUTY OF JOSEON Revive Serum  Ginseng + Snail Mucin","author":"admin","date":"May 10, 2024","format":false,"excerpt":"D\u00e9couvrez le S\u00e9rum Revive : Ginseng + Mucus d'escargot Un s\u00e9rum con\u00e7u pour raviver les peaux en manque de vitalit\u00e9. Formul\u00e9 avec du ginseng, un ingr\u00e9dient v\u00e9g\u00e9tal r\u00e9put\u00e9 depuis des si\u00e8cles, et 3 % de filtrat de s\u00e9cr\u00e9tion d'escargot, cette combinaison offre une synergie optimale pour renforcer l'\u00e9lasticit\u00e9 de la\u2026","rel":"","context":"Similar post","block_context":{"text":"Similar post","link":""},"img":{"alt_text":"","src":"","width":0,"height":0},"classes":[]},{"id":30303,"url":"https:\/\/sakaba.mghosteur.com\/en\/product\/beauty-of-joseon-revive-eye-serum-ginseng-retinal\/","url_meta":{"origin":30222,"position":1},"title":"BEAUTY OF JOSEON REVIVE EYE SERUM GINSENG + RETINAL","author":"admin","date":"May 8, 2023","format":false,"excerpt":"D\u00e9couvrez le S\u00e9rum Contour des Yeux Ravivant au Ginseng et au R\u00e9tinal de la marque Beauty of Joseon, con\u00e7u pour am\u00e9liorer les rides de la peau sensible autour des yeux. La combinaison d'extrait de ginseng et de r\u00e9tinal aide \u00e0 augmenter l'\u00e9lasticit\u00e9 de la couche dermique de la peau, en\u2026","rel":"","context":"Similar post","block_context":{"text":"Similar post","link":""},"img":{"alt_text":"","src":"","width":0,"height":0},"classes":[]},{"id":27620,"url":"https:\/\/sakaba.mghosteur.com\/en\/product\/ginseng-essence-water\/","url_meta":{"origin":30222,"position":2},"title":"GINSENG ESSENCE WATER","author":"admin","date":"November 29, 2022","format":false,"excerpt":"D\u00e9couvrez l'eau d'essence de ginseng de la marque Beauty of Joseon, un produit \u00e0 base de plantes naturelles qui a \u00e9t\u00e9 utilis\u00e9 pendant des si\u00e8cles pour am\u00e9liorer la sant\u00e9 et la beaut\u00e9 de la peau cor\u00e9enne. Cette essence contient 80% d'eau de ginseng pour offrir une hydratation et une nutrition\u2026","rel":"","context":"Similar post","block_context":{"text":"Similar post","link":""},"img":{"alt_text":"","src":"","width":0,"height":0},"classes":[]},{"id":30218,"url":"https:\/\/sakaba.mghosteur.com\/en\/product\/beauty-of-joseon-ginseng-cleansing\/","url_meta":{"origin":30222,"position":3},"title":"BEAUTY OF JOSEON &#8211; GINSENG CLEANSING","author":"admin","date":"May 4, 2023","format":false,"excerpt":"D\u00e9couvrez l'huile d\u00e9maquillante au ginseng de la marque Beauty of Joseon pour une exp\u00e9rience de nettoyage en profondeur de votre peau. Contrairement \u00e0 d'autres huiles nettoyantes disponibles sur le march\u00e9, notre formule contient de l'huile de Glycine Soja, une base l\u00e9g\u00e8re et efficace pour \u00e9liminer en douceur la salet\u00e9, le\u2026","rel":"","context":"Similar post","block_context":{"text":"Similar post","link":""},"img":{"alt_text":"","src":"","width":0,"height":0},"classes":[]},{"id":30233,"url":"https:\/\/sakaba.mghosteur.com\/en\/product\/glow-serum-propolis-niacinamide\/","url_meta":{"origin":30222,"position":4},"title":"GLOW SERUM PROPOLIS +NIACINAMIDE","author":"admin","date":"May 4, 2023","format":false,"excerpt":"D\u00e9couvrez le S\u00e9rum \u00c9clat de la marque Beauty of Joseon, con\u00e7u pour les probl\u00e8mes de pores dilat\u00e9s et de peau enflamm\u00e9e. Ce s\u00e9rum contient 60 % d'extrait de propolis, ingr\u00e9dient traditionnel de soin de la peau utilis\u00e9 par les femmes de la dynastie Joseon pour hydrater et am\u00e9liorer la peau\u2026","rel":"","context":"Similar post","block_context":{"text":"Similar post","link":""},"img":{"alt_text":"","src":"","width":0,"height":0},"classes":[]},{"id":27615,"url":"https:\/\/sakaba.mghosteur.com\/en\/product\/repair-serum-ginseng-snail-mucin\/","url_meta":{"origin":30222,"position":5},"title":"REPAIR SERUM GINSENG + SNAIL MUCIN","author":"admin","date":"November 29, 2022","format":false,"excerpt":"","rel":"","context":"Similar post","block_context":{"text":"Similar post","link":""},"img":{"alt_text":"","src":"","width":0,"height":0},"classes":[]}],"_links":{"self":[{"href":"https:\/\/sakaba.mghosteur.com\/en\/wp-json\/wp\/v2\/product\/30222","targetHints":{"allow":["GET"]}}],"collection":[{"href":"https:\/\/sakaba.mghosteur.com\/en\/wp-json\/wp\/v2\/product"}],"about":[{"href":"https:\/\/sakaba.mghosteur.com\/en\/wp-json\/wp\/v2\/types\/product"}],"replies":[{"embeddable":true,"href":"https:\/\/sakaba.mghosteur.com\/en\/wp-json\/wp\/v2\/comments?post=30222"}],"version-history":[{"count":0,"href":"https:\/\/sakaba.mghosteur.com\/en\/wp-json\/wp\/v2\/product\/30222\/revisions"}],"wp:attachment":[{"href":"https:\/\/sakaba.mghosteur.com\/en\/wp-json\/wp\/v2\/media?parent=30222"}],"wp:term":[{"taxonomy":"product_brand","embeddable":true,"href":"https:\/\/sakaba.mghosteur.com\/en\/wp-json\/wp\/v2\/product_brand?post=30222"},{"taxonomy":"product_cat","embeddable":true,"href":"https:\/\/sakaba.mghosteur.com\/en\/wp-json\/wp\/v2\/product_cat?post=30222"},{"taxonomy":"product_tag","embeddable":true,"href":"https:\/\/sakaba.mghosteur.com\/en\/wp-json\/wp\/v2\/product_tag?post=30222"}],"curies":[{"name":"wp","href":"https:\/\/api.w.org\/{rel}","templated":true}]}}