{"id":30228,"date":"2023-05-04T15:33:35","date_gmt":"2023-05-04T15:33:35","guid":{"rendered":"http:\/\/www.sakababeauty.com\/?post_type=product&#038;p=30228"},"modified":"2024-08-07T19:47:26","modified_gmt":"2024-08-07T19:47:26","slug":"beauty-of-joseonrelief-sun-rice-probiotics-spfpa-duo","status":"publish","type":"product","link":"https:\/\/sakaba.mghosteur.com\/en\/product\/beauty-of-joseonrelief-sun-rice-probiotics-spfpa-duo\/","title":{"rendered":"BEAUTY OF JOSEONRELIEF SUN RICE + PROBIOTICS  SPF+PA++++ DUO"},"content":{"rendered":"<p>D\u00e9couvrez Relief Sun, un \u00e9cran solaire organique et cr\u00e9meux qui nourrit et hydrate votre peau. Cet \u00e9cran solaire contient 30% d&#8217;extrait de riz et d&#8217;extraits de c\u00e9r\u00e9ales ferment\u00e9es riches en vitamines B, C, E, acides amin\u00e9s et min\u00e9raux. Sa texture cr\u00e8me l\u00e9g\u00e8re est confortable sur la peau et ne colle pas m\u00eame si vous l&#8217;appliquez plusieurs fois. Apr\u00e8s absorption, il procure un \u00e9clat naturel sans effet blanc et peut \u00eatre facilement utilis\u00e9 avant le maquillage. Les tests SPF et PA ont \u00e9t\u00e9 effectu\u00e9s dans des laboratoires en Cor\u00e9e et en Espagne, avec des r\u00e9sultats impressionnants de SPF 52,5\u00b15,8 et PA UVA PF 16,1\u00b12,4 P++++ en Cor\u00e9e et SPF 63,1\u00b10,6 et PA UVA PF 19 P++++ en Espagne. Optez pour Relief Sun pour une protection solaire efficace et une peau nourrie et hydrat\u00e9e.<\/p>","protected":false},"excerpt":{"rendered":"<p>D\u00e9couvrez Relief Sun, un \u00e9cran solaire organique et cr\u00e9meux qui nourrit et hydrate votre peau. Cet \u00e9cran solaire contient 30% d&#8217;extrait de riz et d&#8217;extraits de c\u00e9r\u00e9ales ferment\u00e9es riches en vitamines B, C, E, acides amin\u00e9s et min\u00e9raux. Sa texture cr\u00e8me l\u00e9g\u00e8re est confortable sur la peau et ne colle pas m\u00eame si vous l&#8217;appliquez<span class=\"read-more-faq\"><a href=\"https:\/\/sakaba.mghosteur.com\/en\/product\/beauty-of-joseonrelief-sun-rice-probiotics-spfpa-duo\/\">Read More<\/a><\/span><\/p>","protected":false},"featured_media":0,"comment_status":"closed","ping_status":"closed","template":"","meta":[],"product_brand":[],"product_cat":[1055,1018,451],"product_tag":[],"class_list":{"0":"post-30228","1":"product","2":"type-product","3":"status-publish","5":"product_cat-protection-solaire-visage","6":"product_cat-aai-produis-coreens","7":"product_cat-aab-soin-du-visage","9":"first","10":"instock","11":"shipping-taxable","12":"product-type-simple"},"jetpack-related-posts":[{"id":27583,"url":"https:\/\/sakaba.mghosteur.com\/en\/product\/beauty-of-joseonrelief-sun-rice-probiotcs-spf-50\/","url_meta":{"origin":30228,"position":0},"title":"BEAUTY OF JOSEON Relief Sun : Rice + Probiotics (SPF50+ PA++++)","author":"admin","date":"November 29, 2022","format":false,"excerpt":"D\u00e9couvrez le produit solaire organique Relief Sun de la marque Beauty of Joseon, enrichi avec 30 % d'extrait de riz et d'extraits de c\u00e9r\u00e9ales ferment\u00e9es pour une hydratation et une nutrition de la peau optimales. Sa texture l\u00e9g\u00e8re et cr\u00e9meuse ressemble \u00e0 une cr\u00e8me hydratante l\u00e9g\u00e8re qui ne colle pas\u2026","rel":"","context":"Similar post","block_context":{"text":"Similar post","link":""},"img":{"alt_text":"","src":"","width":0,"height":0},"classes":[]},{"id":31384,"url":"https:\/\/sakaba.mghosteur.com\/en\/product\/beauty-of-joseon-matte-sun-stick-mugwort-camelia\/","url_meta":{"origin":30228,"position":1},"title":"BEAUTY OF JOSEON MATTE SUN STICK MUGWORT + CAMELIA","author":"admin","date":"May 10, 2024","format":false,"excerpt":"Matte Sun Stick : Mugwort+Camelia (SPF 50+ PA+++) Contrairement \u00e0 la plupart des sticks solaires con\u00e7us principalement pour les activit\u00e9s en ext\u00e9rieur, notre Matte Sun Stick est sp\u00e9cialement formul\u00e9 pour r\u00e9pondre aux besoins des environnements urbains quotidiens. Il est crucial de r\u00e9appliquer r\u00e9guli\u00e8rement une protection solaire toutes les 2 \u00e0\u2026","rel":"","context":"Similar post","block_context":{"text":"Similar post","link":""},"img":{"alt_text":"","src":"","width":0,"height":0},"classes":[]},{"id":30401,"url":"https:\/\/sakaba.mghosteur.com\/en\/product\/neutrogena-ultra-sheer-beach-defense-50\/","url_meta":{"origin":30228,"position":2},"title":"Neutrogena Ultra Sheer Beach Defense 50","author":"admin","date":"May 10, 2023","format":false,"excerpt":"D\u00e9couvrez la lotion solaire Beach Defense \u00ae Water + Sun Protection SPF 50 de la marque Neutrogena, un \u00e9cran solaire \u00e0 large spectre qui prot\u00e8ge votre peau du soleil et de l'eau sans utiliser d'oxybenzone. Gr\u00e2ce \u00e0 la technologie Helioplex, cette lotion r\u00e9siste \u00e0 l'eau jusqu'\u00e0 80 minutes et offre\u2026","rel":"","context":"Similar post","block_context":{"text":"Similar post","link":""},"img":{"alt_text":"","src":"","width":0,"height":0},"classes":[]},{"id":31965,"url":"https:\/\/sakaba.mghosteur.com\/en\/product\/cerave-facial-moisturizing-lotion-am-89ml-spf-30\/","url_meta":{"origin":30228,"position":3},"title":"CERAVE FACIAL MOISTURIZING LOTION AM 89ML SPF 30","author":"admin","date":"May 13, 2024","format":false,"excerpt":"L'hydratant pour le visage CeraVe AM avec \u00e9cran solaire SPF 30 \u00e0 large spectre est un soin matinal multit\u00e2che qui fournit une hydratation continue tout au long de la journ\u00e9e tout en aidant \u00e0 absorber et \u00e0 refl\u00e9ter les rayons UVA et UVB nocifs du soleil et \u00e0 restaurer la\u2026","rel":"","context":"Similar post","block_context":{"text":"Similar post","link":""},"img":{"alt_text":"","src":"","width":0,"height":0},"classes":[]},{"id":32007,"url":"https:\/\/sakaba.mghosteur.com\/en\/product\/cerave-facial-moisturizing-lotion-am-60ml-3\/","url_meta":{"origin":30228,"position":4},"title":"CERAVE FACIAL MOISTURIZING LOTION AM 60ML","author":"admin","date":"May 13, 2024","format":false,"excerpt":"L'hydratant pour le visage CeraVe AM avec \u00e9cran solaire SPF 30 \u00e0 large spectre est un soin matinal multit\u00e2che qui fournit une hydratation continue tout au long de la journ\u00e9e tout en aidant \u00e0 absorber et \u00e0 refl\u00e9ter les rayons UVA et UVB nocifs du soleil et \u00e0 restaurer la\u2026","rel":"","context":"Similar post","block_context":{"text":"Similar post","link":""},"img":{"alt_text":"","src":"","width":0,"height":0},"classes":[]},{"id":25336,"url":"https:\/\/sakaba.mghosteur.com\/en\/product\/beauty-of-joseon-relief-sun-rice-probiotcs-spf-50\/","url_meta":{"origin":30228,"position":5},"title":"BEAUTY OF JOSEON RELIEF SUN RICE + PROBIOTCS SPF 50","author":"admin","date":"November 14, 2022","format":false,"excerpt":"","rel":"","context":"Similar post","block_context":{"text":"Similar post","link":""},"img":{"alt_text":"","src":"","width":0,"height":0},"classes":[]}],"_links":{"self":[{"href":"https:\/\/sakaba.mghosteur.com\/en\/wp-json\/wp\/v2\/product\/30228","targetHints":{"allow":["GET"]}}],"collection":[{"href":"https:\/\/sakaba.mghosteur.com\/en\/wp-json\/wp\/v2\/product"}],"about":[{"href":"https:\/\/sakaba.mghosteur.com\/en\/wp-json\/wp\/v2\/types\/product"}],"replies":[{"embeddable":true,"href":"https:\/\/sakaba.mghosteur.com\/en\/wp-json\/wp\/v2\/comments?post=30228"}],"version-history":[{"count":0,"href":"https:\/\/sakaba.mghosteur.com\/en\/wp-json\/wp\/v2\/product\/30228\/revisions"}],"wp:attachment":[{"href":"https:\/\/sakaba.mghosteur.com\/en\/wp-json\/wp\/v2\/media?parent=30228"}],"wp:term":[{"taxonomy":"product_brand","embeddable":true,"href":"https:\/\/sakaba.mghosteur.com\/en\/wp-json\/wp\/v2\/product_brand?post=30228"},{"taxonomy":"product_cat","embeddable":true,"href":"https:\/\/sakaba.mghosteur.com\/en\/wp-json\/wp\/v2\/product_cat?post=30228"},{"taxonomy":"product_tag","embeddable":true,"href":"https:\/\/sakaba.mghosteur.com\/en\/wp-json\/wp\/v2\/product_tag?post=30228"}],"curies":[{"name":"wp","href":"https:\/\/api.w.org\/{rel}","templated":true}]}}