{"id":30237,"date":"2023-05-04T17:38:21","date_gmt":"2023-05-04T17:38:21","guid":{"rendered":"http:\/\/www.sakababeauty.com\/?post_type=product&#038;p=30237"},"modified":"2024-06-06T12:54:33","modified_gmt":"2024-06-06T12:54:33","slug":"100-hydrogel-mask","status":"publish","type":"product","link":"https:\/\/sakaba.mghosteur.com\/en\/product\/100-hydrogel-mask\/","title":{"rendered":"100% HYDROGEL MASK"},"content":{"rendered":"<p>D\u00e9couvrez le masque hydratant 100% hydrogel Hydro Boost de la marque NEUTROGENA. Ce masque innovant est con\u00e7u pour hydrater en profondeur la peau s\u00e8che gr\u00e2ce \u00e0 sa formule \u00e0 base d&#8217;acide hyaluronique. Sa texture unique en hydrogel permet une absorption optimale de la formule hydratante pour des r\u00e9sultats cliniquement prouv\u00e9s. En utilisant ce masque visage doux et non com\u00e9dog\u00e8ne, vous pouvez d\u00e9salt\u00e9rer instantan\u00e9ment votre peau s\u00e8che et la laisser hydrat\u00e9e, lisse et souple. Pour l&#8217;utiliser, nettoyez votre visage, appliquez le masque et laissez agir pendant 15 \u00e0 30 minutes. Ensuite, retirez le masque et massez doucement le produit restant sur votre visage et votre cou. Offrez \u00e0 votre peau un regain d&#8217;hydratation suppl\u00e9mentaire en ajoutant ce masque hydratant \u00e0 votre routine de soins de la peau.<\/p>","protected":false},"excerpt":{"rendered":"<p>D\u00e9couvrez le masque hydratant 100% hydrogel Hydro Boost de la marque NEUTROGENA. Ce masque innovant est con\u00e7u pour hydrater en profondeur la peau s\u00e8che gr\u00e2ce \u00e0 sa formule \u00e0 base d&#8217;acide hyaluronique. Sa texture unique en hydrogel permet une absorption optimale de la formule hydratante pour des r\u00e9sultats cliniquement prouv\u00e9s. En utilisant ce masque visage<span class=\"read-more-faq\"><a href=\"https:\/\/sakaba.mghosteur.com\/en\/product\/100-hydrogel-mask\/\">Read More<\/a><\/span><\/p>","protected":false},"featured_media":0,"comment_status":"closed","ping_status":"closed","template":"","meta":[],"product_brand":[],"product_cat":[451,334],"product_tag":[],"class_list":{"0":"post-30237","1":"product","2":"type-product","3":"status-publish","5":"product_cat-aab-soin-du-visage","6":"product_cat-traitement-serum","8":"first","9":"instock","10":"shipping-taxable","11":"product-type-simple"},"jetpack-related-posts":[{"id":56155,"url":"https:\/\/sakaba.mghosteur.com\/en\/product\/cosrx-advanced-snail-hydrogel-eye-patch\/","url_meta":{"origin":30237,"position":0},"title":"COSRX Advanced Snail Hydrogel Eye Patch","author":"Sope DIA","date":"January 2, 2026","format":false,"excerpt":"Masque contour des yeux concentr\u00e9 \u00e0 la mucine d'escargot : Enrichi en filtrat de s\u00e9cr\u00e9tion d'escargot et en niacinamide, ce masque hydrogel hydrate et illumine instantan\u00e9ment le regard. Il apporte une hydratation et une nutrition intenses aux peaux ternes et fatigu\u00e9es. Solution multi-usages : Offrez-vous une dose d'ingr\u00e9dients concentr\u00e9s pour\u2026","rel":"","context":"Similar post","block_context":{"text":"Similar post","link":""},"img":{"alt_text":"","src":"","width":0,"height":0},"classes":[]},{"id":31363,"url":"https:\/\/sakaba.mghosteur.com\/en\/product\/paula-choice-super-hydrate-overnight-mask\/","url_meta":{"origin":30237,"position":1},"title":"PAULA CHOICE SUPER HYDRATE OVERNIGHT MASK","author":"admin","date":"May 10, 2024","format":false,"excerpt":"Masque Nuit Super Hydratant \u00c0 la recherche d'un soin adapt\u00e9 \u00e0 votre peau ? D\u00e9couvrez notre Masque Nuit Super Hydratant, con\u00e7u pour r\u00e9pondre aux besoins de tous les types de peaux, notamment celles sujettes aux rougeurs et \u00e0 la sensibilit\u00e9. Ce masque agit en profondeur pour hydrater intens\u00e9ment les peaux\u2026","rel":"","context":"Similar post","block_context":{"text":"Similar post","link":""},"img":{"alt_text":"","src":"","width":0,"height":0},"classes":[]},{"id":31587,"url":"https:\/\/sakaba.mghosteur.com\/en\/product\/cosrx-propolis-honey-overnignt-mask\/","url_meta":{"origin":30237,"position":2},"title":"COSRX PROPOLIS HONEY OVERNIGNT MASK","author":"admin","date":"May 10, 2024","format":false,"excerpt":"D\u00e9couvrez le Masque Hydratant Full Fit Propolis Honey Overnight. Ce produit polyvalent vous offre une exp\u00e9rience 3 en 1 : il peut \u00eatre utilis\u00e9 comme masque de nuit, comme cr\u00e8me hydratante ou comme masque lavable. Gr\u00e2ce \u00e0 sa formule enrichie de plus de 70 % d'extrait de propolis et de\u2026","rel":"","context":"Similar post","block_context":{"text":"Similar post","link":""},"img":{"alt_text":"","src":"","width":0,"height":0},"classes":[]},{"id":31459,"url":"https:\/\/sakaba.mghosteur.com\/en\/product\/laneige-bouncy-firm-sleepling-mask-masque-de-nuit-60ml\/","url_meta":{"origin":30237,"position":3},"title":"LANEIGE BOUNCY &amp; FIRM SLEEPLING MASK MASQUE DE NUIT 60ML","author":"admin","date":"May 10, 2024","format":false,"excerpt":"D\u00e9couvrez le masque de nuit Bouncy & Firm de Laneige, un alli\u00e9 pour r\u00e9v\u00e9ler l'\u00e9clat naturel de votre peau. Ce masque nocturne est sp\u00e9cialement formul\u00e9 pour revitaliser et raffermir votre peau pendant que vous dormez. Enrichi d'un complexe \u00e0 base de pivoine et de collag\u00e8ne\u2122 ainsi que de peptides, il\u2026","rel":"","context":"Similar post","block_context":{"text":"Similar post","link":""},"img":{"alt_text":"","src":"","width":0,"height":0},"classes":[]},{"id":31438,"url":"https:\/\/sakaba.mghosteur.com\/en\/product\/numbuzin-6-deep-sleep-mask-serum-200ml\/","url_meta":{"origin":30237,"position":4},"title":"NUMBUZIN 6 DEEP SLEEP MASK SERUM 200ML","author":"admin","date":"May 10, 2024","format":false,"excerpt":"D\u00e9couvrez le S\u00e9rum Masque Deep Sleep Numbuzin No.6, une formule innovante infus\u00e9e avec 63% d'eau glaciaire d'Islande et trois vari\u00e9t\u00e9s d'acides hyaluroniques. Ce s\u00e9rum luxueux offre une hydratation intense, id\u00e9al pour les peaux s\u00e8ches, d\u00e9shydrat\u00e9es et assoiff\u00e9es. Gr\u00e2ce \u00e0 sa composition unique, le S\u00e9rum Masque Deep Sleep p\u00e9n\u00e8tre en profondeur\u2026","rel":"","context":"Similar post","block_context":{"text":"Similar post","link":""},"img":{"alt_text":"","src":"","width":0,"height":0},"classes":[]},{"id":30242,"url":"https:\/\/sakaba.mghosteur.com\/en\/product\/deep-clean-purifying-wash-off-clay-mask\/","url_meta":{"origin":30237,"position":5},"title":"Deep Clean Purifying Wash-Off Clay Mask","author":"admin","date":"May 4, 2023","format":false,"excerpt":"Un masque \u00e0 l'argile purifiant et nettoyant en profondeur est un type de produit de soin con\u00e7u pour aider \u00e0 \u00e9liminer les impuret\u00e9s et l'exc\u00e8s de s\u00e9bum de la peau. Le masque est g\u00e9n\u00e9ralement fabriqu\u00e9 \u00e0 partir d'une combinaison d'argiles naturelles, telles que la bentonite, le kaolin ou Pour utiliser\u2026","rel":"","context":"Similar post","block_context":{"text":"Similar post","link":""},"img":{"alt_text":"","src":"","width":0,"height":0},"classes":[]}],"_links":{"self":[{"href":"https:\/\/sakaba.mghosteur.com\/en\/wp-json\/wp\/v2\/product\/30237","targetHints":{"allow":["GET"]}}],"collection":[{"href":"https:\/\/sakaba.mghosteur.com\/en\/wp-json\/wp\/v2\/product"}],"about":[{"href":"https:\/\/sakaba.mghosteur.com\/en\/wp-json\/wp\/v2\/types\/product"}],"replies":[{"embeddable":true,"href":"https:\/\/sakaba.mghosteur.com\/en\/wp-json\/wp\/v2\/comments?post=30237"}],"version-history":[{"count":0,"href":"https:\/\/sakaba.mghosteur.com\/en\/wp-json\/wp\/v2\/product\/30237\/revisions"}],"wp:attachment":[{"href":"https:\/\/sakaba.mghosteur.com\/en\/wp-json\/wp\/v2\/media?parent=30237"}],"wp:term":[{"taxonomy":"product_brand","embeddable":true,"href":"https:\/\/sakaba.mghosteur.com\/en\/wp-json\/wp\/v2\/product_brand?post=30237"},{"taxonomy":"product_cat","embeddable":true,"href":"https:\/\/sakaba.mghosteur.com\/en\/wp-json\/wp\/v2\/product_cat?post=30237"},{"taxonomy":"product_tag","embeddable":true,"href":"https:\/\/sakaba.mghosteur.com\/en\/wp-json\/wp\/v2\/product_tag?post=30237"}],"curies":[{"name":"wp","href":"https:\/\/api.w.org\/{rel}","templated":true}]}}