{"id":30242,"date":"2023-05-04T17:59:06","date_gmt":"2023-05-04T17:59:06","guid":{"rendered":"http:\/\/www.sakababeauty.com\/?post_type=product&#038;p=30242"},"modified":"2024-09-01T02:21:27","modified_gmt":"2024-09-01T02:21:27","slug":"deep-clean-purifying-wash-off-clay-mask","status":"publish","type":"product","link":"https:\/\/sakaba.mghosteur.com\/en\/product\/deep-clean-purifying-wash-off-clay-mask\/","title":{"rendered":"Deep Clean Purifying Wash-Off Clay Mask"},"content":{"rendered":"<div id=\"web_content_wrapper\" class=\"content-wrap\" data-hide-untill-css-vars-polyfilled=\"true\">\n<div class=\"cw\">\n<div id=\"links_wrapper\" class=\"serp__results js-serp-results\">\n<div class=\"results--sidebar js-results-sidebar\" data-testid=\"sidebar\">\n<div id=\"c4g-search-enhance\">\n<div class=\"search-enhance-WDIEkP search-enhance-dark-tzaFpy\">\n<div class=\"chat-gpt-0rJcWY chat-gpt_dark-mBt8xg\">\n<div class=\"chat-gpt-card-QCfkFJ\">\n<div class=\"recommend-whMkEm markdown-body-P2-d1M gpt-markdown-XCm4z4\">\n<div class=\"markdown-1Qkh2G dark-kD1KIT\">\n<p>Un masque \u00e0 l&#8217;argile purifiant et nettoyant en profondeur est un type de produit de soin con\u00e7u pour aider \u00e0 \u00e9liminer les impuret\u00e9s et l&#8217;exc\u00e8s de s\u00e9bum de la peau. Le masque est g\u00e9n\u00e9ralement fabriqu\u00e9 \u00e0 partir d&#8217;une combinaison d&#8217;argiles naturelles, telles que la bentonite, le kaolin ou<\/p>\n<p>Pour utiliser le masque, vous l&#8217;appliquez g\u00e9n\u00e9ralement sur une peau propre et s\u00e8che et laissez-le pendant une p\u00e9riode de temps sp\u00e9cifi\u00e9e, g\u00e9n\u00e9ralement de 10 \u00e0 20 minutes, selon le produit.<\/p>\n<p>Apr\u00e8s le temps imparti<\/p>\n<p>Il est important de noter que m\u00eame si les masques \u00e0 l&#8217;argile peuvent \u00eatre b\u00e9n\u00e9fiques pour les peaux grasses ou sujettes \u00e0 l&#8217;acn\u00e9, ils peuvent aussi ass\u00e9cher, il est donc important de suivre avec une cr\u00e8me hydratante apr\u00e8s en avoir utilis\u00e9 une. De plus, il est recommand\u00e9 d&#8217;utiliser un masque \u00e0 l&#8217;argile<\/p>\n<\/div>\n<\/div>\n<\/div>\n<\/div>\n<\/div>\n<\/div>\n<\/div>\n<\/div>\n<\/div>\n<\/div>","protected":false},"excerpt":{"rendered":"<p>Un masque \u00e0 l&#8217;argile purifiant et nettoyant en profondeur est un type de produit de soin con\u00e7u pour aider \u00e0 \u00e9liminer les impuret\u00e9s et l&#8217;exc\u00e8s de s\u00e9bum de la peau. Le masque est g\u00e9n\u00e9ralement fabriqu\u00e9 \u00e0 partir d&#8217;une combinaison d&#8217;argiles naturelles, telles que la bentonite, le kaolin ou Pour utiliser le masque, vous l&#8217;appliquez g\u00e9n\u00e9ralement<span class=\"read-more-faq\"><a href=\"https:\/\/sakaba.mghosteur.com\/en\/product\/deep-clean-purifying-wash-off-clay-mask\/\">Read More<\/a><\/span><\/p>","protected":false},"featured_media":0,"comment_status":"closed","ping_status":"closed","template":"","meta":[],"product_brand":[],"product_cat":[451,334],"product_tag":[],"class_list":{"0":"post-30242","1":"product","2":"type-product","3":"status-publish","5":"product_cat-aab-soin-du-visage","6":"product_cat-traitement-serum","8":"first","9":"instock","10":"shipping-taxable","11":"product-type-simple"},"jetpack-related-posts":[{"id":27438,"url":"https:\/\/sakaba.mghosteur.com\/en\/product\/the-inkey-list-kaolin-face-mask\/","url_meta":{"origin":30242,"position":0},"title":"THE INKEY LIST KAOLIN FACE","author":"admin","date":"November 29, 2022","format":false,"excerpt":"Le masque \u00e0 l'argile de kaolin de la marque The Inkey List est un produit de soin de la peau de haute qualit\u00e9 qui offre une solution naturelle pour nettoyer et purifier votre peau en profondeur. En utilisant l'argile de kaolin, ce masque \u00e9limine les impuret\u00e9s et l'exc\u00e8s de s\u00e9bum\u2026","rel":"","context":"Similar post","block_context":{"text":"Similar post","link":""},"img":{"alt_text":"","src":"","width":0,"height":0},"classes":[]},{"id":29158,"url":"https:\/\/sakaba.mghosteur.com\/en\/product\/the-inkey-list-kaolin-clay-mask\/","url_meta":{"origin":30242,"position":1},"title":"THE INKEY LIST KAOLIN CLAY MASK","author":"admin","date":"March 15, 2023","format":false,"excerpt":"Le masque \u00e0 l'argile de kaolin de la marque The Inkey List est un produit de soin de la peau de haute qualit\u00e9 qui offre une solution naturelle pour nettoyer et purifier votre peau en profondeur. En utilisant l'argile de kaolin, ce masque \u00e9limine les impuret\u00e9s et l'exc\u00e8s de s\u00e9bum\u2026","rel":"","context":"Similar post","block_context":{"text":"Similar post","link":""},"img":{"alt_text":"","src":"","width":0,"height":0},"classes":[]},{"id":24577,"url":"https:\/\/sakaba.mghosteur.com\/en\/product\/clean-clear-night-relaxing-detox-clay-mask\/","url_meta":{"origin":30242,"position":2},"title":"CLEAN &amp; CLEAR NIGHT RELAXING DETOX CLAY MASK","author":"admin","date":"November 10, 2022","format":false,"excerpt":"Le masque d'argile d\u00e9toxifiant relaxant Clean & Clear Night est un masque facial qui utilise deux argiles min\u00e9rales, la bentonite et le kaolin, pour d\u00e9toxifier la peau avant le coucher. Il est sans huile et \u00e9limine la salet\u00e9, le s\u00e9bum et les impuret\u00e9s de la peau. Le masque convient \u00e0\u2026","rel":"","context":"Similar post","block_context":{"text":"Similar post","link":""},"img":{"alt_text":"","src":"","width":0,"height":0},"classes":[]},{"id":26348,"url":"https:\/\/sakaba.mghosteur.com\/en\/product\/paulas-choice-oil-absorbing-mask\/","url_meta":{"origin":30242,"position":3},"title":"PAULA&#8217;S CHOICE OIL ABSORBING MASK","author":"admin","date":"November 25, 2022","format":false,"excerpt":"D\u00e9couvrez le Masque Absorbant l'Huile de Paula's Choice, un produit de soin de la peau indispensable pour les personnes \u00e0 la peau grasse ou sujette aux brillances. Ce masque contient un m\u00e9lange unique d'argiles min\u00e9rales qui travaillent ensemble pour affiner la taille des pores et favoriser un teint d'apparence saine\u2026","rel":"","context":"Similar post","block_context":{"text":"Similar post","link":""},"img":{"alt_text":"","src":"","width":0,"height":0},"classes":[]},{"id":30296,"url":"https:\/\/sakaba.mghosteur.com\/en\/product\/beauty-of-joseon-red-bean-refreshing-pore-mask\/","url_meta":{"origin":30242,"position":4},"title":"BEAUTY OF JOSEON RED BEAN REFRESHING PORE MASK","author":"admin","date":"May 8, 2023","format":false,"excerpt":"D\u00e9couvrez le Masque rafra\u00eechissant pour les pores aux haricots rouges de la marque Beauty of Joseon. Ce masque est con\u00e7u pour prendre soin de vos pores en \u00e9liminant les cellules mortes de la peau, en lavant le s\u00e9bum et les d\u00e9chets accumul\u00e9s et en abaissant la temp\u00e9rature de la peau.\u2026","rel":"","context":"Similar post","block_context":{"text":"Similar post","link":""},"img":{"alt_text":"","src":"","width":0,"height":0},"classes":[]},{"id":29558,"url":"https:\/\/sakaba.mghosteur.com\/en\/product\/fenty-cookies-n-cream-masque-visage\/","url_meta":{"origin":30242,"position":5},"title":"FENTY COOKIES N CREAM MASQUE VISAGE","author":"admin","date":"April 7, 2023","format":false,"excerpt":"D\u00e9couvrez le masque visage COOKIES N CLEAN WHIPPED CLAY de la marque FENTY pour une peau nette et saine en seulement 10 minutes ! Avec sa formule l\u00e9g\u00e8re et fouett\u00e9e, ce masque permet une purification en profondeur des pores gr\u00e2ce \u00e0 l'argile et au charbon actif. En massant doucement, le\u2026","rel":"","context":"Similar post","block_context":{"text":"Similar post","link":""},"img":{"alt_text":"","src":"","width":0,"height":0},"classes":[]}],"_links":{"self":[{"href":"https:\/\/sakaba.mghosteur.com\/en\/wp-json\/wp\/v2\/product\/30242","targetHints":{"allow":["GET"]}}],"collection":[{"href":"https:\/\/sakaba.mghosteur.com\/en\/wp-json\/wp\/v2\/product"}],"about":[{"href":"https:\/\/sakaba.mghosteur.com\/en\/wp-json\/wp\/v2\/types\/product"}],"replies":[{"embeddable":true,"href":"https:\/\/sakaba.mghosteur.com\/en\/wp-json\/wp\/v2\/comments?post=30242"}],"version-history":[{"count":0,"href":"https:\/\/sakaba.mghosteur.com\/en\/wp-json\/wp\/v2\/product\/30242\/revisions"}],"wp:attachment":[{"href":"https:\/\/sakaba.mghosteur.com\/en\/wp-json\/wp\/v2\/media?parent=30242"}],"wp:term":[{"taxonomy":"product_brand","embeddable":true,"href":"https:\/\/sakaba.mghosteur.com\/en\/wp-json\/wp\/v2\/product_brand?post=30242"},{"taxonomy":"product_cat","embeddable":true,"href":"https:\/\/sakaba.mghosteur.com\/en\/wp-json\/wp\/v2\/product_cat?post=30242"},{"taxonomy":"product_tag","embeddable":true,"href":"https:\/\/sakaba.mghosteur.com\/en\/wp-json\/wp\/v2\/product_tag?post=30242"}],"curies":[{"name":"wp","href":"https:\/\/api.w.org\/{rel}","templated":true}]}}