{"id":30254,"date":"2023-05-05T11:18:03","date_gmt":"2023-05-05T11:18:03","guid":{"rendered":"http:\/\/www.sakababeauty.com\/?post_type=product&#038;p=30254"},"modified":"2024-09-02T04:06:59","modified_gmt":"2024-09-02T04:06:59","slug":"hydro-boost-exfolianting-cleanser","status":"publish","type":"product","link":"https:\/\/sakaba.mghosteur.com\/en\/product\/hydro-boost-exfolianting-cleanser\/","title":{"rendered":"HYDRO BOOST EXFOLIATING CLEANSER"},"content":{"rendered":"<p>Le gel-cr\u00e8me exfoliant nettoyant quotidien Hydro Boost avec acide hyaluronique de Neutrogena est le choix parfait pour une peau instantan\u00e9ment douce et rafra\u00eechie. Sa formule l\u00e9g\u00e8re \u00e9limine efficacement la salet\u00e9, l&#8217;huile et les cellules mortes de la peau, tout en stimulant l&#8217;hydratation gr\u00e2ce \u00e0 l&#8217;acide hyaluronique, un ingr\u00e9dient cliniquement prouv\u00e9 pour augmenter le niveau d&#8217;hydratation de la peau et le maintenir en place. Ce nettoyant pour le visage est assez doux pour une utilisation quotidienne et nettoie en profondeur pour enlever la salet\u00e9, l&#8217;huile, la crasse, les impuret\u00e9s et les bact\u00e9ries, tout en laissant la peau douce, souple et rafra\u00eechie. Pour l&#8217;utiliser, il suffit de mouiller votre visage, d&#8217;appliquer le produit sur vos mains, d&#8217;ajouter de l&#8217;eau et de faire mousser. Masser doucement le visage et rincer abondamment pour une sensation de propret\u00e9 et de fra\u00eecheur instantan\u00e9e.<\/p>","protected":false},"excerpt":{"rendered":"<p>Le gel-cr\u00e8me exfoliant nettoyant quotidien Hydro Boost avec acide hyaluronique de Neutrogena est le choix parfait pour une peau instantan\u00e9ment douce et rafra\u00eechie. Sa formule l\u00e9g\u00e8re \u00e9limine efficacement la salet\u00e9, l&#8217;huile et les cellules mortes de la peau, tout en stimulant l&#8217;hydratation gr\u00e2ce \u00e0 l&#8217;acide hyaluronique, un ingr\u00e9dient cliniquement prouv\u00e9 pour augmenter le niveau d&#8217;hydratation<span class=\"read-more-faq\"><a href=\"https:\/\/sakaba.mghosteur.com\/en\/product\/hydro-boost-exfolianting-cleanser\/\">Read More<\/a><\/span><\/p>","protected":false},"featured_media":0,"comment_status":"closed","ping_status":"closed","template":"","meta":[],"product_brand":[],"product_cat":[324,451],"product_tag":[],"class_list":{"0":"post-30254","1":"product","2":"type-product","3":"status-publish","5":"product_cat-demaquillant-nettoyant","6":"product_cat-aab-soin-du-visage","8":"first","9":"instock","10":"shipping-taxable","11":"product-type-simple"},"jetpack-related-posts":[{"id":24009,"url":"https:\/\/sakaba.mghosteur.com\/en\/product\/neutrogena-hydro-boost-hydrating-cleansing-gel\/","url_meta":{"origin":30254,"position":0},"title":"NEUTROGENA HYDRO BOOST HYDRATING CLEANSING GEL","author":"admin","date":"November 9, 2022","format":false,"excerpt":"D\u00e9couvrez le Gel Nettoyant et D\u00e9maquillant sans Huile de Neutrogena, le compagnon parfait pour une peau d'apparence saine et hydrat\u00e9e. Ce nettoyant pour le visage l\u00e9ger est formul\u00e9 avec de l'acide hyaluronique, offrant une hydratation en profondeur pour une peau douce et \u00e9clatante. Il \u00e9limine efficacement les impuret\u00e9s, l'exc\u00e8s de\u2026","rel":"","context":"Similar post","block_context":{"text":"Similar post","link":""},"img":{"alt_text":"","src":"","width":0,"height":0},"classes":[]},{"id":30330,"url":"https:\/\/sakaba.mghosteur.com\/en\/product\/neutrogena-hydro-boost-night-pressed-serum\/","url_meta":{"origin":30254,"position":1},"title":"NEUTROGENA HYDRO BOOST NIGHT PRESSED SERUM","author":"admin","date":"May 8, 2023","format":false,"excerpt":"D\u00e9couvrez le s\u00e9rum press\u00e9 pour le visage Hydro Boost Night \u00e0 l'acide hyaluronique pur de la marque Neutrogena, un concentr\u00e9 multi-r\u00e9parateur unique con\u00e7u pour revitaliser et restaurer la barri\u00e8re d'hydratation de votre peau pendant la nuit. Ce s\u00e9rum pour le visage fond instantan\u00e9ment dans votre peau pour une hydratation en\u2026","rel":"","context":"Similar post","block_context":{"text":"Similar post","link":""},"img":{"alt_text":"","src":"","width":0,"height":0},"classes":[]},{"id":24017,"url":"https:\/\/sakaba.mghosteur.com\/en\/product\/neutrogene-hydro-boost-body-gel-cream\/","url_meta":{"origin":30254,"position":2},"title":"NEUTROGENA Hydro Boost Body gel Cream","author":"admin","date":"November 9, 2022","format":false,"excerpt":"Le Gel-cr\u00e8me corporel Hydro Boost de Neutrogena est un produit de soin du corps expert en hydratation, con\u00e7u pour apporter une expertise avanc\u00e9e en mati\u00e8re d'hydratation du visage aux soins du corps. Cette formule ultra-l\u00e9g\u00e8re et rafra\u00eechissante est aliment\u00e9e par de l'acide hyaluronique, capable de retenir jusqu'\u00e0 1000 fois son\u2026","rel":"","context":"Similar post","block_context":{"text":"Similar post","link":""},"img":{"alt_text":"","src":"","width":0,"height":0},"classes":[]},{"id":27599,"url":"https:\/\/sakaba.mghosteur.com\/en\/product\/gentle-hydrating-cleanser\/","url_meta":{"origin":30254,"position":3},"title":"GENTLE HYDRATING CLEANSER","author":"admin","date":"November 29, 2022","format":false,"excerpt":"Le Nettoyant Doux Hydratant de la marque HadaLabo est un nettoyant moussant riche et cr\u00e9meux qui nettoie en douceur et emprisonne l'hydratation essentielle pour une peau rafra\u00eechie et soyeuse. Sa formule s\u00fbre et douce d\u00e9riv\u00e9e d'acides amin\u00e9s naturels \u00e9limine efficacement la salet\u00e9, le s\u00e9bum et les impuret\u00e9s de la peau\u2026","rel":"","context":"Similar post","block_context":{"text":"Similar post","link":""},"img":{"alt_text":"","src":"","width":0,"height":0},"classes":[]},{"id":29049,"url":"https:\/\/sakaba.mghosteur.com\/en\/product\/cerave-hydrating-foaming-oil-cleanser-236ml\/","url_meta":{"origin":30254,"position":4},"title":"CERAVE HYDRATING FOAMING OIL CLEANSER 236ML","author":"admin","date":"March 10, 2023","format":false,"excerpt":"La CeraVe Hydrating Foaming Oil Cleanser est un nettoyant quotidien doux et nourrissant pour les peaux normales \u00e0 tr\u00e8s s\u00e8ches. Sa formule contenant 3 c\u00e9ramides essentiels, de la glyc\u00e9rine et de l'acide hyaluronique \u00e9limine en douceur la salet\u00e9, le s\u00e9bum et les impuret\u00e9s de la peau tout en procurant une\u2026","rel":"","context":"Similar post","block_context":{"text":"Similar post","link":""},"img":{"alt_text":"","src":"","width":0,"height":0},"classes":[]},{"id":24011,"url":"https:\/\/sakaba.mghosteur.com\/en\/product\/neutrogena-hydro-boost-boost-whipped-body-balm\/","url_meta":{"origin":30254,"position":5},"title":"NEUTROGENA : HYDRO BOOST BOOST WHIPPED BODY BALM","author":"admin","date":"November 9, 2022","format":false,"excerpt":"Le Baume Fouett\u00e9 pour le Corps Hydro Boost de Neutrogena est un produit de soin du corps expert en hydratation, inspir\u00e9 de l'expertise avanc\u00e9e de la marque en mati\u00e8re d'hydratation du visage. Cette formule ultra-l\u00e9g\u00e8re et rafra\u00eechissante est aliment\u00e9e par de l'acide hyaluronique, capable de retenir jusqu'\u00e0 1000 fois son\u2026","rel":"","context":"Similar post","block_context":{"text":"Similar post","link":""},"img":{"alt_text":"","src":"","width":0,"height":0},"classes":[]}],"_links":{"self":[{"href":"https:\/\/sakaba.mghosteur.com\/en\/wp-json\/wp\/v2\/product\/30254","targetHints":{"allow":["GET"]}}],"collection":[{"href":"https:\/\/sakaba.mghosteur.com\/en\/wp-json\/wp\/v2\/product"}],"about":[{"href":"https:\/\/sakaba.mghosteur.com\/en\/wp-json\/wp\/v2\/types\/product"}],"replies":[{"embeddable":true,"href":"https:\/\/sakaba.mghosteur.com\/en\/wp-json\/wp\/v2\/comments?post=30254"}],"version-history":[{"count":0,"href":"https:\/\/sakaba.mghosteur.com\/en\/wp-json\/wp\/v2\/product\/30254\/revisions"}],"wp:attachment":[{"href":"https:\/\/sakaba.mghosteur.com\/en\/wp-json\/wp\/v2\/media?parent=30254"}],"wp:term":[{"taxonomy":"product_brand","embeddable":true,"href":"https:\/\/sakaba.mghosteur.com\/en\/wp-json\/wp\/v2\/product_brand?post=30254"},{"taxonomy":"product_cat","embeddable":true,"href":"https:\/\/sakaba.mghosteur.com\/en\/wp-json\/wp\/v2\/product_cat?post=30254"},{"taxonomy":"product_tag","embeddable":true,"href":"https:\/\/sakaba.mghosteur.com\/en\/wp-json\/wp\/v2\/product_tag?post=30254"}],"curies":[{"name":"wp","href":"https:\/\/api.w.org\/{rel}","templated":true}]}}