{"id":30266,"date":"2023-05-05T12:46:27","date_gmt":"2023-05-05T12:46:27","guid":{"rendered":"http:\/\/www.sakababeauty.com\/?post_type=product&#038;p=30266"},"modified":"2024-09-02T04:12:14","modified_gmt":"2024-09-02T04:12:14","slug":"neutragena-hydro-boost-water-gel-hyaluronic-acid","status":"publish","type":"product","link":"https:\/\/sakaba.mghosteur.com\/en\/product\/neutragena-hydro-boost-water-gel-hyaluronic-acid\/","title":{"rendered":"NEUTROGENA HYDRO BOOST WATER GEL HYALURONIC ACID"},"content":{"rendered":"<p>D\u00e9couvrez le Gel d&#8217;Eau Hydro Boost de Neutrogena, une solution r\u00e9volutionnaire pour les peaux s\u00e8ches en qu\u00eate d&#8217;hydratation. Gr\u00e2ce \u00e0 sa formule prim\u00e9e \u00e0 l&#8217;acide hyaluronique, ce gel hydratant p\u00e9n\u00e8tre rapidement comme un gel tout en offrant une hydratation intense et durable comme une cr\u00e8me.<\/p>\n<p>Cliniquement prouv\u00e9 pour renforcer la barri\u00e8re d&#8217;hydratation de votre peau, ce gel hydratant est la cr\u00e8me pour le visage la plus vendue aux \u00c9tats-Unis. Sa formule sans huile et non com\u00e9dog\u00e8ne n&#8217;obstrue pas les pores et convient parfaitement pour une utilisation quotidienne.<\/p>\n<p>Comment l&#8217;utiliser ? Appliquez uniform\u00e9ment le gel sur votre visage et votre cou apr\u00e8s le nettoyage, puis portez-le seul ou sous le maquillage comme hydratant. Avec le Gel d&#8217;Eau Hydro Boost de Neutrogena, d\u00e9salt\u00e9rez instantan\u00e9ment votre peau pour un \u00e9clat sain jour apr\u00e8s jour.<\/p>","protected":false},"excerpt":{"rendered":"<p>D\u00e9couvrez le Gel d&#8217;Eau Hydro Boost de Neutrogena, une solution r\u00e9volutionnaire pour les peaux s\u00e8ches en qu\u00eate d&#8217;hydratation. Gr\u00e2ce \u00e0 sa formule prim\u00e9e \u00e0 l&#8217;acide hyaluronique, ce gel hydratant p\u00e9n\u00e8tre rapidement comme un gel tout en offrant une hydratation intense et durable comme une cr\u00e8me. Cliniquement prouv\u00e9 pour renforcer la barri\u00e8re d&#8217;hydratation de votre peau,<span class=\"read-more-faq\"><a href=\"https:\/\/sakaba.mghosteur.com\/en\/product\/neutragena-hydro-boost-water-gel-hyaluronic-acid\/\">Read More<\/a><\/span><\/p>","protected":false},"featured_media":0,"comment_status":"closed","ping_status":"closed","template":"","meta":[],"product_brand":[],"product_cat":[331,388,451],"product_tag":[],"class_list":{"0":"post-30266","1":"product","2":"type-product","3":"status-publish","5":"product_cat-hydratant-visage","6":"product_cat-peaux-seches","7":"product_cat-aab-soin-du-visage","9":"first","10":"instock","11":"shipping-taxable","12":"product-type-simple"},"_links":{"self":[{"href":"https:\/\/sakaba.mghosteur.com\/en\/wp-json\/wp\/v2\/product\/30266","targetHints":{"allow":["GET"]}}],"collection":[{"href":"https:\/\/sakaba.mghosteur.com\/en\/wp-json\/wp\/v2\/product"}],"about":[{"href":"https:\/\/sakaba.mghosteur.com\/en\/wp-json\/wp\/v2\/types\/product"}],"replies":[{"embeddable":true,"href":"https:\/\/sakaba.mghosteur.com\/en\/wp-json\/wp\/v2\/comments?post=30266"}],"version-history":[{"count":0,"href":"https:\/\/sakaba.mghosteur.com\/en\/wp-json\/wp\/v2\/product\/30266\/revisions"}],"wp:attachment":[{"href":"https:\/\/sakaba.mghosteur.com\/en\/wp-json\/wp\/v2\/media?parent=30266"}],"wp:term":[{"taxonomy":"product_brand","embeddable":true,"href":"https:\/\/sakaba.mghosteur.com\/en\/wp-json\/wp\/v2\/product_brand?post=30266"},{"taxonomy":"product_cat","embeddable":true,"href":"https:\/\/sakaba.mghosteur.com\/en\/wp-json\/wp\/v2\/product_cat?post=30266"},{"taxonomy":"product_tag","embeddable":true,"href":"https:\/\/sakaba.mghosteur.com\/en\/wp-json\/wp\/v2\/product_tag?post=30266"}],"curies":[{"name":"wp","href":"https:\/\/api.w.org\/{rel}","templated":true}]}}