{"id":30290,"date":"2023-05-08T11:11:59","date_gmt":"2023-05-08T11:11:59","guid":{"rendered":"http:\/\/www.sakababeauty.com\/?post_type=product&#038;p=30290"},"modified":"2023-05-08T11:12:00","modified_gmt":"2023-05-08T11:12:00","slug":"necessaire-the-body-retinol","status":"publish","type":"product","link":"https:\/\/sakaba.mghosteur.com\/en\/product\/necessaire-the-body-retinol\/","title":{"rendered":"NECESSAIRE The Body Retinol"},"content":{"rendered":"<p>D\u00e9couvrez le Body Retinol de la marque Necessaire, un s\u00e9rum r\u00e9parateur qui aide \u00e0 am\u00e9liorer l&#8217;apparence de votre peau. Infus\u00e9 avec 0,1 % de r\u00e9tinol pur encapsul\u00e9, ce produit est con\u00e7u pour r\u00e9parer et pr\u00e9venir les signes de vieillissement tels que les rides, les taches et les cicatrices. Ce s\u00e9rum est hypoallerg\u00e9nique, test\u00e9 dermatologiquement et non com\u00e9dog\u00e8ne, ce qui le rend adapt\u00e9 \u00e0 tous les types de peau. Pour garantir la puret\u00e9 du produit, le Body Retinol est emball\u00e9 dans notre emballage sans air signature. Le flacon et le bouchon sont \u00e9galement fabriqu\u00e9s en France \u00e0 partir de r\u00e9sine 100% bio, issue de d\u00e9chets v\u00e9g\u00e9taux, pour r\u00e9duire notre empreinte \u00e9cologique. Avec le Body Retinol, vous pouvez vous attendre \u00e0 une peau plus lisse, plus ferme et plus jeune.<\/p>","protected":false},"excerpt":{"rendered":"<p>D\u00e9couvrez le Body Retinol de la marque Necessaire, un s\u00e9rum r\u00e9parateur qui aide \u00e0 am\u00e9liorer l&#8217;apparence de votre peau. Infus\u00e9 avec 0,1 % de r\u00e9tinol pur encapsul\u00e9, ce produit est con\u00e7u pour r\u00e9parer et pr\u00e9venir les signes de vieillissement tels que les rides, les taches et les cicatrices. Ce s\u00e9rum est hypoallerg\u00e9nique, test\u00e9 dermatologiquement et<span class=\"read-more-faq\"><a href=\"https:\/\/sakaba.mghosteur.com\/en\/product\/necessaire-the-body-retinol\/\">Read More<\/a><\/span><\/p>","protected":false},"featured_media":0,"comment_status":"closed","ping_status":"closed","template":"","meta":[],"product_brand":[],"product_cat":[286],"product_tag":[],"class_list":{"0":"post-30290","1":"product","2":"type-product","3":"status-publish","5":"product_cat-corps","7":"first","8":"instock","9":"shipping-taxable","10":"product-type-simple"},"jetpack-related-posts":[{"id":26988,"url":"https:\/\/sakaba.mghosteur.com\/en\/product\/facetheory-regenacalm-serum\/","url_meta":{"origin":30290,"position":0},"title":"FACETHEORY Regenacalm 2% Retinol and Vitamin C Serum S1","author":"admin","date":"November 28, 2022","format":false,"excerpt":"Produit : Regenacalm 2% R\u00e9tinol et Vitamine C S\u00e9rum S1 Marque : Facetheory Le s\u00e9rum Regenacalm de Facetheory est un produit hautement efficace con\u00e7u pour cibler les ridules, les rides, les imperfections, les cicatrices d'acn\u00e9, la rosac\u00e9e et l'hyperpigmentation. Sa formule contient de l'ester de r\u00e9tinol stabilis\u00e9 \u00e0 2%, de\u2026","rel":"","context":"Similar post","block_context":{"text":"Similar post","link":""},"img":{"alt_text":"","src":"","width":0,"height":0},"classes":[]},{"id":29224,"url":"https:\/\/sakaba.mghosteur.com\/en\/product\/gentle-retinol-cream\/","url_meta":{"origin":30290,"position":1},"title":"GENTLE RETINOL CREAM","author":"admin","date":"March 21, 2023","format":false,"excerpt":"La Cr\u00e8me Douceur au R\u00e9tinol de Good Molecules est un traitement de soin de la peau doux et efficace qui aide \u00e0 am\u00e9liorer l'apparence des ridules, des rides et du manque d'\u00e9lasticit\u00e9. La formule contient 0,1 % de r\u00e9tinol, ainsi que des ingr\u00e9dients nourrissants et apaisants pour hydrater la peau\u2026","rel":"","context":"Similar post","block_context":{"text":"Similar post","link":""},"img":{"alt_text":"","src":"","width":0,"height":0},"classes":[]},{"id":30456,"url":"https:\/\/sakaba.mghosteur.com\/en\/product\/golg-bond-retinol-overnight-body-face\/","url_meta":{"origin":30290,"position":2},"title":"GOLG BOND RETINOL OVERNIGHT BODY &#038; FACE","author":"admin","date":"May 11, 2023","format":false,"excerpt":"D\u00e9couvrez la lotion de nuit pour le corps et le visage au r\u00e9tinol Gold Bond Age Renew, qui r\u00e9v\u00e8le une peau plus lisse et d'apparence plus jeune pendant la nuit. Cette lotion riche et nourrissante est dot\u00e9e d'un puissant complexe de r\u00e9tinol et de peptides qui exfolie pour soutenir le\u2026","rel":"","context":"Similar post","block_context":{"text":"Similar post","link":""},"img":{"alt_text":"","src":"","width":0,"height":0},"classes":[]},{"id":28972,"url":"https:\/\/sakaba.mghosteur.com\/en\/product\/the-ordinary-retinol-1-in-squalane-serum-water-free\/","url_meta":{"origin":30290,"position":3},"title":"The Ordinary Retinol 1% In Squalane Serum &#8211; Water Free","author":"admin","date":"March 8, 2023","format":false,"excerpt":"Le R\u00e9tinol 1% dans Squalane de The Ordinary est un traitement efficace pour am\u00e9liorer l'apparence des ridules et des rides dynamiques, tout en unifiant la texture et le teint de la peau. Il contient 1% de r\u00e9tinol et du squalane pour maintenir une hydratation en surface. Il est recommand\u00e9 de\u2026","rel":"","context":"Similar post","block_context":{"text":"Similar post","link":""},"img":{"alt_text":"","src":"","width":0,"height":0},"classes":[]},{"id":26883,"url":"https:\/\/sakaba.mghosteur.com\/en\/product\/paula-choice-0-3-retinol-2-bakuchiol-treatment\/","url_meta":{"origin":30290,"position":4},"title":"PAULA CHOICE 0.3% RETINOL +2% BAKUCHIOL TREATMENT","author":"admin","date":"November 28, 2022","format":false,"excerpt":"Le Traitement 0,3 % r\u00e9tinol + 2 % bakuchiol de la marque Paula's Choice est un produit de soin de la peau qui cible les signes du vieillissement tels que les ridules, les rides profondes, les pores dilat\u00e9s et la perte de fermet\u00e9. La formule contient du r\u00e9tinol \u00e0 0,3\u2026","rel":"","context":"Similar post","block_context":{"text":"Similar post","link":""},"img":{"alt_text":"","src":"","width":0,"height":0},"classes":[]},{"id":29144,"url":"https:\/\/sakaba.mghosteur.com\/en\/product\/the-inkey-list-1-retinol-serum\/","url_meta":{"origin":30290,"position":5},"title":"THE INKEY LIST 1% RETINOL SERUM","author":"admin","date":"March 15, 2023","format":false,"excerpt":"Le s\u00e9rum R\u00e9tinol de la marque The Inkey List est un choix parfait pour tous ceux qui cherchent \u00e0 lutter contre les signes du vieillissement tout en obtenant une peau plus lumineuse et plus uniforme. Enrichi en r\u00e9tinol \u00e0 lib\u00e9ration lente, un d\u00e9riv\u00e9 de la vitamine A, ce s\u00e9rum est\u2026","rel":"","context":"Similar post","block_context":{"text":"Similar post","link":""},"img":{"alt_text":"","src":"","width":0,"height":0},"classes":[]}],"_links":{"self":[{"href":"https:\/\/sakaba.mghosteur.com\/en\/wp-json\/wp\/v2\/product\/30290","targetHints":{"allow":["GET"]}}],"collection":[{"href":"https:\/\/sakaba.mghosteur.com\/en\/wp-json\/wp\/v2\/product"}],"about":[{"href":"https:\/\/sakaba.mghosteur.com\/en\/wp-json\/wp\/v2\/types\/product"}],"replies":[{"embeddable":true,"href":"https:\/\/sakaba.mghosteur.com\/en\/wp-json\/wp\/v2\/comments?post=30290"}],"version-history":[{"count":0,"href":"https:\/\/sakaba.mghosteur.com\/en\/wp-json\/wp\/v2\/product\/30290\/revisions"}],"wp:attachment":[{"href":"https:\/\/sakaba.mghosteur.com\/en\/wp-json\/wp\/v2\/media?parent=30290"}],"wp:term":[{"taxonomy":"product_brand","embeddable":true,"href":"https:\/\/sakaba.mghosteur.com\/en\/wp-json\/wp\/v2\/product_brand?post=30290"},{"taxonomy":"product_cat","embeddable":true,"href":"https:\/\/sakaba.mghosteur.com\/en\/wp-json\/wp\/v2\/product_cat?post=30290"},{"taxonomy":"product_tag","embeddable":true,"href":"https:\/\/sakaba.mghosteur.com\/en\/wp-json\/wp\/v2\/product_tag?post=30290"}],"curies":[{"name":"wp","href":"https:\/\/api.w.org\/{rel}","templated":true}]}}