{"id":30293,"date":"2023-05-08T11:23:17","date_gmt":"2023-05-08T11:23:17","guid":{"rendered":"http:\/\/www.sakababeauty.com\/?post_type=product&#038;p=30293"},"modified":"2024-08-07T19:42:10","modified_gmt":"2024-08-07T19:42:10","slug":"beauty-of-joseon-green-plum-refreshing-cleanser","status":"publish","type":"product","link":"https:\/\/sakaba.mghosteur.com\/en\/product\/beauty-of-joseon-green-plum-refreshing-cleanser\/","title":{"rendered":"BEAUTY OF JOSEON Green Plum Refreshing Cleanser"},"content":{"rendered":"<p>D\u00e9couvrez le Nettoyant Rafra\u00eechissant \u00e0 la Prune Verte de la marque Beauty of Joseon, un nettoyant pour le visage \u00e0 base d&#8217;ingr\u00e9dients naturels du Hanbang. Sa formule hypoallerg\u00e9nique l\u00e9g\u00e8rement acide aide \u00e0 nettoyer votre peau sans endommager sa barri\u00e8re cutan\u00e9e naturelle, tandis que sa formule gel humide ne dess\u00e8che pas votre peau et procure une sensation d&#8217;humidit\u00e9 m\u00eame apr\u00e8s le nettoyage. Les extraits de prune et de haricot mungo, qui sont les ingr\u00e9dients cl\u00e9s de ce nettoyant, adoucissent les cellules mortes de la peau et hydratent votre peau. Appliquez simplement une quantit\u00e9 appropri\u00e9e d&#8217;eau sur vos mains mouill\u00e9es et massez doucement votre visage pour un nettoyage rafra\u00eechissant et hydratant.<\/p>","protected":false},"excerpt":{"rendered":"<p>D\u00e9couvrez le Nettoyant Rafra\u00eechissant \u00e0 la Prune Verte de la marque Beauty of Joseon, un nettoyant pour le visage \u00e0 base d&#8217;ingr\u00e9dients naturels du Hanbang. Sa formule hypoallerg\u00e9nique l\u00e9g\u00e8rement acide aide \u00e0 nettoyer votre peau sans endommager sa barri\u00e8re cutan\u00e9e naturelle, tandis que sa formule gel humide ne dess\u00e8che pas votre peau et procure une<span class=\"read-more-faq\"><a href=\"https:\/\/sakaba.mghosteur.com\/en\/product\/beauty-of-joseon-green-plum-refreshing-cleanser\/\">Read More<\/a><\/span><\/p>","protected":false},"featured_media":0,"comment_status":"closed","ping_status":"closed","template":"","meta":[],"product_brand":[],"product_cat":[324,291,1018,451],"product_tag":[],"class_list":{"0":"post-30293","1":"product","2":"type-product","3":"status-publish","5":"product_cat-demaquillant-nettoyant","6":"product_cat-eclaircissant","7":"product_cat-aai-produis-coreens","8":"product_cat-aab-soin-du-visage","10":"first","11":"instock","12":"shipping-taxable","13":"product-type-simple"},"jetpack-related-posts":[{"id":31377,"url":"https:\/\/sakaba.mghosteur.com\/en\/product\/beauty-of-joseon-green-plum-refreshing-toner-aha-bha\/","url_meta":{"origin":30293,"position":0},"title":"BEAUTY OF JOSEON GREEN PLUM REFRESHING TONER AHA + BHA","author":"admin","date":"May 10, 2024","format":false,"excerpt":"Toner Rafra\u00eechissant \u00e0 la Prune Verte : AHA + BHA Ce qu'il est : Le rythme naturel de la peau implique un cycle de r\u00e9g\u00e9n\u00e9ration cellulaire et d'exfoliation sur 28 jours. Si ce processus est entrav\u00e9 par des cellules mortes obstruant les pores, cela peut conduire \u00e0 une inflammation et\u2026","rel":"","context":"Similar post","block_context":{"text":"Similar post","link":""},"img":{"alt_text":"","src":"","width":0,"height":0},"classes":[]},{"id":31351,"url":"https:\/\/sakaba.mghosteur.com\/en\/product\/beauty-of-joseon-ginseng-cleansing-oil\/","url_meta":{"origin":30293,"position":1},"title":"BEAUTY OF JOSEON &#8211; GINSENG CLEANSING OIL","author":"admin","date":"May 10, 2024","format":false,"excerpt":"Huile D\u00e9maquillante au Ginseng Description du produit : Chez Beauty of Joseon, le nettoyage est consid\u00e9r\u00e9 comme l'\u00e9tape primordiale des soins de la peau. En n\u00e9gliger l'importance peut entra\u00eener l'accumulation d'impuret\u00e9s cutan\u00e9es et de s\u00e9bum dans les pores, potentiellement susceptibles de causer une inflammation cutan\u00e9e. Notre huile d\u00e9maquillante \u00e9mulsionne et\u2026","rel":"","context":"Similar post","block_context":{"text":"Similar post","link":""},"img":{"alt_text":"","src":"","width":0,"height":0},"classes":[]},{"id":30218,"url":"https:\/\/sakaba.mghosteur.com\/en\/product\/beauty-of-joseon-ginseng-cleansing\/","url_meta":{"origin":30293,"position":2},"title":"BEAUTY OF JOSEON &#8211; GINSENG CLEANSING","author":"admin","date":"May 4, 2023","format":false,"excerpt":"D\u00e9couvrez l'huile d\u00e9maquillante au ginseng de la marque Beauty of Joseon pour une exp\u00e9rience de nettoyage en profondeur de votre peau. Contrairement \u00e0 d'autres huiles nettoyantes disponibles sur le march\u00e9, notre formule contient de l'huile de Glycine Soja, une base l\u00e9g\u00e8re et efficace pour \u00e9liminer en douceur la salet\u00e9, le\u2026","rel":"","context":"Similar post","block_context":{"text":"Similar post","link":""},"img":{"alt_text":"","src":"","width":0,"height":0},"classes":[]},{"id":30296,"url":"https:\/\/sakaba.mghosteur.com\/en\/product\/beauty-of-joseon-red-bean-refreshing-pore-mask\/","url_meta":{"origin":30293,"position":3},"title":"BEAUTY OF JOSEON RED BEAN REFRESHING PORE MASK","author":"admin","date":"May 8, 2023","format":false,"excerpt":"D\u00e9couvrez le Masque rafra\u00eechissant pour les pores aux haricots rouges de la marque Beauty of Joseon. Ce masque est con\u00e7u pour prendre soin de vos pores en \u00e9liminant les cellules mortes de la peau, en lavant le s\u00e9bum et les d\u00e9chets accumul\u00e9s et en abaissant la temp\u00e9rature de la peau.\u2026","rel":"","context":"Similar post","block_context":{"text":"Similar post","link":""},"img":{"alt_text":"","src":"","width":0,"height":0},"classes":[]},{"id":31692,"url":"https:\/\/sakaba.mghosteur.com\/en\/product\/haruhara-wonder-black-rice-moisture-5-5-soft-cleansing-gel-unscented\/","url_meta":{"origin":30293,"position":4},"title":"HARUHARA WONDER BLACK RICE MOISTURE 5.5 SOFT CLEANSING GEL UNSCENTED","author":"admin","date":"May 10, 2024","format":false,"excerpt":"D\u00e9couvrez ce gel nettoyant doux et l\u00e9g\u00e8rement acide, id\u00e9al pour vos matins charg\u00e9s ! Formul\u00e9 sans parfum, il hydrate et nettoie en profondeur pour une routine matinale rafra\u00eechissante. Sa formule saine et l\u00e9g\u00e8rement acide maintient un pH \u00e9quilibr\u00e9, essentiel pour une peau \u00e9clatante et bien prot\u00e9g\u00e9e. Les tensioactifs naturels, puis\u00e9s\u2026","rel":"","context":"Similar post","block_context":{"text":"Similar post","link":""},"img":{"alt_text":"","src":"","width":0,"height":0},"classes":[]},{"id":30396,"url":"https:\/\/sakaba.mghosteur.com\/en\/product\/neutrogena-ultra-gentle-hydrating-daily-facial-cleanser-for-sensitive-skin-354-ml\/","url_meta":{"origin":30293,"position":5},"title":"Neutrogena Ultra Gentle Hydrating Daily Facial Cleanser for Sensitive Skin 354 ML","author":"admin","date":"May 10, 2023","format":false,"excerpt":"D\u00e9couvrez le Nettoyant quotidien ultra doux Neutrogena, con\u00e7u pour r\u00e9pondre aux besoins des peaux sensibles. Sa formule brevet\u00e9e efficace mais douce nettoie en profondeur sans perturber la barri\u00e8re d'hydratation naturelle de la peau, laissant votre peau fra\u00eeche et propre sans r\u00e9sidu. Ce nettoyant moussant est hypoallerg\u00e9nique, non com\u00e9dog\u00e8ne, sans huile\u2026","rel":"","context":"Similar post","block_context":{"text":"Similar post","link":""},"img":{"alt_text":"","src":"","width":0,"height":0},"classes":[]}],"_links":{"self":[{"href":"https:\/\/sakaba.mghosteur.com\/en\/wp-json\/wp\/v2\/product\/30293","targetHints":{"allow":["GET"]}}],"collection":[{"href":"https:\/\/sakaba.mghosteur.com\/en\/wp-json\/wp\/v2\/product"}],"about":[{"href":"https:\/\/sakaba.mghosteur.com\/en\/wp-json\/wp\/v2\/types\/product"}],"replies":[{"embeddable":true,"href":"https:\/\/sakaba.mghosteur.com\/en\/wp-json\/wp\/v2\/comments?post=30293"}],"version-history":[{"count":0,"href":"https:\/\/sakaba.mghosteur.com\/en\/wp-json\/wp\/v2\/product\/30293\/revisions"}],"wp:attachment":[{"href":"https:\/\/sakaba.mghosteur.com\/en\/wp-json\/wp\/v2\/media?parent=30293"}],"wp:term":[{"taxonomy":"product_brand","embeddable":true,"href":"https:\/\/sakaba.mghosteur.com\/en\/wp-json\/wp\/v2\/product_brand?post=30293"},{"taxonomy":"product_cat","embeddable":true,"href":"https:\/\/sakaba.mghosteur.com\/en\/wp-json\/wp\/v2\/product_cat?post=30293"},{"taxonomy":"product_tag","embeddable":true,"href":"https:\/\/sakaba.mghosteur.com\/en\/wp-json\/wp\/v2\/product_tag?post=30293"}],"curies":[{"name":"wp","href":"https:\/\/api.w.org\/{rel}","templated":true}]}}