{"id":30296,"date":"2023-05-08T11:56:37","date_gmt":"2023-05-08T11:56:37","guid":{"rendered":"http:\/\/www.sakababeauty.com\/?post_type=product&#038;p=30296"},"modified":"2024-09-01T14:44:11","modified_gmt":"2024-09-01T14:44:11","slug":"beauty-of-joseon-red-bean-refreshing-pore-mask","status":"publish","type":"product","link":"https:\/\/sakaba.mghosteur.com\/en\/product\/beauty-of-joseon-red-bean-refreshing-pore-mask\/","title":{"rendered":"BEAUTY OF JOSEON RED BEAN REFRESHING PORE MASK"},"content":{"rendered":"<p>D\u00e9couvrez le Masque rafra\u00eechissant pour les pores aux haricots rouges de la marque Beauty of Joseon. Ce masque est con\u00e7u pour prendre soin de vos pores en \u00e9liminant les cellules mortes de la peau, en lavant le s\u00e9bum et les d\u00e9chets accumul\u00e9s et en abaissant la temp\u00e9rature de la peau.<\/p>\n<p>Les ingr\u00e9dients principaux de ce masque sont les haricots rouges et le kaolin. Le kaolin absorbe le s\u00e9bum, tandis que l&#8217;extrait de haricot rouge et la poudre de haricot rouge aident \u00e0 exfolier et \u00e0 \u00e9claircir la peau. La texture argile humide permet une absorption efficace du s\u00e9bum et l&#8217;\u00e9limination des d\u00e9chets sans dess\u00e9cher ni tirer sur la peau.<\/p>\n<p>L&#8217;extrait de haricot rouge Haenam \u00e0 30% est un ingr\u00e9dient cl\u00e9 de ce masque. Les femmes de Joseon l&#8217;utilisaient pour obtenir une peau claire et propre, car les saponines des haricots rouges aident \u00e0 l&#8217;adsorption du s\u00e9bum et agissent comme un exfoliant naturel.<\/p>\n<p>Pour utiliser ce masque, appliquez uniform\u00e9ment sur un visage sec apr\u00e8s le nettoyage. Apr\u00e8s 5 \u00e0 10 minutes, massez doucement avec de l&#8217;eau ti\u00e8de et rincez. Prenez soin de vos pores avec le Masque rafra\u00eechissant pour les pores aux haricots rouges de Beauty of Joseon.<\/p>","protected":false},"excerpt":{"rendered":"<p>D\u00e9couvrez le Masque rafra\u00eechissant pour les pores aux haricots rouges de la marque Beauty of Joseon. Ce masque est con\u00e7u pour prendre soin de vos pores en \u00e9liminant les cellules mortes de la peau, en lavant le s\u00e9bum et les d\u00e9chets accumul\u00e9s et en abaissant la temp\u00e9rature de la peau. Les ingr\u00e9dients principaux de ce<span class=\"read-more-faq\"><a href=\"https:\/\/sakaba.mghosteur.com\/en\/product\/beauty-of-joseon-red-bean-refreshing-pore-mask\/\">Read More<\/a><\/span><\/p>","protected":false},"featured_media":0,"comment_status":"closed","ping_status":"closed","template":"","meta":[],"product_brand":[],"product_cat":[293,291,1018,451,334],"product_tag":[],"class_list":{"0":"post-30296","1":"product","2":"type-product","3":"status-publish","5":"product_cat-anti-taches","6":"product_cat-eclaircissant","7":"product_cat-aai-produis-coreens","8":"product_cat-aab-soin-du-visage","9":"product_cat-traitement-serum","11":"first","12":"instock","13":"shipping-taxable","14":"product-type-simple"},"jetpack-related-posts":[{"id":31388,"url":"https:\/\/sakaba.mghosteur.com\/en\/product\/beauty-of-joseon-red-bean-water-gel-100ml\/","url_meta":{"origin":30296,"position":0},"title":"BEAUTY OF JOSEON RED BEAN WATER GEL 100ML","author":"admin","date":"May 10, 2024","format":false,"excerpt":"Red Bean Water Gel Ce qu'il est \u00c0 mesure que la peau m\u00fbrit, elle a tendance \u00e0 perdre de l\u2019humidit\u00e9 et du s\u00e9bum, ce qui facilite la formation des rides. Lorsque la peau manque d\u2019hydratation, elle compense en produisant plus de s\u00e9bum pour se prot\u00e9ger. Ce d\u00e9s\u00e9quilibre peut augmenter le\u2026","rel":"","context":"Similar post","block_context":{"text":"Similar post","link":""},"img":{"alt_text":"","src":"","width":0,"height":0},"classes":[]},{"id":31377,"url":"https:\/\/sakaba.mghosteur.com\/en\/product\/beauty-of-joseon-green-plum-refreshing-toner-aha-bha\/","url_meta":{"origin":30296,"position":1},"title":"BEAUTY OF JOSEON GREEN PLUM REFRESHING TONER AHA + BHA","author":"admin","date":"May 10, 2024","format":false,"excerpt":"Toner Rafra\u00eechissant \u00e0 la Prune Verte : AHA + BHA Ce qu'il est : Le rythme naturel de la peau implique un cycle de r\u00e9g\u00e9n\u00e9ration cellulaire et d'exfoliation sur 28 jours. Si ce processus est entrav\u00e9 par des cellules mortes obstruant les pores, cela peut conduire \u00e0 une inflammation et\u2026","rel":"","context":"Similar post","block_context":{"text":"Similar post","link":""},"img":{"alt_text":"","src":"","width":0,"height":0},"classes":[]},{"id":56153,"url":"https:\/\/sakaba.mghosteur.com\/en\/product\/beauty-of-joseon-ground-rice-and-honey-glow-mask\/","url_meta":{"origin":30296,"position":2},"title":"Beauty of Joseon Ground Rice and Honey Glow Mask","author":"Sope DIA","date":"January 2, 2026","format":false,"excerpt":"Ground Rice and Honey Glow Mask de Beauty of Joseon, un masque nettoyant et exfoliant formul\u00e9 \u00e0 base de lie de makgeolli recycl\u00e9e et d\u2019ingr\u00e9dients naturels comme la poudre de cosse de riz et le miel.Ce soin multit\u00e2che offre une action compl\u00e8te en combinant des effets \u00e9claircissants, antioxydants, hydratants et\u2026","rel":"","context":"Similar post","block_context":{"text":"Similar post","link":""},"img":{"alt_text":"","src":"","width":0,"height":0},"classes":[]},{"id":30233,"url":"https:\/\/sakaba.mghosteur.com\/en\/product\/glow-serum-propolis-niacinamide\/","url_meta":{"origin":30296,"position":3},"title":"GLOW SERUM PROPOLIS +NIACINAMIDE","author":"admin","date":"May 4, 2023","format":false,"excerpt":"D\u00e9couvrez le S\u00e9rum \u00c9clat de la marque Beauty of Joseon, con\u00e7u pour les probl\u00e8mes de pores dilat\u00e9s et de peau enflamm\u00e9e. Ce s\u00e9rum contient 60 % d'extrait de propolis, ingr\u00e9dient traditionnel de soin de la peau utilis\u00e9 par les femmes de la dynastie Joseon pour hydrater et am\u00e9liorer la peau\u2026","rel":"","context":"Similar post","block_context":{"text":"Similar post","link":""},"img":{"alt_text":"","src":"","width":0,"height":0},"classes":[]},{"id":30293,"url":"https:\/\/sakaba.mghosteur.com\/en\/product\/beauty-of-joseon-green-plum-refreshing-cleanser\/","url_meta":{"origin":30296,"position":4},"title":"BEAUTY OF JOSEON Green Plum Refreshing Cleanser","author":"admin","date":"May 8, 2023","format":false,"excerpt":"D\u00e9couvrez le Nettoyant Rafra\u00eechissant \u00e0 la Prune Verte de la marque Beauty of Joseon, un nettoyant pour le visage \u00e0 base d'ingr\u00e9dients naturels du Hanbang. Sa formule hypoallerg\u00e9nique l\u00e9g\u00e8rement acide aide \u00e0 nettoyer votre peau sans endommager sa barri\u00e8re cutan\u00e9e naturelle, tandis que sa formule gel humide ne dess\u00e8che pas\u2026","rel":"","context":"Similar post","block_context":{"text":"Similar post","link":""},"img":{"alt_text":"","src":"","width":0,"height":0},"classes":[]},{"id":31351,"url":"https:\/\/sakaba.mghosteur.com\/en\/product\/beauty-of-joseon-ginseng-cleansing-oil\/","url_meta":{"origin":30296,"position":5},"title":"BEAUTY OF JOSEON &#8211; GINSENG CLEANSING OIL","author":"admin","date":"May 10, 2024","format":false,"excerpt":"Huile D\u00e9maquillante au Ginseng Description du produit : Chez Beauty of Joseon, le nettoyage est consid\u00e9r\u00e9 comme l'\u00e9tape primordiale des soins de la peau. En n\u00e9gliger l'importance peut entra\u00eener l'accumulation d'impuret\u00e9s cutan\u00e9es et de s\u00e9bum dans les pores, potentiellement susceptibles de causer une inflammation cutan\u00e9e. Notre huile d\u00e9maquillante \u00e9mulsionne et\u2026","rel":"","context":"Similar post","block_context":{"text":"Similar post","link":""},"img":{"alt_text":"","src":"","width":0,"height":0},"classes":[]}],"_links":{"self":[{"href":"https:\/\/sakaba.mghosteur.com\/en\/wp-json\/wp\/v2\/product\/30296","targetHints":{"allow":["GET"]}}],"collection":[{"href":"https:\/\/sakaba.mghosteur.com\/en\/wp-json\/wp\/v2\/product"}],"about":[{"href":"https:\/\/sakaba.mghosteur.com\/en\/wp-json\/wp\/v2\/types\/product"}],"replies":[{"embeddable":true,"href":"https:\/\/sakaba.mghosteur.com\/en\/wp-json\/wp\/v2\/comments?post=30296"}],"version-history":[{"count":0,"href":"https:\/\/sakaba.mghosteur.com\/en\/wp-json\/wp\/v2\/product\/30296\/revisions"}],"wp:attachment":[{"href":"https:\/\/sakaba.mghosteur.com\/en\/wp-json\/wp\/v2\/media?parent=30296"}],"wp:term":[{"taxonomy":"product_brand","embeddable":true,"href":"https:\/\/sakaba.mghosteur.com\/en\/wp-json\/wp\/v2\/product_brand?post=30296"},{"taxonomy":"product_cat","embeddable":true,"href":"https:\/\/sakaba.mghosteur.com\/en\/wp-json\/wp\/v2\/product_cat?post=30296"},{"taxonomy":"product_tag","embeddable":true,"href":"https:\/\/sakaba.mghosteur.com\/en\/wp-json\/wp\/v2\/product_tag?post=30296"}],"curies":[{"name":"wp","href":"https:\/\/api.w.org\/{rel}","templated":true}]}}