{"id":30300,"date":"2023-05-08T12:31:35","date_gmt":"2023-05-08T12:31:35","guid":{"rendered":"http:\/\/www.sakababeauty.com\/?post_type=product&#038;p=30300"},"modified":"2024-08-07T19:43:07","modified_gmt":"2024-08-07T19:43:07","slug":"beauty-of-joseon-radiance-cleansing-balm","status":"publish","type":"product","link":"https:\/\/sakaba.mghosteur.com\/en\/product\/beauty-of-joseon-radiance-cleansing-balm\/","title":{"rendered":"BEAUTY OF JOSEON RADIANCE CLEANSING BALM"},"content":{"rendered":"<p>Description du produit : Baume Nettoyant \u00c9clat de la marque BEAUTY OF JOSEON<\/p>\n<p>Le Baume Nettoyant \u00c9clat est un produit nettoyant \u00e0 base d&#8217;huile de type baume qui fond doucement sur la peau pour \u00e9liminer en douceur le maquillage, l&#8217;exc\u00e8s de s\u00e9bum et les impuret\u00e9s. Sa texture baume solide est tr\u00e8s douce pour la peau et ne la dess\u00e8che pas, gr\u00e2ce \u00e0 ses extraits complexes de riz et de c\u00e9r\u00e9ales.<\/p>\n<p>Ce d\u00e9maquillant \u00e0 base d&#8217;huile est \u00e9galement efficace pour dissoudre le mascara et le maquillage des yeux sans n\u00e9cessiter l&#8217;utilisation d&#8217;un d\u00e9maquillant s\u00e9par\u00e9. Il est confortable \u00e0 utiliser car il n&#8217;irrite pas les yeux.<\/p>\n<p>Le Baume Nettoyant \u00c9clat contient des extraits complexes de riz et de c\u00e9r\u00e9ales qui ont jou\u00e9 un r\u00f4le important dans l&#8217;histoire cor\u00e9enne en tant qu&#8217;aliments de base et ingr\u00e9dients de soin de la peau. Sous la dynastie Joseon, l&#8217;eau de son de riz \u00e9tait utilis\u00e9e comme toner pour une belle peau. Le son de riz est riche en acides amin\u00e9s et en min\u00e9raux, aidant \u00e0 hydrater la peau s\u00e8che.<\/p>\n<p>Pour utiliser le Baume Nettoyant \u00c9clat, il suffit de verser une quantit\u00e9 g\u00e9n\u00e9reuse sur la peau s\u00e8che et de masser doucement en mouvements circulaires. Ensuite, rincez \u00e0 l&#8217;eau ti\u00e8de et lavez votre visage avec une mousse nettoyante pour une peau \u00e9clatante et propre.<\/p>","protected":false},"excerpt":{"rendered":"<p>Description du produit : Baume Nettoyant \u00c9clat de la marque BEAUTY OF JOSEON Le Baume Nettoyant \u00c9clat est un produit nettoyant \u00e0 base d&#8217;huile de type baume qui fond doucement sur la peau pour \u00e9liminer en douceur le maquillage, l&#8217;exc\u00e8s de s\u00e9bum et les impuret\u00e9s. Sa texture baume solide est tr\u00e8s douce pour la peau<span class=\"read-more-faq\"><a href=\"https:\/\/sakaba.mghosteur.com\/en\/product\/beauty-of-joseon-radiance-cleansing-balm\/\">Read More<\/a><\/span><\/p>","protected":false},"featured_media":0,"comment_status":"closed","ping_status":"closed","template":"","meta":[],"product_brand":[],"product_cat":[293,331,1018,451],"product_tag":[],"class_list":{"0":"post-30300","1":"product","2":"type-product","3":"status-publish","5":"product_cat-anti-taches","6":"product_cat-hydratant-visage","7":"product_cat-aai-produis-coreens","8":"product_cat-aab-soin-du-visage","10":"first","11":"instock","12":"shipping-taxable","13":"product-type-simple"},"jetpack-related-posts":[{"id":23932,"url":"https:\/\/sakaba.mghosteur.com\/en\/product\/cerave-makeup-removing-cleanser-balm\/","url_meta":{"origin":30300,"position":0},"title":"CERAVE  MAKEUP REMOVING CLEANSER BALM","author":"admin","date":"November 9, 2022","format":false,"excerpt":"Le baume nettoyant d\u00e9maquillant CeraVe est le produit parfait pour tous les types de peau. Il est sans alcool, sans parfum, sans savon et sans paraben, ce qui en fait un choix id\u00e9al pour les peaux sensibles. Ce baume nettoyant est con\u00e7u pour \u00e9liminer efficacement le maquillage, la salet\u00e9 et\u2026","rel":"","context":"Similar post","block_context":{"text":"Similar post","link":""},"img":{"alt_text":"","src":"","width":0,"height":0},"classes":[]},{"id":29187,"url":"https:\/\/sakaba.mghosteur.com\/en\/product\/the-inkey-list-oat-cleansing-balm-150-ml\/","url_meta":{"origin":30300,"position":1},"title":"THE INKEY LIST OAT CLEANSING BALM 150 ML","author":"admin","date":"March 20, 2023","format":false,"excerpt":"Le baume d\u00e9maquillant \u00e0 l'avoine de la marque The Inkey List est un produit de nettoyage essentiel pour votre routine de soins de la peau. Ce baume nettoyant riche est con\u00e7u pour \u00e9liminer en douceur le maquillage et les impuret\u00e9s sans dess\u00e9cher la peau, la laissant hydrat\u00e9e et nourrie. Le\u2026","rel":"","context":"Similar post","block_context":{"text":"Similar post","link":""},"img":{"alt_text":"","src":"","width":0,"height":0},"classes":[]},{"id":32016,"url":"https:\/\/sakaba.mghosteur.com\/en\/product\/cerave-makeup-removing-cleanser-balm-2\/","url_meta":{"origin":30300,"position":2},"title":"CERAVE  MAKEUP REMOVING CLEANSER BALM","author":"admin","date":"May 13, 2024","format":false,"excerpt":"Les baumes nettoyants d\u00e9maquillants offrent le meilleur des deux mondes : l'efficacit\u00e9 nettoyante d'un baume, avec le confort et la commodit\u00e9 d'une cr\u00e8me nettoyante. Notre baume nettoyant d\u00e9maquillant aide \u00e0 \u00e9liminer efficacement le maquillage longue tenue, la salet\u00e9 et l'exc\u00e8s de s\u00e9bum (huile) de votre peau, pour un teint propre\u2026","rel":"","context":"Similar post","block_context":{"text":"Similar post","link":""},"img":{"alt_text":"","src":"","width":0,"height":0},"classes":[]},{"id":31351,"url":"https:\/\/sakaba.mghosteur.com\/en\/product\/beauty-of-joseon-ginseng-cleansing-oil\/","url_meta":{"origin":30300,"position":3},"title":"BEAUTY OF JOSEON &#8211; GINSENG CLEANSING OIL","author":"admin","date":"May 10, 2024","format":false,"excerpt":"Huile D\u00e9maquillante au Ginseng Description du produit : Chez Beauty of Joseon, le nettoyage est consid\u00e9r\u00e9 comme l'\u00e9tape primordiale des soins de la peau. En n\u00e9gliger l'importance peut entra\u00eener l'accumulation d'impuret\u00e9s cutan\u00e9es et de s\u00e9bum dans les pores, potentiellement susceptibles de causer une inflammation cutan\u00e9e. Notre huile d\u00e9maquillante \u00e9mulsionne et\u2026","rel":"","context":"Similar post","block_context":{"text":"Similar post","link":""},"img":{"alt_text":"","src":"","width":0,"height":0},"classes":[]},{"id":30218,"url":"https:\/\/sakaba.mghosteur.com\/en\/product\/beauty-of-joseon-ginseng-cleansing\/","url_meta":{"origin":30300,"position":4},"title":"BEAUTY OF JOSEON &#8211; GINSENG CLEANSING","author":"admin","date":"May 4, 2023","format":false,"excerpt":"D\u00e9couvrez l'huile d\u00e9maquillante au ginseng de la marque Beauty of Joseon pour une exp\u00e9rience de nettoyage en profondeur de votre peau. Contrairement \u00e0 d'autres huiles nettoyantes disponibles sur le march\u00e9, notre formule contient de l'huile de Glycine Soja, une base l\u00e9g\u00e8re et efficace pour \u00e9liminer en douceur la salet\u00e9, le\u2026","rel":"","context":"Similar post","block_context":{"text":"Similar post","link":""},"img":{"alt_text":"","src":"","width":0,"height":0},"classes":[]},{"id":26362,"url":"https:\/\/sakaba.mghosteur.com\/en\/product\/paulas-choice-omega-complex-cleansing-balm\/","url_meta":{"origin":30300,"position":5},"title":"PAULA&#8217;S CHOICE OMEGA + COMPLEX CLEANSING BALM","author":"admin","date":"November 25, 2022","format":false,"excerpt":"Le Baume Nettoyant Complexe Om\u00e9ga+ de la marque Paula's Choice est un nettoyant triple action pour la peau. Il est formul\u00e9 avec des om\u00e9gas 3, 6 et 9 pour nettoyer, adoucir et apaiser la peau tout en la rin\u00e7ant compl\u00e8tement. Ce produit nettoie en profondeur sans perturber la barri\u00e8re cutan\u00e9e\u2026","rel":"","context":"Similar post","block_context":{"text":"Similar post","link":""},"img":{"alt_text":"","src":"","width":0,"height":0},"classes":[]}],"_links":{"self":[{"href":"https:\/\/sakaba.mghosteur.com\/en\/wp-json\/wp\/v2\/product\/30300","targetHints":{"allow":["GET"]}}],"collection":[{"href":"https:\/\/sakaba.mghosteur.com\/en\/wp-json\/wp\/v2\/product"}],"about":[{"href":"https:\/\/sakaba.mghosteur.com\/en\/wp-json\/wp\/v2\/types\/product"}],"replies":[{"embeddable":true,"href":"https:\/\/sakaba.mghosteur.com\/en\/wp-json\/wp\/v2\/comments?post=30300"}],"version-history":[{"count":0,"href":"https:\/\/sakaba.mghosteur.com\/en\/wp-json\/wp\/v2\/product\/30300\/revisions"}],"wp:attachment":[{"href":"https:\/\/sakaba.mghosteur.com\/en\/wp-json\/wp\/v2\/media?parent=30300"}],"wp:term":[{"taxonomy":"product_brand","embeddable":true,"href":"https:\/\/sakaba.mghosteur.com\/en\/wp-json\/wp\/v2\/product_brand?post=30300"},{"taxonomy":"product_cat","embeddable":true,"href":"https:\/\/sakaba.mghosteur.com\/en\/wp-json\/wp\/v2\/product_cat?post=30300"},{"taxonomy":"product_tag","embeddable":true,"href":"https:\/\/sakaba.mghosteur.com\/en\/wp-json\/wp\/v2\/product_tag?post=30300"}],"curies":[{"name":"wp","href":"https:\/\/api.w.org\/{rel}","templated":true}]}}