{"id":30303,"date":"2023-05-08T12:42:01","date_gmt":"2023-05-08T12:42:01","guid":{"rendered":"http:\/\/www.sakababeauty.com\/?post_type=product&#038;p=30303"},"modified":"2024-08-07T19:45:22","modified_gmt":"2024-08-07T19:45:22","slug":"beauty-of-joseon-revive-eye-serum-ginseng-retinal","status":"publish","type":"product","link":"https:\/\/sakaba.mghosteur.com\/en\/product\/beauty-of-joseon-revive-eye-serum-ginseng-retinal\/","title":{"rendered":"BEAUTY OF JOSEON REVIVE EYE SERUM GINSENG + RETINAL"},"content":{"rendered":"<p>D\u00e9couvrez le S\u00e9rum Contour des Yeux Ravivant au Ginseng et au R\u00e9tinal de la marque Beauty of Joseon, con\u00e7u pour am\u00e9liorer les rides de la peau sensible autour des yeux. La combinaison d&#8217;extrait de ginseng et de r\u00e9tinal aide \u00e0 augmenter l&#8217;\u00e9lasticit\u00e9 de la couche dermique de la peau, en r\u00e9duisant l&#8217;apparence des rides.<\/p>\n<p>L&#8217;extrait de racine de ginseng \u00e0 10% est un ingr\u00e9dient \u00e0 base de plantes bien connu pour son efficacit\u00e9 dans l&#8217;am\u00e9lioration des rides gr\u00e2ce \u00e0 sa teneur abondante en saponines. Il hydrate rapidement la peau et la maintient profond\u00e9ment \u00e0 l&#8217;int\u00e9rieur pour une peau saine.<\/p>\n<p>Le r\u00e9tinal liposome \u00e0 2% est un d\u00e9riv\u00e9 de la vitamine A utilis\u00e9 tout au long de l&#8217;histoire des soins de la peau pour am\u00e9liorer les rides. Il agit plus rapidement et efficacement sur la peau que le r\u00e9tinol gr\u00e2ce \u00e0 sa transformation directe en acide r\u00e9tino\u00efque. Nous avons utilis\u00e9 un &#8220;liposome r\u00e9tinien&#8221; stabilis\u00e9 pour r\u00e9duire l&#8217;irritation de la peau et pour une meilleure efficacit\u00e9, ajoutant des ingr\u00e9dients tels que la glyc\u00e9rine, la niacinamide et le cholest\u00e9rol.<\/p>\n<p>Apr\u00e8s avoir liss\u00e9 la texture de la peau avec du toner, appliquez le s\u00e9rum 1 \u00e0 2 fois sur le contour des yeux ou sur l&#8217;ensemble du visage pour des r\u00e9sultats visibles.<\/p>","protected":false},"excerpt":{"rendered":"<p>D\u00e9couvrez le S\u00e9rum Contour des Yeux Ravivant au Ginseng et au R\u00e9tinal de la marque Beauty of Joseon, con\u00e7u pour am\u00e9liorer les rides de la peau sensible autour des yeux. La combinaison d&#8217;extrait de ginseng et de r\u00e9tinal aide \u00e0 augmenter l&#8217;\u00e9lasticit\u00e9 de la couche dermique de la peau, en r\u00e9duisant l&#8217;apparence des rides. L&#8217;extrait<span class=\"read-more-faq\"><a href=\"https:\/\/sakaba.mghosteur.com\/en\/product\/beauty-of-joseon-revive-eye-serum-ginseng-retinal\/\">Read More<\/a><\/span><\/p>","protected":false},"featured_media":0,"comment_status":"closed","ping_status":"closed","template":"","meta":[],"product_brand":[],"product_cat":[1095,1018,451,334],"product_tag":[],"class_list":{"0":"post-30303","1":"product","2":"type-product","3":"status-publish","5":"product_cat-anti-age","6":"product_cat-aai-produis-coreens","7":"product_cat-aab-soin-du-visage","8":"product_cat-traitement-serum","10":"first","11":"instock","12":"shipping-taxable","13":"product-type-simple"},"jetpack-related-posts":[{"id":30222,"url":"https:\/\/sakaba.mghosteur.com\/en\/product\/beauty-of-joseon-revive-serum-ginseng-snail-muci\/","url_meta":{"origin":30303,"position":0},"title":"BEAUTY OF JOSEON REVIVE SERUM GINSENG + SNAIL MUCI","author":"admin","date":"May 4, 2023","format":false,"excerpt":"D\u00e9couvrez le S\u00e9rum Revive de la marque Beauty of Joseon, sp\u00e9cialement con\u00e7u pour revitaliser les peaux en manque d'\u00e9nergie. Ce s\u00e9rum contient du ginseng, un ingr\u00e9dient v\u00e9g\u00e9tal utilis\u00e9 depuis des si\u00e8cles en phytoth\u00e9rapie orientale pour ses propri\u00e9t\u00e9s b\u00e9n\u00e9fiques. Avec une concentration de 63% en eau de racine de ginseng, ce\u2026","rel":"","context":"Similar post","block_context":{"text":"Similar post","link":""},"img":{"alt_text":"","src":"","width":0,"height":0},"classes":[]},{"id":31393,"url":"https:\/\/sakaba.mghosteur.com\/en\/product\/beauty-of-joseon-revive-serum-ginseng-snail-mucin\/","url_meta":{"origin":30303,"position":1},"title":"BEAUTY OF JOSEON Revive Serum  Ginseng + Snail Mucin","author":"admin","date":"May 10, 2024","format":false,"excerpt":"D\u00e9couvrez le S\u00e9rum Revive : Ginseng + Mucus d'escargot Un s\u00e9rum con\u00e7u pour raviver les peaux en manque de vitalit\u00e9. Formul\u00e9 avec du ginseng, un ingr\u00e9dient v\u00e9g\u00e9tal r\u00e9put\u00e9 depuis des si\u00e8cles, et 3 % de filtrat de s\u00e9cr\u00e9tion d'escargot, cette combinaison offre une synergie optimale pour renforcer l'\u00e9lasticit\u00e9 de la\u2026","rel":"","context":"Similar post","block_context":{"text":"Similar post","link":""},"img":{"alt_text":"","src":"","width":0,"height":0},"classes":[]},{"id":27620,"url":"https:\/\/sakaba.mghosteur.com\/en\/product\/ginseng-essence-water\/","url_meta":{"origin":30303,"position":2},"title":"GINSENG ESSENCE WATER","author":"admin","date":"November 29, 2022","format":false,"excerpt":"D\u00e9couvrez l'eau d'essence de ginseng de la marque Beauty of Joseon, un produit \u00e0 base de plantes naturelles qui a \u00e9t\u00e9 utilis\u00e9 pendant des si\u00e8cles pour am\u00e9liorer la sant\u00e9 et la beaut\u00e9 de la peau cor\u00e9enne. Cette essence contient 80% d'eau de ginseng pour offrir une hydratation et une nutrition\u2026","rel":"","context":"Similar post","block_context":{"text":"Similar post","link":""},"img":{"alt_text":"","src":"","width":0,"height":0},"classes":[]},{"id":30218,"url":"https:\/\/sakaba.mghosteur.com\/en\/product\/beauty-of-joseon-ginseng-cleansing\/","url_meta":{"origin":30303,"position":3},"title":"BEAUTY OF JOSEON &#8211; GINSENG CLEANSING","author":"admin","date":"May 4, 2023","format":false,"excerpt":"D\u00e9couvrez l'huile d\u00e9maquillante au ginseng de la marque Beauty of Joseon pour une exp\u00e9rience de nettoyage en profondeur de votre peau. Contrairement \u00e0 d'autres huiles nettoyantes disponibles sur le march\u00e9, notre formule contient de l'huile de Glycine Soja, une base l\u00e9g\u00e8re et efficace pour \u00e9liminer en douceur la salet\u00e9, le\u2026","rel":"","context":"Similar post","block_context":{"text":"Similar post","link":""},"img":{"alt_text":"","src":"","width":0,"height":0},"classes":[]},{"id":32093,"url":"https:\/\/sakaba.mghosteur.com\/en\/product\/by-wishtrend-vitamin-a-mazing\/","url_meta":{"origin":30303,"position":4},"title":"BY WISHTREND VITAMIN A-MAZING","author":"admin","date":"May 13, 2024","format":false,"excerpt":"La cr\u00e8me de nuit Vitamin A-mazing Bakuchiol de Wishtrend est une cr\u00e8me de nuit tout-en-un qui contient de la vitamine A pour nourrir la peau, du r\u00e9tinal pour r\u00e9duire les irritations cutan\u00e9es et du bakuchiol pour am\u00e9liorer l'\u00e9lasticit\u00e9 de la peau et l'apparence de la peau terne. Elle convient \u00e0\u2026","rel":"","context":"Similar post","block_context":{"text":"Similar post","link":""},"img":{"alt_text":"","src":"","width":0,"height":0},"classes":[]},{"id":31351,"url":"https:\/\/sakaba.mghosteur.com\/en\/product\/beauty-of-joseon-ginseng-cleansing-oil\/","url_meta":{"origin":30303,"position":5},"title":"BEAUTY OF JOSEON &#8211; GINSENG CLEANSING OIL","author":"admin","date":"May 10, 2024","format":false,"excerpt":"Huile D\u00e9maquillante au Ginseng Description du produit : Chez Beauty of Joseon, le nettoyage est consid\u00e9r\u00e9 comme l'\u00e9tape primordiale des soins de la peau. En n\u00e9gliger l'importance peut entra\u00eener l'accumulation d'impuret\u00e9s cutan\u00e9es et de s\u00e9bum dans les pores, potentiellement susceptibles de causer une inflammation cutan\u00e9e. Notre huile d\u00e9maquillante \u00e9mulsionne et\u2026","rel":"","context":"Similar post","block_context":{"text":"Similar post","link":""},"img":{"alt_text":"","src":"","width":0,"height":0},"classes":[]}],"_links":{"self":[{"href":"https:\/\/sakaba.mghosteur.com\/en\/wp-json\/wp\/v2\/product\/30303","targetHints":{"allow":["GET"]}}],"collection":[{"href":"https:\/\/sakaba.mghosteur.com\/en\/wp-json\/wp\/v2\/product"}],"about":[{"href":"https:\/\/sakaba.mghosteur.com\/en\/wp-json\/wp\/v2\/types\/product"}],"replies":[{"embeddable":true,"href":"https:\/\/sakaba.mghosteur.com\/en\/wp-json\/wp\/v2\/comments?post=30303"}],"version-history":[{"count":0,"href":"https:\/\/sakaba.mghosteur.com\/en\/wp-json\/wp\/v2\/product\/30303\/revisions"}],"wp:attachment":[{"href":"https:\/\/sakaba.mghosteur.com\/en\/wp-json\/wp\/v2\/media?parent=30303"}],"wp:term":[{"taxonomy":"product_brand","embeddable":true,"href":"https:\/\/sakaba.mghosteur.com\/en\/wp-json\/wp\/v2\/product_brand?post=30303"},{"taxonomy":"product_cat","embeddable":true,"href":"https:\/\/sakaba.mghosteur.com\/en\/wp-json\/wp\/v2\/product_cat?post=30303"},{"taxonomy":"product_tag","embeddable":true,"href":"https:\/\/sakaba.mghosteur.com\/en\/wp-json\/wp\/v2\/product_tag?post=30303"}],"curies":[{"name":"wp","href":"https:\/\/api.w.org\/{rel}","templated":true}]}}