{"id":30314,"date":"2023-05-08T13:15:38","date_gmt":"2023-05-08T13:15:38","guid":{"rendered":"http:\/\/www.sakababeauty.com\/?post_type=product&#038;p=30314"},"modified":"2024-08-30T03:29:50","modified_gmt":"2024-08-30T03:29:50","slug":"paula-choice-all-over-hair-body-shapoo","status":"publish","type":"product","link":"https:\/\/sakaba.mghosteur.com\/en\/product\/paula-choice-all-over-hair-body-shapoo\/","title":{"rendered":"PAULA CHOICE ALL OVER HAIR &amp; BODY SHAMPOO"},"content":{"rendered":"<p>Le shampoing corps et cheveux pour tout le corps de la marque Paula Choice est une formule polyvalente qui nettoie en douceur les cheveux et la peau. Cette formule concentr\u00e9e convient \u00e0 tous les types de peau, de cheveux et de cuir chevelu. Id\u00e9al pour les cheveux color\u00e9s, il se rince facilement sans laisser de r\u00e9sidu ou de sensation de s\u00e9cheresse. Sa formule sans parfum convient parfaitement aux peaux sensibles. Avec ce produit, vous pouvez vous sentir propre et renouvel\u00e9 de la t\u00eate aux pieds.<\/p>","protected":false},"excerpt":{"rendered":"<p>Le shampoing corps et cheveux pour tout le corps de la marque Paula Choice est une formule polyvalente qui nettoie en douceur les cheveux et la peau. Cette formule concentr\u00e9e convient \u00e0 tous les types de peau, de cheveux et de cuir chevelu. Id\u00e9al pour les cheveux color\u00e9s, il se rince facilement sans laisser de<span class=\"read-more-faq\"><a href=\"https:\/\/sakaba.mghosteur.com\/en\/product\/paula-choice-all-over-hair-body-shapoo\/\">Read More<\/a><\/span><\/p>","protected":false},"featured_media":0,"comment_status":"closed","ping_status":"closed","template":"","meta":[],"product_brand":[],"product_cat":[358,284,447,368],"product_tag":[],"class_list":{"0":"post-30314","1":"product","2":"type-product","3":"status-publish","5":"product_cat-bain-douche","6":"product_cat-aad-cheveux","7":"product_cat-aac-bain-et-corps","8":"product_cat-shampoing-et-apres-shampoing","10":"first","11":"instock","12":"shipping-taxable","13":"product-type-simple"},"jetpack-related-posts":[{"id":29413,"url":"https:\/\/sakaba.mghosteur.com\/en\/product\/paula-choice-water-infusing-moisturizer\/","url_meta":{"origin":30314,"position":0},"title":"PAULA CHOICE WATER-INFUSING MOISTURIZER","author":"admin","date":"April 4, 2023","format":false,"excerpt":"D\u00e9couvrez l'hydratant aux \u00e9lectrolytes infusant d'eau de la marque Paula's Choice, un produit qui permet de r\u00e9hydrater votre peau en profondeur pour un r\u00e9sultat durable et un aspect ros\u00e9 et repulp\u00e9 instantan\u00e9. Gr\u00e2ce \u00e0 sa formule rafra\u00eechissante et l\u00e9g\u00e8re, cet hydratant recharge votre peau en \u00e9lectrolytes essentiels tels que le\u2026","rel":"","context":"Similar post","block_context":{"text":"Similar post","link":""},"img":{"alt_text":"","src":"","width":0,"height":0},"classes":[]},{"id":31394,"url":"https:\/\/sakaba.mghosteur.com\/en\/product\/paula-s-choice-weigntless-body-treatment-2-bha\/","url_meta":{"origin":30314,"position":1},"title":"PAULA&#8217; S CHOICE WEIGNTLESS BODY TREATMENT 2% BHA","author":"admin","date":"May 10, 2024","format":false,"excerpt":"Cet exfoliant corporel sans rin\u00e7age, renfermant 2 % d'acide salicylique, un BHA r\u00e9put\u00e9, offre une exfoliation douce, lib\u00e9rant la peau des cellules mortes accumul\u00e9es pour r\u00e9v\u00e9ler une peau radieuse et lisse en dessous. La concentration de 2 % d'acide salicylique adoucit et affine la texture rugueuse de la peau, tandis\u2026","rel":"","context":"Similar post","block_context":{"text":"Similar post","link":""},"img":{"alt_text":"","src":"","width":0,"height":0},"classes":[]},{"id":31346,"url":"https:\/\/sakaba.mghosteur.com\/en\/product\/paula-choice-skin-perfecting-6-mandelic-acid-2-lactic-acid-88ml\/","url_meta":{"origin":30314,"position":2},"title":"PAULA CHOICE SKIN PERFECTING 6% MANDELIC ACID + 2%  LACTIC ACID 88ml","author":"admin","date":"May 10, 2024","format":false,"excerpt":"D\u00e9couvrez un produit innovant pour votre routine de soins de la peau : le m\u00e9lange d'acide mand\u00e9lique \u00e0 6 % et d'exfoliant liquide \u00e0 l'acide lactique \u00e0 2 %. Ce puissant m\u00e9lange d'exfoliants AHA offre une solution douce mais efficace pour raviver votre peau. Il aide \u00e0 \u00e9liminer les cellules\u2026","rel":"","context":"Similar post","block_context":{"text":"Similar post","link":""},"img":{"alt_text":"","src":"","width":0,"height":0},"classes":[]},{"id":31373,"url":"https:\/\/sakaba.mghosteur.com\/en\/product\/paulas-choice-intensive-wrinkle-repair-retinol-serum\/","url_meta":{"origin":30314,"position":3},"title":"PAULA&#8217;S CHOICE INTENSIVE WRINKLE REPAIR RETINOL SERUM","author":"admin","date":"May 10, 2024","format":false,"excerpt":"S\u00e9rum Anti-\u00c2ge au R\u00e9tinol Pour celles et ceux qui cherchent \u00e0 pr\u00e9server la jeunesse de leur peau tout en att\u00e9nuant les signes visibles du temps, le S\u00e9rum Anti-\u00c2ge au R\u00e9tinol est un alli\u00e9 pr\u00e9cieux. Con\u00e7u pour tous les types de peau, il r\u00e9pond aux besoins de ceux souhaitant lutter contre\u2026","rel":"","context":"Similar post","block_context":{"text":"Similar post","link":""},"img":{"alt_text":"","src":"","width":0,"height":0},"classes":[]},{"id":28083,"url":"https:\/\/sakaba.mghosteur.com\/en\/product\/eucerin-baby-wash-shampoo\/","url_meta":{"origin":30314,"position":4},"title":"EUCERIN BABY WASH &amp; SHAMPOO","author":"admin","date":"November 30, 2022","format":false,"excerpt":"La formule est enrichie en provitamine B5 et en beurre de karit\u00e9 naturel pour aider \u00e0 nourrir et apaiser la peau et les cheveux d\u00e9licats de b\u00e9b\u00e9. Eucerin Baby Wash & Shampoo est une formule 2 en 1 qui peut \u00eatre utilis\u00e9e sur la peau et les cheveux de b\u00e9b\u00e9\u2026","rel":"","context":"Similar post","block_context":{"text":"Similar post","link":""},"img":{"alt_text":"","src":"","width":0,"height":0},"classes":[]},{"id":31906,"url":"https:\/\/sakaba.mghosteur.com\/en\/product\/aveeno-baby-wash-shampoo-532-ml\/","url_meta":{"origin":30314,"position":5},"title":"AVEENO BABY WASH &amp; SHAMPOO 532 ML","author":"admin","date":"May 10, 2024","format":false,"excerpt":"Flacon de 18 onces liquides de nettoyant doux Aveeno Baby Daily Moisture 2-en-1 pour le bain et le shampooing capillaire avec extrait d'avoine naturel pour nettoyer les cheveux et la peau d\u00e9licats de b\u00e9b\u00e9 La formule riche et moussante du nettoyant pour le corps et du shampoing pour b\u00e9b\u00e9 contient\u2026","rel":"","context":"Similar post","block_context":{"text":"Similar post","link":""},"img":{"alt_text":"","src":"","width":0,"height":0},"classes":[]}],"_links":{"self":[{"href":"https:\/\/sakaba.mghosteur.com\/en\/wp-json\/wp\/v2\/product\/30314","targetHints":{"allow":["GET"]}}],"collection":[{"href":"https:\/\/sakaba.mghosteur.com\/en\/wp-json\/wp\/v2\/product"}],"about":[{"href":"https:\/\/sakaba.mghosteur.com\/en\/wp-json\/wp\/v2\/types\/product"}],"replies":[{"embeddable":true,"href":"https:\/\/sakaba.mghosteur.com\/en\/wp-json\/wp\/v2\/comments?post=30314"}],"version-history":[{"count":0,"href":"https:\/\/sakaba.mghosteur.com\/en\/wp-json\/wp\/v2\/product\/30314\/revisions"}],"wp:attachment":[{"href":"https:\/\/sakaba.mghosteur.com\/en\/wp-json\/wp\/v2\/media?parent=30314"}],"wp:term":[{"taxonomy":"product_brand","embeddable":true,"href":"https:\/\/sakaba.mghosteur.com\/en\/wp-json\/wp\/v2\/product_brand?post=30314"},{"taxonomy":"product_cat","embeddable":true,"href":"https:\/\/sakaba.mghosteur.com\/en\/wp-json\/wp\/v2\/product_cat?post=30314"},{"taxonomy":"product_tag","embeddable":true,"href":"https:\/\/sakaba.mghosteur.com\/en\/wp-json\/wp\/v2\/product_tag?post=30314"}],"curies":[{"name":"wp","href":"https:\/\/api.w.org\/{rel}","templated":true}]}}