{"id":30319,"date":"2023-05-08T13:43:52","date_gmt":"2023-05-08T13:43:52","guid":{"rendered":"http:\/\/www.sakababeauty.com\/?post_type=product&#038;p=30319"},"modified":"2024-09-01T13:35:42","modified_gmt":"2024-09-01T13:35:42","slug":"naturium-the-softener-creamy-clay-body-wash-free-fragrance","status":"publish","type":"product","link":"https:\/\/sakaba.mghosteur.com\/en\/product\/naturium-the-softener-creamy-clay-body-wash-free-fragrance\/","title":{"rendered":"NATURIUM THE SOFTENER CREAMY CLAY BODY WASH FREE FRAGRANCE"},"content":{"rendered":"<p>D\u00e9couvrez le nettoyant pour le corps en profondeur Naturium The Softener Cream, un produit de qualit\u00e9 sup\u00e9rieure qui vous aide \u00e0 prendre soin de votre peau tout en la nettoyant en profondeur. Sa formule unique \u00e0 base d&#8217;argile rose fran\u00e7aise, enrichie en antioxydants et en hydratants naturels, vous offre une protection optimale contre les agressions ext\u00e9rieures, tout en aidant \u00e0 purifier et \u00e0 adoucir votre peau.<\/p>\n<p>Notre nettoyant pour le corps est sans cruaut\u00e9 envers les animaux, sans parfum, test\u00e9 dermatologiquement et sans paraben. De plus, il est v\u00e9g\u00e9talien et sans gluten pour r\u00e9pondre aux besoins de tous les types de peau. Fabriqu\u00e9 aux \u00c9tats-Unis, ce nettoyant pour le corps est un choix de qualit\u00e9 pour tous ceux qui cherchent \u00e0 prendre soin de leur peau de mani\u00e8re naturelle.<\/p>\n<p>Pour l&#8217;utiliser, appliquez une quantit\u00e9 g\u00e9n\u00e9reuse sur vos mains, votre gant de toilette ou votre luffa et massez sur votre peau. Pour b\u00e9n\u00e9ficier de bienfaits suppl\u00e9mentaires, laissez agir quelques minutes avant de rincer abondamment. Avec Naturium The Softener Cream, votre peau est nettoy\u00e9e en profondeur et nourrie en douceur.<\/p>","protected":false},"excerpt":{"rendered":"<p>D\u00e9couvrez le nettoyant pour le corps en profondeur Naturium The Softener Cream, un produit de qualit\u00e9 sup\u00e9rieure qui vous aide \u00e0 prendre soin de votre peau tout en la nettoyant en profondeur. Sa formule unique \u00e0 base d&#8217;argile rose fran\u00e7aise, enrichie en antioxydants et en hydratants naturels, vous offre une protection optimale contre les agressions<span class=\"read-more-faq\"><a href=\"https:\/\/sakaba.mghosteur.com\/en\/product\/naturium-the-softener-creamy-clay-body-wash-free-fragrance\/\">Read More<\/a><\/span><\/p>","protected":false},"featured_media":0,"comment_status":"closed","ping_status":"closed","template":"","meta":[],"product_brand":[],"product_cat":[358,447,292],"product_tag":[],"class_list":{"0":"post-30319","1":"product","2":"type-product","3":"status-publish","5":"product_cat-bain-douche","6":"product_cat-aac-bain-et-corps","7":"product_cat-peaux-sensibles","9":"first","10":"instock","11":"shipping-taxable","12":"product-type-simple"},"jetpack-related-posts":[{"id":30215,"url":"https:\/\/sakaba.mghosteur.com\/en\/product\/the-body-wash-le-nettoyant-corps-eucalyptus\/","url_meta":{"origin":30319,"position":0},"title":"THE BODY WASH LE NETTOYANT CORPS Eucalyptus","author":"admin","date":"May 4, 2023","format":false,"excerpt":"D\u00e9couvrez le Nettoyant pour le corps Eucalyptus de la marque N\u00e9cessaire, con\u00e7u pour prendre soin de votre corps tout en pr\u00e9servant l'environnement. Infus\u00e9 de niacinamide, de glyc\u00e9rine et d'huile de marula riche en vitamine C\/E + om\u00e9ga 6\/9, ce nettoyant hybride gel-huile est parfait pour \u00e9quilibrer, r\u00e9g\u00e9n\u00e9rer et adoucir votre\u2026","rel":"","context":"Similar post","block_context":{"text":"Similar post","link":""},"img":{"alt_text":"","src":"","width":0,"height":0},"classes":[]},{"id":24414,"url":"https:\/\/sakaba.mghosteur.com\/en\/product\/palmers-cocoa-butter-formula-with-vitamin-e-heals-softens\/","url_meta":{"origin":30319,"position":1},"title":"Palmers Cocoa Butter Daily Skin Therapy","author":"admin","date":"November 10, 2022","format":false,"excerpt":"La lotion corporelle Daily Skin Therapy de Palmer's est le produit parfait pour prendre soin de votre peau s\u00e8che et rugueuse. Elle contient du beurre de cacao naturel et de la vitamine E, deux ingr\u00e9dients intens\u00e9ment hydratants qui gu\u00e9rissent et adoucissent votre peau pour lui donner une apparence plus saine.\u2026","rel":"","context":"Similar post","block_context":{"text":"Similar post","link":""},"img":{"alt_text":"","src":"","width":0,"height":0},"classes":[]},{"id":24424,"url":"https:\/\/sakaba.mghosteur.com\/en\/product\/palmers-heals-softens-18-7-oz\/","url_meta":{"origin":30319,"position":2},"title":"PALMERS HEALS SOFTENS 18.7 OZ","author":"admin","date":"November 10, 2022","format":false,"excerpt":"D\u00e9couvrez le beurre de cacao de la marque Palmer's, un soin de qualit\u00e9 pour les peaux rugueuses et s\u00e8ches. Le beurre de cacao est une substance naturelle issue de la graine de cacao, qui retient l'humidit\u00e9 entre les couches de la peau, pr\u00e9venant ainsi la d\u00e9shydratation. La vitamine E contenue\u2026","rel":"","context":"Similar post","block_context":{"text":"Similar post","link":""},"img":{"alt_text":"","src":"","width":0,"height":0},"classes":[]},{"id":31780,"url":"https:\/\/sakaba.mghosteur.com\/en\/product\/olay-ceramide-gel-de-douche-591ml\/","url_meta":{"origin":30319,"position":3},"title":"OLAY CERAMIDE GEL DE DOUCHE 591ML","author":"admin","date":"May 10, 2024","format":false,"excerpt":"R\u00e9v\u00e9lez une peau belle et saine avec le nettoyant pour le corps nettoyant et fortifiant Olay avec complexe de c\u00e9ramides et de vitamine B3. Cette formule avanc\u00e9e hydrate en profondeur pour aider \u00e0 renforcer la barri\u00e8re d'hydratation de votre peau et la laisser douce et r\u00e9g\u00e9n\u00e9r\u00e9e. Gr\u00e2ce \u00e0 la technologie\u2026","rel":"","context":"Similar post","block_context":{"text":"Similar post","link":""},"img":{"alt_text":"","src":"","width":0,"height":0},"classes":[]},{"id":24181,"url":"https:\/\/sakaba.mghosteur.com\/en\/product\/cerave-hydrating-cleanser-bar\/","url_meta":{"origin":30319,"position":4},"title":"CERAVE HYDRATING CLEANSER BAR","author":"admin","date":"November 9, 2022","format":false,"excerpt":"La barre nettoyante hydratante CeraVe est un produit de soin de la peau de haute qualit\u00e9 qui a \u00e9t\u00e9 sp\u00e9cialement con\u00e7u pour les personnes ayant une peau normale \u00e0 s\u00e8che. Elle nettoie en douceur la peau tout en fournissant une hydratation en profondeur pour aider \u00e0 restaurer la barri\u00e8re cutan\u00e9e\u2026","rel":"","context":"Similar post","block_context":{"text":"Similar post","link":""},"img":{"alt_text":"","src":"","width":0,"height":0},"classes":[]},{"id":27438,"url":"https:\/\/sakaba.mghosteur.com\/en\/product\/the-inkey-list-kaolin-face-mask\/","url_meta":{"origin":30319,"position":5},"title":"THE INKEY LIST KAOLIN FACE","author":"admin","date":"November 29, 2022","format":false,"excerpt":"Le masque \u00e0 l'argile de kaolin de la marque The Inkey List est un produit de soin de la peau de haute qualit\u00e9 qui offre une solution naturelle pour nettoyer et purifier votre peau en profondeur. En utilisant l'argile de kaolin, ce masque \u00e9limine les impuret\u00e9s et l'exc\u00e8s de s\u00e9bum\u2026","rel":"","context":"Similar post","block_context":{"text":"Similar post","link":""},"img":{"alt_text":"","src":"","width":0,"height":0},"classes":[]}],"_links":{"self":[{"href":"https:\/\/sakaba.mghosteur.com\/en\/wp-json\/wp\/v2\/product\/30319","targetHints":{"allow":["GET"]}}],"collection":[{"href":"https:\/\/sakaba.mghosteur.com\/en\/wp-json\/wp\/v2\/product"}],"about":[{"href":"https:\/\/sakaba.mghosteur.com\/en\/wp-json\/wp\/v2\/types\/product"}],"replies":[{"embeddable":true,"href":"https:\/\/sakaba.mghosteur.com\/en\/wp-json\/wp\/v2\/comments?post=30319"}],"version-history":[{"count":0,"href":"https:\/\/sakaba.mghosteur.com\/en\/wp-json\/wp\/v2\/product\/30319\/revisions"}],"wp:attachment":[{"href":"https:\/\/sakaba.mghosteur.com\/en\/wp-json\/wp\/v2\/media?parent=30319"}],"wp:term":[{"taxonomy":"product_brand","embeddable":true,"href":"https:\/\/sakaba.mghosteur.com\/en\/wp-json\/wp\/v2\/product_brand?post=30319"},{"taxonomy":"product_cat","embeddable":true,"href":"https:\/\/sakaba.mghosteur.com\/en\/wp-json\/wp\/v2\/product_cat?post=30319"},{"taxonomy":"product_tag","embeddable":true,"href":"https:\/\/sakaba.mghosteur.com\/en\/wp-json\/wp\/v2\/product_tag?post=30319"}],"curies":[{"name":"wp","href":"https:\/\/api.w.org\/{rel}","templated":true}]}}