{"id":30325,"date":"2023-05-08T14:02:04","date_gmt":"2023-05-08T14:02:04","guid":{"rendered":"http:\/\/www.sakababeauty.com\/?post_type=product&#038;p=30325"},"modified":"2024-09-01T13:34:26","modified_gmt":"2024-09-01T13:34:26","slug":"naturium-the-purifier-niacinamide-serum-body-wash-free-fragrance","status":"publish","type":"product","link":"https:\/\/sakaba.mghosteur.com\/en\/product\/naturium-the-purifier-niacinamide-serum-body-wash-free-fragrance\/","title":{"rendered":"NATURIUM THE PURIFIER NIACINAMIDE SERUM BODY WASH FREE FRAGRANCE"},"content":{"rendered":"<p>Le s\u00e9rum nettoyant corporel est un gel douche sensoriel qui se transforme en une mousse laiteuse luxueuse pour un nettoyage efficace et revitalisant de la peau, sans agresser. Contenant 2% de niacinamide pur, il aide \u00e0 \u00e9quilibrer la peau tout en r\u00e9tablissant une hydratation essentielle, ce qui laisse la peau souple et apais\u00e9e. Les ingr\u00e9dients actifs tels que l&#8217;ol\u00e9ate de glyc\u00e9ryle PCA et la glyc\u00e9rine aident \u00e0 maintenir une barri\u00e8re cutan\u00e9e hydrat\u00e9e et saine. Ce produit convient \u00e0 tous les types de peau et peut \u00eatre utilis\u00e9 quotidiennement.<\/p>","protected":false},"excerpt":{"rendered":"<p>Le s\u00e9rum nettoyant corporel est un gel douche sensoriel qui se transforme en une mousse laiteuse luxueuse pour un nettoyage efficace et revitalisant de la peau, sans agresser. Contenant 2% de niacinamide pur, il aide \u00e0 \u00e9quilibrer la peau tout en r\u00e9tablissant une hydratation essentielle, ce qui laisse la peau souple et apais\u00e9e. Les ingr\u00e9dients<span class=\"read-more-faq\"><a href=\"https:\/\/sakaba.mghosteur.com\/en\/product\/naturium-the-purifier-niacinamide-serum-body-wash-free-fragrance\/\">Read More<\/a><\/span><\/p>","protected":false},"featured_media":0,"comment_status":"closed","ping_status":"closed","template":"","meta":[],"product_brand":[],"product_cat":[358,447],"product_tag":[],"class_list":{"0":"post-30325","1":"product","2":"type-product","3":"status-publish","5":"product_cat-bain-douche","6":"product_cat-aac-bain-et-corps","8":"first","9":"instock","10":"shipping-taxable","11":"product-type-simple"},"jetpack-related-posts":[{"id":30233,"url":"https:\/\/sakaba.mghosteur.com\/en\/product\/glow-serum-propolis-niacinamide\/","url_meta":{"origin":30325,"position":0},"title":"GLOW SERUM PROPOLIS +NIACINAMIDE","author":"admin","date":"May 4, 2023","format":false,"excerpt":"D\u00e9couvrez le S\u00e9rum \u00c9clat de la marque Beauty of Joseon, con\u00e7u pour les probl\u00e8mes de pores dilat\u00e9s et de peau enflamm\u00e9e. Ce s\u00e9rum contient 60 % d'extrait de propolis, ingr\u00e9dient traditionnel de soin de la peau utilis\u00e9 par les femmes de la dynastie Joseon pour hydrater et am\u00e9liorer la peau\u2026","rel":"","context":"Similar post","block_context":{"text":"Similar post","link":""},"img":{"alt_text":"","src":"","width":0,"height":0},"classes":[]},{"id":27248,"url":"https:\/\/sakaba.mghosteur.com\/en\/product\/good-molecules-niacinamide-serum\/","url_meta":{"origin":30325,"position":1},"title":"GOOD MOLECULES NIACINAMIDE SERUM 30ML","author":"admin","date":"November 29, 2022","format":false,"excerpt":"Le s\u00e9rum Niacinamide de la marque Good Molecules est un produit de soin pour la peau qui aide \u00e0 obtenir une peau lisse et uniforme tout en minimisant l'apparence des pores. Ce s\u00e9rum l\u00e9ger contient 10 % de niacinamide, une vitamine B3, qui aide \u00e0 affiner le teint et la\u2026","rel":"","context":"Similar post","block_context":{"text":"Similar post","link":""},"img":{"alt_text":"","src":"","width":0,"height":0},"classes":[]},{"id":31642,"url":"https:\/\/sakaba.mghosteur.com\/en\/product\/the-inkey-niacinamide-serum\/","url_meta":{"origin":30325,"position":2},"title":"THE INKEY NIACINAMIDE SERUM","author":"admin","date":"May 10, 2024","format":false,"excerpt":"S\u00e9rum Niacinamide Un s\u00e9rum \u00e0 la niacinamide l\u00e9ger et puissant, parfait pour une int\u00e9gration ais\u00e9e dans votre routine de soins de la peau. Dot\u00e9 de 10 % de niacinamide, cette vitamine B3 d'origine naturelle est reconnue pour sa capacit\u00e9 \u00e0 r\u00e9duire efficacement l'exc\u00e8s de s\u00e9bum, les imperfections et les rougeurs.\u2026","rel":"","context":"Similar post","block_context":{"text":"Similar post","link":""},"img":{"alt_text":"","src":"","width":0,"height":0},"classes":[]},{"id":28805,"url":"https:\/\/sakaba.mghosteur.com\/en\/product\/inkey-list-20-niacinamide-serum\/","url_meta":{"origin":30325,"position":3},"title":"The Inkey list 20% Niacinamide Serum","author":"admin","date":"December 10, 2022","format":false,"excerpt":"D\u00e9couvrez la solution id\u00e9ale pour r\u00e9guler l'exc\u00e8s de s\u00e9bum sur votre peau gr\u00e2ce au s\u00e9rum de la marque The Inkey List. Formul\u00e9 avec 20% de niacinamide, ce s\u00e9rum l\u00e9ger et non collant est votre alli\u00e9 pour am\u00e9liorer la texture de votre peau et r\u00e9duire l'apparence de vos pores dilat\u00e9s. Cr\u00e9\u00e9e\u2026","rel":"","context":"Similar post","block_context":{"text":"Similar post","link":""},"img":{"alt_text":"","src":"","width":0,"height":0},"classes":[]},{"id":27441,"url":"https:\/\/sakaba.mghosteur.com\/en\/product\/the-inkey-niacinamide\/","url_meta":{"origin":30325,"position":4},"title":"THE INKEY NIACINAMIDE","author":"admin","date":"November 29, 2022","format":false,"excerpt":"Compos\u00e9 de 10 % de niacinamide et de 1 % d'acide hyaluronique, le s\u00e9rum \u00e0 la niacinamide de The INKEY List minimise l'apparence des pores et des imperfections. La vitamine B3 naturelle, la niacinamide, est connue pour sa capacit\u00e9 \u00e0 contr\u00f4ler l'apparence du s\u00e9bum et de la pigmentation, id\u00e9ale pour\u2026","rel":"","context":"Similar post","block_context":{"text":"Similar post","link":""},"img":{"alt_text":"","src":"","width":0,"height":0},"classes":[]},{"id":26862,"url":"https:\/\/sakaba.mghosteur.com\/en\/product\/paula-choice-10-niacinamide-booster\/","url_meta":{"origin":30325,"position":5},"title":"PAULA  CHOICE 10% NIACINAMIDE BOOSTER","author":"admin","date":"November 28, 2022","format":false,"excerpt":"Le 10% Niacinamide Booster de Paula's Choice est un s\u00e9rum concentr\u00e9 qui am\u00e9liore la texture de la peau, affine la taille des pores et r\u00e9duit les ridules. Ce produit contient 10% de niacinamide (vitamine B3) qui favorise une apparence plus lumineuse et plus jeune de la peau. La formule est\u2026","rel":"","context":"Similar post","block_context":{"text":"Similar post","link":""},"img":{"alt_text":"","src":"","width":0,"height":0},"classes":[]}],"_links":{"self":[{"href":"https:\/\/sakaba.mghosteur.com\/en\/wp-json\/wp\/v2\/product\/30325","targetHints":{"allow":["GET"]}}],"collection":[{"href":"https:\/\/sakaba.mghosteur.com\/en\/wp-json\/wp\/v2\/product"}],"about":[{"href":"https:\/\/sakaba.mghosteur.com\/en\/wp-json\/wp\/v2\/types\/product"}],"replies":[{"embeddable":true,"href":"https:\/\/sakaba.mghosteur.com\/en\/wp-json\/wp\/v2\/comments?post=30325"}],"version-history":[{"count":0,"href":"https:\/\/sakaba.mghosteur.com\/en\/wp-json\/wp\/v2\/product\/30325\/revisions"}],"wp:attachment":[{"href":"https:\/\/sakaba.mghosteur.com\/en\/wp-json\/wp\/v2\/media?parent=30325"}],"wp:term":[{"taxonomy":"product_brand","embeddable":true,"href":"https:\/\/sakaba.mghosteur.com\/en\/wp-json\/wp\/v2\/product_brand?post=30325"},{"taxonomy":"product_cat","embeddable":true,"href":"https:\/\/sakaba.mghosteur.com\/en\/wp-json\/wp\/v2\/product_cat?post=30325"},{"taxonomy":"product_tag","embeddable":true,"href":"https:\/\/sakaba.mghosteur.com\/en\/wp-json\/wp\/v2\/product_tag?post=30325"}],"curies":[{"name":"wp","href":"https:\/\/api.w.org\/{rel}","templated":true}]}}