{"id":30337,"date":"2023-05-08T16:06:51","date_gmt":"2023-05-08T16:06:51","guid":{"rendered":"http:\/\/www.sakababeauty.com\/?post_type=product&#038;p=30337"},"modified":"2024-09-02T04:13:56","modified_gmt":"2024-09-02T04:13:56","slug":"neutrogena-oil-balancing-daily-exfoliator","status":"publish","type":"product","link":"https:\/\/sakaba.mghosteur.com\/en\/product\/neutrogena-oil-balancing-daily-exfoliator\/","title":{"rendered":"NEUTROGENA OIL BALANCING DAILY EXFOLIATOR"},"content":{"rendered":"<div class=\"group w-full text-gray-800 dark:text-gray-100 border-b border-black\/10 dark:border-gray-900\/50 bg-gray-50 dark:bg-[#444654]\">\n<div class=\"flex p-4 gap-4 text-base md:gap-6 md:max-w-2xl lg:max-w-xl xl:max-w-3xl md:py-6 lg:px-0 m-auto\">\n<div class=\"relative flex flex-col w-[calc(100%-50px)] gap-1 md:gap-3 lg:w-[calc(100%-115px)]\">\n<div class=\"flex flex-grow flex-col gap-3\">\n<div class=\"min-h-[20px] flex flex-col items-start gap-4 whitespace-pre-wrap break-words\">\n<div class=\"markdown prose w-full break-words dark:prose-invert light\">\n<p>D\u00e9couvrez l&#8217;exfoliant quotidien NEUTROGENA Oil Balancing pour une peau saine et \u00e9quilibr\u00e9e. Formul\u00e9 avec des ingr\u00e9dients naturels tels que le citron vert et l&#8217;aloe vera, cet exfoliant est sp\u00e9cialement con\u00e7u pour les peaux grasses. Les dermatologues ont travaill\u00e9 sur cette formule pour resserrer les pores et matifier la peau tout en \u00e9liminant l&#8217;exc\u00e8s de s\u00e9bum pour un effet matifiant durable.<\/p>\n<p>Les exfoliants cellulosiques naturels de cet exfoliant facial quotidien permettent de d\u00e9sobstruer les pores en profondeur, de purifier la peau et de r\u00e9\u00e9quilibrer son hydratation. Utilis\u00e9 r\u00e9guli\u00e8rement, cet exfoliant contribue \u00e0 \u00e9liminer les impuret\u00e9s et \u00e0 affiner le grain de peau pour une apparence plus saine et plus lumineuse.<\/p>\n<p>Offrez \u00e0 votre peau une solution efficace pour lutter contre l&#8217;exc\u00e8s de s\u00e9bum et retrouver une peau fra\u00eeche et \u00e9clatante de sant\u00e9 gr\u00e2ce \u00e0 l&#8217;exfoliant quotidien NEUTROGENA Oil Balancing.<\/p>\n<\/div>\n<\/div>\n<\/div>\n<\/div>\n<\/div>\n<\/div>","protected":false},"excerpt":{"rendered":"<p>D\u00e9couvrez l&#8217;exfoliant quotidien NEUTROGENA Oil Balancing pour une peau saine et \u00e9quilibr\u00e9e. Formul\u00e9 avec des ingr\u00e9dients naturels tels que le citron vert et l&#8217;aloe vera, cet exfoliant est sp\u00e9cialement con\u00e7u pour les peaux grasses. Les dermatologues ont travaill\u00e9 sur cette formule pour resserrer les pores et matifier la peau tout en \u00e9liminant l&#8217;exc\u00e8s de s\u00e9bum<span class=\"read-more-faq\"><a href=\"https:\/\/sakaba.mghosteur.com\/en\/product\/neutrogena-oil-balancing-daily-exfoliator\/\">Read More<\/a><\/span><\/p>","protected":false},"featured_media":0,"comment_status":"closed","ping_status":"closed","template":"","meta":[],"product_brand":[],"product_cat":[324,384,451],"product_tag":[],"class_list":{"0":"post-30337","1":"product","2":"type-product","3":"status-publish","5":"product_cat-demaquillant-nettoyant","6":"product_cat-peaux-grasses","7":"product_cat-aab-soin-du-visage","9":"first","10":"instock","11":"shipping-taxable","12":"product-type-simple"},"jetpack-related-posts":[{"id":30341,"url":"https:\/\/sakaba.mghosteur.com\/en\/product\/neutrogena-oil-balancing-facial-wash\/","url_meta":{"origin":30337,"position":0},"title":"NEUTROGENA OIL BALANCING FACIAL WASH","author":"admin","date":"May 8, 2023","format":false,"excerpt":"D\u00e9couvrez le nettoyant visage \u00e9quilibrant NEUTROGENA \u00e0 base de citron vert et d'aloe vera, con\u00e7u pour les peaux grasses et d\u00e9velopp\u00e9 avec des dermatologues. Ce nettoyant quotidien vivifiant pour le visage aide \u00e0 resserrer les pores et matifier la peau, la laissant parfaitement \u00e9quilibr\u00e9e. Formul\u00e9 sans huile, ce nettoyant pour\u2026","rel":"","context":"Similar post","block_context":{"text":"Similar post","link":""},"img":{"alt_text":"","src":"","width":0,"height":0},"classes":[]},{"id":30347,"url":"https:\/\/sakaba.mghosteur.com\/en\/product\/neutrogena-oil-free-acne-wash-scrub\/","url_meta":{"origin":30337,"position":1},"title":"NEUTROGENA OIL FREE ACNE WASH SCRUB","author":"admin","date":"May 8, 2023","format":false,"excerpt":"Le Nettoyant Moussant pour le Visage Anti-acn\u00e9 Neutrogena au Pamplemousse Rose est un gommage facial moussant con\u00e7u pour aider \u00e0 traiter les \u00e9ruptions cutan\u00e9es tout en exfoliant en douceur votre peau. Il est formul\u00e9 avec une technologie MicroClear et un m\u00e9dicament contre l'acn\u00e9 \u00e0 l'acide salicylique de force maximale pour\u2026","rel":"","context":"Similar post","block_context":{"text":"Similar post","link":""},"img":{"alt_text":"","src":"","width":0,"height":0},"classes":[]},{"id":24591,"url":"https:\/\/sakaba.mghosteur.com\/en\/product\/aveeno-purely-matte-peel-off-mask\/","url_meta":{"origin":30337,"position":2},"title":"AVEENO PURELY MATTE PEEL OFF MASK","author":"admin","date":"November 10, 2022","format":false,"excerpt":"Tube de 2,0 onces de masque pour le visage Aveeno Clear Complexion Pure Matte Peel Off avec des acides alpha-hydroxy, du soja et de la grenade pour aider \u00e0 exfolier et matifier la peau Ce masque pour le visage au teint clair agit comme un exfoliant sans savon et sans\u2026","rel":"","context":"Similar post","block_context":{"text":"Similar post","link":""},"img":{"alt_text":"","src":"","width":0,"height":0},"classes":[]},{"id":30379,"url":"https:\/\/sakaba.mghosteur.com\/en\/product\/neutrogena-skin-balancing-2-polyhydroxy-acid\/","url_meta":{"origin":30337,"position":3},"title":"NEUTROGENA SKIN BALANCING 2% POLYHYDROXY ACID","author":"admin","date":"May 9, 2023","format":false,"excerpt":"Optez pour le Gel nettoyant \u00e9quilibrant pour la peau pour peaux mixtes de Neutrogena, une formule douce et efficace qui nettoie, exfolie et revitalise votre peau en une seule \u00e9tape. Avec sa formule hypoallerg\u00e9nique d\u00e9velopp\u00e9e avec des dermatologues, ce gel nettoyant respecte le pH naturel de votre peau, la laissant\u2026","rel":"","context":"Similar post","block_context":{"text":"Similar post","link":""},"img":{"alt_text":"","src":"","width":0,"height":0},"classes":[]},{"id":33039,"url":"https:\/\/sakaba.mghosteur.com\/en\/product\/dove-exfoliant-body-polish-mango\/","url_meta":{"origin":30337,"position":4},"title":"DOVE EXFOLIANT BODY POLISH MANGO","author":"admin","date":"May 17, 2024","format":false,"excerpt":"Un gommage corporel au parfum de mangue tropicale qui r\u00e9v\u00e8le votre \u00e9clat naturel en exfoliant mod\u00e9r\u00e9ment la peau. Le gommage corporel utilise une exfoliation mod\u00e9r\u00e9e pour \u00e9liminer la peau terne \u2022 Formul\u00e9 avec des nettoyants sans sulfate d'origine naturelle \u2022 Parfum de mangue juteuse et d'amande cr\u00e9meuse \u2022 Avec \u00bc\u2026","rel":"","context":"Similar post","block_context":{"text":"Similar post","link":""},"img":{"alt_text":"","src":"","width":0,"height":0},"classes":[]},{"id":24279,"url":"https:\/\/sakaba.mghosteur.com\/en\/product\/neutrogena-body-clear-body-scrub\/","url_meta":{"origin":30337,"position":5},"title":"NEUTROGENA BODY CLEAR BODY SCRUB","author":"admin","date":"November 9, 2022","format":false,"excerpt":"D\u00e9couvrez le gommage corporel Neutrogena \u00ae Body Clear\u00ae pour traiter l'acn\u00e9 sur le dos, la poitrine et les \u00e9paules. Ce gommage efficace contient 2 % d'acide salicylique et des exfoliants doux qui \u00e9liminent les peaux mortes et nettoient en profondeur les pores pour vous donner une peau claire et lisse.\u2026","rel":"","context":"Similar post","block_context":{"text":"Similar post","link":""},"img":{"alt_text":"","src":"","width":0,"height":0},"classes":[]}],"_links":{"self":[{"href":"https:\/\/sakaba.mghosteur.com\/en\/wp-json\/wp\/v2\/product\/30337","targetHints":{"allow":["GET"]}}],"collection":[{"href":"https:\/\/sakaba.mghosteur.com\/en\/wp-json\/wp\/v2\/product"}],"about":[{"href":"https:\/\/sakaba.mghosteur.com\/en\/wp-json\/wp\/v2\/types\/product"}],"replies":[{"embeddable":true,"href":"https:\/\/sakaba.mghosteur.com\/en\/wp-json\/wp\/v2\/comments?post=30337"}],"version-history":[{"count":0,"href":"https:\/\/sakaba.mghosteur.com\/en\/wp-json\/wp\/v2\/product\/30337\/revisions"}],"wp:attachment":[{"href":"https:\/\/sakaba.mghosteur.com\/en\/wp-json\/wp\/v2\/media?parent=30337"}],"wp:term":[{"taxonomy":"product_brand","embeddable":true,"href":"https:\/\/sakaba.mghosteur.com\/en\/wp-json\/wp\/v2\/product_brand?post=30337"},{"taxonomy":"product_cat","embeddable":true,"href":"https:\/\/sakaba.mghosteur.com\/en\/wp-json\/wp\/v2\/product_cat?post=30337"},{"taxonomy":"product_tag","embeddable":true,"href":"https:\/\/sakaba.mghosteur.com\/en\/wp-json\/wp\/v2\/product_tag?post=30337"}],"curies":[{"name":"wp","href":"https:\/\/api.w.org\/{rel}","templated":true}]}}