{"id":30362,"date":"2023-05-09T15:41:36","date_gmt":"2023-05-09T15:41:36","guid":{"rendered":"http:\/\/www.sakababeauty.com\/?post_type=product&#038;p=30362"},"modified":"2024-09-02T04:16:25","modified_gmt":"2024-09-02T04:16:25","slug":"neutrogena-rainbath-bath-gel-pear-green-tea","status":"publish","type":"product","link":"https:\/\/sakaba.mghosteur.com\/en\/product\/neutrogena-rainbath-bath-gel-pear-green-tea\/","title":{"rendered":"NEUTROGENA RAINBATH BATH GEL PEAR &amp; GREEN TEA"},"content":{"rendered":"<p>D\u00e9couvrez le gel douche et bain r\u00e9g\u00e9n\u00e9rant Rainbath\u00ae Poire &amp; Th\u00e9 vert de Neutrogena. Sa formule unique nettoie en profondeur votre peau avec une mousse riche et hydratante pour la laisser douce, lisse et vraiment renouvel\u00e9e. Le parfum frais et d\u00e9licat de poire et de th\u00e9 vert apporte une touche rafra\u00eechissante \u00e0 votre routine de bain ou de douche. De plus, notre nettoyant ne laisse aucun r\u00e9sidu lourd sur votre peau.<\/p>\n<p>Utilisez-le sous la douche en appliquant sur le corps avec les mains humidifi\u00e9es, une houppette ou un gant de toilette. Faites mousser doucement et rincez abondamment. Dans le bain, versez le gel dans l&#8217;eau courante pour une exp\u00e9rience encore plus relaxante. Vous pouvez \u00e9galement l&#8217;utiliser comme gel de rasage lissant pour les jambes. Offrez \u00e0 votre peau un soin r\u00e9g\u00e9n\u00e9rant avec le gel douche et bain Rainbath\u00ae Poire &amp; Th\u00e9 vert de Neutrogena.<\/p>","protected":false},"excerpt":{"rendered":"<p>D\u00e9couvrez le gel douche et bain r\u00e9g\u00e9n\u00e9rant Rainbath\u00ae Poire &amp; Th\u00e9 vert de Neutrogena. Sa formule unique nettoie en profondeur votre peau avec une mousse riche et hydratante pour la laisser douce, lisse et vraiment renouvel\u00e9e. Le parfum frais et d\u00e9licat de poire et de th\u00e9 vert apporte une touche rafra\u00eechissante \u00e0 votre routine de<span class=\"read-more-faq\"><a href=\"https:\/\/sakaba.mghosteur.com\/en\/product\/neutrogena-rainbath-bath-gel-pear-green-tea\/\">Read More<\/a><\/span><\/p>","protected":false},"featured_media":0,"comment_status":"closed","ping_status":"closed","template":"","meta":[],"product_brand":[],"product_cat":[358,447],"product_tag":[],"class_list":{"0":"post-30362","1":"product","2":"type-product","3":"status-publish","5":"product_cat-bain-douche","6":"product_cat-aac-bain-et-corps","8":"first","9":"instock","10":"shipping-taxable","11":"product-type-simple"},"jetpack-related-posts":[{"id":24000,"url":"https:\/\/sakaba.mghosteur.com\/en\/product\/neutrogena-rainbath-refreshing-shower-and-bath-gel\/","url_meta":{"origin":30362,"position":0},"title":"NEUTROGENA RAINBATH REFRESHING SHOWER AND BATH GEL","author":"admin","date":"November 9, 2022","format":false,"excerpt":"Offrez \u00e0 votre corps une exp\u00e9rience de douche ou de bain rafra\u00eechissante avec le gel douche et bain Rainbath de Neutrogena. Ce nettoyant pour le corps est l'un des produits les plus vendus et vous pouvez compter sur lui pour adoucir et revitaliser votre peau sans laisser de r\u00e9sidus lourds.\u2026","rel":"","context":"Similar post","block_context":{"text":"Similar post","link":""},"img":{"alt_text":"","src":"","width":0,"height":0},"classes":[]},{"id":30358,"url":"https:\/\/sakaba.mghosteur.com\/en\/product\/neutrogena-rainbath-bath-gel-ocean-mist\/","url_meta":{"origin":30362,"position":1},"title":"NEUTROGENA RAINBATH BATH GEL OCEAN MIST","author":"admin","date":"May 9, 2023","format":false,"excerpt":"D\u00e9couvrez le gel douche et bain Neutrogena Rainbath Reconstituant \u00e0 la Brume Oc\u00e9ane, qui vous permet de r\u00e9g\u00e9n\u00e9rer l'apparence de votre peau chaque matin. Ce gel douche au parfum frais de brume oc\u00e9anique tropicale \u00e9veille vos sens et laisse votre peau se sentir renouvel\u00e9e. Sa mousse riche et cr\u00e9meuse se\u2026","rel":"","context":"Similar post","block_context":{"text":"Similar post","link":""},"img":{"alt_text":"","src":"","width":0,"height":0},"classes":[]},{"id":30353,"url":"https:\/\/sakaba.mghosteur.com\/en\/product\/neutrogena-rainbath-bath-gel-fresh-plum\/","url_meta":{"origin":30362,"position":2},"title":"NEUTROGENA RAINBATH BATH GEL FRESH PLUM","author":"admin","date":"May 8, 2023","format":false,"excerpt":"D\u00e9couvrez le gel douche et bain Neutrogena Rainbath Restoring Fresh Plum, con\u00e7u pour aider \u00e0 restaurer l'apparence et la sensation saines de votre peau. Le parfum frais et m\u00fbr de prunes et de fleurs vous transporte dans une exp\u00e9rience de spa relaxante. Ce gel douche hydratant nettoie en douceur, adoucit\u2026","rel":"","context":"Similar post","block_context":{"text":"Similar post","link":""},"img":{"alt_text":"","src":"","width":0,"height":0},"classes":[]},{"id":24004,"url":"https:\/\/sakaba.mghosteur.com\/en\/product\/neutrogena-rainbath-bath-gel\/","url_meta":{"origin":30362,"position":3},"title":"NEUTROGENA RAINBATH BATH GEL","author":"admin","date":"November 9, 2022","format":false,"excerpt":"","rel":"","context":"Similar post","block_context":{"text":"Similar post","link":""},"img":{"alt_text":"","src":"","width":0,"height":0},"classes":[]},{"id":28058,"url":"https:\/\/sakaba.mghosteur.com\/en\/product\/naturium-the-perfector-salicylic-acid-body-wash\/","url_meta":{"origin":30362,"position":4},"title":"NATURIUM THE PERFECTOR SALICYLIC ACID BODY WASH","author":"admin","date":"November 29, 2022","format":false,"excerpt":"Le gel douche \u00e0 l'acide salicylique r\u00e9g\u00e9n\u00e9rant pour la peau est formul\u00e9 avec de l'acide salicylique encapsul\u00e9 \u00e0 lib\u00e9ration prolong\u00e9e qui offre une exfoliation douce pour aider \u00e0 purifier les pores et \u00e0 lisser la peau sans s\u00e9cheresse ni irritation. D\u00e9velopp\u00e9 pour tous les types de peau et adapt\u00e9 \u00e0\u2026","rel":"","context":"Similar post","block_context":{"text":"Similar post","link":""},"img":{"alt_text":"","src":"","width":0,"height":0},"classes":[]},{"id":31860,"url":"https:\/\/sakaba.mghosteur.com\/en\/product\/olay-vitamin-c-gel-de-douche-591ml\/","url_meta":{"origin":30362,"position":5},"title":"OLAY VITAMIN C GEL DE DOUCHE 591ML","author":"admin","date":"May 10, 2024","format":false,"excerpt":"Faites mousser votre peau avec luxe \u00e0 chaque douche. Le nettoyant pour le corps nettoyant et \u00e9claircissant Olay, avec sa mousse riche et cr\u00e9meuse, impr\u00e8gne votre peau d\u2019ingr\u00e9dients de soin, la laissant douce et soyeuse au toucher. Il est enrichi de vitamine C et de vitamine B3 pour donner \u00e0\u2026","rel":"","context":"Similar post","block_context":{"text":"Similar post","link":""},"img":{"alt_text":"","src":"","width":0,"height":0},"classes":[]}],"_links":{"self":[{"href":"https:\/\/sakaba.mghosteur.com\/en\/wp-json\/wp\/v2\/product\/30362","targetHints":{"allow":["GET"]}}],"collection":[{"href":"https:\/\/sakaba.mghosteur.com\/en\/wp-json\/wp\/v2\/product"}],"about":[{"href":"https:\/\/sakaba.mghosteur.com\/en\/wp-json\/wp\/v2\/types\/product"}],"replies":[{"embeddable":true,"href":"https:\/\/sakaba.mghosteur.com\/en\/wp-json\/wp\/v2\/comments?post=30362"}],"version-history":[{"count":0,"href":"https:\/\/sakaba.mghosteur.com\/en\/wp-json\/wp\/v2\/product\/30362\/revisions"}],"wp:attachment":[{"href":"https:\/\/sakaba.mghosteur.com\/en\/wp-json\/wp\/v2\/media?parent=30362"}],"wp:term":[{"taxonomy":"product_brand","embeddable":true,"href":"https:\/\/sakaba.mghosteur.com\/en\/wp-json\/wp\/v2\/product_brand?post=30362"},{"taxonomy":"product_cat","embeddable":true,"href":"https:\/\/sakaba.mghosteur.com\/en\/wp-json\/wp\/v2\/product_cat?post=30362"},{"taxonomy":"product_tag","embeddable":true,"href":"https:\/\/sakaba.mghosteur.com\/en\/wp-json\/wp\/v2\/product_tag?post=30362"}],"curies":[{"name":"wp","href":"https:\/\/api.w.org\/{rel}","templated":true}]}}