{"id":30389,"date":"2023-05-10T11:21:54","date_gmt":"2023-05-10T11:21:54","guid":{"rendered":"http:\/\/www.sakababeauty.com\/?post_type=product&#038;p=30389"},"modified":"2024-09-02T04:17:42","modified_gmt":"2024-09-02T04:17:42","slug":"neutrogena-stubborn-texture","status":"publish","type":"product","link":"https:\/\/sakaba.mghosteur.com\/en\/product\/neutrogena-stubborn-texture\/","title":{"rendered":"NEUTROGENA STUBBORN TEXTURE"},"content":{"rendered":"<p>D\u00e9couvrez le Nettoyant anti-acn\u00e9 Stubborn Texture de la marque Neutrogena pour lutter contre l&#8217;acn\u00e9 tenace et am\u00e9liorer la texture de votre peau. Ce nettoyant quotidien sans huile contient un complexe acide de qualit\u00e9 dermatologique, compos\u00e9 de 1 % d&#8217;acide salicylique (BHA), 2 % d&#8217;acide glycolique (AHA) et 2 % d&#8217;acide polyhydroxy (PHA). En douceur, il exfolie votre peau pour \u00e9liminer les cellules mortes \u00e0 la surface et r\u00e9duire l&#8217;acn\u00e9 persistante, tout en laissant une peau douce et lisse. Vous pouvez constater une am\u00e9lioration visible de la texture de votre peau en seulement 1 semaine.<\/p>\n<p>Notre nettoyant anti-acn\u00e9 Stubborn Texture est fabriqu\u00e9 \u00e0 partir d&#8217;ingr\u00e9dients scientifiquement prouv\u00e9s et ne contient pas de parfum, parab\u00e8nes, huile, phtalates, colorants et sulfates.<\/p>\n<p>Pour une utilisation optimale, mouillez votre visage et faites mousser le nettoyant dans vos mains. Massez d\u00e9licatement votre peau pendant 60 secondes avant de rincer abondamment. Dites adieu \u00e0 l&#8217;acn\u00e9 tenace et \u00e0 la texture in\u00e9gale de votre peau gr\u00e2ce au Nettoyant anti-acn\u00e9 Stubborn Texture de Neutrogena.<\/p>","protected":false},"excerpt":{"rendered":"<p>D\u00e9couvrez le Nettoyant anti-acn\u00e9 Stubborn Texture de la marque Neutrogena pour lutter contre l&#8217;acn\u00e9 tenace et am\u00e9liorer la texture de votre peau. Ce nettoyant quotidien sans huile contient un complexe acide de qualit\u00e9 dermatologique, compos\u00e9 de 1 % d&#8217;acide salicylique (BHA), 2 % d&#8217;acide glycolique (AHA) et 2 % d&#8217;acide polyhydroxy (PHA). En douceur, il<span class=\"read-more-faq\"><a href=\"https:\/\/sakaba.mghosteur.com\/en\/product\/neutrogena-stubborn-texture\/\">Read More<\/a><\/span><\/p>","protected":false},"featured_media":0,"comment_status":"closed","ping_status":"closed","template":"","meta":[],"product_brand":[],"product_cat":[294,293,324,451],"product_tag":[],"class_list":{"0":"post-30389","1":"product","2":"type-product","3":"status-publish","5":"product_cat-acne","6":"product_cat-anti-taches","7":"product_cat-demaquillant-nettoyant","8":"product_cat-aab-soin-du-visage","10":"first","11":"instock","12":"shipping-taxable","13":"product-type-simple"},"jetpack-related-posts":[{"id":24284,"url":"https:\/\/sakaba.mghosteur.com\/en\/product\/neutrogena-oil-free-acne-wash\/","url_meta":{"origin":30389,"position":0},"title":"NEUTROGENA OIL FREE ACNE WASH","author":"admin","date":"November 9, 2022","format":false,"excerpt":"D\u00e9couvrez le nettoyant anti-acn\u00e9 sans huile de la marque Neutrogena, sp\u00e9cialement con\u00e7u pour \u00e9liminer les impuret\u00e9s de votre peau en seulement une semaine. Ce nettoyant pour le visage au pamplemousse rose contient de l'extrait de pamplemousse d'origine naturelle et de la vitamine C, pour une action douce mais efficace. Gr\u00e2ce\u2026","rel":"","context":"Similar post","block_context":{"text":"Similar post","link":""},"img":{"alt_text":"","src":"","width":0,"height":0},"classes":[]},{"id":24023,"url":"https:\/\/sakaba.mghosteur.com\/en\/product\/neutrogena-stubborn-acne-am\/","url_meta":{"origin":30389,"position":1},"title":"NEUTROGENA STUBBORN ACNE AM","author":"admin","date":"November 9, 2022","format":false,"excerpt":"Produit : Traitement de l'acn\u00e9 tenace le matin de la marque NEUTROGENA Description : Ce traitement anti-acn\u00e9 est con\u00e7u pour r\u00e9duire les boutons et les rougeurs en quelques heures seulement. Il est aliment\u00e9 par du peroxyde de benzoyle micronis\u00e9 \u00e0 2,5 %, recommand\u00e9 par les dermatologues pour p\u00e9n\u00e9trer efficacement dans\u2026","rel":"","context":"Similar post","block_context":{"text":"Similar post","link":""},"img":{"alt_text":"","src":"","width":0,"height":0},"classes":[]},{"id":30411,"url":"https:\/\/sakaba.mghosteur.com\/en\/product\/neutrogenastubborn-marks-pm-treatment\/","url_meta":{"origin":30389,"position":2},"title":"NEUTROGENA STUBBORN MARKS PM TREATMENT","author":"admin","date":"May 10, 2023","format":false,"excerpt":"D\u00e9couvrez le traitement des marques tenaces PM de Neutrogena, un produit dermatologique qui peut r\u00e9duire visiblement les marques d'acn\u00e9 pendant votre sommeil. Ce traitement est inspir\u00e9 d'un r\u00e9gime recommand\u00e9 par les dermatologues pour une peau nette. Pour de meilleurs r\u00e9sultats, nous vous recommandons d'utiliser \u00e9galement le traitement Neutrogena Stubborn Acne\u2026","rel":"","context":"Similar post","block_context":{"text":"Similar post","link":""},"img":{"alt_text":"","src":"","width":0,"height":0},"classes":[]},{"id":30347,"url":"https:\/\/sakaba.mghosteur.com\/en\/product\/neutrogena-oil-free-acne-wash-scrub\/","url_meta":{"origin":30389,"position":3},"title":"NEUTROGENA OIL FREE ACNE WASH SCRUB","author":"admin","date":"May 8, 2023","format":false,"excerpt":"Le Nettoyant Moussant pour le Visage Anti-acn\u00e9 Neutrogena au Pamplemousse Rose est un gommage facial moussant con\u00e7u pour aider \u00e0 traiter les \u00e9ruptions cutan\u00e9es tout en exfoliant en douceur votre peau. Il est formul\u00e9 avec une technologie MicroClear et un m\u00e9dicament contre l'acn\u00e9 \u00e0 l'acide salicylique de force maximale pour\u2026","rel":"","context":"Similar post","block_context":{"text":"Similar post","link":""},"img":{"alt_text":"","src":"","width":0,"height":0},"classes":[]},{"id":31934,"url":"https:\/\/sakaba.mghosteur.com\/en\/product\/cerave-acne-control-cleanser-473ml\/","url_meta":{"origin":30389,"position":4},"title":"CERAVE ACNE CONTROL CLEANSER 473ML","author":"admin","date":"May 13, 2024","format":false,"excerpt":"Le nettoyant visage anti-acn\u00e9 de CeraVe est formul\u00e9 avec 2 % d'acide salicylique pour \u00e9liminer l'acn\u00e9 et r\u00e9duire les points noirs. L'argile purifiante aide \u00e0 am\u00e9liorer l'apparence des pores gr\u00e2ce \u00e0 une technologie d'absorption d'huile. Dans une texture gel-mousse rafra\u00eechissante, ce traitement contre l'acn\u00e9 nettoie la peau et cible les\u2026","rel":"","context":"Similar post","block_context":{"text":"Similar post","link":""},"img":{"alt_text":"","src":"","width":0,"height":0},"classes":[]},{"id":23934,"url":"https:\/\/sakaba.mghosteur.com\/en\/product\/cerave-acne-control-gel-2-salicylic-acid\/","url_meta":{"origin":30389,"position":5},"title":"CERAVE : ACNE CONTROL GEL 2% SALICYLIC ACID","author":"admin","date":"November 9, 2022","format":false,"excerpt":"Le gel anti-acn\u00e9 hydratant CeraVe Acne Control Gel est la solution compl\u00e8te pour traiter l'acn\u00e9 et pr\u00e9venir les \u00e9ruptions cutan\u00e9es futures. Avec sa formule l\u00e9g\u00e8re et non ass\u00e9chante, il est parfait pour une utilisation quotidienne et convient \u00e0 tous les types de peau, m\u00eame les plus sensibles. Enrichi en acides\u2026","rel":"","context":"Similar post","block_context":{"text":"Similar post","link":""},"img":{"alt_text":"","src":"","width":0,"height":0},"classes":[]}],"_links":{"self":[{"href":"https:\/\/sakaba.mghosteur.com\/en\/wp-json\/wp\/v2\/product\/30389","targetHints":{"allow":["GET"]}}],"collection":[{"href":"https:\/\/sakaba.mghosteur.com\/en\/wp-json\/wp\/v2\/product"}],"about":[{"href":"https:\/\/sakaba.mghosteur.com\/en\/wp-json\/wp\/v2\/types\/product"}],"replies":[{"embeddable":true,"href":"https:\/\/sakaba.mghosteur.com\/en\/wp-json\/wp\/v2\/comments?post=30389"}],"version-history":[{"count":0,"href":"https:\/\/sakaba.mghosteur.com\/en\/wp-json\/wp\/v2\/product\/30389\/revisions"}],"wp:attachment":[{"href":"https:\/\/sakaba.mghosteur.com\/en\/wp-json\/wp\/v2\/media?parent=30389"}],"wp:term":[{"taxonomy":"product_brand","embeddable":true,"href":"https:\/\/sakaba.mghosteur.com\/en\/wp-json\/wp\/v2\/product_brand?post=30389"},{"taxonomy":"product_cat","embeddable":true,"href":"https:\/\/sakaba.mghosteur.com\/en\/wp-json\/wp\/v2\/product_cat?post=30389"},{"taxonomy":"product_tag","embeddable":true,"href":"https:\/\/sakaba.mghosteur.com\/en\/wp-json\/wp\/v2\/product_tag?post=30389"}],"curies":[{"name":"wp","href":"https:\/\/api.w.org\/{rel}","templated":true}]}}