{"id":30396,"date":"2023-05-10T12:51:34","date_gmt":"2023-05-10T12:51:34","guid":{"rendered":"http:\/\/www.sakababeauty.com\/?post_type=product&#038;p=30396"},"modified":"2024-09-02T04:20:01","modified_gmt":"2024-09-02T04:20:01","slug":"neutrogena-ultra-gentle-hydrating-daily-facial-cleanser-for-sensitive-skin-354-ml","status":"publish","type":"product","link":"https:\/\/sakaba.mghosteur.com\/en\/product\/neutrogena-ultra-gentle-hydrating-daily-facial-cleanser-for-sensitive-skin-354-ml\/","title":{"rendered":"Neutrogena Ultra Gentle Hydrating Daily Facial Cleanser for Sensitive Skin 354 ML"},"content":{"rendered":"<p>D\u00e9couvrez le Nettoyant quotidien ultra doux Neutrogena, con\u00e7u pour r\u00e9pondre aux besoins des peaux sensibles. Sa formule brevet\u00e9e efficace mais douce nettoie en profondeur sans perturber la barri\u00e8re d&#8217;hydratation naturelle de la peau, laissant votre peau fra\u00eeche et propre sans r\u00e9sidu. Ce nettoyant moussant est hypoallerg\u00e9nique, non com\u00e9dog\u00e8ne, sans huile ni savon, offrant ainsi une exp\u00e9rience de nettoyage douce et efficace pour votre peau sensible.<\/p>\n<p>Utilisation : mouillez votre visage et vos mains \u00e0 l&#8217;eau ti\u00e8de, pompez une petite quantit\u00e9 de nettoyant dans vos mains et faites-le mousser. Appliquez sur votre visage avec un mouvement doux et circulaire, puis rincez \u00e0 l&#8217;eau ti\u00e8de et s\u00e9chez avec une serviette douce.<\/p>\n<p>Donnez \u00e0 votre peau sensible l&#8217;attention qu&#8217;elle m\u00e9rite avec le Nettoyant quotidien ultra doux Neutrogena, une solution de nettoyage efficace et douce pour une peau propre, rafra\u00eechie et \u00e9quilibr\u00e9e.<\/p>","protected":false},"excerpt":{"rendered":"<p>D\u00e9couvrez le Nettoyant quotidien ultra doux Neutrogena, con\u00e7u pour r\u00e9pondre aux besoins des peaux sensibles. Sa formule brevet\u00e9e efficace mais douce nettoie en profondeur sans perturber la barri\u00e8re d&#8217;hydratation naturelle de la peau, laissant votre peau fra\u00eeche et propre sans r\u00e9sidu. Ce nettoyant moussant est hypoallerg\u00e9nique, non com\u00e9dog\u00e8ne, sans huile ni savon, offrant ainsi une<span class=\"read-more-faq\"><a href=\"https:\/\/sakaba.mghosteur.com\/en\/product\/neutrogena-ultra-gentle-hydrating-daily-facial-cleanser-for-sensitive-skin-354-ml\/\">Read More<\/a><\/span><\/p>","protected":false},"featured_media":0,"comment_status":"closed","ping_status":"closed","template":"","meta":[],"product_brand":[],"product_cat":[324,292,451],"product_tag":[],"class_list":{"0":"post-30396","1":"product","2":"type-product","3":"status-publish","5":"product_cat-demaquillant-nettoyant","6":"product_cat-peaux-sensibles","7":"product_cat-aab-soin-du-visage","9":"first","10":"instock","11":"shipping-taxable","12":"product-type-simple"},"jetpack-related-posts":[{"id":24295,"url":"https:\/\/sakaba.mghosteur.com\/en\/product\/neutrogena-ultra-gentle-hydrating-daily-facial-cleanser-for-sensitive-skin\/","url_meta":{"origin":30396,"position":0},"title":"Neutrogena Ultra Gentle Hydrating Daily Facial Cleanser for Sensitive Skin 171ML","author":"admin","date":"November 9, 2022","format":false,"excerpt":"D\u00e9couvrez le Nettoyant quotidien ultra doux Neutrogena, con\u00e7u pour r\u00e9pondre aux besoins des peaux sensibles. Sa formule brevet\u00e9e efficace mais douce nettoie en profondeur sans perturber la barri\u00e8re d'hydratation naturelle de la peau, laisse votre peau fra\u00eeche et propre sans r\u00e9sidu. Ce nettoyant moussant est hypoallerg\u00e9nique, non com\u00e9dog\u00e8ne, sans huile\u2026","rel":"","context":"Similar post","block_context":{"text":"Similar post","link":""},"img":{"alt_text":"","src":"","width":0,"height":0},"classes":[]},{"id":24009,"url":"https:\/\/sakaba.mghosteur.com\/en\/product\/neutrogena-hydro-boost-hydrating-cleansing-gel\/","url_meta":{"origin":30396,"position":1},"title":"NEUTROGENA HYDRO BOOST HYDRATING CLEANSING GEL","author":"admin","date":"November 9, 2022","format":false,"excerpt":"D\u00e9couvrez le Gel Nettoyant et D\u00e9maquillant sans Huile de Neutrogena, le compagnon parfait pour une peau d'apparence saine et hydrat\u00e9e. Ce nettoyant pour le visage l\u00e9ger est formul\u00e9 avec de l'acide hyaluronique, offrant une hydratation en profondeur pour une peau douce et \u00e9clatante. Il \u00e9limine efficacement les impuret\u00e9s, l'exc\u00e8s de\u2026","rel":"","context":"Similar post","block_context":{"text":"Similar post","link":""},"img":{"alt_text":"","src":"","width":0,"height":0},"classes":[]},{"id":30379,"url":"https:\/\/sakaba.mghosteur.com\/en\/product\/neutrogena-skin-balancing-2-polyhydroxy-acid\/","url_meta":{"origin":30396,"position":2},"title":"NEUTROGENA SKIN BALANCING 2% POLYHYDROXY ACID","author":"admin","date":"May 9, 2023","format":false,"excerpt":"Optez pour le Gel nettoyant \u00e9quilibrant pour la peau pour peaux mixtes de Neutrogena, une formule douce et efficace qui nettoie, exfolie et revitalise votre peau en une seule \u00e9tape. Avec sa formule hypoallerg\u00e9nique d\u00e9velopp\u00e9e avec des dermatologues, ce gel nettoyant respecte le pH naturel de votre peau, la laissant\u2026","rel":"","context":"Similar post","block_context":{"text":"Similar post","link":""},"img":{"alt_text":"","src":"","width":0,"height":0},"classes":[]},{"id":24299,"url":"https:\/\/sakaba.mghosteur.com\/en\/product\/neutrogena-soothing-clear-mousse-cleanser-turmeric\/","url_meta":{"origin":30396,"position":3},"title":"Neutrogena Soothing Clear Mousse Cleanser-Turmeric","author":"admin","date":"November 9, 2022","format":false,"excerpt":"D\u00e9couvrez la mousse nettoyante apaisante au curcuma Neutrogena, sp\u00e9cialement formul\u00e9e pour nettoyer en douceur et apaiser les peaux stress\u00e9es sujettes aux taches. Enrichi en curcuma doux pour la peau, ce nettoyant mousse riche et coussin\u00e9 \u00e9limine efficacement la salet\u00e9, le s\u00e9bum et le maquillage qui obstruent les pores sans d\u00e9caper\u2026","rel":"","context":"Similar post","block_context":{"text":"Similar post","link":""},"img":{"alt_text":"","src":"","width":0,"height":0},"classes":[]},{"id":24019,"url":"https:\/\/sakaba.mghosteur.com\/en\/product\/neutrogena-deep-clean-purifying-cream-to-foam\/","url_meta":{"origin":30396,"position":4},"title":"NEUTROGENA DEEP CLEAN PURIFYING CREAM TO FOAM","author":"admin","date":"November 9, 2022","format":false,"excerpt":"D\u00e9couvrez le Deep Clean Purifying Cream to Foam Detox Cleanser de Neutrogena, une cr\u00e8me nettoyante qui purifie votre peau en une seule \u00e9tape facile. Ce nettoyant pour le visage \u00e0 base de cr\u00e8me nettoie efficacement en profondeur les pores pour \u00e9liminer la salet\u00e9, l'huile et autres impuret\u00e9s qui polluent votre\u2026","rel":"","context":"Similar post","block_context":{"text":"Similar post","link":""},"img":{"alt_text":"","src":"","width":0,"height":0},"classes":[]},{"id":24354,"url":"https:\/\/sakaba.mghosteur.com\/en\/product\/neutrogena-acne-pro-skin-facial-bar\/","url_meta":{"origin":30396,"position":5},"title":"NEUTROGENA ACNE PRO SKIN FACIAL BAR","author":"admin","date":"November 10, 2022","format":false,"excerpt":"Le Pain de savon \u00e0 la glyc\u00e9rine pour peaux \u00e0 tendance acn\u00e9ique de Neutrogena est un choix id\u00e9al pour ceux qui cherchent un nettoyant doux et efficace pour leur peau sujette aux imperfections. Ce pain de savon sans colorant est sp\u00e9cialement con\u00e7u pour \u00e9liminer les impuret\u00e9s et l'exc\u00e8s de s\u00e9bum\u2026","rel":"","context":"Similar post","block_context":{"text":"Similar post","link":""},"img":{"alt_text":"","src":"","width":0,"height":0},"classes":[]}],"_links":{"self":[{"href":"https:\/\/sakaba.mghosteur.com\/en\/wp-json\/wp\/v2\/product\/30396","targetHints":{"allow":["GET"]}}],"collection":[{"href":"https:\/\/sakaba.mghosteur.com\/en\/wp-json\/wp\/v2\/product"}],"about":[{"href":"https:\/\/sakaba.mghosteur.com\/en\/wp-json\/wp\/v2\/types\/product"}],"replies":[{"embeddable":true,"href":"https:\/\/sakaba.mghosteur.com\/en\/wp-json\/wp\/v2\/comments?post=30396"}],"version-history":[{"count":0,"href":"https:\/\/sakaba.mghosteur.com\/en\/wp-json\/wp\/v2\/product\/30396\/revisions"}],"wp:attachment":[{"href":"https:\/\/sakaba.mghosteur.com\/en\/wp-json\/wp\/v2\/media?parent=30396"}],"wp:term":[{"taxonomy":"product_brand","embeddable":true,"href":"https:\/\/sakaba.mghosteur.com\/en\/wp-json\/wp\/v2\/product_brand?post=30396"},{"taxonomy":"product_cat","embeddable":true,"href":"https:\/\/sakaba.mghosteur.com\/en\/wp-json\/wp\/v2\/product_cat?post=30396"},{"taxonomy":"product_tag","embeddable":true,"href":"https:\/\/sakaba.mghosteur.com\/en\/wp-json\/wp\/v2\/product_tag?post=30396"}],"curies":[{"name":"wp","href":"https:\/\/api.w.org\/{rel}","templated":true}]}}