{"id":30401,"date":"2023-05-10T13:46:20","date_gmt":"2023-05-10T13:46:20","guid":{"rendered":"http:\/\/www.sakababeauty.com\/?post_type=product&#038;p=30401"},"modified":"2024-08-25T03:36:29","modified_gmt":"2024-08-25T03:36:29","slug":"neutrogena-ultra-sheer-beach-defense-50","status":"publish","type":"product","link":"https:\/\/sakaba.mghosteur.com\/en\/product\/neutrogena-ultra-sheer-beach-defense-50\/","title":{"rendered":"Neutrogena Ultra Sheer Beach Defense 50"},"content":{"rendered":"<p>D\u00e9couvrez la lotion solaire Beach Defense \u00ae Water + Sun Protection SPF 50 de la marque Neutrogena, un \u00e9cran solaire \u00e0 large spectre qui prot\u00e8ge votre peau du soleil et de l&#8217;eau sans utiliser d&#8217;oxybenzone. Gr\u00e2ce \u00e0 la technologie Helioplex, cette lotion r\u00e9siste \u00e0 l&#8217;eau jusqu&#8217;\u00e0 80 minutes et offre une protection UVA\/UVB sans huile et l\u00e9g\u00e8re sur le corps.<\/p>\n<p>Pour utiliser cette lotion solaire, il suffit de l&#8217;appliquer g\u00e9n\u00e9reusement 15 minutes avant l&#8217;exposition au soleil, puis de la r\u00e9appliquer toutes les 2 heures, apr\u00e8s 80 minutes de natation ou de transpiration, et imm\u00e9diatement apr\u00e8s le s\u00e9chage \u00e0 la serviette. Pour prot\u00e9ger votre peau du cancer de la peau et du vieillissement cutan\u00e9 pr\u00e9matur\u00e9, il est important de limiter le temps pass\u00e9 au soleil, surtout de 10 h \u00e0 14 h, de porter des v\u00eatements de protection tels que des chemises \u00e0 manches longues, des pantalons, des chapeaux et des lunettes de soleil, et d&#8217;utiliser r\u00e9guli\u00e8rement un \u00e9cran solaire avec un FPS \u00e0 large spectre de 15 ou plus.<\/p>\n<p>Notez que cette lotion solaire n&#8217;est pas recommand\u00e9e pour les enfants de moins de 6 mois et qu&#8217;il est important de consulter un m\u00e9decin pour des conseils de protection solaire appropri\u00e9s. Commandez d\u00e8s maintenant la lotion solaire Beach Defense \u00ae Water + Sun Protection SPF 50 pour profiter d&#8217;une protection solaire efficace et confortable \u00e0 la plage ou \u00e0 la piscine.<\/p>","protected":false},"excerpt":{"rendered":"<p>D\u00e9couvrez la lotion solaire Beach Defense \u00ae Water + Sun Protection SPF 50 de la marque Neutrogena, un \u00e9cran solaire \u00e0 large spectre qui prot\u00e8ge votre peau du soleil et de l&#8217;eau sans utiliser d&#8217;oxybenzone. Gr\u00e2ce \u00e0 la technologie Helioplex, cette lotion r\u00e9siste \u00e0 l&#8217;eau jusqu&#8217;\u00e0 80 minutes et offre une protection UVA\/UVB sans huile<span class=\"read-more-faq\"><a href=\"https:\/\/sakaba.mghosteur.com\/en\/product\/neutrogena-ultra-sheer-beach-defense-50\/\">Read More<\/a><\/span><\/p>","protected":false},"featured_media":0,"comment_status":"closed","ping_status":"closed","template":"","meta":[],"product_brand":[],"product_cat":[1055,451],"product_tag":[],"class_list":{"0":"post-30401","1":"product","2":"type-product","3":"status-publish","5":"product_cat-protection-solaire-visage","6":"product_cat-aab-soin-du-visage","8":"first","9":"instock","10":"shipping-taxable","11":"product-type-simple"},"jetpack-related-posts":[{"id":25576,"url":"https:\/\/sakaba.mghosteur.com\/en\/product\/neutrogena-beach-defense-water-sun-protection\/","url_meta":{"origin":30401,"position":0},"title":"NEUTROGENA BEACH DEFENSE WATER +sun protection","author":"admin","date":"November 14, 2022","format":false,"excerpt":"La lotion Beach Defense de Neutrogena est un \u00e9cran solaire SPF 70 \u00e0 large spectre, parfait pour prot\u00e9ger votre peau pendant les journ\u00e9es ensoleill\u00e9es \u00e0 la plage. Cette lotion l\u00e9g\u00e8re et r\u00e9sistante \u00e0 l'eau pendant 80 minutes est formul\u00e9e sans huile ni PABA, ce qui la rend facile \u00e0 appliquer\u2026","rel":"","context":"Similar post","block_context":{"text":"Similar post","link":""},"img":{"alt_text":"","src":"","width":0,"height":0},"classes":[]},{"id":25571,"url":"https:\/\/sakaba.mghosteur.com\/en\/product\/neutrogena-beach-defense-70\/","url_meta":{"origin":30401,"position":1},"title":"Neutrogena Beach Defense 70","author":"admin","date":"November 14, 2022","format":false,"excerpt":"Le spray solaire Beach Defense\u00ae Water + Sun Protection SPF 70 de Neutrogena est le choix parfait pour profiter d'une journ\u00e9e \u00e0 la plage tout en restant prot\u00e9g\u00e9 contre les dommages caus\u00e9s par le soleil. Cette brume l\u00e9g\u00e8re \u00e0 absorption rapide offre une protection solaire UVA\/UVB \u00e0 large spectre pour\u2026","rel":"","context":"Similar post","block_context":{"text":"Similar post","link":""},"img":{"alt_text":"","src":"","width":0,"height":0},"classes":[]},{"id":30285,"url":"https:\/\/sakaba.mghosteur.com\/en\/product\/neutrogena-hydro-boost-50-sunscreen\/","url_meta":{"origin":30401,"position":2},"title":"NEUTROGENA HYDRO BOOST 50 SUNSCREEN","author":"admin","date":"May 5, 2023","format":false,"excerpt":"La lotion Neutrogena Hydro Boost Water Gel avec FPS 50 est un \u00e9cran solaire \u00e0 large spectre qui offre une protection puissante contre les rayons UVA et UVB. Cette lotion solaire l\u00e9g\u00e8re donne une sensation rafra\u00eechissante et hydrate la peau pendant 8 heures sans laisser de r\u00e9sidu gras ni de\u2026","rel":"","context":"Similar post","block_context":{"text":"Similar post","link":""},"img":{"alt_text":"","src":"","width":0,"height":0},"classes":[]},{"id":25356,"url":"https:\/\/sakaba.mghosteur.com\/en\/product\/neutrogena-clear-body-lotion-spf-30\/","url_meta":{"origin":30401,"position":3},"title":"Neutrogena Clear Body Lotion &#8211; SPF 30","author":"admin","date":"November 14, 2022","format":false,"excerpt":"D\u00e9couvrez l'\u00e9cran solaire \u00e0 large spectre FPS 30 Clear Body Break-Out Free Liquid Lotion de la marque Neutrogena, con\u00e7u pour les peaux \u00e0 tendance acn\u00e9ique. Profitez du soleil sans craindre les \u00e9ruptions cutan\u00e9es gr\u00e2ce \u00e0 sa formule l\u00e9g\u00e8re, sans huile, sans oxybenzone et sans parfum. Sa formule non com\u00e9dog\u00e8ne permet\u2026","rel":"","context":"Similar post","block_context":{"text":"Similar post","link":""},"img":{"alt_text":"","src":"","width":0,"height":0},"classes":[]},{"id":25583,"url":"https:\/\/sakaba.mghosteur.com\/en\/product\/neutrogena-hydro-boost-water-gel-30-lotion-sunscreen\/","url_meta":{"origin":30401,"position":4},"title":"NEUTROGENA HYDRO BOOST WATER GEL 30 LOTION SUNSCREEN","author":"admin","date":"November 14, 2022","format":false,"excerpt":"La lotion Neutrogena Hydro Boost Water Gel avec FPS 30 est un \u00e9cran solaire haute performance qui offre une protection UVA\/UVB \u00e0 large spectre tout en hydratant votre peau en profondeur. Sa formule r\u00e9volutionnaire d\u00e9salt\u00e8re votre peau et la garde en bonne sant\u00e9 tout en vous prot\u00e9geant du soleil. Cette\u2026","rel":"","context":"Similar post","block_context":{"text":"Similar post","link":""},"img":{"alt_text":"","src":"","width":0,"height":0},"classes":[]},{"id":25578,"url":"https:\/\/sakaba.mghosteur.com\/en\/product\/neutrogena-ultra-sheer-body-mist-sunscreen-spf-70\/","url_meta":{"origin":30401,"position":5},"title":"Neutrogena Ultra Sheer Body Mist Sunscreen SPF 70","author":"admin","date":"November 14, 2022","format":false,"excerpt":"Le Spray Solaire L\u00e9ger Neutrogena Ultra Sheer, SPF 70 est un \u00e9cran solaire haute protection con\u00e7u pour vous prot\u00e9ger efficacement des rayons UVA\/UVB. Sa formule non grasse, l\u00e9g\u00e8re et facile \u00e0 appliquer laisse un fini transparent et ultral\u00e9ger. Gr\u00e2ce \u00e0 la technologie HELIOPLEX\u00ae, ce spray solaire offre une protection solaire\u2026","rel":"","context":"Similar post","block_context":{"text":"Similar post","link":""},"img":{"alt_text":"","src":"","width":0,"height":0},"classes":[]}],"_links":{"self":[{"href":"https:\/\/sakaba.mghosteur.com\/en\/wp-json\/wp\/v2\/product\/30401","targetHints":{"allow":["GET"]}}],"collection":[{"href":"https:\/\/sakaba.mghosteur.com\/en\/wp-json\/wp\/v2\/product"}],"about":[{"href":"https:\/\/sakaba.mghosteur.com\/en\/wp-json\/wp\/v2\/types\/product"}],"replies":[{"embeddable":true,"href":"https:\/\/sakaba.mghosteur.com\/en\/wp-json\/wp\/v2\/comments?post=30401"}],"version-history":[{"count":0,"href":"https:\/\/sakaba.mghosteur.com\/en\/wp-json\/wp\/v2\/product\/30401\/revisions"}],"wp:attachment":[{"href":"https:\/\/sakaba.mghosteur.com\/en\/wp-json\/wp\/v2\/media?parent=30401"}],"wp:term":[{"taxonomy":"product_brand","embeddable":true,"href":"https:\/\/sakaba.mghosteur.com\/en\/wp-json\/wp\/v2\/product_brand?post=30401"},{"taxonomy":"product_cat","embeddable":true,"href":"https:\/\/sakaba.mghosteur.com\/en\/wp-json\/wp\/v2\/product_cat?post=30401"},{"taxonomy":"product_tag","embeddable":true,"href":"https:\/\/sakaba.mghosteur.com\/en\/wp-json\/wp\/v2\/product_tag?post=30401"}],"curies":[{"name":"wp","href":"https:\/\/api.w.org\/{rel}","templated":true}]}}