{"id":30411,"date":"2023-05-10T16:23:26","date_gmt":"2023-05-10T16:23:26","guid":{"rendered":"http:\/\/www.sakababeauty.com\/?post_type=product&#038;p=30411"},"modified":"2024-09-02T04:18:41","modified_gmt":"2024-09-02T04:18:41","slug":"neutrogenastubborn-marks-pm-treatment","status":"publish","type":"product","link":"https:\/\/sakaba.mghosteur.com\/en\/product\/neutrogenastubborn-marks-pm-treatment\/","title":{"rendered":"NEUTROGENA STUBBORN MARKS PM TREATMENT"},"content":{"rendered":"<p><span style=\"vertical-align: inherit\"><span style=\"vertical-align: inherit\">D\u00e9couvrez le traitement des marques tenaces PM de Neutrogena, un produit dermatologique qui peut r\u00e9duire visiblement les marques d&#8217;acn\u00e9 pendant votre sommeil. <\/span><\/span><span style=\"vertical-align: inherit\"><\/span><\/p>\n<p><span style=\"vertical-align: inherit\"><span style=\"vertical-align: inherit\">Ce traitement est inspir\u00e9 d&#8217;un r\u00e9gime recommand\u00e9 par les dermatologues pour une peau nette. <\/span><\/span><span style=\"vertical-align: inherit\"><\/span><span style=\"vertical-align: inherit\"><\/span><\/p>\n<p><span style=\"vertical-align: inherit\"><span style=\"vertical-align: inherit\">Pour de meilleurs r\u00e9sultats, nous vous recommandons d&#8217;utiliser \u00e9galement le traitement Neutrogena Stubborn Acne AM. <\/span><\/span><span style=\"vertical-align: inherit\"><\/span><span style=\"vertical-align: inherit\"><\/span><\/p>\n<p><span style=\"vertical-align: inherit\"><span style=\"vertical-align: inherit\">Optez pour le traitement des marques tenaces PM de Neutrogena et dites adieu aux marques d&#8217;acn\u00e9 tenaces pour une peau plus nette et plus lumineuse.<\/span><\/span><\/p>","protected":false},"excerpt":{"rendered":"<p>D\u00e9couvrez le traitement des marques tenaces PM de Neutrogena, un produit dermatologique qui peut r\u00e9duire visiblement les marques d&#8217;acn\u00e9 pendant votre sommeil. Ce traitement est inspir\u00e9 d&#8217;un r\u00e9gime recommand\u00e9 par les dermatologues pour une peau nette. Pour de meilleurs r\u00e9sultats, nous vous recommandons d&#8217;utiliser \u00e9galement le traitement Neutrogena Stubborn Acne AM. Optez pour le traitement<span class=\"read-more-faq\"><a href=\"https:\/\/sakaba.mghosteur.com\/en\/product\/neutrogenastubborn-marks-pm-treatment\/\">Read More<\/a><\/span><\/p>","protected":false},"featured_media":0,"comment_status":"closed","ping_status":"closed","template":"","meta":[],"product_brand":[],"product_cat":[294,293,324,451],"product_tag":[],"class_list":{"0":"post-30411","1":"product","2":"type-product","3":"status-publish","5":"product_cat-acne","6":"product_cat-anti-taches","7":"product_cat-demaquillant-nettoyant","8":"product_cat-aab-soin-du-visage","10":"first","11":"instock","12":"shipping-taxable","13":"product-type-simple"},"jetpack-related-posts":[{"id":24023,"url":"https:\/\/sakaba.mghosteur.com\/en\/product\/neutrogena-stubborn-acne-am\/","url_meta":{"origin":30411,"position":0},"title":"NEUTROGENA STUBBORN ACNE AM","author":"admin","date":"November 9, 2022","format":false,"excerpt":"Produit : Traitement de l'acn\u00e9 tenace le matin de la marque NEUTROGENA Description : Ce traitement anti-acn\u00e9 est con\u00e7u pour r\u00e9duire les boutons et les rougeurs en quelques heures seulement. Il est aliment\u00e9 par du peroxyde de benzoyle micronis\u00e9 \u00e0 2,5 %, recommand\u00e9 par les dermatologues pour p\u00e9n\u00e9trer efficacement dans\u2026","rel":"","context":"Similar post","block_context":{"text":"Similar post","link":""},"img":{"alt_text":"","src":"","width":0,"height":0},"classes":[]},{"id":30389,"url":"https:\/\/sakaba.mghosteur.com\/en\/product\/neutrogena-stubborn-texture\/","url_meta":{"origin":30411,"position":1},"title":"NEUTROGENA STUBBORN TEXTURE","author":"admin","date":"May 10, 2023","format":false,"excerpt":"D\u00e9couvrez le Nettoyant anti-acn\u00e9 Stubborn Texture de la marque Neutrogena pour lutter contre l'acn\u00e9 tenace et am\u00e9liorer la texture de votre peau. Ce nettoyant quotidien sans huile contient un complexe acide de qualit\u00e9 dermatologique, compos\u00e9 de 1 % d'acide salicylique (BHA), 2 % d'acide glycolique (AHA) et 2 % d'acide\u2026","rel":"","context":"Similar post","block_context":{"text":"Similar post","link":""},"img":{"alt_text":"","src":"","width":0,"height":0},"classes":[]},{"id":24350,"url":"https:\/\/sakaba.mghosteur.com\/en\/product\/neutrogena-stubborn-marks-pm-treatment\/","url_meta":{"origin":30411,"position":2},"title":"NEUTROGENA STUBBORN MARKS PM TREATMENT","author":"admin","date":"November 10, 2022","format":false,"excerpt":"","rel":"","context":"Similar post","block_context":{"text":"Similar post","link":""},"img":{"alt_text":"","src":"","width":0,"height":0},"classes":[]},{"id":24352,"url":"https:\/\/sakaba.mghosteur.com\/en\/product\/neutrogena-rapid-clear-acne-eliminating-spot-gel\/","url_meta":{"origin":30411,"position":3},"title":"NEUTROGENA RAPID CLEAR ACNE ELIMINATING SPOT GEL","author":"admin","date":"November 10, 2022","format":false,"excerpt":"D\u00e9couvrez le traitement rapide et transparent de l'acn\u00e9 \u00e0 l'acide salicylique avec hamam\u00e9lis de la marque Neutrogena. Ce gel contre l'acn\u00e9 est l'ajout parfait \u00e0 votre routine de soins de la peau pour pr\u00e9venir et traiter les boutons. Con\u00e7u pour les peaux sujettes \u00e0 l'acn\u00e9, il \u00e9limine rapidement les \u00e9ruptions\u2026","rel":"","context":"Similar post","block_context":{"text":"Similar post","link":""},"img":{"alt_text":"","src":"","width":0,"height":0},"classes":[]},{"id":30347,"url":"https:\/\/sakaba.mghosteur.com\/en\/product\/neutrogena-oil-free-acne-wash-scrub\/","url_meta":{"origin":30411,"position":4},"title":"NEUTROGENA OIL FREE ACNE WASH SCRUB","author":"admin","date":"May 8, 2023","format":false,"excerpt":"Le Nettoyant Moussant pour le Visage Anti-acn\u00e9 Neutrogena au Pamplemousse Rose est un gommage facial moussant con\u00e7u pour aider \u00e0 traiter les \u00e9ruptions cutan\u00e9es tout en exfoliant en douceur votre peau. Il est formul\u00e9 avec une technologie MicroClear et un m\u00e9dicament contre l'acn\u00e9 \u00e0 l'acide salicylique de force maximale pour\u2026","rel":"","context":"Similar post","block_context":{"text":"Similar post","link":""},"img":{"alt_text":"","src":"","width":0,"height":0},"classes":[]},{"id":24279,"url":"https:\/\/sakaba.mghosteur.com\/en\/product\/neutrogena-body-clear-body-scrub\/","url_meta":{"origin":30411,"position":5},"title":"NEUTROGENA BODY CLEAR BODY SCRUB","author":"admin","date":"November 9, 2022","format":false,"excerpt":"D\u00e9couvrez le gommage corporel Neutrogena \u00ae Body Clear\u00ae pour traiter l'acn\u00e9 sur le dos, la poitrine et les \u00e9paules. Ce gommage efficace contient 2 % d'acide salicylique et des exfoliants doux qui \u00e9liminent les peaux mortes et nettoient en profondeur les pores pour vous donner une peau claire et lisse.\u2026","rel":"","context":"Similar post","block_context":{"text":"Similar post","link":""},"img":{"alt_text":"","src":"","width":0,"height":0},"classes":[]}],"_links":{"self":[{"href":"https:\/\/sakaba.mghosteur.com\/en\/wp-json\/wp\/v2\/product\/30411","targetHints":{"allow":["GET"]}}],"collection":[{"href":"https:\/\/sakaba.mghosteur.com\/en\/wp-json\/wp\/v2\/product"}],"about":[{"href":"https:\/\/sakaba.mghosteur.com\/en\/wp-json\/wp\/v2\/types\/product"}],"replies":[{"embeddable":true,"href":"https:\/\/sakaba.mghosteur.com\/en\/wp-json\/wp\/v2\/comments?post=30411"}],"version-history":[{"count":0,"href":"https:\/\/sakaba.mghosteur.com\/en\/wp-json\/wp\/v2\/product\/30411\/revisions"}],"wp:attachment":[{"href":"https:\/\/sakaba.mghosteur.com\/en\/wp-json\/wp\/v2\/media?parent=30411"}],"wp:term":[{"taxonomy":"product_brand","embeddable":true,"href":"https:\/\/sakaba.mghosteur.com\/en\/wp-json\/wp\/v2\/product_brand?post=30411"},{"taxonomy":"product_cat","embeddable":true,"href":"https:\/\/sakaba.mghosteur.com\/en\/wp-json\/wp\/v2\/product_cat?post=30411"},{"taxonomy":"product_tag","embeddable":true,"href":"https:\/\/sakaba.mghosteur.com\/en\/wp-json\/wp\/v2\/product_tag?post=30411"}],"curies":[{"name":"wp","href":"https:\/\/api.w.org\/{rel}","templated":true}]}}