{"id":30416,"date":"2023-05-10T16:55:40","date_gmt":"2023-05-10T16:55:40","guid":{"rendered":"http:\/\/www.sakababeauty.com\/?post_type=product&#038;p=30416"},"modified":"2024-09-02T04:22:08","modified_gmt":"2024-09-02T04:22:08","slug":"rapid-clear-2-in-1-fight-and-fade-toner","status":"publish","type":"product","link":"https:\/\/sakaba.mghosteur.com\/en\/product\/rapid-clear-2-in-1-fight-and-fade-toner\/","title":{"rendered":"RAPID CLEAR 2 IN 1 FIGHT AND FADE TONER"},"content":{"rendered":"<p>Le Rapid Clear 2-en-1 Fight &amp; Fade Toner de la marque Neutrogena est un toner innovant con\u00e7u pour lutter efficacement contre l&#8217;acn\u00e9 et les marques post-acn\u00e9iques. Gr\u00e2ce \u00e0 sa formule unique \u00e0 base d&#8217;acide salicylique et glycolique, ce toner agit rapidement pour r\u00e9duire les \u00e9ruptions cutan\u00e9es en quelques heures seulement.<\/p>\n<p>L&#8217;acide glycolique pr\u00e9sent dans la formule permet d&#8217;acc\u00e9l\u00e9rer l&#8217;exfoliation des cellules superficielles de la peau pour estomper l&#8217;apparence des marques post-acn\u00e9iques. Cliniquement prouv\u00e9, ce toner r\u00e9duit la taille des boutons, l&#8217;enflure et les rougeurs en moins de 8 heures.<\/p>\n<p>Pour une utilisation optimale, il est recommand\u00e9 de nettoyer soigneusement la peau avant d&#8217;appliquer le toner. Il est conseill\u00e9 de couvrir toute la zone affect\u00e9e d&#8217;une fine couche une \u00e0 trois fois par jour. Il est important de noter que le dess\u00e8chement excessif de la peau peut survenir, il est donc conseill\u00e9 de commencer par une application par jour, puis d&#8217;augmenter progressivement jusqu&#8217;\u00e0 deux ou trois fois par jour si n\u00e9cessaire ou selon les directives d&#8217;un m\u00e9decin. En cas de s\u00e9cheresse ou de desquamation g\u00eanante, il est recommand\u00e9 de r\u00e9duire l&#8217;application \u00e0 une fois par jour ou tous les deux jours.<\/p>\n<p>Avec le Rapid Clear 2-en-1 Fight &amp; Fade Toner de Neutrogena, dites adieu aux boutons et aux marques post-acn\u00e9iques et retrouvez une peau claire, nette et uniforme en un rien de temps !<\/p>","protected":false},"excerpt":{"rendered":"<p>Le Rapid Clear 2-en-1 Fight &amp; Fade Toner de la marque Neutrogena est un toner innovant con\u00e7u pour lutter efficacement contre l&#8217;acn\u00e9 et les marques post-acn\u00e9iques. Gr\u00e2ce \u00e0 sa formule unique \u00e0 base d&#8217;acide salicylique et glycolique, ce toner agit rapidement pour r\u00e9duire les \u00e9ruptions cutan\u00e9es en quelques heures seulement. L&#8217;acide glycolique pr\u00e9sent dans la<span class=\"read-more-faq\"><a href=\"https:\/\/sakaba.mghosteur.com\/en\/product\/rapid-clear-2-in-1-fight-and-fade-toner\/\">Read More<\/a><\/span><\/p>","protected":false},"featured_media":0,"comment_status":"closed","ping_status":"closed","template":"","meta":[],"product_brand":[],"product_cat":[294,324,451],"product_tag":[],"class_list":{"0":"post-30416","1":"product","2":"type-product","3":"status-publish","5":"product_cat-acne","6":"product_cat-demaquillant-nettoyant","7":"product_cat-aab-soin-du-visage","9":"first","10":"instock","11":"shipping-taxable","12":"product-type-simple"},"jetpack-related-posts":[],"_links":{"self":[{"href":"https:\/\/sakaba.mghosteur.com\/en\/wp-json\/wp\/v2\/product\/30416","targetHints":{"allow":["GET"]}}],"collection":[{"href":"https:\/\/sakaba.mghosteur.com\/en\/wp-json\/wp\/v2\/product"}],"about":[{"href":"https:\/\/sakaba.mghosteur.com\/en\/wp-json\/wp\/v2\/types\/product"}],"replies":[{"embeddable":true,"href":"https:\/\/sakaba.mghosteur.com\/en\/wp-json\/wp\/v2\/comments?post=30416"}],"version-history":[{"count":0,"href":"https:\/\/sakaba.mghosteur.com\/en\/wp-json\/wp\/v2\/product\/30416\/revisions"}],"wp:attachment":[{"href":"https:\/\/sakaba.mghosteur.com\/en\/wp-json\/wp\/v2\/media?parent=30416"}],"wp:term":[{"taxonomy":"product_brand","embeddable":true,"href":"https:\/\/sakaba.mghosteur.com\/en\/wp-json\/wp\/v2\/product_brand?post=30416"},{"taxonomy":"product_cat","embeddable":true,"href":"https:\/\/sakaba.mghosteur.com\/en\/wp-json\/wp\/v2\/product_cat?post=30416"},{"taxonomy":"product_tag","embeddable":true,"href":"https:\/\/sakaba.mghosteur.com\/en\/wp-json\/wp\/v2\/product_tag?post=30416"}],"curies":[{"name":"wp","href":"https:\/\/api.w.org\/{rel}","templated":true}]}}