{"id":30429,"date":"2023-05-10T18:47:20","date_gmt":"2023-05-10T18:47:20","guid":{"rendered":"http:\/\/www.sakababeauty.com\/?post_type=product&#038;p=30429"},"modified":"2024-09-02T04:23:48","modified_gmt":"2024-09-02T04:23:48","slug":"refreshingly-clear-facial-wash","status":"publish","type":"product","link":"https:\/\/sakaba.mghosteur.com\/en\/product\/refreshingly-clear-facial-wash\/","title":{"rendered":"REFRESHINGLY CLEAR FACIAL WASH"},"content":{"rendered":"<p>D\u00e9couvrez le nettoyant pour le visage NEUTROGENA Rafra\u00eechissant et clair au pamplemousse rose et \u00e0 la vitamine C, un nettoyant quotidien vivifiant pour le visage d\u00e9velopp\u00e9 avec des dermatologues. Sp\u00e9cialement con\u00e7u pour les peaux sujettes aux imperfections, ce gel nettoyant nettoie en douceur pour aider \u00e0 pr\u00e9venir les imperfections, sans dess\u00e9cher la peau, pour un teint plus clair et plus \u00e9clatant.<\/p>\n<p>Le nettoyant pour le visage NEUTROGENA Rafra\u00eechissant et clair contient des ingr\u00e9dients nourrissants tels que le pamplemousse rose et la vitamine C, qui aident \u00e0 raviver la peau terne et fatigu\u00e9e. Utilisez-le matin et soir en massant doucement sur un visage humide, puis rincez abondamment.<\/p>\n<p>Ne vous inqui\u00e9tez pas pour les yeux sensibles, car ce nettoyant est doux et ne contient pas d&#8217;ingr\u00e9dients agressifs. \u00c9vitez simplement tout contact avec les yeux et rincez abondamment en cas de contact. Obtenez une peau plus claire et plus radieuse avec le nettoyant pour le visage NEUTROGENA Rafra\u00eechissant et clair au pamplemousse rose et \u00e0 la vitamine C !<\/p>","protected":false},"excerpt":{"rendered":"<p>D\u00e9couvrez le nettoyant pour le visage NEUTROGENA Rafra\u00eechissant et clair au pamplemousse rose et \u00e0 la vitamine C, un nettoyant quotidien vivifiant pour le visage d\u00e9velopp\u00e9 avec des dermatologues. Sp\u00e9cialement con\u00e7u pour les peaux sujettes aux imperfections, ce gel nettoyant nettoie en douceur pour aider \u00e0 pr\u00e9venir les imperfections, sans dess\u00e9cher la peau, pour un<span class=\"read-more-faq\"><a href=\"https:\/\/sakaba.mghosteur.com\/en\/product\/refreshingly-clear-facial-wash\/\">Read More<\/a><\/span><\/p>","protected":false},"featured_media":0,"comment_status":"closed","ping_status":"closed","template":"","meta":[],"product_brand":[],"product_cat":[324,451],"product_tag":[],"class_list":{"0":"post-30429","1":"product","2":"type-product","3":"status-publish","5":"product_cat-demaquillant-nettoyant","6":"product_cat-aab-soin-du-visage","8":"first","9":"instock","10":"shipping-taxable","11":"product-type-simple"},"jetpack-related-posts":[],"_links":{"self":[{"href":"https:\/\/sakaba.mghosteur.com\/en\/wp-json\/wp\/v2\/product\/30429","targetHints":{"allow":["GET"]}}],"collection":[{"href":"https:\/\/sakaba.mghosteur.com\/en\/wp-json\/wp\/v2\/product"}],"about":[{"href":"https:\/\/sakaba.mghosteur.com\/en\/wp-json\/wp\/v2\/types\/product"}],"replies":[{"embeddable":true,"href":"https:\/\/sakaba.mghosteur.com\/en\/wp-json\/wp\/v2\/comments?post=30429"}],"version-history":[{"count":0,"href":"https:\/\/sakaba.mghosteur.com\/en\/wp-json\/wp\/v2\/product\/30429\/revisions"}],"wp:attachment":[{"href":"https:\/\/sakaba.mghosteur.com\/en\/wp-json\/wp\/v2\/media?parent=30429"}],"wp:term":[{"taxonomy":"product_brand","embeddable":true,"href":"https:\/\/sakaba.mghosteur.com\/en\/wp-json\/wp\/v2\/product_brand?post=30429"},{"taxonomy":"product_cat","embeddable":true,"href":"https:\/\/sakaba.mghosteur.com\/en\/wp-json\/wp\/v2\/product_cat?post=30429"},{"taxonomy":"product_tag","embeddable":true,"href":"https:\/\/sakaba.mghosteur.com\/en\/wp-json\/wp\/v2\/product_tag?post=30429"}],"curies":[{"name":"wp","href":"https:\/\/api.w.org\/{rel}","templated":true}]}}