{"id":30434,"date":"2023-05-11T10:38:43","date_gmt":"2023-05-11T10:38:43","guid":{"rendered":"http:\/\/www.sakababeauty.com\/?post_type=product&#038;p=30434"},"modified":"2023-05-11T10:45:46","modified_gmt":"2023-05-11T10:45:46","slug":"gold-bond-diabetic-s-dry-skin-relief","status":"publish","type":"product","link":"https:\/\/sakaba.mghosteur.com\/en\/product\/gold-bond-diabetic-s-dry-skin-relief\/","title":{"rendered":"GOLD BOND DIABETIC S DRY SKIN RELIEF"},"content":{"rendered":"<p><span style=\"vertical-align: inherit;\"><span style=\"vertical-align: inherit;\">Nom du Produit : Lait Corporel pour Peau S\u00e8che des Diab\u00e9tiques de Gold Bond<\/span><\/span><\/p>\n<p><span style=\"vertical-align: inherit;\"><span style=\"vertical-align: inherit;\">Le Lait Corporel pour Peau S\u00e8che des Diab\u00e9tiques de Gold Bond est la marque de lotion num\u00e9ro 1 sp\u00e9cialement con\u00e7ue pour hydrater la peau s\u00e8che des diab\u00e9tiques. <\/span><span style=\"vertical-align: inherit;\">Cette lotion procure un soulagement imm\u00e9diat et une hydratation durable tout au long de la journ\u00e9e pour les zones de la peau s\u00e8ches, rugueuses et squameuses.<\/span><\/span><\/p>\n<p><span style=\"vertical-align: inherit;\"><span style=\"vertical-align: inherit;\">Sa formule unique contient 7 hydratants intensifs et 3 vitamines nourrissantes, notamment la vitamine C pour prot\u00e9ger contre les facteurs de stress environnementaux, la vitamine A pour am\u00e9liorer l&#8217;apparence de la peau et la vitamine E pour pr\u00e9venir la perte d&#8217;humidit\u00e9. <\/span><span style=\"vertical-align: inherit;\">En outre, l&#8217;alo\u00e8s apaise et hydrate la peau.<\/span><\/span><\/p>\n<p><span style=\"vertical-align: inherit;\"><span style=\"vertical-align: inherit;\">Cette lotion pour la peau s\u00e8che des diab\u00e9tiques est test\u00e9e dermatologiquement et convient \u00e0 une utilisation quotidienne. <\/span><span style=\"vertical-align: inherit;\">Elle est hypoallerg\u00e9nique, non irritante et sans colorant, sans parfum, sans lanoline ni huiles. <\/span><span style=\"vertical-align: inherit;\">Elle ne laisse pas de sensation grasse et est rapidement d\u00e9livr\u00e9e par la peau.<\/span><\/span><\/p>\n<p><span style=\"vertical-align: inherit;\"><span style=\"vertical-align: inherit;\">D&#8217;apr\u00e8s une enqu\u00eate, 9 diab\u00e9tiques sur 10 ont constat\u00e9 une am\u00e9lioration notable de leur peau en 1 heure. <\/span><span style=\"vertical-align: inherit;\">Le Lait Corporel pour Peau S\u00e8che des Diab\u00e9tiques de Gold Bond est la solution id\u00e9ale pour prendre soin de la peau s\u00e8che des diab\u00e9tiques de mani\u00e8re efficace et en toute s\u00e9curit\u00e9.<\/span><\/span><\/p>","protected":false},"excerpt":{"rendered":"<p>Nom du Produit : Lait Corporel pour Peau S\u00e8che des Diab\u00e9tiques de Gold Bond Le Lait Corporel pour Peau S\u00e8che des Diab\u00e9tiques de Gold Bond est la marque de lotion num\u00e9ro 1 sp\u00e9cialement con\u00e7ue pour hydrater la peau s\u00e8che des diab\u00e9tiques. Cette lotion procure un soulagement imm\u00e9diat et une hydratation durable tout au long de<span class=\"read-more-faq\"><a href=\"https:\/\/sakaba.mghosteur.com\/en\/product\/gold-bond-diabetic-s-dry-skin-relief\/\">Read More<\/a><\/span><\/p>","protected":false},"featured_media":0,"comment_status":"closed","ping_status":"closed","template":"","meta":[],"product_brand":[],"product_cat":[286],"product_tag":[],"class_list":{"0":"post-30434","1":"product","2":"type-product","3":"status-publish","5":"product_cat-corps","7":"first","8":"instock","9":"shipping-taxable","10":"product-type-simple"},"jetpack-related-posts":[{"id":28148,"url":"https:\/\/sakaba.mghosteur.com\/en\/product\/gold-bond-radiance-renewal-hand-and-body-lotions-14oz\/","url_meta":{"origin":30434,"position":0},"title":"Gold Bond Radiance Renewal Hand and Body Lotions &#8211; 14oz","author":"admin","date":"November 30, 2022","format":false,"excerpt":"D\u00e9couvrez la Cr\u00e8me\/Lotion R\u00e9novateur d'\u00e9clat Gold Bond pour une peau rayonnante et hydrat\u00e9e toute la journ\u00e9e. Cette formule \u00e0 triple action offre une exfoliation douce pour une peau lisse et \u00e9clatante, une hydratation imm\u00e9diate et une r\u00e9tention d'humidit\u00e9 pendant 24 heures. Gr\u00e2ce \u00e0 un m\u00e9lange unique de beurre de karit\u00e9\u2026","rel":"","context":"Similar post","block_context":{"text":"Similar post","link":""},"img":{"alt_text":"","src":"","width":0,"height":0},"classes":[]},{"id":25566,"url":"https:\/\/sakaba.mghosteur.com\/en\/product\/gold-bond-ultimate-healing-skin-therapy-lotion-14-oz-2\/","url_meta":{"origin":30434,"position":1},"title":"Gold Bond Ultimate Healing Skin Therapy Lotion, 14 oz","author":"admin","date":"November 14, 2022","format":false,"excerpt":"La cr\u00e8me\/lotion hydratante r\u00e9paratrice Gold Bond de la marque Gold Bond est le produit parfait pour hydrater, gu\u00e9rir et lisser la peau s\u00e8che. Cette cr\u00e8me\/lotion offre une hydratation imm\u00e9diate qui dure toute la journ\u00e9e et r\u00e9v\u00e8le une peau visiblement plus saine. Contenant 7 hydratants essentiels et 3 vitamines nourrissantes, cette\u2026","rel":"","context":"Similar post","block_context":{"text":"Similar post","link":""},"img":{"alt_text":"","src":"","width":0,"height":0},"classes":[]},{"id":25507,"url":"https:\/\/sakaba.mghosteur.com\/en\/product\/gold-bond-eczema-relief-2-colloidal-oatmeal\/","url_meta":{"origin":30434,"position":2},"title":"GOLD BOND ECZEMA RELIEF 2% COLLOIDAL OATMEAL","author":"admin","date":"November 14, 2022","format":false,"excerpt":"D\u00e9couvrez la lotion m\u00e9dicamenteuse Gold Bond Anti-Ecz\u00e9ma, le choix num\u00e9ro un pour soulager les sympt\u00f4mes de l'ecz\u00e9ma. Cette lotion contient 2% d'avoine collo\u00efdale pour aider \u00e0 soulager les irritations et les d\u00e9mangeaisons mineures de la peau. La formule est enrichie de 7 hydratants nourrissants et de 3 vitamines, dont la\u2026","rel":"","context":"Similar post","block_context":{"text":"Similar post","link":""},"img":{"alt_text":"","src":"","width":0,"height":0},"classes":[]},{"id":28141,"url":"https:\/\/sakaba.mghosteur.com\/en\/product\/gold-bond-ultimate-healing-skin-therapy-lotion-14-oz-3\/","url_meta":{"origin":30434,"position":3},"title":"Gold Bond Ultimate Eczema relief, 14 oz","author":"admin","date":"November 30, 2022","format":false,"excerpt":"La cr\u00e8me\/lotion m\u00e9dicamenteuse Gold Bond Anti-ecz\u00e9ma est la solution id\u00e9ale pour soulager les sympt\u00f4mes de l'ecz\u00e9ma. Elle contient 2% d'avoine collo\u00efdale qui prot\u00e8ge et soulage temporairement les irritations cutan\u00e9es mineures et les d\u00e9mangeaisons caus\u00e9es par l'ecz\u00e9ma. La formule est enrichie de 7 hydratants nourrissants et 3 vitamines, dont la vitamine\u2026","rel":"","context":"Similar post","block_context":{"text":"Similar post","link":""},"img":{"alt_text":"","src":"","width":0,"height":0},"classes":[]},{"id":30456,"url":"https:\/\/sakaba.mghosteur.com\/en\/product\/golg-bond-retinol-overnight-body-face\/","url_meta":{"origin":30434,"position":4},"title":"GOLG BOND RETINOL OVERNIGHT BODY &#038; FACE","author":"admin","date":"May 11, 2023","format":false,"excerpt":"D\u00e9couvrez la lotion de nuit pour le corps et le visage au r\u00e9tinol Gold Bond Age Renew, qui r\u00e9v\u00e8le une peau plus lisse et d'apparence plus jeune pendant la nuit. Cette lotion riche et nourrissante est dot\u00e9e d'un puissant complexe de r\u00e9tinol et de peptides qui exfolie pour soutenir le\u2026","rel":"","context":"Similar post","block_context":{"text":"Similar post","link":""},"img":{"alt_text":"","src":"","width":0,"height":0},"classes":[]},{"id":30026,"url":"https:\/\/sakaba.mghosteur.com\/en\/product\/jergens-deep-restoring-argan\/","url_meta":{"origin":30434,"position":5},"title":"JERGENS DEEP RESTORING ARGAN","author":"admin","date":"May 2, 2023","format":false,"excerpt":"D\u00e9couvrez l'hydratant Jergens Deep Restoring \u00e0 l'huile d'argan de la marque Satin Skin, une lotion apaisante pour le corps et les mains. Cette formule nourrissante et r\u00e9paratrice est infus\u00e9e avec des ingr\u00e9dients essentiels pour offrir une hydratation quotidienne \u00e0 votre peau. L'huile d'argan, souvent appel\u00e9e \"or liquide\", associ\u00e9e \u00e0 la\u2026","rel":"","context":"Similar post","block_context":{"text":"Similar post","link":""},"img":{"alt_text":"","src":"","width":0,"height":0},"classes":[]}],"_links":{"self":[{"href":"https:\/\/sakaba.mghosteur.com\/en\/wp-json\/wp\/v2\/product\/30434","targetHints":{"allow":["GET"]}}],"collection":[{"href":"https:\/\/sakaba.mghosteur.com\/en\/wp-json\/wp\/v2\/product"}],"about":[{"href":"https:\/\/sakaba.mghosteur.com\/en\/wp-json\/wp\/v2\/types\/product"}],"replies":[{"embeddable":true,"href":"https:\/\/sakaba.mghosteur.com\/en\/wp-json\/wp\/v2\/comments?post=30434"}],"version-history":[{"count":0,"href":"https:\/\/sakaba.mghosteur.com\/en\/wp-json\/wp\/v2\/product\/30434\/revisions"}],"wp:attachment":[{"href":"https:\/\/sakaba.mghosteur.com\/en\/wp-json\/wp\/v2\/media?parent=30434"}],"wp:term":[{"taxonomy":"product_brand","embeddable":true,"href":"https:\/\/sakaba.mghosteur.com\/en\/wp-json\/wp\/v2\/product_brand?post=30434"},{"taxonomy":"product_cat","embeddable":true,"href":"https:\/\/sakaba.mghosteur.com\/en\/wp-json\/wp\/v2\/product_cat?post=30434"},{"taxonomy":"product_tag","embeddable":true,"href":"https:\/\/sakaba.mghosteur.com\/en\/wp-json\/wp\/v2\/product_tag?post=30434"}],"curies":[{"name":"wp","href":"https:\/\/api.w.org\/{rel}","templated":true}]}}