{"id":30456,"date":"2023-05-11T11:48:26","date_gmt":"2023-05-11T11:48:26","guid":{"rendered":"http:\/\/www.sakababeauty.com\/?post_type=product&#038;p=30456"},"modified":"2023-05-11T11:50:06","modified_gmt":"2023-05-11T11:50:06","slug":"golg-bond-retinol-overnight-body-face","status":"publish","type":"product","link":"https:\/\/sakaba.mghosteur.com\/en\/product\/golg-bond-retinol-overnight-body-face\/","title":{"rendered":"GOLG BOND RETINOL OVERNIGHT BODY &#038; FACE"},"content":{"rendered":"<p>D\u00e9couvrez la lotion de nuit pour le corps et le visage au r\u00e9tinol Gold Bond Age Renew, qui r\u00e9v\u00e8le une peau plus lisse et d&#8217;apparence plus jeune pendant la nuit. Cette lotion riche et nourrissante est dot\u00e9e d&#8217;un puissant complexe de r\u00e9tinol et de peptides qui exfolie pour soutenir le processus de renouvellement de la peau. Elle contient \u00e9galement 7 hydratants intensifs et 3 vitamines pour une hydratation de 24 heures.<\/p>\n<p>La formule non irritante et douce au r\u00e9tinol stabilis\u00e9 maintient l&#8217;efficacit\u00e9 au fil du temps, tandis que les nutriments riches en humidit\u00e9 infusent votre peau pendant que vous dormez. Les r\u00e9sultats parlent d&#8217;eux-m\u00eames : lors des tests cliniques, 93 % des utilisateurs ont remarqu\u00e9 une peau visiblement plus lisse apr\u00e8s seulement trois jours.<\/p>\n<p>D\u00e9velopp\u00e9e et test\u00e9e par des dermatologues, cette lotion est douce pour une utilisation quotidienne sur le corps et le visage. Elle est \u00e9galement non grasse et sans parab\u00e8nes, phtalates et colorants. Essayez la lotion de nuit pour le corps et le visage au r\u00e9tinol Gold Bond Age Renew pour une peau plus lisse et plus jeune d\u00e8s demain matin.<\/p>","protected":false},"excerpt":{"rendered":"<p>D\u00e9couvrez la lotion de nuit pour le corps et le visage au r\u00e9tinol Gold Bond Age Renew, qui r\u00e9v\u00e8le une peau plus lisse et d&#8217;apparence plus jeune pendant la nuit. Cette lotion riche et nourrissante est dot\u00e9e d&#8217;un puissant complexe de r\u00e9tinol et de peptides qui exfolie pour soutenir le processus de renouvellement de la<span class=\"read-more-faq\"><a href=\"https:\/\/sakaba.mghosteur.com\/en\/product\/golg-bond-retinol-overnight-body-face\/\">Read More<\/a><\/span><\/p>","protected":false},"featured_media":0,"comment_status":"closed","ping_status":"closed","template":"","meta":[],"product_brand":[],"product_cat":[286],"product_tag":[],"class_list":{"0":"post-30456","1":"product","2":"type-product","3":"status-publish","5":"product_cat-corps","7":"first","8":"instock","9":"shipping-taxable","10":"product-type-simple"},"jetpack-related-posts":[{"id":25566,"url":"https:\/\/sakaba.mghosteur.com\/en\/product\/gold-bond-ultimate-healing-skin-therapy-lotion-14-oz-2\/","url_meta":{"origin":30456,"position":0},"title":"Gold Bond Ultimate Healing Skin Therapy Lotion, 14 oz","author":"admin","date":"November 14, 2022","format":false,"excerpt":"La cr\u00e8me\/lotion hydratante r\u00e9paratrice Gold Bond de la marque Gold Bond est le produit parfait pour hydrater, gu\u00e9rir et lisser la peau s\u00e8che. Cette cr\u00e8me\/lotion offre une hydratation imm\u00e9diate qui dure toute la journ\u00e9e et r\u00e9v\u00e8le une peau visiblement plus saine. Contenant 7 hydratants essentiels et 3 vitamines nourrissantes, cette\u2026","rel":"","context":"Similar post","block_context":{"text":"Similar post","link":""},"img":{"alt_text":"","src":"","width":0,"height":0},"classes":[]},{"id":26865,"url":"https:\/\/sakaba.mghosteur.com\/en\/product\/paula-choice-1retinol-booster\/","url_meta":{"origin":30456,"position":1},"title":"PAULA CHOICE 1%RETINOL BOOSTER","author":"admin","date":"November 28, 2022","format":false,"excerpt":"Le Booster de R\u00e9tinol 1% de Paula's Choice est un concentr\u00e9 l\u00e9ger qui aide \u00e0 am\u00e9liorer l'apparence de votre peau en uniformisant le teint, en r\u00e9duisant l'apparence des rides et en cr\u00e9ant un teint plus lisse et plus \u00e9clatant. La formule pure de r\u00e9tinol est lib\u00e9r\u00e9e lentement pour une efficacit\u00e9\u2026","rel":"","context":"Similar post","block_context":{"text":"Similar post","link":""},"img":{"alt_text":"","src":"","width":0,"height":0},"classes":[]},{"id":28148,"url":"https:\/\/sakaba.mghosteur.com\/en\/product\/gold-bond-radiance-renewal-hand-and-body-lotions-14oz\/","url_meta":{"origin":30456,"position":2},"title":"Gold Bond Radiance Renewal Hand and Body Lotions &#8211; 14oz","author":"admin","date":"November 30, 2022","format":false,"excerpt":"D\u00e9couvrez la Cr\u00e8me\/Lotion R\u00e9novateur d'\u00e9clat Gold Bond pour une peau rayonnante et hydrat\u00e9e toute la journ\u00e9e. Cette formule \u00e0 triple action offre une exfoliation douce pour une peau lisse et \u00e9clatante, une hydratation imm\u00e9diate et une r\u00e9tention d'humidit\u00e9 pendant 24 heures. Gr\u00e2ce \u00e0 un m\u00e9lange unique de beurre de karit\u00e9\u2026","rel":"","context":"Similar post","block_context":{"text":"Similar post","link":""},"img":{"alt_text":"","src":"","width":0,"height":0},"classes":[]},{"id":56120,"url":"https:\/\/sakaba.mghosteur.com\/en\/product\/advanced-clinicals-dark-spot-brightening-cream\/","url_meta":{"origin":30456,"position":3},"title":"Advanced Clinicals Dark Spot Brightening Cream","author":"Sope DIA","date":"January 2, 2026","format":false,"excerpt":"Cr\u00e8me visage anti-taches : lisse et illumine visiblement le teint terne. Cette cr\u00e8me \u00e0 la vitamine C et \u00e0 l'acide lactique exfolie et hydrate pour am\u00e9liorer l'apparence des peaux irr\u00e9guli\u00e8res et fatigu\u00e9es. La peau est plus douce, plus uniforme et visiblement \u00e9clatante. Formul\u00e9e par des chimistes cosm\u00e9tiques pour les femmes\u2026","rel":"","context":"Similar post","block_context":{"text":"Similar post","link":""},"img":{"alt_text":"","src":"","width":0,"height":0},"classes":[]},{"id":56099,"url":"https:\/\/sakaba.mghosteur.com\/en\/product\/advanced-clinicals-retinol-advanced-firming-cream\/","url_meta":{"origin":30456,"position":4},"title":"Advanced Clinicals Retinol Advanced Firming Cream","author":"Sope DIA","date":"January 2, 2026","format":false,"excerpt":"ADVANCED CLINICAL \u2013 RETINOL CREAM est infus\u00e9e d\u2019aloe vera, de camomille, de glyc\u00e9rine et de th\u00e9 vert. Ces composants agissent tous ensemble pour raffermir efficacement la peau et r\u00e9duire l\u2019apparence de la peau endommag\u00e9e par le soleil, des rides, des ridules et de la peau cr\u00e9pue. Aloe Vera prot\u00e8ge contre\u2026","rel":"","context":"Similar post","block_context":{"text":"Similar post","link":""},"img":{"alt_text":"","src":"","width":0,"height":0},"classes":[]},{"id":31957,"url":"https:\/\/sakaba.mghosteur.com\/en\/product\/cerave-facial-moisturizing-lotion-pm-89ml\/","url_meta":{"origin":30456,"position":5},"title":"CERAVE FACIAL MOISTURIZING LOTION PM 89ML","author":"admin","date":"May 13, 2024","format":false,"excerpt":"Quel que soit votre type de peau, m\u00eame si elle est grasse, votre peau a besoin d'hydratation 24 heures sur 24. Mais il peut aussi avoir besoin d'autres choses, comme des ingr\u00e9dients apaisants, une texture plus douce et une aide \u00e0 restaurer sa barri\u00e8re d'hydratation naturelle. L'int\u00e9gration d'une cr\u00e8me de\u2026","rel":"","context":"Similar post","block_context":{"text":"Similar post","link":""},"img":{"alt_text":"","src":"","width":0,"height":0},"classes":[]}],"_links":{"self":[{"href":"https:\/\/sakaba.mghosteur.com\/en\/wp-json\/wp\/v2\/product\/30456","targetHints":{"allow":["GET"]}}],"collection":[{"href":"https:\/\/sakaba.mghosteur.com\/en\/wp-json\/wp\/v2\/product"}],"about":[{"href":"https:\/\/sakaba.mghosteur.com\/en\/wp-json\/wp\/v2\/types\/product"}],"replies":[{"embeddable":true,"href":"https:\/\/sakaba.mghosteur.com\/en\/wp-json\/wp\/v2\/comments?post=30456"}],"version-history":[{"count":0,"href":"https:\/\/sakaba.mghosteur.com\/en\/wp-json\/wp\/v2\/product\/30456\/revisions"}],"wp:attachment":[{"href":"https:\/\/sakaba.mghosteur.com\/en\/wp-json\/wp\/v2\/media?parent=30456"}],"wp:term":[{"taxonomy":"product_brand","embeddable":true,"href":"https:\/\/sakaba.mghosteur.com\/en\/wp-json\/wp\/v2\/product_brand?post=30456"},{"taxonomy":"product_cat","embeddable":true,"href":"https:\/\/sakaba.mghosteur.com\/en\/wp-json\/wp\/v2\/product_cat?post=30456"},{"taxonomy":"product_tag","embeddable":true,"href":"https:\/\/sakaba.mghosteur.com\/en\/wp-json\/wp\/v2\/product_tag?post=30456"}],"curies":[{"name":"wp","href":"https:\/\/api.w.org\/{rel}","templated":true}]}}