{"id":30471,"date":"2023-05-11T13:36:06","date_gmt":"2023-05-11T13:36:06","guid":{"rendered":"http:\/\/www.sakababeauty.com\/?post_type=product&#038;p=30471"},"modified":"2023-05-11T13:44:07","modified_gmt":"2023-05-11T13:44:07","slug":"facetheory-amil-c-whip-daily-defence","status":"publish","type":"product","link":"https:\/\/sakaba.mghosteur.com\/en\/product\/facetheory-amil-c-whip-daily-defence\/","title":{"rendered":"FACETHEORY Amil-C Whip Daily Defence"},"content":{"rendered":"<p>D\u00e9couvrez la cr\u00e8me hydratante en mousse fouett\u00e9e Amil-C Whip Daily Defense de la marque Facetheory, dot\u00e9e d&#8217;un filtre chimique UVA\/UVB Bemotrizinol pour prot\u00e9ger votre peau des dommages environnementaux. Cette cr\u00e8me contient 5 % de niacinamide et de vitamine C \u00e0 double action pour \u00e9quilibrer votre teint, r\u00e9duire les rougeurs et minimiser la taille des pores. Le phosphate d&#8217;ascorbyle de sodium combat les bact\u00e9ries responsables de l&#8217;acn\u00e9, tandis que la vitamine E maintient votre peau hydrat\u00e9e et souple tout en la prot\u00e9geant contre l&#8217;inflammation. Cette cr\u00e8me contient \u00e9galement de l&#8217;acide lactique et de la vitamine C stabilis\u00e9e pour aider \u00e0 \u00e9claircir les taches ternes et est disponible en deux versions : sans parfum et l\u00e9g\u00e8rement parfum\u00e9e au pamplemousse. Formul\u00e9 sans carbom\u00e8res artificiels, parab\u00e8nes, silicones, PEG, SLS, SLES et huiles min\u00e9rales, ce produit est v\u00e9g\u00e9talien et sans cruaut\u00e9 animale. Convient \u00e0 tous les types de peau, y compris les peaux mixtes et s\u00e8ches. Appliquez une petite quantit\u00e9 sur votre visage et massez doucement en mouvements circulaires vers le haut pour une peau douce, hydrat\u00e9e et prot\u00e9g\u00e9e.<\/p>","protected":false},"excerpt":{"rendered":"<p>D\u00e9couvrez la cr\u00e8me hydratante en mousse fouett\u00e9e Amil-C Whip Daily Defense de la marque Facetheory, dot\u00e9e d&#8217;un filtre chimique UVA\/UVB Bemotrizinol pour prot\u00e9ger votre peau des dommages environnementaux. Cette cr\u00e8me contient 5 % de niacinamide et de vitamine C \u00e0 double action pour \u00e9quilibrer votre teint, r\u00e9duire les rougeurs et minimiser la taille des pores.<span class=\"read-more-faq\"><a href=\"https:\/\/sakaba.mghosteur.com\/en\/product\/facetheory-amil-c-whip-daily-defence\/\">Read More<\/a><\/span><\/p>","protected":false},"featured_media":0,"comment_status":"closed","ping_status":"closed","template":"","meta":[],"product_brand":[],"product_cat":[377],"product_tag":[],"class_list":{"0":"post-30471","1":"product","2":"type-product","3":"status-publish","5":"product_cat-bath-body-works","7":"first","8":"instock","9":"shipping-taxable","10":"product-type-simple"},"jetpack-related-posts":[{"id":26951,"url":"https:\/\/sakaba.mghosteur.com\/en\/product\/facetheory-vitamin-c-cream-cleanser\/","url_meta":{"origin":30471,"position":0},"title":"FACETHEORY Vitamin C Cream Cleanser C1","author":"admin","date":"November 28, 2022","format":false,"excerpt":"D\u00e9couvrez la Cr\u00e8me Nettoyante \u00e0 la Vitamine C C1 de FACETHEORY, une formule douce mais efficace pour \u00e9liminer les impuret\u00e9s et les d\u00e9bris qui obstruent les pores de votre peau. La vitamine C stabilis\u00e9e neutralise les radicaux libres et prot\u00e8ge votre peau contre les dommages environnementaux futurs, tandis que la\u2026","rel":"","context":"Similar post","block_context":{"text":"Similar post","link":""},"img":{"alt_text":"","src":"","width":0,"height":0},"classes":[]},{"id":26963,"url":"https:\/\/sakaba.mghosteur.com\/en\/product\/facetheory-ocuwake-eye-cream\/","url_meta":{"origin":30471,"position":1},"title":"FACETHEORY Ocuwake Eye Cream EYE1","author":"admin","date":"November 28, 2022","format":false,"excerpt":"Produit : FACETHEORY Ocuwake Eye Cream EYE1 La cr\u00e8me pour les yeux FACETHEORY Ocuwake Eye Cream EYE1 est un m\u00e9lange d'actifs de pointe, con\u00e7u pour r\u00e9duire les cernes et les poches sous les yeux. La formule contient un m\u00e9lange de vitamine C, acide f\u00e9rulique, r\u00e9glisse et camomille, ainsi que la\u2026","rel":"","context":"Similar post","block_context":{"text":"Similar post","link":""},"img":{"alt_text":"","src":"","width":0,"height":0},"classes":[]},{"id":26984,"url":"https:\/\/sakaba.mghosteur.com\/en\/product\/facetheory-regena-c-moisturiser\/","url_meta":{"origin":30471,"position":2},"title":"FACETHEORY Regena-C Moisturiser M4","author":"admin","date":"November 28, 2022","format":false,"excerpt":"Le Regena-C Moisturiser M4 de la marque FACETHEORY est une cr\u00e8me hydratante rapidement absorb\u00e9e qui contient de l'ester de r\u00e9tinol pour prot\u00e9ger la peau contre les dommages environnementaux et favoriser son renouvellement cellulaire. Cette cr\u00e8me est formul\u00e9e avec de la vitamine C et de la vitamine E, qui aident \u00e0\u2026","rel":"","context":"Similar post","block_context":{"text":"Similar post","link":""},"img":{"alt_text":"","src":"","width":0,"height":0},"classes":[]},{"id":27194,"url":"https:\/\/sakaba.mghosteur.com\/en\/product\/olay-total-effects-cleansing-whip-polishing-creme-cleanser\/","url_meta":{"origin":30471,"position":3},"title":"Olay, Total Effects, Cleansing Whip, Polishing Creme Cleanser","author":"admin","date":"November 29, 2022","format":false,"excerpt":"Notre nettoyant visage Total Effects Whip \u00e9limine la salet\u00e9, le s\u00e9bum et les accumulations quotidiennes pour laisser votre peau l\u00e9g\u00e8re comme l'air. Notre formule unique, infus\u00e9e de vitamines et d'antioxydants, utilise des micropolisseurs et des hydratants pour nettoyer en profondeur sans endommager ni dess\u00e9cher la peau. D\u00e9sormais, votre peau est\u2026","rel":"","context":"Similar post","block_context":{"text":"Similar post","link":""},"img":{"alt_text":"","src":"","width":0,"height":0},"classes":[]},{"id":31868,"url":"https:\/\/sakaba.mghosteur.com\/en\/product\/olay-total-effects-cleansing-whip-polishing-creme-cleanser-2\/","url_meta":{"origin":30471,"position":4},"title":"Olay, Total Effects, Cleansing Whip, Polishing Creme Cleanser","author":"admin","date":"May 10, 2024","format":false,"excerpt":"Commencez et terminez la journ\u00e9e avec un visage propre (car nous ne pouvons rien contr\u00f4ler entre les deux). Le nettoyant visage Total Effects Whip \u00e9limine la salet\u00e9, le s\u00e9bum et les accumulations quotidiennes pour laisser votre peau l\u00e9g\u00e8re comme l'air. Notre formule unique, infus\u00e9e de vitamines et d'antioxydants, utilise des\u2026","rel":"","context":"Similar post","block_context":{"text":"Similar post","link":""},"img":{"alt_text":"","src":"","width":0,"height":0},"classes":[]},{"id":26991,"url":"https:\/\/sakaba.mghosteur.com\/en\/product\/facetheory-regenacalm-serum-pro\/","url_meta":{"origin":30471,"position":5},"title":"FACETHEORY Regenacalm Serum S1 Pro","author":"admin","date":"November 28, 2022","format":false,"excerpt":"D\u00e9couvrez le Regenacalm Serum S1 Pro de la marque FACETHEORY, un s\u00e9rum concentr\u00e9 en actifs pour une peau plus jeune et plus \u00e9clatante. Formul\u00e9 avec 3% de r\u00e9tino\u00efde encapsul\u00e9 dans des liposomes, ce s\u00e9rum agit sur les ridules, les rides, les imperfections, les cicatrices d'acn\u00e9 et l'hyperpigmentation en p\u00e9n\u00e9trant plus\u2026","rel":"","context":"Similar post","block_context":{"text":"Similar post","link":""},"img":{"alt_text":"","src":"","width":0,"height":0},"classes":[]}],"_links":{"self":[{"href":"https:\/\/sakaba.mghosteur.com\/en\/wp-json\/wp\/v2\/product\/30471","targetHints":{"allow":["GET"]}}],"collection":[{"href":"https:\/\/sakaba.mghosteur.com\/en\/wp-json\/wp\/v2\/product"}],"about":[{"href":"https:\/\/sakaba.mghosteur.com\/en\/wp-json\/wp\/v2\/types\/product"}],"replies":[{"embeddable":true,"href":"https:\/\/sakaba.mghosteur.com\/en\/wp-json\/wp\/v2\/comments?post=30471"}],"version-history":[{"count":0,"href":"https:\/\/sakaba.mghosteur.com\/en\/wp-json\/wp\/v2\/product\/30471\/revisions"}],"wp:attachment":[{"href":"https:\/\/sakaba.mghosteur.com\/en\/wp-json\/wp\/v2\/media?parent=30471"}],"wp:term":[{"taxonomy":"product_brand","embeddable":true,"href":"https:\/\/sakaba.mghosteur.com\/en\/wp-json\/wp\/v2\/product_brand?post=30471"},{"taxonomy":"product_cat","embeddable":true,"href":"https:\/\/sakaba.mghosteur.com\/en\/wp-json\/wp\/v2\/product_cat?post=30471"},{"taxonomy":"product_tag","embeddable":true,"href":"https:\/\/sakaba.mghosteur.com\/en\/wp-json\/wp\/v2\/product_tag?post=30471"}],"curies":[{"name":"wp","href":"https:\/\/api.w.org\/{rel}","templated":true}]}}