{"id":30488,"date":"2023-05-11T15:37:25","date_gmt":"2023-05-11T15:37:25","guid":{"rendered":"http:\/\/www.sakababeauty.com\/?post_type=product&#038;p=30488"},"modified":"2023-05-11T15:47:10","modified_gmt":"2023-05-11T15:47:10","slug":"facetheory-clarifying-cleanser-c2-pro","status":"publish","type":"product","link":"https:\/\/sakaba.mghosteur.com\/en\/product\/facetheory-clarifying-cleanser-c2-pro\/","title":{"rendered":"FACETHEORY Clarifying Cleanser C2 Pro"},"content":{"rendered":"<p><span style=\"vertical-align: inherit;\"><span style=\"vertical-align: inherit;\">D\u00e9couvrez le Clarifying Cleanser C2 Pro de la marque FACETHEORY, un nettoyant visage clarifiant qui utilise deux m\u00e9thodes diff\u00e9rentes de nettoyage pour \u00e9liminer les impuret\u00e9s et d\u00e9bloquer les pores de votre peau. <\/span><span style=\"vertical-align: inherit;\">Avec une forte concentration d&#8217;actifs, ce nettoyant contient de l&#8217;acide glycolique (4%), de l&#8217;acide lactique (1%) et de l&#8217;acide salicylique (2%), qui aide \u00e0 exfolier la peau et \u00e0 la resurfa\u00e7er en douceur, ainsi que du lactate de sodium qui agit comme un humectant. <\/span><span style=\"vertical-align: inherit;\">Ce nettoyant convient aux peaux grasses, congestionn\u00e9es ou sujettes aux imperfections et ne contient pas de parab\u00e8nes, silicones, PEG, SLS, SLES et huiles min\u00e9rales. <\/span><span style=\"vertical-align: inherit;\">Il est \u00e9galement v\u00e9g\u00e9talien et sans cruaut\u00e9.<\/span><\/span><\/p>\n<p><span style=\"vertical-align: inherit;\"><span style=\"vertical-align: inherit;\">Pour utiliser ce nettoyant, rincez d&#8217;abord votre visage \u00e0 l&#8217;eau ti\u00e8de, puis appliquez une petite quantit\u00e9 de nettoyant et massez d\u00e9licatement votre peau. <\/span><span style=\"vertical-align: inherit;\">Laissez agir pendant une minute avant de rincer \u00e0 nouveau \u00e0 l&#8217;eau ti\u00e8de. <\/span><span style=\"vertical-align: inherit;\">Ce nettoyant contient des acides alpha\/b\u00eata hydroxy qui peuvent augmenter la sensibilit\u00e9 de votre peau au soleil et \u00e0 la possibilit\u00e9 de coups de soleil. <\/span><span style=\"vertical-align: inherit;\">Il est donc recommand\u00e9 d&#8217;utiliser un \u00e9cran solaire, de porter des v\u00eatements de protection et de limiter l&#8217;exposition au soleil pendant l&#8217;utilisation de ce produit et pendant une semaine apr\u00e8s. <\/span><span style=\"vertical-align: inherit;\">Testez d&#8217;abord sur une petite surface et attendez un jour ou deux apr\u00e8s votre premi\u00e8re application compl\u00e8te avant de commencer une utilisation r\u00e9guli\u00e8re. <\/span><span style=\"vertical-align: inherit;\">Si vous avez moins de 18 ans ou si vous \u00eates enceinte, demandez conseil \u00e0 votre m\u00e9decin avant d&#8217;<\/span><\/span><\/p>","protected":false},"excerpt":{"rendered":"<p>D\u00e9couvrez le Clarifying Cleanser C2 Pro de la marque FACETHEORY, un nettoyant visage clarifiant qui utilise deux m\u00e9thodes diff\u00e9rentes de nettoyage pour \u00e9liminer les impuret\u00e9s et d\u00e9bloquer les pores de votre peau. Avec une forte concentration d&#8217;actifs, ce nettoyant contient de l&#8217;acide glycolique (4%), de l&#8217;acide lactique (1%) et de l&#8217;acide salicylique (2%), qui aide<span class=\"read-more-faq\"><a href=\"https:\/\/sakaba.mghosteur.com\/en\/product\/facetheory-clarifying-cleanser-c2-pro\/\">Read More<\/a><\/span><\/p>","protected":false},"featured_media":0,"comment_status":"closed","ping_status":"closed","template":"","meta":[],"product_brand":[],"product_cat":[446],"product_tag":[],"class_list":{"0":"post-30488","1":"product","2":"type-product","3":"status-publish","5":"product_cat-nettoyant","7":"first","8":"instock","9":"shipping-taxable","10":"product-type-simple"},"jetpack-related-posts":[{"id":26945,"url":"https:\/\/sakaba.mghosteur.com\/en\/product\/clarifying-cleanser\/","url_meta":{"origin":30488,"position":0},"title":"FACETHEORY Clarifying Cleanser C2","author":"admin","date":"November 28, 2022","format":false,"excerpt":"Le FACETHEORY Clarifying Cleanser C2 est une cr\u00e8me nettoyante clarifiante qui contient un puissant m\u00e9lange d'acides \u00e0 faible pH pour les peaux mixtes ou grasses, congestionn\u00e9es et sujettes aux imperfections. Il contient 2% d'acide salicylique qui p\u00e9n\u00e8tre profond\u00e9ment dans les pores pour \u00e9liminer la salet\u00e9 emprisonn\u00e9e et r\u00e9duire l'apparence des\u2026","rel":"","context":"Similar post","block_context":{"text":"Similar post","link":""},"img":{"alt_text":"","src":"","width":0,"height":0},"classes":[]},{"id":26951,"url":"https:\/\/sakaba.mghosteur.com\/en\/product\/facetheory-vitamin-c-cream-cleanser\/","url_meta":{"origin":30488,"position":1},"title":"FACETHEORY Vitamin C Cream Cleanser C1","author":"admin","date":"November 28, 2022","format":false,"excerpt":"D\u00e9couvrez la Cr\u00e8me Nettoyante \u00e0 la Vitamine C C1 de FACETHEORY, une formule douce mais efficace pour \u00e9liminer les impuret\u00e9s et les d\u00e9bris qui obstruent les pores de votre peau. La vitamine C stabilis\u00e9e neutralise les radicaux libres et prot\u00e8ge votre peau contre les dommages environnementaux futurs, tandis que la\u2026","rel":"","context":"Similar post","block_context":{"text":"Similar post","link":""},"img":{"alt_text":"","src":"","width":0,"height":0},"classes":[]},{"id":23918,"url":"https:\/\/sakaba.mghosteur.com\/en\/product\/cerave-acne-control-cleanser\/","url_meta":{"origin":30488,"position":2},"title":"CERAVE ACNE CONTROL CLEANSER","author":"admin","date":"November 9, 2022","format":false,"excerpt":"Le nettoyant anti-acn\u00e9 de CeraVe est un gel nettoyant pour le visage sp\u00e9cialement con\u00e7u pour les peaux sujettes \u00e0 l'acn\u00e9. Il contient 2% d'acide salicylique, qui aide \u00e0 traiter l'acn\u00e9 existante et \u00e0 pr\u00e9venir de nouvelles \u00e9ruptions en p\u00e9n\u00e9trant les pores de la peau. En outre, l'argile hectorite aide \u00e0\u2026","rel":"","context":"Similar post","block_context":{"text":"Similar post","link":""},"img":{"alt_text":"","src":"","width":0,"height":0},"classes":[]},{"id":29049,"url":"https:\/\/sakaba.mghosteur.com\/en\/product\/cerave-hydrating-foaming-oil-cleanser-236ml\/","url_meta":{"origin":30488,"position":3},"title":"CERAVE HYDRATING FOAMING OIL CLEANSER 236ML","author":"admin","date":"March 10, 2023","format":false,"excerpt":"La CeraVe Hydrating Foaming Oil Cleanser est un nettoyant quotidien doux et nourrissant pour les peaux normales \u00e0 tr\u00e8s s\u00e8ches. Sa formule contenant 3 c\u00e9ramides essentiels, de la glyc\u00e9rine et de l'acide hyaluronique \u00e9limine en douceur la salet\u00e9, le s\u00e9bum et les impuret\u00e9s de la peau tout en procurant une\u2026","rel":"","context":"Similar post","block_context":{"text":"Similar post","link":""},"img":{"alt_text":"","src":"","width":0,"height":0},"classes":[]},{"id":26948,"url":"https:\/\/sakaba.mghosteur.com\/en\/product\/facetheory-glycolacsal-solution\/","url_meta":{"origin":30488,"position":4},"title":"FACETHEORY Glycolacsal Solution T4","author":"admin","date":"November 28, 2022","format":false,"excerpt":"Produit: Solution T4 Glycolacsal de la marque Facetheory La Solution T4 Glycolacsal de Facetheory est un toner exfoliant formul\u00e9 avec un trio d'acides: l'acide glycolique (8,5%), l'acide salicylique (1%) et l'acide lactique (0,5%) pour clarifier, \u00e9claircir et unifier le teint. Ces actifs acc\u00e9l\u00e8rent le renouvellement cellulaire, r\u00e9duisent les ridules, les\u2026","rel":"","context":"Similar post","block_context":{"text":"Similar post","link":""},"img":{"alt_text":"","src":"","width":0,"height":0},"classes":[]},{"id":29485,"url":"https:\/\/sakaba.mghosteur.com\/en\/product\/cosrx-salicylic-acid-daily-gentle-cleanser\/","url_meta":{"origin":30488,"position":5},"title":"COSRX SALICYLIC ACID DAILY GENTLE CLEANSER","author":"admin","date":"April 6, 2023","format":false,"excerpt":"Le Nettoyant doux quotidien \u00e0 l'acide salicylique est un produit qui nettoie en douceur la peau sans la dess\u00e9cher. Il utilise de l'acide salicylique pour \u00e9liminer les impuret\u00e9s et l'exc\u00e8s de s\u00e9bum tout en luttant contre l'acn\u00e9 et les imperfections. Ce nettoyant laisse la peau douce et lisse sans sensation\u2026","rel":"","context":"Similar post","block_context":{"text":"Similar post","link":""},"img":{"alt_text":"","src":"","width":0,"height":0},"classes":[]}],"_links":{"self":[{"href":"https:\/\/sakaba.mghosteur.com\/en\/wp-json\/wp\/v2\/product\/30488","targetHints":{"allow":["GET"]}}],"collection":[{"href":"https:\/\/sakaba.mghosteur.com\/en\/wp-json\/wp\/v2\/product"}],"about":[{"href":"https:\/\/sakaba.mghosteur.com\/en\/wp-json\/wp\/v2\/types\/product"}],"replies":[{"embeddable":true,"href":"https:\/\/sakaba.mghosteur.com\/en\/wp-json\/wp\/v2\/comments?post=30488"}],"version-history":[{"count":0,"href":"https:\/\/sakaba.mghosteur.com\/en\/wp-json\/wp\/v2\/product\/30488\/revisions"}],"wp:attachment":[{"href":"https:\/\/sakaba.mghosteur.com\/en\/wp-json\/wp\/v2\/media?parent=30488"}],"wp:term":[{"taxonomy":"product_brand","embeddable":true,"href":"https:\/\/sakaba.mghosteur.com\/en\/wp-json\/wp\/v2\/product_brand?post=30488"},{"taxonomy":"product_cat","embeddable":true,"href":"https:\/\/sakaba.mghosteur.com\/en\/wp-json\/wp\/v2\/product_cat?post=30488"},{"taxonomy":"product_tag","embeddable":true,"href":"https:\/\/sakaba.mghosteur.com\/en\/wp-json\/wp\/v2\/product_tag?post=30488"}],"curies":[{"name":"wp","href":"https:\/\/api.w.org\/{rel}","templated":true}]}}