{"id":31343,"date":"2024-05-10T10:26:13","date_gmt":"2024-05-10T10:26:13","guid":{"rendered":"https:\/\/sakaba.mghosteur.com\/?post_type=product&#038;p=31343"},"modified":"2024-06-13T13:53:23","modified_gmt":"2024-06-13T13:53:23","slug":"paula-choice-the-exfoliant-experience-1fl","status":"publish","type":"product","link":"https:\/\/sakaba.mghosteur.com\/en\/product\/paula-choice-the-exfoliant-experience-1fl\/","title":{"rendered":"PAULA CHOICE THE EXFOLIANT EXPERIENCE"},"content":{"rendered":"<p>D\u00e9couvrez l&#8217;exp\u00e9rience exfoliante avec Paula&#8217;s Choice &#8211; un rituel de soins de la peau qui r\u00e9v\u00e9lera une peau \u00e9clatante et revitalis\u00e9e.<\/p>\n<p>Instructions d&#8217;utilisation : Pour une utilisation individuelle :<\/p>\n<ul>\n<li>Apr\u00e8s avoir nettoy\u00e9 et tonifi\u00e9 votre peau, appliquez d\u00e9licatement l&#8217;exfoliant BHA ou AHA sur l&#8217;ensemble de votre visage et de votre cou \u00e0 l&#8217;aide de vos doigts ou d&#8217;un coton.<\/li>\n<li>\u00c9vitez le contact direct avec les yeux et les l\u00e8vres.<\/li>\n<li>Aucun rin\u00e7age n\u00e9cessaire.<\/li>\n<li>Pour la journ\u00e9e, terminez toujours par l&#8217;application d&#8217;un SPF 30+. Pour la nuit, poursuivez avec le reste de votre routine.<\/li>\n<li>Commencez progressivement : Appliquez tous les deux jours et observez la r\u00e9action de votre peau. Ensuite, utilisez jusqu&#8217;\u00e0 deux fois par jour.<\/li>\n<li>Si vous \u00eates allergique au salicylate, veuillez consulter votre m\u00e9decin avant d&#8217;utiliser des produits contenant de l&#8217;acide salicylique.<\/li>\n<\/ul>\n<p>Pour une utilisation combin\u00e9e :<\/p>\n<ul>\n<li>D\u00e9butant : Utilisez l&#8217;AHA tous les 2 \u00e0 3 jours et le BHA tous les 2 \u00e0 3 jours.<\/li>\n<li>Mod\u00e9r\u00e9 : Alternez entre l&#8217;AHA et le BHA tous les deux jours.<\/li>\n<li>Avanc\u00e9 : Utilisez quotidiennement l&#8217;AHA et le BHA, l&#8217;un le matin et l&#8217;autre le soir.<\/li>\n<li>Pour des r\u00e9sultats optimaux, nous vous recommandons d&#8217;exp\u00e9rimenter en int\u00e9grant les deux dans votre routine de soins de la peau.<\/li>\n<\/ul>","protected":false},"excerpt":{"rendered":"<p>D\u00e9couvrez l&#8217;exp\u00e9rience exfoliante avec Paula&#8217;s Choice &#8211; un rituel de soins de la peau qui r\u00e9v\u00e9lera une peau \u00e9clatante et revitalis\u00e9e. Instructions d&#8217;utilisation : Pour une utilisation individuelle : Apr\u00e8s avoir nettoy\u00e9 et tonifi\u00e9 votre peau, appliquez d\u00e9licatement l&#8217;exfoliant BHA ou AHA sur l&#8217;ensemble de votre visage et de votre cou \u00e0 l&#8217;aide de vos<span class=\"read-more-faq\"><a href=\"https:\/\/sakaba.mghosteur.com\/en\/product\/paula-choice-the-exfoliant-experience-1fl\/\">Read More<\/a><\/span><\/p>","protected":false},"featured_media":0,"comment_status":"open","ping_status":"closed","template":"","meta":[],"product_brand":[951],"product_cat":[1057,451],"product_tag":[],"class_list":{"0":"post-31343","1":"product","2":"type-product","3":"status-publish","5":"product_brand-paula-choice","6":"product_cat-coffret-soins-visage","7":"product_cat-aab-soin-du-visage","9":"first","10":"instock","11":"shipping-taxable","12":"product-type-simple"},"jetpack-related-posts":[{"id":31394,"url":"https:\/\/sakaba.mghosteur.com\/en\/product\/paula-s-choice-weigntless-body-treatment-2-bha\/","url_meta":{"origin":31343,"position":0},"title":"PAULA&#8217; S CHOICE WEIGNTLESS BODY TREATMENT 2% BHA","author":"admin","date":"May 10, 2024","format":false,"excerpt":"Cet exfoliant corporel sans rin\u00e7age, renfermant 2 % d'acide salicylique, un BHA r\u00e9put\u00e9, offre une exfoliation douce, lib\u00e9rant la peau des cellules mortes accumul\u00e9es pour r\u00e9v\u00e9ler une peau radieuse et lisse en dessous. La concentration de 2 % d'acide salicylique adoucit et affine la texture rugueuse de la peau, tandis\u2026","rel":"","context":"Similar post","block_context":{"text":"Similar post","link":""},"img":{"alt_text":"","src":"","width":0,"height":0},"classes":[]},{"id":26868,"url":"https:\/\/sakaba.mghosteur.com\/en\/product\/paula-choice-2-bha-liquid-exfoliant\/","url_meta":{"origin":31343,"position":1},"title":"PAULA CHOICE 2% BHA LIQUID EXFOLIANT","author":"admin","date":"November 28, 2022","format":false,"excerpt":"Le produit num\u00e9ro 1 de la marque Paula's Choice, cet exfoliant liquide 2% BHA est un favori culte qui nettoie en profondeur les pores, lisse les rides et unifie le teint de la peau. Sa formule douce sans rin\u00e7age \u00e0 base d'acide salicylique \u00e9prouv\u00e9 en clinique permet de d\u00e9sobstruer rapidement\u2026","rel":"","context":"Similar post","block_context":{"text":"Similar post","link":""},"img":{"alt_text":"","src":"","width":0,"height":0},"classes":[]},{"id":31399,"url":"https:\/\/sakaba.mghosteur.com\/en\/product\/paulas-choice-triple-active-total-repair-serum\/","url_meta":{"origin":31343,"position":2},"title":"PAULA&#8217;S CHOICE TRIPLE ACTIVE TOTAL REPAIR SERUM","author":"admin","date":"May 10, 2024","format":false,"excerpt":"D\u00e9couvrez le S\u00e9rum Triple Active Total Repair, une formule avanc\u00e9e anti-\u00e2ge cliniquement prouv\u00e9e pour am\u00e9liorer visiblement les ridules, la d\u00e9coloration et la fermet\u00e9 de la peau gr\u00e2ce \u00e0 un m\u00e9lange puissant d'hexylr\u00e9sorcinol, de r\u00e9tinol et de niacinamide. Le r\u00e9tinyl propionate \u00e0 0,3% raffermit et lisse visiblement la peau. La niacinamide\u2026","rel":"","context":"Similar post","block_context":{"text":"Similar post","link":""},"img":{"alt_text":"","src":"","width":0,"height":0},"classes":[]},{"id":26353,"url":"https:\/\/sakaba.mghosteur.com\/en\/product\/paula-choice-daily-skin-clearing-treatment\/","url_meta":{"origin":31343,"position":3},"title":"PAULA CHOICE Extra Strength Daily Skin Clearing Treatment with 5% Benzoyl Peroxide","author":"admin","date":"November 25, 2022","format":false,"excerpt":"Ce traitement quotidien pour le nettoyage de la peau est extra-puissant gr\u00e2ce \u00e0 sa formule contenant 5% de peroxyde de benzoyle. Il est sp\u00e9cialement con\u00e7u pour combattre l'acn\u00e9 tenace, pr\u00e9venir les \u00e9ruptions futures et r\u00e9duire les marques rouges. Contrairement \u00e0 d'autres produits similaires, celui-ci ne contient pas d'ingr\u00e9dients agressifs qui\u2026","rel":"","context":"Similar post","block_context":{"text":"Similar post","link":""},"img":{"alt_text":"","src":"","width":0,"height":0},"classes":[]},{"id":26834,"url":"https:\/\/sakaba.mghosteur.com\/en\/product\/daily-pore-refining-treatment-2-bha\/","url_meta":{"origin":31343,"position":4},"title":"DAILY PORE REFINING TREATMENT 2% BHA","author":"admin","date":"November 28, 2022","format":false,"excerpt":"Le soin quotidien d'affinage des pores avec 2% de BHA de la marque Paula's Choice est un exfoliant liquide qui offre de multiples avantages pour ceux qui luttent contre les signes visibles de dommages caus\u00e9s par le soleil, le vieillissement, la peau bossel\u00e9e et les pores dilat\u00e9s et obstru\u00e9s. Gr\u00e2ce\u2026","rel":"","context":"Similar post","block_context":{"text":"Similar post","link":""},"img":{"alt_text":"","src":"","width":0,"height":0},"classes":[]},{"id":31373,"url":"https:\/\/sakaba.mghosteur.com\/en\/product\/paulas-choice-intensive-wrinkle-repair-retinol-serum\/","url_meta":{"origin":31343,"position":5},"title":"PAULA&#8217;S CHOICE INTENSIVE WRINKLE REPAIR RETINOL SERUM","author":"admin","date":"May 10, 2024","format":false,"excerpt":"S\u00e9rum Anti-\u00c2ge au R\u00e9tinol Pour celles et ceux qui cherchent \u00e0 pr\u00e9server la jeunesse de leur peau tout en att\u00e9nuant les signes visibles du temps, le S\u00e9rum Anti-\u00c2ge au R\u00e9tinol est un alli\u00e9 pr\u00e9cieux. Con\u00e7u pour tous les types de peau, il r\u00e9pond aux besoins de ceux souhaitant lutter contre\u2026","rel":"","context":"Similar post","block_context":{"text":"Similar post","link":""},"img":{"alt_text":"","src":"","width":0,"height":0},"classes":[]}],"_links":{"self":[{"href":"https:\/\/sakaba.mghosteur.com\/en\/wp-json\/wp\/v2\/product\/31343","targetHints":{"allow":["GET"]}}],"collection":[{"href":"https:\/\/sakaba.mghosteur.com\/en\/wp-json\/wp\/v2\/product"}],"about":[{"href":"https:\/\/sakaba.mghosteur.com\/en\/wp-json\/wp\/v2\/types\/product"}],"replies":[{"embeddable":true,"href":"https:\/\/sakaba.mghosteur.com\/en\/wp-json\/wp\/v2\/comments?post=31343"}],"version-history":[{"count":0,"href":"https:\/\/sakaba.mghosteur.com\/en\/wp-json\/wp\/v2\/product\/31343\/revisions"}],"wp:attachment":[{"href":"https:\/\/sakaba.mghosteur.com\/en\/wp-json\/wp\/v2\/media?parent=31343"}],"wp:term":[{"taxonomy":"product_brand","embeddable":true,"href":"https:\/\/sakaba.mghosteur.com\/en\/wp-json\/wp\/v2\/product_brand?post=31343"},{"taxonomy":"product_cat","embeddable":true,"href":"https:\/\/sakaba.mghosteur.com\/en\/wp-json\/wp\/v2\/product_cat?post=31343"},{"taxonomy":"product_tag","embeddable":true,"href":"https:\/\/sakaba.mghosteur.com\/en\/wp-json\/wp\/v2\/product_tag?post=31343"}],"curies":[{"name":"wp","href":"https:\/\/api.w.org\/{rel}","templated":true}]}}