{"id":31346,"date":"2024-05-10T10:29:37","date_gmt":"2024-05-10T10:29:37","guid":{"rendered":"https:\/\/sakaba.mghosteur.com\/?post_type=product&#038;p=31346"},"modified":"2024-08-30T03:36:07","modified_gmt":"2024-08-30T03:36:07","slug":"paula-choice-skin-perfecting-6-mandelic-acid-2-lactic-acid-88ml","status":"publish","type":"product","link":"https:\/\/sakaba.mghosteur.com\/en\/product\/paula-choice-skin-perfecting-6-mandelic-acid-2-lactic-acid-88ml\/","title":{"rendered":"PAULA CHOICE SKIN PERFECTING 6% MANDELIC ACID + 2%  LACTIC ACID 88ml"},"content":{"rendered":"<p>D\u00e9couvrez un produit innovant pour votre routine de soins de la peau : le m\u00e9lange d&#8217;acide mand\u00e9lique \u00e0 6 % et d&#8217;exfoliant liquide \u00e0 l&#8217;acide lactique \u00e0 2 %.<\/p>\n<p>Ce puissant m\u00e9lange d&#8217;exfoliants AHA offre une solution douce mais efficace pour raviver votre peau. Il aide \u00e0 \u00e9liminer les cellules mortes et \u00e0 lisser la surface de la peau, r\u00e9v\u00e9lant ainsi une peau plus douce, plus lumineuse et plus \u00e9clatante.<\/p>\n<p>Gr\u00e2ce \u00e0 sa formulation avanc\u00e9e, ce produit contribue \u00e0 am\u00e9liorer les dommages caus\u00e9s par le soleil, \u00e0 r\u00e9duire le teint terne et \u00e0 att\u00e9nuer les ridules. De plus, il aide \u00e0 restaurer une barri\u00e8re cutan\u00e9e compromis\u00e9e, favorisant ainsi une peau plus saine et revitalis\u00e9e.<\/p>\n<p>Convient \u00e0 tous les types de peau, ce produit est \u00e0 la fois doux et efficace, vous permettant de prendre soin de votre peau avec confiance et simplicit\u00e9.<\/p>\n<p>&nbsp;<\/p>","protected":false},"excerpt":{"rendered":"<p>D\u00e9couvrez un produit innovant pour votre routine de soins de la peau : le m\u00e9lange d&#8217;acide mand\u00e9lique \u00e0 6 % et d&#8217;exfoliant liquide \u00e0 l&#8217;acide lactique \u00e0 2 %. Ce puissant m\u00e9lange d&#8217;exfoliants AHA offre une solution douce mais efficace pour raviver votre peau. Il aide \u00e0 \u00e9liminer les cellules mortes et \u00e0 lisser la<span class=\"read-more-faq\"><a href=\"https:\/\/sakaba.mghosteur.com\/en\/product\/paula-choice-skin-perfecting-6-mandelic-acid-2-lactic-acid-88ml\/\">Read More<\/a><\/span><\/p>","protected":false},"featured_media":0,"comment_status":"open","ping_status":"closed","template":"","meta":[],"product_brand":[951],"product_cat":[292,451,334],"product_tag":[],"class_list":{"0":"post-31346","1":"product","2":"type-product","3":"status-publish","5":"product_brand-paula-choice","6":"product_cat-peaux-sensibles","7":"product_cat-aab-soin-du-visage","8":"product_cat-traitement-serum","10":"first","11":"instock","12":"shipping-taxable","13":"product-type-simple"},"jetpack-related-posts":[{"id":23924,"url":"https:\/\/sakaba.mghosteur.com\/en\/product\/cerave-nightly-exfoliating-treatment\/","url_meta":{"origin":31346,"position":0},"title":"CERAVE NIGHTLY EXFOLIATING TREATMENT","author":"admin","date":"November 9, 2022","format":false,"excerpt":"Il s'agit d'un s\u00e9rum exfoliant nocturne r\u00e9g\u00e9n\u00e9rant pour la peau de la marque CeraVe. Il contient un m\u00e9lange d'acides glycolique et lactique qui aide \u00e0 lisser les ridules, \u00e0 acc\u00e9l\u00e9rer le renouvellement cellulaire et \u00e0 \u00e9liminer les cellules mortes de la peau. Le produit est doux et l\u00e9ger, et contient\u2026","rel":"","context":"Similar post","block_context":{"text":"Similar post","link":""},"img":{"alt_text":"","src":"","width":0,"height":0},"classes":[]},{"id":29227,"url":"https:\/\/sakaba.mghosteur.com\/en\/product\/good-molecules-acne-foaming-cleanser\/","url_meta":{"origin":31346,"position":1},"title":"GOOD MOLECULES ACNE FOAMING CLEANSER","author":"admin","date":"March 21, 2023","format":false,"excerpt":"Le nettoyant moussant contre l'acn\u00e9 de Good Molecules est un produit de soin de la peau id\u00e9al pour traiter les \u00e9ruptions cutan\u00e9es et l'acn\u00e9. Avec une formule exfoliante douce, ce nettoyant moussant aide \u00e0 nettoyer en profondeur les pores, \u00e9liminant ainsi les impuret\u00e9s qui obstruent la peau. Aliment\u00e9 par 2\u2026","rel":"","context":"Similar post","block_context":{"text":"Similar post","link":""},"img":{"alt_text":"","src":"","width":0,"height":0},"classes":[]},{"id":27263,"url":"https:\/\/sakaba.mghosteur.com\/en\/product\/good-molecules-overnight-exfoliant-treatment\/","url_meta":{"origin":31346,"position":2},"title":"GOOD MOLECULES OVERNIGHT EXFOLIANT TREATMENT","author":"admin","date":"November 29, 2022","format":false,"excerpt":"Le traitement exfoliant de nuit de Good Molecules est un produit de soin pour la peau qui aide \u00e0 renouveler et \u00e0 lisser la surface de la peau pendant votre sommeil. Il est formul\u00e9 avec un m\u00e9lange d'acides alpha et b\u00eata hydroxyl\u00e9s \u00e0 10 % pour \u00e9liminer les cellules mortes\u2026","rel":"","context":"Similar post","block_context":{"text":"Similar post","link":""},"img":{"alt_text":"","src":"","width":0,"height":0},"classes":[]},{"id":27391,"url":"https:\/\/sakaba.mghosteur.com\/en\/product\/the-inkey-list-fulvic-acid-brightening-cleanser\/","url_meta":{"origin":31346,"position":3},"title":"THE INKEY LIST FULVIC ACID BRIGHTENING CLEANSER","author":"admin","date":"November 29, 2022","format":false,"excerpt":"Le nettoyant \u00e0 l'acide fulvique de The Inkey List est un produit de soin de la peau de qualit\u00e9 sup\u00e9rieure qui vous aidera \u00e0 obtenir un teint plus lumineux et plus sain. Ce gel nettoyant exfoliant doux est parfait pour enlever le maquillage, y compris le maquillage des yeux, pour\u2026","rel":"","context":"Similar post","block_context":{"text":"Similar post","link":""},"img":{"alt_text":"","src":"","width":0,"height":0},"classes":[]},{"id":31738,"url":"https:\/\/sakaba.mghosteur.com\/en\/product\/medix-5-5-10-glycolic-lactic-acid\/","url_meta":{"origin":31346,"position":4},"title":"MEDIX 5.5 10% GLYCOLIC + LACTIC ACID","author":"admin","date":"May 10, 2024","format":false,"excerpt":"Le s\u00e9rum \u00e0 l'acide glycolique Medix 5.5 r\u00e9duit visiblement l'apparence des pores obstru\u00e9s, de la texture de la peau rugueuse, du teint irr\u00e9gulier, des rougeurs et des taches brunes. Le peeling exfoliant de nuit pour le visage \u00e0 l'acide glycolique \u00e9limine efficacement les cellules mortes de la peau pour affiner,\u2026","rel":"","context":"Similar post","block_context":{"text":"Similar post","link":""},"img":{"alt_text":"","src":"","width":0,"height":0},"classes":[]},{"id":24153,"url":"https:\/\/sakaba.mghosteur.com\/en\/product\/cerave-renewing-sa-cleanser-473ml\/","url_meta":{"origin":31346,"position":5},"title":"CERAVE RENEWING SA CLEANSER 473ML","author":"admin","date":"November 9, 2022","format":false,"excerpt":"Le nettoyant SA r\u00e9g\u00e9n\u00e9rant de la marque CeraVe est la solution parfaite pour une peau lisse et saine. Sa formule douce et moussante contenant de l'acide salicylique aide \u00e0 exfolier votre peau en douceur tout en \u00e9liminant les impuret\u00e9s et en adoucissant les zones rugueuses. Ce nettoyant est enrichi en\u2026","rel":"","context":"Similar post","block_context":{"text":"Similar post","link":""},"img":{"alt_text":"","src":"","width":0,"height":0},"classes":[]}],"_links":{"self":[{"href":"https:\/\/sakaba.mghosteur.com\/en\/wp-json\/wp\/v2\/product\/31346","targetHints":{"allow":["GET"]}}],"collection":[{"href":"https:\/\/sakaba.mghosteur.com\/en\/wp-json\/wp\/v2\/product"}],"about":[{"href":"https:\/\/sakaba.mghosteur.com\/en\/wp-json\/wp\/v2\/types\/product"}],"replies":[{"embeddable":true,"href":"https:\/\/sakaba.mghosteur.com\/en\/wp-json\/wp\/v2\/comments?post=31346"}],"version-history":[{"count":0,"href":"https:\/\/sakaba.mghosteur.com\/en\/wp-json\/wp\/v2\/product\/31346\/revisions"}],"wp:attachment":[{"href":"https:\/\/sakaba.mghosteur.com\/en\/wp-json\/wp\/v2\/media?parent=31346"}],"wp:term":[{"taxonomy":"product_brand","embeddable":true,"href":"https:\/\/sakaba.mghosteur.com\/en\/wp-json\/wp\/v2\/product_brand?post=31346"},{"taxonomy":"product_cat","embeddable":true,"href":"https:\/\/sakaba.mghosteur.com\/en\/wp-json\/wp\/v2\/product_cat?post=31346"},{"taxonomy":"product_tag","embeddable":true,"href":"https:\/\/sakaba.mghosteur.com\/en\/wp-json\/wp\/v2\/product_tag?post=31346"}],"curies":[{"name":"wp","href":"https:\/\/api.w.org\/{rel}","templated":true}]}}