{"id":31350,"date":"2024-05-10T10:36:29","date_gmt":"2024-05-10T10:36:29","guid":{"rendered":"https:\/\/sakaba.mghosteur.com\/?post_type=product&#038;p=31350"},"modified":"2024-06-13T13:45:53","modified_gmt":"2024-06-13T13:45:53","slug":"paula-choice-barrier-repair-advanced-moisturizer-50ml","status":"publish","type":"product","link":"https:\/\/sakaba.mghosteur.com\/en\/product\/paula-choice-barrier-repair-advanced-moisturizer-50ml\/","title":{"rendered":"PAULA CHOICE BARRIER REPAIR ADVANCED MOISTURIZER 50ml"},"content":{"rendered":"<p>Hydratant Avanc\u00e9 R\u00e9parateur de Barri\u00e8re<\/p>\n<p>D\u00e9couvrez cet hydratant r\u00e9parateur avanc\u00e9, con\u00e7u pour renforcer, lisser et am\u00e9liorer la barri\u00e8re d\u00e9licate de votre peau en seulement 30 minutes. Cliniquement prouv\u00e9 pour son efficacit\u00e9 dans l&#8217;am\u00e9lioration de la barri\u00e8re cutan\u00e9e, ce produit offre une hydratation continue tout au long de la journ\u00e9e, pr\u00e9venant ainsi la perte d\u2019humidit\u00e9. Sa formule sp\u00e9ciale raffermit visiblement la peau et soutient son \u00e9lasticit\u00e9, vous offrant ainsi une apparence plus jeune et plus radieuse. Sa texture l\u00e9g\u00e8re et son fini ros\u00e9 en font un choix id\u00e9al pour tous les types de peau.<\/p>","protected":false},"excerpt":{"rendered":"<p>Hydratant Avanc\u00e9 R\u00e9parateur de Barri\u00e8re D\u00e9couvrez cet hydratant r\u00e9parateur avanc\u00e9, con\u00e7u pour renforcer, lisser et am\u00e9liorer la barri\u00e8re d\u00e9licate de votre peau en seulement 30 minutes. Cliniquement prouv\u00e9 pour son efficacit\u00e9 dans l&#8217;am\u00e9lioration de la barri\u00e8re cutan\u00e9e, ce produit offre une hydratation continue tout au long de la journ\u00e9e, pr\u00e9venant ainsi la perte d\u2019humidit\u00e9. Sa<span class=\"read-more-faq\"><a href=\"https:\/\/sakaba.mghosteur.com\/en\/product\/paula-choice-barrier-repair-advanced-moisturizer-50ml\/\">Read More<\/a><\/span><\/p>","protected":false},"featured_media":0,"comment_status":"open","ping_status":"closed","template":"","meta":[],"product_brand":[951],"product_cat":[331,451],"product_tag":[],"class_list":{"0":"post-31350","1":"product","2":"type-product","3":"status-publish","5":"product_brand-paula-choice","6":"product_cat-hydratant-visage","7":"product_cat-aab-soin-du-visage","9":"first","10":"instock","11":"shipping-taxable","12":"product-type-simple"},"jetpack-related-posts":[{"id":31758,"url":"https:\/\/sakaba.mghosteur.com\/en\/product\/byoma-moisturing-rich-cream\/","url_meta":{"origin":31350,"position":0},"title":"BYOMA MOISTURING RICH CREAM","author":"admin","date":"May 10, 2024","format":false,"excerpt":"CR\u00c8ME RICHE HYDRATANTE HYDRATER ET RESTAURER 50 ML\/1,69 FL.OZ Cette cr\u00e8me riche et profond\u00e9ment hydratante fond sur la peau pour une hydratation intense et une am\u00e9lioration de la texture cutan\u00e9e, offrant des r\u00e9sultats repulp\u00e9s et souples ainsi qu'une barri\u00e8re cutan\u00e9e plus forte. Le complexe tri-c\u00e9ramide, compos\u00e9 de c\u00e9ramides, de cholest\u00e9rol\u2026","rel":"","context":"Similar post","block_context":{"text":"Similar post","link":""},"img":{"alt_text":"","src":"","width":0,"height":0},"classes":[]},{"id":31603,"url":"https:\/\/sakaba.mghosteur.com\/en\/product\/the-ordinary-soothing-barrier-support\/","url_meta":{"origin":31350,"position":1},"title":"The Ordinary SOOTHING &amp; BARRIER SUPPORT","author":"admin","date":"May 10, 2024","format":false,"excerpt":"D\u00e9couvrez le S\u00e9rum de Soutien Apaisant et Barri\u00e8re, une solution multi-active cibl\u00e9e pour apaiser la peau irrit\u00e9e. Ce s\u00e9rum innovant aide \u00e0 restaurer la barri\u00e8re cutan\u00e9e en seulement 2 heures*, offrant un boost imm\u00e9diat de 86%** d'hydratation pour une peau confortable et apais\u00e9e. Gr\u00e2ce \u00e0 sa formulation avanc\u00e9e contenant plusieurs\u2026","rel":"","context":"Similar post","block_context":{"text":"Similar post","link":""},"img":{"alt_text":"","src":"","width":0,"height":0},"classes":[]},{"id":23897,"url":"https:\/\/sakaba.mghosteur.com\/en\/product\/cerave-itch-relief-moisturizing-lotion\/","url_meta":{"origin":31350,"position":2},"title":"CERAVE  ITCH RELIEF MOISTURIZING LOTION","author":"admin","date":"November 9, 2022","format":false,"excerpt":"La lotion hydratante anti-d\u00e9mangeaisons de la marque CeraVe est la solution id\u00e9ale pour soulager rapidement et efficacement les d\u00e9mangeaisons associ\u00e9es \u00e0 la peau s\u00e8che, les irritations cutan\u00e9es mineures, les piq\u00fbres d'insectes et les coups de soleil. Formul\u00e9e avec 1 % de chlorhydrate de pramoxine, cette lotion procure un soulagement temporaire,\u2026","rel":"","context":"Similar post","block_context":{"text":"Similar post","link":""},"img":{"alt_text":"","src":"","width":0,"height":0},"classes":[]},{"id":24138,"url":"https:\/\/sakaba.mghosteur.com\/en\/product\/jergens-enriching-shea-butter\/","url_meta":{"origin":31350,"position":3},"title":"JERGENS ENRICHING SHEA BUTTER","author":"admin","date":"November 9, 2022","format":false,"excerpt":"La lotion pour le corps et les mains enrichissante au beurre de karit\u00e9 de Jergens de Satin Skin est un hydratant en profondeur qui revitalise la peau terne et s\u00e8che. Sa formule l\u00e9g\u00e8rement parfum\u00e9e hydrate et renforce la brillance de la peau, la laissant 3 fois plus \u00e9clatante. Cette formule\u2026","rel":"","context":"Similar post","block_context":{"text":"Similar post","link":""},"img":{"alt_text":"","src":"","width":0,"height":0},"classes":[]},{"id":31752,"url":"https:\/\/sakaba.mghosteur.com\/en\/product\/byoma-hydrating-serum\/","url_meta":{"origin":31350,"position":4},"title":"BYOMA HYDRATING SERUM","author":"admin","date":"May 10, 2024","format":false,"excerpt":"S\u00e9rum Hydratant Offrez \u00e0 votre peau le luxe d'une hydratation profonde et d'une r\u00e9paration efficace avec ce s\u00e9rum hydratant de qualit\u00e9 sup\u00e9rieure. Chaque goutte de ce s\u00e9rum est un concentr\u00e9 de bienfaits pour votre peau, lui donnant une apparence rebondie et \u00e9clatante tout en renfor\u00e7ant sa barri\u00e8re cutan\u00e9e. Ce s\u00e9rum\u2026","rel":"","context":"Similar post","block_context":{"text":"Similar post","link":""},"img":{"alt_text":"","src":"","width":0,"height":0},"classes":[]},{"id":27226,"url":"https:\/\/sakaba.mghosteur.com\/en\/product\/the-ordinary-coffret-the-balance-set\/","url_meta":{"origin":31350,"position":5},"title":"THE ORDINARY COFFRET THE BALANCE SET","author":"admin","date":"November 29, 2022","format":false,"excerpt":"L'ensemble d'\u00e9quilibre de The Ordinary est un coffret de produits de soin de la peau con\u00e7u pour clarifier et \u00e9quilibrer votre peau. Il comprend quatre produits cl\u00e9s qui travaillent en tandem pour am\u00e9liorer l'apparence et la texture de votre peau. Le nettoyant d\u00e9maquillant hydratant au squalane est un nettoyant doux\u2026","rel":"","context":"Similar post","block_context":{"text":"Similar post","link":""},"img":{"alt_text":"","src":"","width":0,"height":0},"classes":[]}],"_links":{"self":[{"href":"https:\/\/sakaba.mghosteur.com\/en\/wp-json\/wp\/v2\/product\/31350","targetHints":{"allow":["GET"]}}],"collection":[{"href":"https:\/\/sakaba.mghosteur.com\/en\/wp-json\/wp\/v2\/product"}],"about":[{"href":"https:\/\/sakaba.mghosteur.com\/en\/wp-json\/wp\/v2\/types\/product"}],"replies":[{"embeddable":true,"href":"https:\/\/sakaba.mghosteur.com\/en\/wp-json\/wp\/v2\/comments?post=31350"}],"version-history":[{"count":0,"href":"https:\/\/sakaba.mghosteur.com\/en\/wp-json\/wp\/v2\/product\/31350\/revisions"}],"wp:attachment":[{"href":"https:\/\/sakaba.mghosteur.com\/en\/wp-json\/wp\/v2\/media?parent=31350"}],"wp:term":[{"taxonomy":"product_brand","embeddable":true,"href":"https:\/\/sakaba.mghosteur.com\/en\/wp-json\/wp\/v2\/product_brand?post=31350"},{"taxonomy":"product_cat","embeddable":true,"href":"https:\/\/sakaba.mghosteur.com\/en\/wp-json\/wp\/v2\/product_cat?post=31350"},{"taxonomy":"product_tag","embeddable":true,"href":"https:\/\/sakaba.mghosteur.com\/en\/wp-json\/wp\/v2\/product_tag?post=31350"}],"curies":[{"name":"wp","href":"https:\/\/api.w.org\/{rel}","templated":true}]}}