{"id":31351,"date":"2024-05-10T10:41:47","date_gmt":"2024-05-10T10:41:47","guid":{"rendered":"https:\/\/sakaba.mghosteur.com\/?post_type=product&#038;p=31351"},"modified":"2024-08-07T00:20:53","modified_gmt":"2024-08-07T00:20:53","slug":"beauty-of-joseon-ginseng-cleansing-oil","status":"publish","type":"product","link":"https:\/\/sakaba.mghosteur.com\/en\/product\/beauty-of-joseon-ginseng-cleansing-oil\/","title":{"rendered":"BEAUTY OF JOSEON &#8211; GINSENG CLEANSING OIL"},"content":{"rendered":"<p>Huile D\u00e9maquillante au Ginseng<\/p>\n<p>Description du produit :<\/p>\n<p>Chez Beauty of Joseon, le nettoyage est consid\u00e9r\u00e9 comme l&#8217;\u00e9tape primordiale des soins de la peau. En n\u00e9gliger l&#8217;importance peut entra\u00eener l&#8217;accumulation d&#8217;impuret\u00e9s cutan\u00e9es et de s\u00e9bum dans les pores, potentiellement susceptibles de causer une inflammation cutan\u00e9e. Notre huile d\u00e9maquillante \u00e9mulsionne et \u00e9limine en douceur ces impuret\u00e9s, laissant votre teint propre et rafra\u00eechi.<\/p>\n<p>Au fil du temps, notre \u00e9quipe a test\u00e9 de nombreux produits afin de trouver la base d&#8217;huile parfaite pour notre solution d\u00e9maquillante. Nous avons choisi l&#8217;huile de Glycine Soja pour ses propri\u00e9t\u00e9s nettoyantes l\u00e9g\u00e8res mais efficaces, \u00e9liminant avec succ\u00e8s la salet\u00e9, le s\u00e9bum et les r\u00e9sidus de maquillage. Enrichie en huile de graines de ginseng, notre huile d\u00e9maquillante offre un parfum subtil et apaisant, transformant ainsi votre routine de soins de la peau en un rituel paisible.<\/p>\n<p>L&#8217;huile de soja utilis\u00e9e comme ingr\u00e9dient de base dissout en douceur la salet\u00e9, les d\u00e9chets et les r\u00e9sidus de maquillage qui s&#8217;accumulent sur la peau, permettant un nettoyage en profondeur.<\/p>\n<p>Technologie micellaire de nettoyage :<\/p>\n<p>La micelle est une particule compos\u00e9e d&#8217;eau et d&#8217;huile. Au contact de la peau, les mol\u00e9cules d&#8217;huile attirent et absorbent les d\u00e9chets et les r\u00e9sidus de maquillage comme un aimant, tout en hydratant profond\u00e9ment la peau.<\/p>\n<p>Comment utiliser :<\/p>\n<p>Apr\u00e8s avoir pomp\u00e9 l&#8217;huile d\u00e9maquillante 1 \u00e0 2 fois, massez doucement sur un visage sec. Rincez ensuite d\u00e9licatement \u00e0 l&#8217;eau ti\u00e8de et nettoyez \u00e0 nouveau avec une mousse nettoyante<\/p>","protected":false},"excerpt":{"rendered":"<p>Huile D\u00e9maquillante au Ginseng Description du produit : Chez Beauty of Joseon, le nettoyage est consid\u00e9r\u00e9 comme l&#8217;\u00e9tape primordiale des soins de la peau. En n\u00e9gliger l&#8217;importance peut entra\u00eener l&#8217;accumulation d&#8217;impuret\u00e9s cutan\u00e9es et de s\u00e9bum dans les pores, potentiellement susceptibles de causer une inflammation cutan\u00e9e. Notre huile d\u00e9maquillante \u00e9mulsionne et \u00e9limine en douceur ces impuret\u00e9s,<span class=\"read-more-faq\"><a href=\"https:\/\/sakaba.mghosteur.com\/en\/product\/beauty-of-joseon-ginseng-cleansing-oil\/\">Read More<\/a><\/span><\/p>","protected":false},"featured_media":0,"comment_status":"open","ping_status":"closed","template":"","meta":[],"product_brand":[797],"product_cat":[324,1018,451],"product_tag":[],"class_list":{"0":"post-31351","1":"product","2":"type-product","3":"status-publish","5":"product_brand-beauty-of-joseon","6":"product_cat-demaquillant-nettoyant","7":"product_cat-aai-produis-coreens","8":"product_cat-aab-soin-du-visage","10":"first","11":"instock","12":"shipping-taxable","13":"product-type-simple"},"jetpack-related-posts":[{"id":30218,"url":"https:\/\/sakaba.mghosteur.com\/en\/product\/beauty-of-joseon-ginseng-cleansing\/","url_meta":{"origin":31351,"position":0},"title":"BEAUTY OF JOSEON &#8211; GINSENG CLEANSING","author":"admin","date":"May 4, 2023","format":false,"excerpt":"D\u00e9couvrez l'huile d\u00e9maquillante au ginseng de la marque Beauty of Joseon pour une exp\u00e9rience de nettoyage en profondeur de votre peau. Contrairement \u00e0 d'autres huiles nettoyantes disponibles sur le march\u00e9, notre formule contient de l'huile de Glycine Soja, une base l\u00e9g\u00e8re et efficace pour \u00e9liminer en douceur la salet\u00e9, le\u2026","rel":"","context":"Similar post","block_context":{"text":"Similar post","link":""},"img":{"alt_text":"","src":"","width":0,"height":0},"classes":[]},{"id":30300,"url":"https:\/\/sakaba.mghosteur.com\/en\/product\/beauty-of-joseon-radiance-cleansing-balm\/","url_meta":{"origin":31351,"position":1},"title":"BEAUTY OF JOSEON RADIANCE CLEANSING BALM","author":"admin","date":"May 8, 2023","format":false,"excerpt":"Description du produit : Baume Nettoyant \u00c9clat de la marque BEAUTY OF JOSEON Le Baume Nettoyant \u00c9clat est un produit nettoyant \u00e0 base d'huile de type baume qui fond doucement sur la peau pour \u00e9liminer en douceur le maquillage, l'exc\u00e8s de s\u00e9bum et les impuret\u00e9s. Sa texture baume solide est\u2026","rel":"","context":"Similar post","block_context":{"text":"Similar post","link":""},"img":{"alt_text":"","src":"","width":0,"height":0},"classes":[]},{"id":24551,"url":"https:\/\/sakaba.mghosteur.com\/en\/product\/clean-clear-morning-burst-facial-cleanser\/","url_meta":{"origin":31351,"position":2},"title":"CLEAN &amp; CLEAR MORNING BURST FACIAL CLEANSER","author":"admin","date":"November 10, 2022","format":false,"excerpt":"Le nettoyant visage Clean & Clear Morning Burst nourrit la peau tout en \u00e9liminant la salet\u00e9, le s\u00e9bum et les impuret\u00e9s qui s'accumulent pendant la nuit. Con\u00e7u pour nettoyer et dynamiser, ce nettoyant visage quotidien sans huile \u00e9limine en douceur les cellules mortes de la peau et nettoie la peau.\u2026","rel":"","context":"Similar post","block_context":{"text":"Similar post","link":""},"img":{"alt_text":"","src":"","width":0,"height":0},"classes":[]},{"id":27620,"url":"https:\/\/sakaba.mghosteur.com\/en\/product\/ginseng-essence-water\/","url_meta":{"origin":31351,"position":3},"title":"GINSENG ESSENCE WATER","author":"admin","date":"November 29, 2022","format":false,"excerpt":"D\u00e9couvrez l'eau d'essence de ginseng de la marque Beauty of Joseon, un produit \u00e0 base de plantes naturelles qui a \u00e9t\u00e9 utilis\u00e9 pendant des si\u00e8cles pour am\u00e9liorer la sant\u00e9 et la beaut\u00e9 de la peau cor\u00e9enne. Cette essence contient 80% d'eau de ginseng pour offrir une hydratation et une nutrition\u2026","rel":"","context":"Similar post","block_context":{"text":"Similar post","link":""},"img":{"alt_text":"","src":"","width":0,"height":0},"classes":[]},{"id":33336,"url":"https:\/\/sakaba.mghosteur.com\/en\/product\/biore-blue-baking-soda-10-oz\/","url_meta":{"origin":31351,"position":4},"title":"BIORE BLUE + BAKING SODA CLEANSING MICELLAR WATER 296ml","author":"admin","date":"May 21, 2024","format":false,"excerpt":"Enl\u00e8ve tout! L'eau micellaire nettoyante Bior\u00e9 Blue Agave & Baking Soda est un doux rafra\u00eechissement pour le visage tout-en-un qui \u00e9limine le maquillage, la salet\u00e9 et les impuret\u00e9s. Aucun rin\u00e7age requis\u00a0! Cette eau micellaire nettoyante douce \u00e9limine la salet\u00e9 et le maquillage en profondeur en une seule \u00e9tape. NETTOYANT DOUX\u2026","rel":"","context":"Similar post","block_context":{"text":"Similar post","link":""},"img":{"alt_text":"","src":"","width":0,"height":0},"classes":[]},{"id":24009,"url":"https:\/\/sakaba.mghosteur.com\/en\/product\/neutrogena-hydro-boost-hydrating-cleansing-gel\/","url_meta":{"origin":31351,"position":5},"title":"NEUTROGENA HYDRO BOOST HYDRATING CLEANSING GEL","author":"admin","date":"November 9, 2022","format":false,"excerpt":"D\u00e9couvrez le Gel Nettoyant et D\u00e9maquillant sans Huile de Neutrogena, le compagnon parfait pour une peau d'apparence saine et hydrat\u00e9e. Ce nettoyant pour le visage l\u00e9ger est formul\u00e9 avec de l'acide hyaluronique, offrant une hydratation en profondeur pour une peau douce et \u00e9clatante. Il \u00e9limine efficacement les impuret\u00e9s, l'exc\u00e8s de\u2026","rel":"","context":"Similar post","block_context":{"text":"Similar post","link":""},"img":{"alt_text":"","src":"","width":0,"height":0},"classes":[]}],"_links":{"self":[{"href":"https:\/\/sakaba.mghosteur.com\/en\/wp-json\/wp\/v2\/product\/31351","targetHints":{"allow":["GET"]}}],"collection":[{"href":"https:\/\/sakaba.mghosteur.com\/en\/wp-json\/wp\/v2\/product"}],"about":[{"href":"https:\/\/sakaba.mghosteur.com\/en\/wp-json\/wp\/v2\/types\/product"}],"replies":[{"embeddable":true,"href":"https:\/\/sakaba.mghosteur.com\/en\/wp-json\/wp\/v2\/comments?post=31351"}],"version-history":[{"count":0,"href":"https:\/\/sakaba.mghosteur.com\/en\/wp-json\/wp\/v2\/product\/31351\/revisions"}],"wp:attachment":[{"href":"https:\/\/sakaba.mghosteur.com\/en\/wp-json\/wp\/v2\/media?parent=31351"}],"wp:term":[{"taxonomy":"product_brand","embeddable":true,"href":"https:\/\/sakaba.mghosteur.com\/en\/wp-json\/wp\/v2\/product_brand?post=31351"},{"taxonomy":"product_cat","embeddable":true,"href":"https:\/\/sakaba.mghosteur.com\/en\/wp-json\/wp\/v2\/product_cat?post=31351"},{"taxonomy":"product_tag","embeddable":true,"href":"https:\/\/sakaba.mghosteur.com\/en\/wp-json\/wp\/v2\/product_tag?post=31351"}],"curies":[{"name":"wp","href":"https:\/\/api.w.org\/{rel}","templated":true}]}}