{"id":31356,"date":"2024-05-10T10:46:05","date_gmt":"2024-05-10T10:46:05","guid":{"rendered":"https:\/\/sakaba.mghosteur.com\/?post_type=product&#038;p=31356"},"modified":"2024-08-07T19:39:45","modified_gmt":"2024-08-07T19:39:45","slug":"beauty-of-joseon-calming-serum-green-tea-panthenol","status":"publish","type":"product","link":"https:\/\/sakaba.mghosteur.com\/en\/product\/beauty-of-joseon-calming-serum-green-tea-panthenol\/","title":{"rendered":"BEAUTY OF JOSEON CALMING SERUM GREEN TEA + PANTHENOL"},"content":{"rendered":"<p>S\u00e9rum Apaisant : Th\u00e9 vert + Panth\u00e9nol<\/p>\n<p>Ce produit est sp\u00e9cialement con\u00e7u pour soulager les sensations d&#8217;inconfort cutan\u00e9 caus\u00e9es par divers facteurs externes tels que l&#8217;exposition aux rayons UV.<\/p>\n<p>Les ingr\u00e9dients principaux choisis sont le th\u00e9 vert, reconnu pour ses propri\u00e9t\u00e9s antioxydantes, et l&#8217;armoise, une plante r\u00e9put\u00e9e pour ses vertus apaisantes pour la peau. Le panth\u00e9nol est \u00e9galement int\u00e9gr\u00e9 pour renforcer et am\u00e9liorer les propri\u00e9t\u00e9s protectrices de ces \u00e9l\u00e9ments. Ensemble, le th\u00e9 vert et l&#8217;armoise hydratent et apaisent la peau, tandis que le panth\u00e9nol forme un bouclier hydratant, r\u00e9duisant ainsi les risques d&#8217;irritation suppl\u00e9mentaire.<\/p>\n<p>Renouvellement : Effets apaisants et hydratants renforc\u00e9s. Nous avons enrichi la formule en ajoutant 30 % d&#8217;extrait d&#8217;armoise pour intensifier l&#8217;action apaisante du S\u00e9rum Apaisant. De plus, la concentration de panth\u00e9nol, qui prot\u00e8ge la peau des agressions ext\u00e9rieures, a \u00e9t\u00e9 augment\u00e9e de 2 % \u00e0 5 % pour une hydratation am\u00e9lior\u00e9e et une protection suppl\u00e9mentaire contre l&#8217;humidit\u00e9. Cette nouvelle formulation revitalis\u00e9e maximise les bienfaits hydratants et apaisants de la version originale.<\/p>\n<p>Mode d&#8217;emploi : Appliquez 2 \u00e0 3 gouttes de s\u00e9rum sur la peau et tapotez doucement pour favoriser son absorption.<\/p>","protected":false},"excerpt":{"rendered":"<p>S\u00e9rum Apaisant : Th\u00e9 vert + Panth\u00e9nol Ce produit est sp\u00e9cialement con\u00e7u pour soulager les sensations d&#8217;inconfort cutan\u00e9 caus\u00e9es par divers facteurs externes tels que l&#8217;exposition aux rayons UV. Les ingr\u00e9dients principaux choisis sont le th\u00e9 vert, reconnu pour ses propri\u00e9t\u00e9s antioxydantes, et l&#8217;armoise, une plante r\u00e9put\u00e9e pour ses vertus apaisantes pour la peau. Le<span class=\"read-more-faq\"><a href=\"https:\/\/sakaba.mghosteur.com\/en\/product\/beauty-of-joseon-calming-serum-green-tea-panthenol\/\">Read More<\/a><\/span><\/p>","protected":false},"featured_media":0,"comment_status":"open","ping_status":"closed","template":"","meta":[],"product_brand":[797],"product_cat":[292,1018,451,334],"product_tag":[],"class_list":{"0":"post-31356","1":"product","2":"type-product","3":"status-publish","5":"product_brand-beauty-of-joseon","6":"product_cat-peaux-sensibles","7":"product_cat-aai-produis-coreens","8":"product_cat-aab-soin-du-visage","9":"product_cat-traitement-serum","11":"first","12":"instock","13":"shipping-taxable","14":"product-type-simple"},"jetpack-related-posts":[{"id":31581,"url":"https:\/\/sakaba.mghosteur.com\/en\/product\/cosrx-the-retinol-super-vitamine-e-panthenol\/","url_meta":{"origin":31356,"position":0},"title":"COSRX THE RETINOL SUPER VITAMINE E + PANTHENOL","author":"admin","date":"May 10, 2024","format":false,"excerpt":"D\u00e9couvrez la cr\u00e8me The Retinol 0.1 Cream de COSRX, un incontournable pour votre routine de soin. Sa formule unique associe 0,1 % de r\u00e9tinol anti-\u00e2ge \u00e0 des actifs apaisants et hydratants, tels que la vitamine E et le panth\u00e9nol. Gr\u00e2ce \u00e0 cette combinaison, cette cr\u00e8me assure une initiation en douceur\u2026","rel":"","context":"Similar post","block_context":{"text":"Similar post","link":""},"img":{"alt_text":"","src":"","width":0,"height":0},"classes":[]},{"id":31466,"url":"https:\/\/sakaba.mghosteur.com\/en\/product\/tirtit-milk-skin-toner-refreshing-skin-150ml\/","url_meta":{"origin":31356,"position":1},"title":"TIRTIR MILK SKIN TONER REFRESHING SKIN 150ml","author":"admin","date":"May 10, 2024","format":false,"excerpt":"Offrez \u00e0 votre peau une hydratation intense, combattez efficacement la s\u00e9cheresse et la fatigue, tout en procurant une sensation apaisante in\u00e9gal\u00e9e pour obtenir ce teint convoit\u00e9 de peau de verre. [SOUTIEN DE LA BARRI\u00c8RE CUTAN\u00c9E] Renforcez la barri\u00e8re protectrice de votre peau pour att\u00e9nuer la s\u00e9cheresse et b\u00e9n\u00e9ficier aux peaux\u2026","rel":"","context":"Similar post","block_context":{"text":"Similar post","link":""},"img":{"alt_text":"","src":"","width":0,"height":0},"classes":[]},{"id":31433,"url":"https:\/\/sakaba.mghosteur.com\/en\/product\/numbuzin-5-vitamin-concentrated-serum-30ml\/","url_meta":{"origin":31356,"position":2},"title":"NUMBUZIN 5+ VITAMIN CONCENTRATED SERUM 30ML","author":"admin","date":"May 10, 2024","format":false,"excerpt":"D\u00e9couvrez le S\u00e9rum Concentr\u00e9 Vitamine No.5, une fusion de puissants antioxydants tels que le glutathion et la niacinamide. Ce s\u00e9rum de 30 ml est con\u00e7u pour unifier et hydrater votre peau tout en lui apportant une protection sup\u00e9rieure. Sa formule innovante associe des ingr\u00e9dients \u00e9claircissants comme l'alpha-arbutine et la vitamine\u2026","rel":"","context":"Similar post","block_context":{"text":"Similar post","link":""},"img":{"alt_text":"","src":"","width":0,"height":0},"classes":[]},{"id":56144,"url":"https:\/\/sakaba.mghosteur.com\/en\/product\/anua-rice-70-glow-milky-toner\/","url_meta":{"origin":31356,"position":3},"title":"Anua Rice 70 Glow Milky Toner","author":"Sope DIA","date":"January 2, 2026","format":false,"excerpt":"LOTION TONIQUE LAIT\u00c9E L\u00c9G\u00c8RE POUR UNE PEAU DE VERRE : Offre une hydratation intense gr\u00e2ce \u00e0 un m\u00e9lange d'eau de riz, de niacinamide et de c\u00e9ramides, tout en laissant un fini rafra\u00eechissant et non collant pour une peau de verre. EAU DE RIZ ET NIACINAMIDE POUR HYDRATER : Contient 70\u2026","rel":"","context":"Similar post","block_context":{"text":"Similar post","link":""},"img":{"alt_text":"","src":"","width":0,"height":0},"classes":[]},{"id":56196,"url":"https:\/\/sakaba.mghosteur.com\/en\/product\/dr-althea-345-relief-cream\/","url_meta":{"origin":31356,"position":4},"title":"Dr. Althea 345 Relief Cream","author":"Sope DIA","date":"January 2, 2026","format":false,"excerpt":"Hydratation intense et soulagement imm\u00e9diat \u2013 La texture gel procure une hydratation profonde sans alourdir la peau. Avec de la niacinamide et du panth\u00e9nol \u2013 Aide \u00e0 apaiser les irritations, \u00e0 renforcer la barri\u00e8re cutan\u00e9e et \u00e0 am\u00e9liorer l\u2019\u00e9clat de la peau. P\u00e9n\u00e8tre rapidement et fini non gras \u2013 Id\u00e9al\u2026","rel":"","context":"Similar post","block_context":{"text":"Similar post","link":""},"img":{"alt_text":"","src":"","width":0,"height":0},"classes":[]},{"id":56135,"url":"https:\/\/sakaba.mghosteur.com\/en\/product\/anua-heartleaf-70-intense-calming-cream\/","url_meta":{"origin":31356,"position":5},"title":"Anua Heartleaf 70 Intense Calming Cream","author":"Sope DIA","date":"January 2, 2026","format":false,"excerpt":"LOTION TONIQUE APAISANTE POUR LE VISAGE \u2013 Enrichie en extrait de feuille de c\u0153ur \u00e0 la plus haute concentration, reconnu pour ses effets calmants, cette lotion tonique est con\u00e7ue pour apaiser, tonifier, hydrater et \u00e9quilibrer le pH de la peau. R\u00c9PARE LA BARRI\u00c8RE CUTAN\u00c9E ENDOMMAG\u00c9E \u2013 Contient des c\u00e9ramides et\u2026","rel":"","context":"Similar post","block_context":{"text":"Similar post","link":""},"img":{"alt_text":"","src":"","width":0,"height":0},"classes":[]}],"_links":{"self":[{"href":"https:\/\/sakaba.mghosteur.com\/en\/wp-json\/wp\/v2\/product\/31356","targetHints":{"allow":["GET"]}}],"collection":[{"href":"https:\/\/sakaba.mghosteur.com\/en\/wp-json\/wp\/v2\/product"}],"about":[{"href":"https:\/\/sakaba.mghosteur.com\/en\/wp-json\/wp\/v2\/types\/product"}],"replies":[{"embeddable":true,"href":"https:\/\/sakaba.mghosteur.com\/en\/wp-json\/wp\/v2\/comments?post=31356"}],"version-history":[{"count":0,"href":"https:\/\/sakaba.mghosteur.com\/en\/wp-json\/wp\/v2\/product\/31356\/revisions"}],"wp:attachment":[{"href":"https:\/\/sakaba.mghosteur.com\/en\/wp-json\/wp\/v2\/media?parent=31356"}],"wp:term":[{"taxonomy":"product_brand","embeddable":true,"href":"https:\/\/sakaba.mghosteur.com\/en\/wp-json\/wp\/v2\/product_brand?post=31356"},{"taxonomy":"product_cat","embeddable":true,"href":"https:\/\/sakaba.mghosteur.com\/en\/wp-json\/wp\/v2\/product_cat?post=31356"},{"taxonomy":"product_tag","embeddable":true,"href":"https:\/\/sakaba.mghosteur.com\/en\/wp-json\/wp\/v2\/product_tag?post=31356"}],"curies":[{"name":"wp","href":"https:\/\/api.w.org\/{rel}","templated":true}]}}