{"id":31362,"date":"2024-05-10T10:47:50","date_gmt":"2024-05-10T10:47:50","guid":{"rendered":"https:\/\/sakaba.mghosteur.com\/?post_type=product&#038;p=31362"},"modified":"2024-08-07T19:40:18","modified_gmt":"2024-08-07T19:40:18","slug":"beauty-of-joseon-dynasty-cream-50ml","status":"publish","type":"product","link":"https:\/\/sakaba.mghosteur.com\/en\/product\/beauty-of-joseon-dynasty-cream-50ml\/","title":{"rendered":"BEAUTY OF JOSEON DYNASTY CREAM 50ML"},"content":{"rendered":"<p>Dynasty Cream<\/p>\n<p>D\u00e9couvrez la &#8220;Dynasty Cream&#8221;, le tout premier produit de la gamme Beauty of Joseon. Cette cr\u00e8me est un favori de longue date parmi nos clients. Sa texture ferme et onctueuse hydrate et nourrit votre peau en profondeur et durablement. Remplie d&#8217;ingr\u00e9dients b\u00e9n\u00e9fiques tels que l&#8217;eau de son de riz, l&#8217;eau de ginseng, le squalane et la niacinamide, cette cr\u00e8me tout-en-un contribue \u00e0 maintenir votre peau saine, hydrat\u00e9e et \u00e9quilibr\u00e9e. Sa texture ferme p\u00e9n\u00e8tre profond\u00e9ment dans votre peau, fournissant une hydratation et une nutrition optimales.<\/p>\n<p>Hydratation longue dur\u00e9e Enrichie de 2 % de niacinamide et de 2 % de squalane, cette cr\u00e8me \u00e9quilibre le niveau d&#8217;huile et d&#8217;hydratation de votre peau tout en la prot\u00e9geant des agressions ext\u00e9rieures.<\/p>\n<p>Fini subtilement \u00e9clatant La Dynasty Cream offre un fini doux et lumineux qui cr\u00e9e un \u00e9clat naturel et sain, surtout lorsqu&#8217;elle est utilis\u00e9e en combinaison avec un fond de teint. Appliquez la quantit\u00e9 appropri\u00e9e de cette cr\u00e8me sur votre visage lors de la derni\u00e8re \u00e9tape de votre routine de soins. Tapotez d\u00e9licatement avec vos doigts pour une absorption optimale.<\/p>","protected":false},"excerpt":{"rendered":"<p>Dynasty Cream D\u00e9couvrez la &#8220;Dynasty Cream&#8221;, le tout premier produit de la gamme Beauty of Joseon. Cette cr\u00e8me est un favori de longue date parmi nos clients. Sa texture ferme et onctueuse hydrate et nourrit votre peau en profondeur et durablement. Remplie d&#8217;ingr\u00e9dients b\u00e9n\u00e9fiques tels que l&#8217;eau de son de riz, l&#8217;eau de ginseng, le<span class=\"read-more-faq\"><a href=\"https:\/\/sakaba.mghosteur.com\/en\/product\/beauty-of-joseon-dynasty-cream-50ml\/\">Read More<\/a><\/span><\/p>","protected":false},"featured_media":0,"comment_status":"open","ping_status":"closed","template":"","meta":[],"product_brand":[797],"product_cat":[1095,331,1018,451],"product_tag":[],"class_list":{"0":"post-31362","1":"product","2":"type-product","3":"status-publish","5":"product_brand-beauty-of-joseon","6":"product_cat-anti-age","7":"product_cat-hydratant-visage","8":"product_cat-aai-produis-coreens","9":"product_cat-aab-soin-du-visage","11":"first","12":"instock","13":"shipping-taxable","14":"product-type-simple"},"jetpack-related-posts":[{"id":31388,"url":"https:\/\/sakaba.mghosteur.com\/en\/product\/beauty-of-joseon-red-bean-water-gel-100ml\/","url_meta":{"origin":31362,"position":0},"title":"BEAUTY OF JOSEON RED BEAN WATER GEL 100ML","author":"admin","date":"May 10, 2024","format":false,"excerpt":"Red Bean Water Gel Ce qu'il est \u00c0 mesure que la peau m\u00fbrit, elle a tendance \u00e0 perdre de l\u2019humidit\u00e9 et du s\u00e9bum, ce qui facilite la formation des rides. Lorsque la peau manque d\u2019hydratation, elle compense en produisant plus de s\u00e9bum pour se prot\u00e9ger. Ce d\u00e9s\u00e9quilibre peut augmenter le\u2026","rel":"","context":"Similar post","block_context":{"text":"Similar post","link":""},"img":{"alt_text":"","src":"","width":0,"height":0},"classes":[]},{"id":28041,"url":"https:\/\/sakaba.mghosteur.com\/en\/product\/biossance-squalane-omega-repair-cream\/","url_meta":{"origin":31362,"position":1},"title":"BIOSSANCE SQUALANE + OMEGA REPAIR CREAM","author":"admin","date":"November 29, 2022","format":false,"excerpt":"Cr\u00e8me visage ultra-hydratante, num\u00e9ro 1 des ventes aux USA, avec des c\u00e9ramides et des lipides biomim\u00e9tiques pour hydrater instantan\u00e9ment et am\u00e9liorer la r\u00e9tention d'humidit\u00e9 de la barri\u00e8re cutan\u00e9e en 1 semaine. Sa texture fouett\u00e9e luxueuse s'absorbe instantan\u00e9ment pour une peau visiblement lisse, douce et \u00e9clatante avec une am\u00e9lioration visible des\u2026","rel":"","context":"Similar post","block_context":{"text":"Similar post","link":""},"img":{"alt_text":"","src":"","width":0,"height":0},"classes":[]},{"id":29459,"url":"https:\/\/sakaba.mghosteur.com\/en\/product\/cosrx-hyaluronic-acid-intensive-cream\/","url_meta":{"origin":31362,"position":2},"title":"COSRX HYALURONIC ACID INTENSIVE CREAM","author":"admin","date":"April 4, 2023","format":false,"excerpt":"D\u00e9couvrez la Cr\u00e8me Intensive Acide Hyaluronique de la marque COSRX, le secret pour une peau souple et hydrat\u00e9e toute la journ\u00e9e ! Cette cr\u00e8me hydratante est con\u00e7ue pour augmenter la teneur en humidit\u00e9 de votre peau et la prot\u00e9ger contre la perte d'hydratation. Sa texture l\u00e9g\u00e8re et non grasse laisse\u2026","rel":"","context":"Similar post","block_context":{"text":"Similar post","link":""},"img":{"alt_text":"","src":"","width":0,"height":0},"classes":[]},{"id":27620,"url":"https:\/\/sakaba.mghosteur.com\/en\/product\/ginseng-essence-water\/","url_meta":{"origin":31362,"position":3},"title":"GINSENG ESSENCE WATER","author":"admin","date":"November 29, 2022","format":false,"excerpt":"D\u00e9couvrez l'eau d'essence de ginseng de la marque Beauty of Joseon, un produit \u00e0 base de plantes naturelles qui a \u00e9t\u00e9 utilis\u00e9 pendant des si\u00e8cles pour am\u00e9liorer la sant\u00e9 et la beaut\u00e9 de la peau cor\u00e9enne. Cette essence contient 80% d'eau de ginseng pour offrir une hydratation et une nutrition\u2026","rel":"","context":"Similar post","block_context":{"text":"Similar post","link":""},"img":{"alt_text":"","src":"","width":0,"height":0},"classes":[]},{"id":27358,"url":"https:\/\/sakaba.mghosteur.com\/en\/product\/the-inkey-list-omega-water-cream\/","url_meta":{"origin":31362,"position":4},"title":"THE INKEY LIST OMEGA WATER CREAM","author":"admin","date":"November 29, 2022","format":false,"excerpt":"La cr\u00e8me d'eau Om\u00e9ga de la marque The Inkey List est un hydratant l\u00e9ger et sans huile pour la peau. Sa formulation unique \u00e0 base d'eau et sans silicone aide \u00e0 maintenir une barri\u00e8re cutan\u00e9e saine pour une hydratation imm\u00e9diate et longue dur\u00e9e. Test\u00e9e dermatologiquement, elle contient un complexe d'acides\u2026","rel":"","context":"Similar post","block_context":{"text":"Similar post","link":""},"img":{"alt_text":"","src":"","width":0,"height":0},"classes":[]},{"id":24884,"url":"https:\/\/sakaba.mghosteur.com\/en\/product\/la-roche-posay-lipika-balm-ap\/","url_meta":{"origin":31362,"position":5},"title":"La Roche-Posay Lipika Balm AP+","author":"admin","date":"November 11, 2022","format":false,"excerpt":"D\u00e9couvrez Lipikar Balm AP+ Body Cream for Extra Dry Skin de La Roche-Posay, une cr\u00e8me hydratante sp\u00e9cialement con\u00e7ue pour nourrir en profondeur les peaux s\u00e8ches et sensibles. Cette cr\u00e8me pour le corps est enrichie en niacinamide et beurre de karit\u00e9 pour offrir une hydratation longue dur\u00e9e et apaiser les sympt\u00f4mes\u2026","rel":"","context":"Similar post","block_context":{"text":"Similar post","link":""},"img":{"alt_text":"","src":"","width":0,"height":0},"classes":[]}],"_links":{"self":[{"href":"https:\/\/sakaba.mghosteur.com\/en\/wp-json\/wp\/v2\/product\/31362","targetHints":{"allow":["GET"]}}],"collection":[{"href":"https:\/\/sakaba.mghosteur.com\/en\/wp-json\/wp\/v2\/product"}],"about":[{"href":"https:\/\/sakaba.mghosteur.com\/en\/wp-json\/wp\/v2\/types\/product"}],"replies":[{"embeddable":true,"href":"https:\/\/sakaba.mghosteur.com\/en\/wp-json\/wp\/v2\/comments?post=31362"}],"version-history":[{"count":0,"href":"https:\/\/sakaba.mghosteur.com\/en\/wp-json\/wp\/v2\/product\/31362\/revisions"}],"wp:attachment":[{"href":"https:\/\/sakaba.mghosteur.com\/en\/wp-json\/wp\/v2\/media?parent=31362"}],"wp:term":[{"taxonomy":"product_brand","embeddable":true,"href":"https:\/\/sakaba.mghosteur.com\/en\/wp-json\/wp\/v2\/product_brand?post=31362"},{"taxonomy":"product_cat","embeddable":true,"href":"https:\/\/sakaba.mghosteur.com\/en\/wp-json\/wp\/v2\/product_cat?post=31362"},{"taxonomy":"product_tag","embeddable":true,"href":"https:\/\/sakaba.mghosteur.com\/en\/wp-json\/wp\/v2\/product_tag?post=31362"}],"curies":[{"name":"wp","href":"https:\/\/api.w.org\/{rel}","templated":true}]}}