{"id":31373,"date":"2024-05-10T10:49:57","date_gmt":"2024-05-10T10:49:57","guid":{"rendered":"https:\/\/sakaba.mghosteur.com\/?post_type=product&#038;p=31373"},"modified":"2024-08-30T03:39:51","modified_gmt":"2024-08-30T03:39:51","slug":"paulas-choice-intensive-wrinkle-repair-retinol-serum","status":"publish","type":"product","link":"https:\/\/sakaba.mghosteur.com\/en\/product\/paulas-choice-intensive-wrinkle-repair-retinol-serum\/","title":{"rendered":"PAULA&#8217;S CHOICE INTENSIVE WRINKLE REPAIR RETINOL SERUM"},"content":{"rendered":"<p>S\u00e9rum Anti-\u00c2ge au R\u00e9tinol<\/p>\n<p>Pour celles et ceux qui cherchent \u00e0 pr\u00e9server la jeunesse de leur peau tout en att\u00e9nuant les signes visibles du temps, le S\u00e9rum Anti-\u00c2ge au R\u00e9tinol est un alli\u00e9 pr\u00e9cieux. Con\u00e7u pour tous les types de peau, il r\u00e9pond aux besoins de ceux souhaitant lutter contre les signes de l&#8217;\u00e2ge, les taches brunes, et les rougeurs cutan\u00e9es.<\/p>\n<p>Ce traitement cibl\u00e9 agit en profondeur pour r\u00e9parer les dommages caus\u00e9s par l&#8217;exposition au soleil, tout en offrant une action lissante sur les ridules. Sa formule sp\u00e9ciale convient particuli\u00e8rement aux peaux sensibles sujettes aux rougeurs, leur apportant confort et apaisement.<\/p>\n<p>Pour une utilisation optimale, appliquez quelques gouttes matin et\/ou soir apr\u00e8s le nettoyage de la peau, l&#8217;application de la lotion et de l&#8217;exfoliant. Massez d\u00e9licatement sur le visage, le cou et le contour des yeux, puis poursuivez avec votre cr\u00e8me hydratante habituelle. Pour une protection compl\u00e8te durant la journ\u00e9e, n&#8217;oubliez pas d&#8217;appliquer un \u00e9cran solaire avec un indice SPF30 minimum apr\u00e8s l&#8217;utilisation du s\u00e9rum.<\/p>","protected":false},"excerpt":{"rendered":"<p>S\u00e9rum Anti-\u00c2ge au R\u00e9tinol Pour celles et ceux qui cherchent \u00e0 pr\u00e9server la jeunesse de leur peau tout en att\u00e9nuant les signes visibles du temps, le S\u00e9rum Anti-\u00c2ge au R\u00e9tinol est un alli\u00e9 pr\u00e9cieux. Con\u00e7u pour tous les types de peau, il r\u00e9pond aux besoins de ceux souhaitant lutter contre les signes de l&#8217;\u00e2ge, les<span class=\"read-more-faq\"><a href=\"https:\/\/sakaba.mghosteur.com\/en\/product\/paulas-choice-intensive-wrinkle-repair-retinol-serum\/\">Read More<\/a><\/span><\/p>","protected":false},"featured_media":0,"comment_status":"open","ping_status":"closed","template":"","meta":[],"product_brand":[951],"product_cat":[1095,451,334],"product_tag":[],"class_list":{"0":"post-31373","1":"product","2":"type-product","3":"status-publish","5":"product_brand-paula-choice","6":"product_cat-anti-age","7":"product_cat-aab-soin-du-visage","8":"product_cat-traitement-serum","10":"first","11":"instock","12":"shipping-taxable","13":"product-type-simple"},"jetpack-related-posts":[{"id":29144,"url":"https:\/\/sakaba.mghosteur.com\/en\/product\/the-inkey-list-1-retinol-serum\/","url_meta":{"origin":31373,"position":0},"title":"THE INKEY LIST 1% RETINOL SERUM","author":"admin","date":"March 15, 2023","format":false,"excerpt":"Le s\u00e9rum R\u00e9tinol de la marque The Inkey List est un choix parfait pour tous ceux qui cherchent \u00e0 lutter contre les signes du vieillissement tout en obtenant une peau plus lumineuse et plus uniforme. Enrichi en r\u00e9tinol \u00e0 lib\u00e9ration lente, un d\u00e9riv\u00e9 de la vitamine A, ce s\u00e9rum est\u2026","rel":"","context":"Similar post","block_context":{"text":"Similar post","link":""},"img":{"alt_text":"","src":"","width":0,"height":0},"classes":[]},{"id":28972,"url":"https:\/\/sakaba.mghosteur.com\/en\/product\/the-ordinary-retinol-1-in-squalane-serum-water-free\/","url_meta":{"origin":31373,"position":1},"title":"The Ordinary Retinol 1% In Squalane Serum &#8211; Water Free","author":"admin","date":"March 8, 2023","format":false,"excerpt":"Le R\u00e9tinol 1% dans Squalane de The Ordinary est un traitement efficace pour am\u00e9liorer l'apparence des ridules et des rides dynamiques, tout en unifiant la texture et le teint de la peau. Il contient 1% de r\u00e9tinol et du squalane pour maintenir une hydratation en surface. Il est recommand\u00e9 de\u2026","rel":"","context":"Similar post","block_context":{"text":"Similar post","link":""},"img":{"alt_text":"","src":"","width":0,"height":0},"classes":[]},{"id":23957,"url":"https:\/\/sakaba.mghosteur.com\/en\/product\/cerave-skin-renewing-retinol-serum\/","url_meta":{"origin":31373,"position":2},"title":"CERAVE SKIN RENEWING RETINOL SERUM","author":"admin","date":"November 9, 2022","format":false,"excerpt":"Le s\u00e9rum r\u00e9g\u00e9n\u00e9rant au r\u00e9tinol pour la peau douce de CeraVe est un excellent choix pour votre routine de soins anti-\u00e2ge. Ce s\u00e9rum est sp\u00e9cialement formul\u00e9 pour am\u00e9liorer l'apparence des ridules et des rides, de la texture et de l'\u00e9clat de votre peau. En utilisant ce s\u00e9rum, vous pourrez b\u00e9n\u00e9ficier\u2026","rel":"","context":"Similar post","block_context":{"text":"Similar post","link":""},"img":{"alt_text":"","src":"","width":0,"height":0},"classes":[]},{"id":31581,"url":"https:\/\/sakaba.mghosteur.com\/en\/product\/cosrx-the-retinol-super-vitamine-e-panthenol\/","url_meta":{"origin":31373,"position":3},"title":"COSRX THE RETINOL SUPER VITAMINE E + PANTHENOL","author":"admin","date":"May 10, 2024","format":false,"excerpt":"D\u00e9couvrez la cr\u00e8me The Retinol 0.1 Cream de COSRX, un incontournable pour votre routine de soin. Sa formule unique associe 0,1 % de r\u00e9tinol anti-\u00e2ge \u00e0 des actifs apaisants et hydratants, tels que la vitamine E et le panth\u00e9nol. Gr\u00e2ce \u00e0 cette combinaison, cette cr\u00e8me assure une initiation en douceur\u2026","rel":"","context":"Similar post","block_context":{"text":"Similar post","link":""},"img":{"alt_text":"","src":"","width":0,"height":0},"classes":[]},{"id":26880,"url":"https:\/\/sakaba.mghosteur.com\/en\/product\/1-retinol-treatment-with-peptides-vitamin-c\/","url_meta":{"origin":31373,"position":4},"title":"1% RETINOL TREATMENT WITH PEPTIDES +VITAMIN C","author":"admin","date":"November 28, 2022","format":false,"excerpt":"Le traitement au R\u00e9tinol 1% de la marque Paula's Choice est une solution de r\u00e9tinol puissante qui hydrate et offre des avantages anti-\u00e2ge remarquables. Sa formulation unique avec un syst\u00e8me de lib\u00e9ration contr\u00f4l\u00e9e permet une absorption uniforme et constante, pour des r\u00e9sultats optimaux. La lotion l\u00e9g\u00e8re de ce traitement aide\u2026","rel":"","context":"Similar post","block_context":{"text":"Similar post","link":""},"img":{"alt_text":"","src":"","width":0,"height":0},"classes":[]},{"id":31399,"url":"https:\/\/sakaba.mghosteur.com\/en\/product\/paulas-choice-triple-active-total-repair-serum\/","url_meta":{"origin":31373,"position":5},"title":"PAULA&#8217;S CHOICE TRIPLE ACTIVE TOTAL REPAIR SERUM","author":"admin","date":"May 10, 2024","format":false,"excerpt":"D\u00e9couvrez le S\u00e9rum Triple Active Total Repair, une formule avanc\u00e9e anti-\u00e2ge cliniquement prouv\u00e9e pour am\u00e9liorer visiblement les ridules, la d\u00e9coloration et la fermet\u00e9 de la peau gr\u00e2ce \u00e0 un m\u00e9lange puissant d'hexylr\u00e9sorcinol, de r\u00e9tinol et de niacinamide. Le r\u00e9tinyl propionate \u00e0 0,3% raffermit et lisse visiblement la peau. La niacinamide\u2026","rel":"","context":"Similar post","block_context":{"text":"Similar post","link":""},"img":{"alt_text":"","src":"","width":0,"height":0},"classes":[]}],"_links":{"self":[{"href":"https:\/\/sakaba.mghosteur.com\/en\/wp-json\/wp\/v2\/product\/31373","targetHints":{"allow":["GET"]}}],"collection":[{"href":"https:\/\/sakaba.mghosteur.com\/en\/wp-json\/wp\/v2\/product"}],"about":[{"href":"https:\/\/sakaba.mghosteur.com\/en\/wp-json\/wp\/v2\/types\/product"}],"replies":[{"embeddable":true,"href":"https:\/\/sakaba.mghosteur.com\/en\/wp-json\/wp\/v2\/comments?post=31373"}],"version-history":[{"count":0,"href":"https:\/\/sakaba.mghosteur.com\/en\/wp-json\/wp\/v2\/product\/31373\/revisions"}],"wp:attachment":[{"href":"https:\/\/sakaba.mghosteur.com\/en\/wp-json\/wp\/v2\/media?parent=31373"}],"wp:term":[{"taxonomy":"product_brand","embeddable":true,"href":"https:\/\/sakaba.mghosteur.com\/en\/wp-json\/wp\/v2\/product_brand?post=31373"},{"taxonomy":"product_cat","embeddable":true,"href":"https:\/\/sakaba.mghosteur.com\/en\/wp-json\/wp\/v2\/product_cat?post=31373"},{"taxonomy":"product_tag","embeddable":true,"href":"https:\/\/sakaba.mghosteur.com\/en\/wp-json\/wp\/v2\/product_tag?post=31373"}],"curies":[{"name":"wp","href":"https:\/\/api.w.org\/{rel}","templated":true}]}}