{"id":31377,"date":"2024-05-10T10:51:13","date_gmt":"2024-05-10T10:51:13","guid":{"rendered":"https:\/\/sakaba.mghosteur.com\/?post_type=product&#038;p=31377"},"modified":"2024-09-01T14:43:44","modified_gmt":"2024-09-01T14:43:44","slug":"beauty-of-joseon-green-plum-refreshing-toner-aha-bha","status":"publish","type":"product","link":"https:\/\/sakaba.mghosteur.com\/en\/product\/beauty-of-joseon-green-plum-refreshing-toner-aha-bha\/","title":{"rendered":"BEAUTY OF JOSEON GREEN PLUM REFRESHING TONER AHA + BHA"},"content":{"rendered":"<p>Toner Rafra\u00eechissant \u00e0 la Prune Verte : AHA + BHA<\/p>\n<p>Ce qu&#8217;il est :<\/p>\n<p>Le rythme naturel de la peau implique un cycle de r\u00e9g\u00e9n\u00e9ration cellulaire et d&#8217;exfoliation sur 28 jours. Si ce processus est entrav\u00e9 par des cellules mortes obstruant les pores, cela peut conduire \u00e0 une inflammation et \u00e0 un teint terne.<\/p>\n<p>Dans cet esprit, ce tonique doux et l\u00e9ger a \u00e9t\u00e9 formul\u00e9 pour aider \u00e0 \u00e9liminer les cellules mortes r\u00e9siduelles de la peau ainsi que le s\u00e9bum qui peut persister apr\u00e8s le nettoyage.<\/p>\n<p>Au c\u0153ur de ce tonique se trouve le pouvoir de la prune verte, une plante m\u00e9dicinale de longue date, d\u00e9sormais exploit\u00e9e pour ses bienfaits cosm\u00e9tiques dans le soin de la texture de la peau et l&#8217;\u00e9limination des cellules mortes. Agissant en harmonie avec l&#8217;extrait de haricot mungo, un apaisant pour la peau, et les exfoliants chimiques AHA et BHA, ce tonique est pr\u00eat \u00e0 revitaliser l&#8217;\u00e9clat naturel de la peau.<\/p>\n<p>Le Toner Exfoliant Quotidien :<\/p>\n<p>Le Toner \u00e0 la Prune Verte est id\u00e9al \u00e0 utiliser matin et soir comme premi\u00e8re \u00e9tape du soin de la peau pour \u00e9liminer les d\u00e9chets r\u00e9siduels et lisser le grain de peau. Apr\u00e8s avoir suffisamment humidifi\u00e9 un coton avec le tonique, essuyez d\u00e9licatement la peau de l&#8217;int\u00e9rieur vers l&#8217;ext\u00e9rieur. Non seulement il nettoie les d\u00e9chets, mais il am\u00e9liore \u00e9galement l&#8217;\u00e9tat de la peau pour une meilleure absorption des produits de soin ult\u00e9rieurs.<\/p>\n<p>Comment utiliser :<\/p>\n<p>Apr\u00e8s le nettoyage matin et soir, humidifiez un coton et essuyez d\u00e9licatement la peau de l&#8217;int\u00e9rieur vers l&#8217;ext\u00e9rieur. Vous pouvez aussi en placer une quantit\u00e9 suffisante sur la paume de votre main et la tamponner l\u00e9g\u00e8rement pour l&#8217;absorber.<\/p>","protected":false},"excerpt":{"rendered":"<p>Toner Rafra\u00eechissant \u00e0 la Prune Verte : AHA + BHA Ce qu&#8217;il est : Le rythme naturel de la peau implique un cycle de r\u00e9g\u00e9n\u00e9ration cellulaire et d&#8217;exfoliation sur 28 jours. Si ce processus est entrav\u00e9 par des cellules mortes obstruant les pores, cela peut conduire \u00e0 une inflammation et \u00e0 un teint terne. Dans<span class=\"read-more-faq\"><a href=\"https:\/\/sakaba.mghosteur.com\/en\/product\/beauty-of-joseon-green-plum-refreshing-toner-aha-bha\/\">Read More<\/a><\/span><\/p>","protected":false},"featured_media":0,"comment_status":"open","ping_status":"closed","template":"","meta":[],"product_brand":[797],"product_cat":[324,291,1018,451],"product_tag":[],"class_list":{"0":"post-31377","1":"product","2":"type-product","3":"status-publish","5":"product_brand-beauty-of-joseon","6":"product_cat-demaquillant-nettoyant","7":"product_cat-eclaircissant","8":"product_cat-aai-produis-coreens","9":"product_cat-aab-soin-du-visage","11":"first","12":"instock","13":"shipping-taxable","14":"product-type-simple"},"jetpack-related-posts":[{"id":29442,"url":"https:\/\/sakaba.mghosteur.com\/en\/product\/cosrx-aha-bha-clarifying-treatment-toner\/","url_meta":{"origin":31377,"position":0},"title":"COSRX AHA\/BHA CLARIFYING TREATMENT TONER","author":"admin","date":"April 4, 2023","format":false,"excerpt":"Le Tonique de traitement clarifiant AHA\/BHA de la marque COSRX est un produit qui aide \u00e0 am\u00e9liorer la texture de la peau et \u00e0 contr\u00f4ler les pores. La formule comprend des ingr\u00e9dients AHA + BHA + Purifying Botanical qui aident \u00e0 \u00e9liminer les impuret\u00e9s, exfolier et hydrater en une seule\u2026","rel":"","context":"Similar post","block_context":{"text":"Similar post","link":""},"img":{"alt_text":"","src":"","width":0,"height":0},"classes":[]},{"id":31575,"url":"https:\/\/sakaba.mghosteur.com\/en\/product\/cosrx-aha-bha-clarifying-treatment-toner-280ml\/","url_meta":{"origin":31377,"position":1},"title":"COSRX AHA BHA CLARIFYING TREATMENT TONER 280ML","author":"admin","date":"May 10, 2024","format":false,"excerpt":"D\u00e9couvrez le Toner Clarifiant AHA\/BHA B\u00e9n\u00e9ficiez des avantages des AHA et BHA pour une peau claire ! Gr\u00e2ce \u00e0 sa formulation unique alliant AHA, BHA et des extraits botaniques purifiants, ce tonique aide \u00e0 am\u00e9liorer la texture de votre peau, \u00e0 lui redonner de la vitalit\u00e9 et \u00e0 contr\u00f4ler l'apparence\u2026","rel":"","context":"Similar post","block_context":{"text":"Similar post","link":""},"img":{"alt_text":"","src":"","width":0,"height":0},"classes":[]},{"id":31473,"url":"https:\/\/sakaba.mghosteur.com\/en\/product\/madagascar-centella-toning-toner-210ml\/","url_meta":{"origin":31377,"position":2},"title":"MADAGASCAR CENTELLA TONING TONER 210ML","author":"admin","date":"May 10, 2024","format":false,"excerpt":"TONIQUE APAISANT \u00c0 LA CENTELLE QU'EST-CE QUE C'EST : Un tonique exfoliant doux qui peut \u00eatre utilis\u00e9 quotidiennement pour aider \u00e0 \u00e9liminer les cellules mortes de la peau et convient aux peaux sensibles. INGR\u00c9DIENTS CL\u00c9S : PHA (Gluconolactone) : Exfolie et \u00e9limine les cellules mortes de la peau sans irriter\u2026","rel":"","context":"Similar post","block_context":{"text":"Similar post","link":""},"img":{"alt_text":"","src":"","width":0,"height":0},"classes":[]},{"id":27686,"url":"https:\/\/sakaba.mghosteur.com\/en\/product\/ole-henriksen-glow-oh-dark-spot-toner\/","url_meta":{"origin":31377,"position":3},"title":"OLE HENRIKSEN GLOW OH DARK SPOT TONER","author":"admin","date":"November 29, 2022","format":false,"excerpt":"Le tonique anti-taches Glow 2 OH d'Ole Henriksen aide \u00e0 clarifier et \u00e0 affiner l'apparence de la peau pour des r\u00e9sultats \u00e9quilibr\u00e9s. Infus\u00e9e d'un m\u00e9lange d'acides alpha-hydroxy, la formule agit pour minimiser visiblement les taches brunes en sept jours*. Les acides glycolique et lactique combinent leurs pouvoirs exfoliants pour \u00e9liminer\u2026","rel":"","context":"Similar post","block_context":{"text":"Similar post","link":""},"img":{"alt_text":"","src":"","width":0,"height":0},"classes":[]},{"id":31738,"url":"https:\/\/sakaba.mghosteur.com\/en\/product\/medix-5-5-10-glycolic-lactic-acid\/","url_meta":{"origin":31377,"position":4},"title":"MEDIX 5.5 10% GLYCOLIC + LACTIC ACID","author":"admin","date":"May 10, 2024","format":false,"excerpt":"Le s\u00e9rum \u00e0 l'acide glycolique Medix 5.5 r\u00e9duit visiblement l'apparence des pores obstru\u00e9s, de la texture de la peau rugueuse, du teint irr\u00e9gulier, des rougeurs et des taches brunes. Le peeling exfoliant de nuit pour le visage \u00e0 l'acide glycolique \u00e9limine efficacement les cellules mortes de la peau pour affiner,\u2026","rel":"","context":"Similar post","block_context":{"text":"Similar post","link":""},"img":{"alt_text":"","src":"","width":0,"height":0},"classes":[]},{"id":56138,"url":"https:\/\/sakaba.mghosteur.com\/en\/product\/anua-heartleaf-pore-clay-pack\/","url_meta":{"origin":31377,"position":5},"title":"Anua Heartleaf Pore Clay Pack","author":"Sope DIA","date":"January 2, 2026","format":false,"excerpt":"Cr\u00e9e une mousse l\u00e9g\u00e8re et d\u00e9licate infus\u00e9e d'extrait de feuille de c\u0153ur, ce qui la rend douce mais efficace, particuli\u00e8rement adapt\u00e9e au nettoyage en profondeur des peaux grasses et mixtes. EXFOLIATION DOUCE : Contient 3 000 ppm de poudre de feuille de c\u0153ur qui aide \u00e0 nettoyer en douceur et\u2026","rel":"","context":"Similar post","block_context":{"text":"Similar post","link":""},"img":{"alt_text":"","src":"","width":0,"height":0},"classes":[]}],"_links":{"self":[{"href":"https:\/\/sakaba.mghosteur.com\/en\/wp-json\/wp\/v2\/product\/31377","targetHints":{"allow":["GET"]}}],"collection":[{"href":"https:\/\/sakaba.mghosteur.com\/en\/wp-json\/wp\/v2\/product"}],"about":[{"href":"https:\/\/sakaba.mghosteur.com\/en\/wp-json\/wp\/v2\/types\/product"}],"replies":[{"embeddable":true,"href":"https:\/\/sakaba.mghosteur.com\/en\/wp-json\/wp\/v2\/comments?post=31377"}],"version-history":[{"count":0,"href":"https:\/\/sakaba.mghosteur.com\/en\/wp-json\/wp\/v2\/product\/31377\/revisions"}],"wp:attachment":[{"href":"https:\/\/sakaba.mghosteur.com\/en\/wp-json\/wp\/v2\/media?parent=31377"}],"wp:term":[{"taxonomy":"product_brand","embeddable":true,"href":"https:\/\/sakaba.mghosteur.com\/en\/wp-json\/wp\/v2\/product_brand?post=31377"},{"taxonomy":"product_cat","embeddable":true,"href":"https:\/\/sakaba.mghosteur.com\/en\/wp-json\/wp\/v2\/product_cat?post=31377"},{"taxonomy":"product_tag","embeddable":true,"href":"https:\/\/sakaba.mghosteur.com\/en\/wp-json\/wp\/v2\/product_tag?post=31377"}],"curies":[{"name":"wp","href":"https:\/\/api.w.org\/{rel}","templated":true}]}}