{"id":31381,"date":"2024-05-10T10:52:55","date_gmt":"2024-05-10T10:52:55","guid":{"rendered":"https:\/\/sakaba.mghosteur.com\/?post_type=product&#038;p=31381"},"modified":"2024-08-07T00:23:48","modified_gmt":"2024-08-07T00:23:48","slug":"beauty-of-joseon-light-on-serum-centella-vita-c","status":"publish","type":"product","link":"https:\/\/sakaba.mghosteur.com\/en\/product\/beauty-of-joseon-light-on-serum-centella-vita-c\/","title":{"rendered":"BEAUTY OF JOSEON LIGHT ON SERUM CENTELLA VITA C"},"content":{"rendered":"<p>D\u00e9couvrez le s\u00e9rum Lumi\u00e8re Activ\u00e9e : Centella + Vita C. Ce s\u00e9rum \u00e9claircissant associe l&#8217;extrait de Centella Asiatica et la vitamine C pour offrir une exp\u00e9rience de soin de la peau in\u00e9gal\u00e9e.<\/p>\n<p>Ce produit innovant r\u00e9sout les probl\u00e8mes courants associ\u00e9s aux s\u00e9rums \u00e0 base de vitamine C pure. Fini le sentiment collant, gras et sec &#8211; nous avons perfectionn\u00e9 la formule pour une texture l\u00e9g\u00e8re et agr\u00e9able \u00e0 appliquer. De plus, nous avons minimis\u00e9 l&#8217;irritation potentielle en utilisant des d\u00e9riv\u00e9s hautement stables de vitamine C.<\/p>\n<p>Nous avons \u00e9galement ajout\u00e9 un extrait biologique de Centella Asiatica, renomm\u00e9 pour ses propri\u00e9t\u00e9s apaisantes et hydratantes. Cette combinaison unique assure une peau \u00e9clatante et confortable.<\/p>\n<p>Mode d&#8217;emploi : Apr\u00e8s avoir nettoy\u00e9 votre peau, appliquez une quantit\u00e9 appropri\u00e9e de s\u00e9rum sur toute la zone \u00e0 traiter, en lissant pr\u00e9alablement avec un tonique. Profitez d&#8217;une peau visiblement am\u00e9lior\u00e9e avec notre s\u00e9rum Lumi\u00e8re Activ\u00e9e : Centella + Vita C.<\/p>","protected":false},"excerpt":{"rendered":"<p>D\u00e9couvrez le s\u00e9rum Lumi\u00e8re Activ\u00e9e : Centella + Vita C. Ce s\u00e9rum \u00e9claircissant associe l&#8217;extrait de Centella Asiatica et la vitamine C pour offrir une exp\u00e9rience de soin de la peau in\u00e9gal\u00e9e. Ce produit innovant r\u00e9sout les probl\u00e8mes courants associ\u00e9s aux s\u00e9rums \u00e0 base de vitamine C pure. Fini le sentiment collant, gras et sec<span class=\"read-more-faq\"><a href=\"https:\/\/sakaba.mghosteur.com\/en\/product\/beauty-of-joseon-light-on-serum-centella-vita-c\/\">Read More<\/a><\/span><\/p>","protected":false},"featured_media":0,"comment_status":"open","ping_status":"closed","template":"","meta":[],"product_brand":[797],"product_cat":[291,1018,451,334],"product_tag":[],"class_list":{"0":"post-31381","1":"product","2":"type-product","3":"status-publish","5":"product_brand-beauty-of-joseon","6":"product_cat-eclaircissant","7":"product_cat-aai-produis-coreens","8":"product_cat-aab-soin-du-visage","9":"product_cat-traitement-serum","11":"first","12":"instock","13":"shipping-taxable","14":"product-type-simple"},"jetpack-related-posts":[{"id":31482,"url":"https:\/\/sakaba.mghosteur.com\/en\/product\/madagascar-centella-ampoule-100ml\/","url_meta":{"origin":31381,"position":0},"title":"MADAGASCAR CENTELLA AMPOULE 100ML","author":"admin","date":"May 10, 2024","format":false,"excerpt":"CENTELLA AMPOULE DESCRIPTION : L'ampoule Centella est un soin apaisant sp\u00e9cialement con\u00e7u pour r\u00e9tablir l'\u00e9quilibre de votre peau, particuli\u00e8rement mise \u00e0 rude \u00e9preuve par les conditions environnementales difficiles. INGR\u00c9DIENTS PRINCIPAUX : Extrait de Centella Asiatica : Renomm\u00e9 pour ses propri\u00e9t\u00e9s apaisantes, il contribue \u00e0 restaurer l'hydratation naturelle de la peau.\u2026","rel":"","context":"Similar post","block_context":{"text":"Similar post","link":""},"img":{"alt_text":"","src":"","width":0,"height":0},"classes":[]},{"id":31517,"url":"https:\/\/sakaba.mghosteur.com\/en\/product\/madagascar-centella-ampoule-55ml\/","url_meta":{"origin":31381,"position":1},"title":"MADAGASCAR CENTELLA AMPOULE 55ML","author":"admin","date":"May 10, 2024","format":false,"excerpt":"CENTELLA AMPOULE DESCRIPTION DU PRODUIT : L'ampoule Centella est une solution apaisante sp\u00e9cialement con\u00e7ue pour r\u00e9tablir l'\u00e9quilibre de votre peau agress\u00e9e par les environnements difficiles. COMPOSITION ESSENTIELLE : Extrait de Centella Asiatica : Reconnue pour ses propri\u00e9t\u00e9s apaisantes, elle r\u00e9hydrate et r\u00e9g\u00e9n\u00e8re la peau. MODE D'EMPLOI : Appliquez une quantit\u00e9\u2026","rel":"","context":"Similar post","block_context":{"text":"Similar post","link":""},"img":{"alt_text":"","src":"","width":0,"height":0},"classes":[]},{"id":31687,"url":"https:\/\/sakaba.mghosteur.com\/en\/product\/aplb-glutathione-niacinamide-5-3-body-wash\/","url_meta":{"origin":31381,"position":2},"title":"APLB GLUTATHIONE NIACINAMIDE 5.3% BODY WASH","author":"admin","date":"May 10, 2024","format":false,"excerpt":"D\u00e9couvrez ce produit exceptionnel pour votre routine de soin corporel : le Gel Douche Glutathion Niacinamide \/ LIPO GLUTA NIAC CEN 5.3%. Il associe le Glutathion \u00e0 1 000 ppm, la Niacinamide \u00e0 1 000 ppm et un extrait de Centella Asiatica \u00e0 5,1%, enrichi avec le Complexe Centella 3x.\u2026","rel":"","context":"Similar post","block_context":{"text":"Similar post","link":""},"img":{"alt_text":"","src":"","width":0,"height":0},"classes":[]},{"id":31501,"url":"https:\/\/sakaba.mghosteur.com\/en\/product\/madagascar-centella-probio-cica-50ml\/","url_meta":{"origin":31381,"position":3},"title":"MADAGASCAR CENTELLA PROBIO CICA 50ML","author":"admin","date":"May 10, 2024","format":false,"excerpt":"PROBIO-CICA INTENSIVE AMPOULE DESCRIPTION : La Probio-Cica Intensive Ampoule est une solution hautement concentr\u00e9e, infus\u00e9e des bienfaits nourrissants et efficaces de la Centella ferment\u00e9e. Elle prend soin de la peau de mani\u00e8re saine, offrant une action apaisante rapide sur les peaux irrit\u00e9es. POLYVALENTE ET TOUT-EN-UN : Cette ampoule polyvalente est\u2026","rel":"","context":"Similar post","block_context":{"text":"Similar post","link":""},"img":{"alt_text":"","src":"","width":0,"height":0},"classes":[]},{"id":31667,"url":"https:\/\/sakaba.mghosteur.com\/en\/product\/aplb-glutathione-niacinamide-facial-24-8\/","url_meta":{"origin":31381,"position":4},"title":"APLB GLUTATHIONE NIACINAMIDE FACIAL 24.8%","author":"admin","date":"May 10, 2024","format":false,"excerpt":"D\u00e9couvrez la Cr\u00e8me Visage Glutathion Niacinamide, un v\u00e9ritable tr\u00e9sor pour votre peau. Avec une concentration remarquable de 24,8% (Glutathion 1 000 ppm, Niacinamide 20 000 ppm, Extrait de Centella Asiatica 22,7%), ce produit est une v\u00e9ritable r\u00e9v\u00e9lation pour votre routine de soins. Associ\u00e9 au Complexe Centella 3x, comprenant de l'acide\u2026","rel":"","context":"Similar post","block_context":{"text":"Similar post","link":""},"img":{"alt_text":"","src":"","width":0,"height":0},"classes":[]},{"id":30222,"url":"https:\/\/sakaba.mghosteur.com\/en\/product\/beauty-of-joseon-revive-serum-ginseng-snail-muci\/","url_meta":{"origin":31381,"position":5},"title":"BEAUTY OF JOSEON REVIVE SERUM GINSENG + SNAIL MUCI","author":"admin","date":"May 4, 2023","format":false,"excerpt":"D\u00e9couvrez le S\u00e9rum Revive de la marque Beauty of Joseon, sp\u00e9cialement con\u00e7u pour revitaliser les peaux en manque d'\u00e9nergie. Ce s\u00e9rum contient du ginseng, un ingr\u00e9dient v\u00e9g\u00e9tal utilis\u00e9 depuis des si\u00e8cles en phytoth\u00e9rapie orientale pour ses propri\u00e9t\u00e9s b\u00e9n\u00e9fiques. Avec une concentration de 63% en eau de racine de ginseng, ce\u2026","rel":"","context":"Similar post","block_context":{"text":"Similar post","link":""},"img":{"alt_text":"","src":"","width":0,"height":0},"classes":[]}],"_links":{"self":[{"href":"https:\/\/sakaba.mghosteur.com\/en\/wp-json\/wp\/v2\/product\/31381","targetHints":{"allow":["GET"]}}],"collection":[{"href":"https:\/\/sakaba.mghosteur.com\/en\/wp-json\/wp\/v2\/product"}],"about":[{"href":"https:\/\/sakaba.mghosteur.com\/en\/wp-json\/wp\/v2\/types\/product"}],"replies":[{"embeddable":true,"href":"https:\/\/sakaba.mghosteur.com\/en\/wp-json\/wp\/v2\/comments?post=31381"}],"version-history":[{"count":0,"href":"https:\/\/sakaba.mghosteur.com\/en\/wp-json\/wp\/v2\/product\/31381\/revisions"}],"wp:attachment":[{"href":"https:\/\/sakaba.mghosteur.com\/en\/wp-json\/wp\/v2\/media?parent=31381"}],"wp:term":[{"taxonomy":"product_brand","embeddable":true,"href":"https:\/\/sakaba.mghosteur.com\/en\/wp-json\/wp\/v2\/product_brand?post=31381"},{"taxonomy":"product_cat","embeddable":true,"href":"https:\/\/sakaba.mghosteur.com\/en\/wp-json\/wp\/v2\/product_cat?post=31381"},{"taxonomy":"product_tag","embeddable":true,"href":"https:\/\/sakaba.mghosteur.com\/en\/wp-json\/wp\/v2\/product_tag?post=31381"}],"curies":[{"name":"wp","href":"https:\/\/api.w.org\/{rel}","templated":true}]}}