{"id":31384,"date":"2024-05-10T10:54:42","date_gmt":"2024-05-10T10:54:42","guid":{"rendered":"https:\/\/sakaba.mghosteur.com\/?post_type=product&#038;p=31384"},"modified":"2024-08-07T00:26:53","modified_gmt":"2024-08-07T00:26:53","slug":"beauty-of-joseon-matte-sun-stick-mugwort-camelia","status":"publish","type":"product","link":"https:\/\/sakaba.mghosteur.com\/en\/product\/beauty-of-joseon-matte-sun-stick-mugwort-camelia\/","title":{"rendered":"BEAUTY OF JOSEON MATTE SUN STICK MUGWORT + CAMELIA"},"content":{"rendered":"<p>Matte Sun Stick : Mugwort+Camelia (SPF 50+ PA+++)<\/p>\n<p>Contrairement \u00e0 la plupart des sticks solaires con\u00e7us principalement pour les activit\u00e9s en ext\u00e9rieur, notre Matte Sun Stick est sp\u00e9cialement formul\u00e9 pour r\u00e9pondre aux besoins des environnements urbains quotidiens. Il est crucial de r\u00e9appliquer r\u00e9guli\u00e8rement une protection solaire toutes les 2 \u00e0 3 heures pour une efficacit\u00e9 optimale, mais cela peut souvent \u00eatre un d\u00e9fi. C&#8217;est pourquoi notre stick solaire a \u00e9t\u00e9 cr\u00e9\u00e9 avec une formule mate qui s&#8217;applique en douceur, sans laisser de r\u00e9sidus ni alt\u00e9rer le maquillage.<\/p>\n<p>Notre formule unique utilise de la poudre de silice pour contr\u00f4ler le s\u00e9bum, assurant ainsi une adh\u00e9rence parfaite et un fini lisse et mat. Enrichi en extraits d&#8217;artemisia capillaris et de th\u00e9 vert, ce stick solaire contribue \u00e9galement \u00e0 maintenir la peau hydrat\u00e9e et \u00e0 lui donner une texture lisse.<\/p>\n<p>Caract\u00e9ristiques :<\/p>\n<ul>\n<li>Stick solaire mat, non gras : Formule l\u00e9g\u00e8re qui ne laisse aucune sensation grasse ou collante.<\/li>\n<li>Poudre de silice poreuse anti-s\u00e9bum : R\u00e9gule la production d&#8217;huile pour une peau douce et mate.<\/li>\n<\/ul>\n<p>Mode d&#8217;emploi : Appliquez g\u00e9n\u00e9reusement sur les zones expos\u00e9es au soleil, comme le visage et le corps. R\u00e9appliquez toutes les 2 \u00e0 3 heures pour une protection continue.<\/p>\n<p>Remarques :<\/p>\n<ul>\n<li>\u00c9vitez de trop \u00e9tendre le b\u00e2ton solaire pour \u00e9viter toute casse ou accumulation de produit.<\/li>\n<li>Appliquez avec un mouvement de roulement l\u00e9ger pour \u00e9viter tout dommage au produit ou au maquillage.<\/li>\n<\/ul>\n<p>Offrez-vous une protection solaire efficace et pratique avec le Matte Sun Stick : Mugwort+Camelia (SPF 50+ PA+++).<\/p>","protected":false},"excerpt":{"rendered":"<p>Matte Sun Stick : Mugwort+Camelia (SPF 50+ PA+++) Contrairement \u00e0 la plupart des sticks solaires con\u00e7us principalement pour les activit\u00e9s en ext\u00e9rieur, notre Matte Sun Stick est sp\u00e9cialement formul\u00e9 pour r\u00e9pondre aux besoins des environnements urbains quotidiens. Il est crucial de r\u00e9appliquer r\u00e9guli\u00e8rement une protection solaire toutes les 2 \u00e0 3 heures pour une efficacit\u00e9<span class=\"read-more-faq\"><a href=\"https:\/\/sakaba.mghosteur.com\/en\/product\/beauty-of-joseon-matte-sun-stick-mugwort-camelia\/\">Read More<\/a><\/span><\/p>","protected":false},"featured_media":0,"comment_status":"open","ping_status":"closed","template":"","meta":[],"product_brand":[797],"product_cat":[1055,1018,451],"product_tag":[],"class_list":{"0":"post-31384","1":"product","2":"type-product","3":"status-publish","5":"product_brand-beauty-of-joseon","6":"product_cat-protection-solaire-visage","7":"product_cat-aai-produis-coreens","8":"product_cat-aab-soin-du-visage","10":"first","11":"instock","12":"shipping-taxable","13":"product-type-simple"},"jetpack-related-posts":[{"id":29644,"url":"https:\/\/sakaba.mghosteur.com\/en\/product\/palmers-cocoa-butter-formula-swivel-stick\/","url_meta":{"origin":31384,"position":0},"title":"Palmer&#8217;s Cocoa Butter Formula Swivel stick","author":"admin","date":"April 11, 2023","format":false,"excerpt":"D\u00e9couvrez le Swivel Stick de Palmer's, un b\u00e2ton hydratant multi-usage con\u00e7u pour adoucir et lisser les l\u00e8vres, les cuticules et la peau craquel\u00e9e. Infus\u00e9 avec du beurre de cacao naturel et de la vitamine E, ce produit offre une hydratation intense et une protection contre les ger\u00e7ures pendant 48 heures.\u2026","rel":"","context":"Similar post","block_context":{"text":"Similar post","link":""},"img":{"alt_text":"","src":"","width":0,"height":0},"classes":[]},{"id":25492,"url":"https:\/\/sakaba.mghosteur.com\/en\/product\/palmers-cocoa-butter-formula-swilver-stick\/","url_meta":{"origin":31384,"position":1},"title":"Palmers Cocoa Butter Formula Swilver stick","author":"admin","date":"November 14, 2022","format":false,"excerpt":"","rel":"","context":"Similar post","block_context":{"text":"Similar post","link":""},"img":{"alt_text":"","src":"","width":0,"height":0},"classes":[]},{"id":34174,"url":"https:\/\/sakaba.mghosteur.com\/en\/product\/first-aid-beauty-anti-chafe-stick\/","url_meta":{"origin":31384,"position":2},"title":"FIRST AID BEAUTY ANTI CHAFE STICK","author":"admin","date":"May 27, 2024","format":false,"excerpt":"Pour faire des courses ou participer \u00e0 une course, prenez la journ\u00e9e \u00e0 la l\u00e9g\u00e8re et remplacez les frottements inconfortables par une glisse douce et non grasse, id\u00e9ale pour 10 000 pas. Glissez facilement avec moins de frottements et d'inconfort gr\u00e2ce \u00e0 cette formule non collante et sans d\u00e9g\u00e2ts qui\u2026","rel":"","context":"Similar post","block_context":{"text":"Similar post","link":""},"img":{"alt_text":"","src":"","width":0,"height":0},"classes":[]},{"id":23004,"url":"https:\/\/sakaba.mghosteur.com\/en\/product\/skinflex-stick-fondation\/","url_meta":{"origin":31384,"position":3},"title":"SKINFLEX STICK FONDATION","author":"admin","date":"October 25, 2022","format":false,"excerpt":"","rel":"","context":"Similar post","block_context":{"text":"Similar post","link":""},"img":{"alt_text":"","src":"","width":0,"height":0},"classes":[]},{"id":27549,"url":"https:\/\/sakaba.mghosteur.com\/en\/product\/gillette-clear-gel-stick\/","url_meta":{"origin":31384,"position":4},"title":"Gillette clear gel stick","author":"admin","date":"November 29, 2022","format":false,"excerpt":"","rel":"","context":"Similar post","block_context":{"text":"Similar post","link":""},"img":{"alt_text":"","src":"","width":0,"height":0},"classes":[]},{"id":28089,"url":"https:\/\/sakaba.mghosteur.com\/en\/product\/upup-sunscreen-stick\/","url_meta":{"origin":31384,"position":5},"title":"up&amp;up sunscreen stick","author":"admin","date":"November 30, 2022","format":false,"excerpt":"","rel":"","context":"Similar post","block_context":{"text":"Similar post","link":""},"img":{"alt_text":"","src":"","width":0,"height":0},"classes":[]}],"_links":{"self":[{"href":"https:\/\/sakaba.mghosteur.com\/en\/wp-json\/wp\/v2\/product\/31384","targetHints":{"allow":["GET"]}}],"collection":[{"href":"https:\/\/sakaba.mghosteur.com\/en\/wp-json\/wp\/v2\/product"}],"about":[{"href":"https:\/\/sakaba.mghosteur.com\/en\/wp-json\/wp\/v2\/types\/product"}],"replies":[{"embeddable":true,"href":"https:\/\/sakaba.mghosteur.com\/en\/wp-json\/wp\/v2\/comments?post=31384"}],"version-history":[{"count":0,"href":"https:\/\/sakaba.mghosteur.com\/en\/wp-json\/wp\/v2\/product\/31384\/revisions"}],"wp:attachment":[{"href":"https:\/\/sakaba.mghosteur.com\/en\/wp-json\/wp\/v2\/media?parent=31384"}],"wp:term":[{"taxonomy":"product_brand","embeddable":true,"href":"https:\/\/sakaba.mghosteur.com\/en\/wp-json\/wp\/v2\/product_brand?post=31384"},{"taxonomy":"product_cat","embeddable":true,"href":"https:\/\/sakaba.mghosteur.com\/en\/wp-json\/wp\/v2\/product_cat?post=31384"},{"taxonomy":"product_tag","embeddable":true,"href":"https:\/\/sakaba.mghosteur.com\/en\/wp-json\/wp\/v2\/product_tag?post=31384"}],"curies":[{"name":"wp","href":"https:\/\/api.w.org\/{rel}","templated":true}]}}