{"id":31386,"date":"2024-05-10T10:55:21","date_gmt":"2024-05-10T10:55:21","guid":{"rendered":"https:\/\/sakaba.mghosteur.com\/?post_type=product&#038;p=31386"},"modified":"2024-08-30T03:32:40","modified_gmt":"2024-08-30T03:32:40","slug":"paula-choice-glucoside-foaming-cleanser","status":"publish","type":"product","link":"https:\/\/sakaba.mghosteur.com\/en\/product\/paula-choice-glucoside-foaming-cleanser\/","title":{"rendered":"PAULA CHOICE GLUCOSIDE FOAMING CLEANSER"},"content":{"rendered":"<p>D\u00e9couvrez notre Nettoyant Moussant Visage Anti-\u00c2ge, un alli\u00e9 pr\u00e9cieux pour votre routine de soin quotidienne.<\/p>\n<p>Adapt\u00e9 aux peaux mixtes et grasses, ce nettoyant cible les pr\u00e9occupations telles que les imperfections, les signes de l&#8217;\u00e2ge et les points noirs.<\/p>\n<p>Sa formule efficace nettoie en profondeur sans dess\u00e9cher la peau, la laissant fra\u00eeche et revitalis\u00e9e.<\/p>\n<p>Utilisez-le matin et soir pour des r\u00e9sultats optimaux. Appliquez une petite quantit\u00e9 de produit sur le visage humidifi\u00e9, en effectuant des mouvements circulaires doux mais fermes. Rincez abondamment \u00e0 l&#8217;eau ti\u00e8de. Pour une \u00e9limination optimale du maquillage tenace, utilisez un gant de toilette.<\/p>\n<p>Offrez \u00e0 votre peau l&#8217;attention qu&#8217;elle m\u00e9rite avec notre Nettoyant Moussant Visage Anti-\u00c2ge, pour une peau propre, \u00e9clatante et visiblement plus jeune.<\/p>","protected":false},"excerpt":{"rendered":"<p>D\u00e9couvrez notre Nettoyant Moussant Visage Anti-\u00c2ge, un alli\u00e9 pr\u00e9cieux pour votre routine de soin quotidienne. Adapt\u00e9 aux peaux mixtes et grasses, ce nettoyant cible les pr\u00e9occupations telles que les imperfections, les signes de l&#8217;\u00e2ge et les points noirs. Sa formule efficace nettoie en profondeur sans dess\u00e9cher la peau, la laissant fra\u00eeche et revitalis\u00e9e. Utilisez-le matin<span class=\"read-more-faq\"><a href=\"https:\/\/sakaba.mghosteur.com\/en\/product\/paula-choice-glucoside-foaming-cleanser\/\">Read More<\/a><\/span><\/p>","protected":false},"featured_media":0,"comment_status":"open","ping_status":"closed","template":"","meta":[],"product_brand":[951],"product_cat":[324,451],"product_tag":[],"class_list":{"0":"post-31386","1":"product","2":"type-product","3":"status-publish","5":"product_brand-paula-choice","6":"product_cat-demaquillant-nettoyant","7":"product_cat-aab-soin-du-visage","9":"first","10":"instock","11":"shipping-taxable","12":"product-type-simple"},"jetpack-related-posts":[{"id":30389,"url":"https:\/\/sakaba.mghosteur.com\/en\/product\/neutrogena-stubborn-texture\/","url_meta":{"origin":31386,"position":0},"title":"NEUTROGENA STUBBORN TEXTURE","author":"admin","date":"May 10, 2023","format":false,"excerpt":"D\u00e9couvrez le Nettoyant anti-acn\u00e9 Stubborn Texture de la marque Neutrogena pour lutter contre l'acn\u00e9 tenace et am\u00e9liorer la texture de votre peau. Ce nettoyant quotidien sans huile contient un complexe acide de qualit\u00e9 dermatologique, compos\u00e9 de 1 % d'acide salicylique (BHA), 2 % d'acide glycolique (AHA) et 2 % d'acide\u2026","rel":"","context":"Similar post","block_context":{"text":"Similar post","link":""},"img":{"alt_text":"","src":"","width":0,"height":0},"classes":[]},{"id":34961,"url":"https:\/\/sakaba.mghosteur.com\/en\/product\/innisfreecoffret-hydration-heros-with-green-tea\/","url_meta":{"origin":31386,"position":1},"title":"INNISFREE COFFRET HYDRATION HEROS WITH GREEN TEA","author":"admin","date":"June 3, 2024","format":false,"excerpt":"L'ensemble comprend\u00a0: 1. S\u00e9rum hydratant intensif aux graines de th\u00e9 vert, 80\u00a0ml Hydratez-vous d\u00e8s la premi\u00e8re goutte gr\u00e2ce \u00e0 notre m\u00e9lange parfaitement \u00e9quilibr\u00e9 d'extrait de th\u00e9 vert et d'huile de graines de th\u00e9 vert. Riche en acides amin\u00e9s et en min\u00e9raux, ce s\u00e9rum l\u00e9ger mais nourrissant aide \u00e0 reconstituer le\u2026","rel":"","context":"Similar post","block_context":{"text":"Similar post","link":""},"img":{"alt_text":"","src":"","width":0,"height":0},"classes":[]},{"id":23918,"url":"https:\/\/sakaba.mghosteur.com\/en\/product\/cerave-acne-control-cleanser\/","url_meta":{"origin":31386,"position":2},"title":"CERAVE ACNE CONTROL CLEANSER","author":"admin","date":"November 9, 2022","format":false,"excerpt":"Le nettoyant anti-acn\u00e9 de CeraVe est un gel nettoyant pour le visage sp\u00e9cialement con\u00e7u pour les peaux sujettes \u00e0 l'acn\u00e9. Il contient 2% d'acide salicylique, qui aide \u00e0 traiter l'acn\u00e9 existante et \u00e0 pr\u00e9venir de nouvelles \u00e9ruptions en p\u00e9n\u00e9trant les pores de la peau. En outre, l'argile hectorite aide \u00e0\u2026","rel":"","context":"Similar post","block_context":{"text":"Similar post","link":""},"img":{"alt_text":"","src":"","width":0,"height":0},"classes":[]},{"id":24299,"url":"https:\/\/sakaba.mghosteur.com\/en\/product\/neutrogena-soothing-clear-mousse-cleanser-turmeric\/","url_meta":{"origin":31386,"position":3},"title":"Neutrogena Soothing Clear Mousse Cleanser-Turmeric","author":"admin","date":"November 9, 2022","format":false,"excerpt":"D\u00e9couvrez la mousse nettoyante apaisante au curcuma Neutrogena, sp\u00e9cialement formul\u00e9e pour nettoyer en douceur et apaiser les peaux stress\u00e9es sujettes aux taches. Enrichi en curcuma doux pour la peau, ce nettoyant mousse riche et coussin\u00e9 \u00e9limine efficacement la salet\u00e9, le s\u00e9bum et le maquillage qui obstruent les pores sans d\u00e9caper\u2026","rel":"","context":"Similar post","block_context":{"text":"Similar post","link":""},"img":{"alt_text":"","src":"","width":0,"height":0},"classes":[]},{"id":27212,"url":"https:\/\/sakaba.mghosteur.com\/en\/product\/olay-regenerist-regenerating-cream-cleanser\/","url_meta":{"origin":31386,"position":4},"title":"Olay Regenerist Regenerating Cream Cleanser","author":"admin","date":"November 29, 2022","format":false,"excerpt":"Offrez \u00e0 votre peau un suppl\u00e9ment de pouvoir nettoyant et de fra\u00eecheur au toucher, matin et soir. D\u00e9couvrez la cr\u00e8me nettoyante r\u00e9g\u00e9n\u00e9rante pour le visage Olay Regenerist, une formule riche qui exfolie, r\u00e9g\u00e9n\u00e8re et lisse la texture de la peau. Ce nettoyant pour le visage nettoie en profondeur tout en\u2026","rel":"","context":"Similar post","block_context":{"text":"Similar post","link":""},"img":{"alt_text":"","src":"","width":0,"height":0},"classes":[]},{"id":24009,"url":"https:\/\/sakaba.mghosteur.com\/en\/product\/neutrogena-hydro-boost-hydrating-cleansing-gel\/","url_meta":{"origin":31386,"position":5},"title":"NEUTROGENA HYDRO BOOST HYDRATING CLEANSING GEL","author":"admin","date":"November 9, 2022","format":false,"excerpt":"D\u00e9couvrez le Gel Nettoyant et D\u00e9maquillant sans Huile de Neutrogena, le compagnon parfait pour une peau d'apparence saine et hydrat\u00e9e. Ce nettoyant pour le visage l\u00e9ger est formul\u00e9 avec de l'acide hyaluronique, offrant une hydratation en profondeur pour une peau douce et \u00e9clatante. Il \u00e9limine efficacement les impuret\u00e9s, l'exc\u00e8s de\u2026","rel":"","context":"Similar post","block_context":{"text":"Similar post","link":""},"img":{"alt_text":"","src":"","width":0,"height":0},"classes":[]}],"_links":{"self":[{"href":"https:\/\/sakaba.mghosteur.com\/en\/wp-json\/wp\/v2\/product\/31386","targetHints":{"allow":["GET"]}}],"collection":[{"href":"https:\/\/sakaba.mghosteur.com\/en\/wp-json\/wp\/v2\/product"}],"about":[{"href":"https:\/\/sakaba.mghosteur.com\/en\/wp-json\/wp\/v2\/types\/product"}],"replies":[{"embeddable":true,"href":"https:\/\/sakaba.mghosteur.com\/en\/wp-json\/wp\/v2\/comments?post=31386"}],"version-history":[{"count":0,"href":"https:\/\/sakaba.mghosteur.com\/en\/wp-json\/wp\/v2\/product\/31386\/revisions"}],"wp:attachment":[{"href":"https:\/\/sakaba.mghosteur.com\/en\/wp-json\/wp\/v2\/media?parent=31386"}],"wp:term":[{"taxonomy":"product_brand","embeddable":true,"href":"https:\/\/sakaba.mghosteur.com\/en\/wp-json\/wp\/v2\/product_brand?post=31386"},{"taxonomy":"product_cat","embeddable":true,"href":"https:\/\/sakaba.mghosteur.com\/en\/wp-json\/wp\/v2\/product_cat?post=31386"},{"taxonomy":"product_tag","embeddable":true,"href":"https:\/\/sakaba.mghosteur.com\/en\/wp-json\/wp\/v2\/product_tag?post=31386"}],"curies":[{"name":"wp","href":"https:\/\/api.w.org\/{rel}","templated":true}]}}