{"id":31388,"date":"2024-05-10T10:56:07","date_gmt":"2024-05-10T10:56:07","guid":{"rendered":"https:\/\/sakaba.mghosteur.com\/?post_type=product&#038;p=31388"},"modified":"2024-08-07T00:28:12","modified_gmt":"2024-08-07T00:28:12","slug":"beauty-of-joseon-red-bean-water-gel-100ml","status":"publish","type":"product","link":"https:\/\/sakaba.mghosteur.com\/en\/product\/beauty-of-joseon-red-bean-water-gel-100ml\/","title":{"rendered":"BEAUTY OF JOSEON RED BEAN WATER GEL 100ML"},"content":{"rendered":"<p>Red Bean Water Gel<\/p>\n<p>Ce qu&#8217;il est<\/p>\n<p>\u00c0 mesure que la peau m\u00fbrit, elle a tendance \u00e0 perdre de l\u2019humidit\u00e9 et du s\u00e9bum, ce qui facilite la formation des rides. Lorsque la peau manque d\u2019hydratation, elle compense en produisant plus de s\u00e9bum pour se prot\u00e9ger. Ce d\u00e9s\u00e9quilibre peut augmenter le risque d\u2019inflammation cutan\u00e9e. Par cons\u00e9quent, le maintien de l\u2019\u00e9quilibre huile-eau de la peau est crucial pour sa sant\u00e9.<\/p>\n<p>\u00ab Dynasty Cream \u00bb, le premier produit de notre marque, a \u00e9t\u00e9 formul\u00e9 pour fournir une hydratation suffisante et \u00e9quilibrer le rapport huile-eau de la peau. Au cours des 5 derni\u00e8res ann\u00e9es, les pr\u00e9cieux commentaires de nos clients nous ont incit\u00e9s \u00e0 \u00e9largir la gamme de cr\u00e8mes hydratantes avec des ingr\u00e9dients frais et une nouvelle formule.<\/p>\n<p>Pour les peaux grasses, le \u00ab Gel d&#8217;eau aux haricots rouges \u00bb a \u00e9t\u00e9 cr\u00e9\u00e9. Avec sa consistance de gel l\u00e9ger, il offre une hydratation abondante sans sensation grasse. Les composants cl\u00e9s de la cr\u00e8me, l&#8217;extrait de haricot rouge et un m\u00e9lange de trois peptides, agissent en synergie pour am\u00e9liorer l&#8217;hydratation et la sant\u00e9 de la peau.<\/p>\n<p>La formule de gel hydratant l\u00e9ger \u00ab Dynasty Cream \u00bb est id\u00e9ale pour les peaux s\u00e8ches\/mixtes, et \u00ab Red Bean Water Gel \u00bb a \u00e9t\u00e9 d\u00e9velopp\u00e9e pour les peaux grasses avec une s\u00e9cr\u00e9tion de s\u00e9bum active.<\/p>\n<p>Hydratation puissante et soin des pores. Il minimise la sensation de gras et se concentre sur l&#8217;hydratation. Il contient du \u00ab haricot rouge \u00bb, connu pour aider \u00e0 absorber le s\u00e9bum en raison de son abondance de saponines, et des \u00ab peptides \u00bb, connus pour aider \u00e0 am\u00e9liorer les rides. Sous forme de formule gel l\u00e9g\u00e8re, elle p\u00e9n\u00e8tre dans la peau avec une sensation d\u00e9licatement fra\u00eeche.<\/p>\n<p>COMMENT UTILISER Appliquez la quantit\u00e9 appropri\u00e9e de cette cr\u00e8me sur votre visage lors de la derni\u00e8re \u00e9tape de votre routine de soins. Tapotez avec vos doigts pour faciliter l\u2019absorption.<\/p>","protected":false},"excerpt":{"rendered":"<p>Red Bean Water Gel Ce qu&#8217;il est \u00c0 mesure que la peau m\u00fbrit, elle a tendance \u00e0 perdre de l\u2019humidit\u00e9 et du s\u00e9bum, ce qui facilite la formation des rides. Lorsque la peau manque d\u2019hydratation, elle compense en produisant plus de s\u00e9bum pour se prot\u00e9ger. Ce d\u00e9s\u00e9quilibre peut augmenter le risque d\u2019inflammation cutan\u00e9e. Par cons\u00e9quent,<span class=\"read-more-faq\"><a href=\"https:\/\/sakaba.mghosteur.com\/en\/product\/beauty-of-joseon-red-bean-water-gel-100ml\/\">Read More<\/a><\/span><\/p>","protected":false},"featured_media":0,"comment_status":"open","ping_status":"closed","template":"","meta":[],"product_brand":[797],"product_cat":[331,384,1018,451],"product_tag":[],"class_list":{"0":"post-31388","1":"product","2":"type-product","3":"status-publish","5":"product_brand-beauty-of-joseon","6":"product_cat-hydratant-visage","7":"product_cat-peaux-grasses","8":"product_cat-aai-produis-coreens","9":"product_cat-aab-soin-du-visage","11":"first","12":"instock","13":"shipping-taxable","14":"product-type-simple"},"jetpack-related-posts":[{"id":30334,"url":"https:\/\/sakaba.mghosteur.com\/en\/product\/neutrogena-hydro-boost-water-gel-48g\/","url_meta":{"origin":31388,"position":0},"title":"NEUTROGENA HYDRO BOOST WATER GEL 48g","author":"admin","date":"May 8, 2023","format":false,"excerpt":"D\u00e9couvrez le Gel d'eau Hydro Boost \u00e0 l'acide hyaluronique de Neutrogena\u00ae, sp\u00e9cialement con\u00e7u pour r\u00e9pondre aux besoins de la peau s\u00e8che. Gr\u00e2ce \u00e0 sa formule prim\u00e9e, ce gel hydratant p\u00e9n\u00e8tre rapidement dans la peau pour offrir une hydratation intense et durable. Cette cr\u00e8me hydratante pour le visage est la plus\u2026","rel":"","context":"Similar post","block_context":{"text":"Similar post","link":""},"img":{"alt_text":"","src":"","width":0,"height":0},"classes":[]},{"id":30266,"url":"https:\/\/sakaba.mghosteur.com\/en\/product\/neutragena-hydro-boost-water-gel-hyaluronic-acid\/","url_meta":{"origin":31388,"position":1},"title":"NEUTROGENA HYDRO BOOST WATER GEL HYALURONIC ACID","author":"admin","date":"May 5, 2023","format":false,"excerpt":"D\u00e9couvrez le Gel d'Eau Hydro Boost de Neutrogena, une solution r\u00e9volutionnaire pour les peaux s\u00e8ches en qu\u00eate d'hydratation. Gr\u00e2ce \u00e0 sa formule prim\u00e9e \u00e0 l'acide hyaluronique, ce gel hydratant p\u00e9n\u00e8tre rapidement comme un gel tout en offrant une hydratation intense et durable comme une cr\u00e8me. Cliniquement prouv\u00e9 pour renforcer la\u2026","rel":"","context":"Similar post","block_context":{"text":"Similar post","link":""},"img":{"alt_text":"","src":"","width":0,"height":0},"classes":[]},{"id":24009,"url":"https:\/\/sakaba.mghosteur.com\/en\/product\/neutrogena-hydro-boost-hydrating-cleansing-gel\/","url_meta":{"origin":31388,"position":2},"title":"NEUTROGENA HYDRO BOOST HYDRATING CLEANSING GEL","author":"admin","date":"November 9, 2022","format":false,"excerpt":"D\u00e9couvrez le Gel Nettoyant et D\u00e9maquillant sans Huile de Neutrogena, le compagnon parfait pour une peau d'apparence saine et hydrat\u00e9e. Ce nettoyant pour le visage l\u00e9ger est formul\u00e9 avec de l'acide hyaluronique, offrant une hydratation en profondeur pour une peau douce et \u00e9clatante. Il \u00e9limine efficacement les impuret\u00e9s, l'exc\u00e8s de\u2026","rel":"","context":"Similar post","block_context":{"text":"Similar post","link":""},"img":{"alt_text":"","src":"","width":0,"height":0},"classes":[]},{"id":30296,"url":"https:\/\/sakaba.mghosteur.com\/en\/product\/beauty-of-joseon-red-bean-refreshing-pore-mask\/","url_meta":{"origin":31388,"position":3},"title":"BEAUTY OF JOSEON RED BEAN REFRESHING PORE MASK","author":"admin","date":"May 8, 2023","format":false,"excerpt":"D\u00e9couvrez le Masque rafra\u00eechissant pour les pores aux haricots rouges de la marque Beauty of Joseon. Ce masque est con\u00e7u pour prendre soin de vos pores en \u00e9liminant les cellules mortes de la peau, en lavant le s\u00e9bum et les d\u00e9chets accumul\u00e9s et en abaissant la temp\u00e9rature de la peau.\u2026","rel":"","context":"Similar post","block_context":{"text":"Similar post","link":""},"img":{"alt_text":"","src":"","width":0,"height":0},"classes":[]},{"id":27358,"url":"https:\/\/sakaba.mghosteur.com\/en\/product\/the-inkey-list-omega-water-cream\/","url_meta":{"origin":31388,"position":4},"title":"THE INKEY LIST OMEGA WATER CREAM","author":"admin","date":"November 29, 2022","format":false,"excerpt":"La cr\u00e8me d'eau Om\u00e9ga de la marque The Inkey List est un hydratant l\u00e9ger et sans huile pour la peau. Sa formulation unique \u00e0 base d'eau et sans silicone aide \u00e0 maintenir une barri\u00e8re cutan\u00e9e saine pour une hydratation imm\u00e9diate et longue dur\u00e9e. Test\u00e9e dermatologiquement, elle contient un complexe d'acides\u2026","rel":"","context":"Similar post","block_context":{"text":"Similar post","link":""},"img":{"alt_text":"","src":"","width":0,"height":0},"classes":[]},{"id":27620,"url":"https:\/\/sakaba.mghosteur.com\/en\/product\/ginseng-essence-water\/","url_meta":{"origin":31388,"position":5},"title":"GINSENG ESSENCE WATER","author":"admin","date":"November 29, 2022","format":false,"excerpt":"D\u00e9couvrez l'eau d'essence de ginseng de la marque Beauty of Joseon, un produit \u00e0 base de plantes naturelles qui a \u00e9t\u00e9 utilis\u00e9 pendant des si\u00e8cles pour am\u00e9liorer la sant\u00e9 et la beaut\u00e9 de la peau cor\u00e9enne. Cette essence contient 80% d'eau de ginseng pour offrir une hydratation et une nutrition\u2026","rel":"","context":"Similar post","block_context":{"text":"Similar post","link":""},"img":{"alt_text":"","src":"","width":0,"height":0},"classes":[]}],"_links":{"self":[{"href":"https:\/\/sakaba.mghosteur.com\/en\/wp-json\/wp\/v2\/product\/31388","targetHints":{"allow":["GET"]}}],"collection":[{"href":"https:\/\/sakaba.mghosteur.com\/en\/wp-json\/wp\/v2\/product"}],"about":[{"href":"https:\/\/sakaba.mghosteur.com\/en\/wp-json\/wp\/v2\/types\/product"}],"replies":[{"embeddable":true,"href":"https:\/\/sakaba.mghosteur.com\/en\/wp-json\/wp\/v2\/comments?post=31388"}],"version-history":[{"count":0,"href":"https:\/\/sakaba.mghosteur.com\/en\/wp-json\/wp\/v2\/product\/31388\/revisions"}],"wp:attachment":[{"href":"https:\/\/sakaba.mghosteur.com\/en\/wp-json\/wp\/v2\/media?parent=31388"}],"wp:term":[{"taxonomy":"product_brand","embeddable":true,"href":"https:\/\/sakaba.mghosteur.com\/en\/wp-json\/wp\/v2\/product_brand?post=31388"},{"taxonomy":"product_cat","embeddable":true,"href":"https:\/\/sakaba.mghosteur.com\/en\/wp-json\/wp\/v2\/product_cat?post=31388"},{"taxonomy":"product_tag","embeddable":true,"href":"https:\/\/sakaba.mghosteur.com\/en\/wp-json\/wp\/v2\/product_tag?post=31388"}],"curies":[{"name":"wp","href":"https:\/\/api.w.org\/{rel}","templated":true}]}}