{"id":31393,"date":"2024-05-10T10:57:27","date_gmt":"2024-05-10T10:57:27","guid":{"rendered":"https:\/\/sakaba.mghosteur.com\/?post_type=product&#038;p=31393"},"modified":"2024-08-07T19:46:48","modified_gmt":"2024-08-07T19:46:48","slug":"beauty-of-joseon-revive-serum-ginseng-snail-mucin","status":"publish","type":"product","link":"https:\/\/sakaba.mghosteur.com\/en\/product\/beauty-of-joseon-revive-serum-ginseng-snail-mucin\/","title":{"rendered":"BEAUTY OF JOSEON Revive Serum  Ginseng + Snail Mucin"},"content":{"rendered":"<div class=\"flex-1 overflow-hidden\">\n<div class=\"react-scroll-to-bottom--css-qedfa-79elbk h-full\">\n<div class=\"react-scroll-to-bottom--css-qedfa-1n7m0yu\">\n<div>\n<div class=\"flex flex-col text-sm pb-9\">\n<div class=\"w-full text-token-text-primary\" dir=\"auto\" data-testid=\"conversation-turn-3\" data-scroll-anchor=\"true\">\n<div class=\"py-2 px-3 text-base md:px-4 m-auto md:px-5 lg:px-1 xl:px-5\">\n<div class=\"mx-auto flex flex-1 gap-3 text-base juice:gap-4 juice:md:gap-6 md:max-w-3xl lg:max-w-[40rem] xl:max-w-[48rem]\">\n<div class=\"relative flex w-full min-w-0 flex-col agent-turn\">\n<div class=\"flex-col gap-1 md:gap-3\">\n<div class=\"flex flex-grow flex-col max-w-full\">\n<div class=\"min-h-[20px] text-message flex flex-col items-start whitespace-pre-wrap break-words [.text-message+&amp;]:mt-5 juice:w-full juice:items-end overflow-x-auto gap-3\" dir=\"auto\" data-message-author-role=\"assistant\" data-message-id=\"470faeb7-f28e-4d9d-a421-1cae17484c5b\">\n<div class=\"markdown prose w-full break-words dark:prose-invert light\">\n<p>D\u00e9couvrez le S\u00e9rum Revive : Ginseng + Mucus d&#8217;escargot<\/p>\n<p>Un s\u00e9rum con\u00e7u pour raviver les peaux en manque de vitalit\u00e9. Formul\u00e9 avec du ginseng, un ingr\u00e9dient v\u00e9g\u00e9tal r\u00e9put\u00e9 depuis des si\u00e8cles, et 3 % de filtrat de s\u00e9cr\u00e9tion d&#8217;escargot, cette combinaison offre une synergie optimale pour renforcer l&#8217;\u00e9lasticit\u00e9 de la peau.<\/p>\n<p>Ingr\u00e9dients cl\u00e9s :<\/p>\n<ul>\n<li>Eau de racine de ginseng 63 % : Le ginseng, reconnu comme une herbe des dieux dans la tradition cor\u00e9enne, est riche en saponine, offrant une hydratation profonde et durable pour une peau saine.<\/li>\n<li>Mucine d&#8217;escargot 3 % : La mucine d&#8217;escargot filtr\u00e9e et purifi\u00e9e est r\u00e9put\u00e9e pour ses propri\u00e9t\u00e9s apaisantes et protectrices sur la peau endommag\u00e9e, enrichie avec des extraits de Centella asiatica, de champignon et de racine de Panax ginseng.<\/li>\n<\/ul>\n<p>Mode d&#8217;emploi :<\/p>\n<p>Appliquez 2 \u00e0 3 gouttes de s\u00e9rum sur votre visage. Tapotez doucement pour favoriser l&#8217;absorption.<\/p>\n<\/div>\n<\/div>\n<\/div>\n<div class=\"mt-1 flex gap-3 empty:hidden juice:-ml-3\">\n<div class=\"-ml-1 mt-0 flex h-7 items-center justify-center gap-[2px] self-end text-gray-400 lg:justify-start lg:self-center visible\"><button class=\"rounded-md p-1 text-token-text-tertiary hover:text-token-text-primary\"><\/button><button class=\"rounded-md p-1 text-token-text-tertiary hover:text-token-text-primary\"><\/button><button class=\"rounded-md p-1 text-token-text-tertiary hover:text-token-text-primary\"><\/button><\/p>\n<div class=\"flex\"><\/div>\n<\/div>\n<\/div>\n<div class=\"pr-2 lg:pr-0\"><\/div>\n<\/div>\n<div class=\"absolute\">\n<div class=\"flex w-full gap-2 items-center justify-center\"><\/div>\n<\/div>\n<\/div>\n<\/div>\n<\/div>\n<\/div>\n<\/div>\n<\/div>\n<\/div>\n<\/div>\n<\/div>\n<div class=\"w-full md:pt-0 dark:border-white\/20 md:border-transparent md:dark:border-transparent md:w-[calc(100%-.5rem)] juice:w-full\">\n<div class=\"px-3 text-base md:px-4 m-auto md:px-5 lg:px-1 xl:px-5\">\n<div class=\"mx-auto flex flex-1 gap-3 text-base juice:gap-4 juice:md:gap-6 md:max-w-3xl lg:max-w-[40rem] xl:max-w-[48rem]\">\n<div class=\"relative flex h-full max-w-full flex-1 flex-col\">\n<div class=\"absolute bottom-full left-0 right-0\"><\/div>\n<div class=\"flex w-full items-center\"><\/div>\n<\/div>\n<\/div>\n<\/div>\n<\/div>","protected":false},"excerpt":{"rendered":"<p>D\u00e9couvrez le S\u00e9rum Revive : Ginseng + Mucus d&#8217;escargot Un s\u00e9rum con\u00e7u pour raviver les peaux en manque de vitalit\u00e9. Formul\u00e9 avec du ginseng, un ingr\u00e9dient v\u00e9g\u00e9tal r\u00e9put\u00e9 depuis des si\u00e8cles, et 3 % de filtrat de s\u00e9cr\u00e9tion d&#8217;escargot, cette combinaison offre une synergie optimale pour renforcer l&#8217;\u00e9lasticit\u00e9 de la peau. Ingr\u00e9dients cl\u00e9s : Eau<span class=\"read-more-faq\"><a href=\"https:\/\/sakaba.mghosteur.com\/en\/product\/beauty-of-joseon-revive-serum-ginseng-snail-mucin\/\">Read More<\/a><\/span><\/p>","protected":false},"featured_media":0,"comment_status":"open","ping_status":"closed","template":"","meta":[],"product_brand":[797],"product_cat":[294,293,1018,451,334],"product_tag":[],"class_list":{"0":"post-31393","1":"product","2":"type-product","3":"status-publish","5":"product_brand-beauty-of-joseon","6":"product_cat-acne","7":"product_cat-anti-taches","8":"product_cat-aai-produis-coreens","9":"product_cat-aab-soin-du-visage","10":"product_cat-traitement-serum","12":"first","13":"instock","14":"shipping-taxable","15":"product-type-simple"},"jetpack-related-posts":[{"id":30222,"url":"https:\/\/sakaba.mghosteur.com\/en\/product\/beauty-of-joseon-revive-serum-ginseng-snail-muci\/","url_meta":{"origin":31393,"position":0},"title":"BEAUTY OF JOSEON REVIVE SERUM GINSENG + SNAIL MUCI","author":"admin","date":"May 4, 2023","format":false,"excerpt":"D\u00e9couvrez le S\u00e9rum Revive de la marque Beauty of Joseon, sp\u00e9cialement con\u00e7u pour revitaliser les peaux en manque d'\u00e9nergie. Ce s\u00e9rum contient du ginseng, un ingr\u00e9dient v\u00e9g\u00e9tal utilis\u00e9 depuis des si\u00e8cles en phytoth\u00e9rapie orientale pour ses propri\u00e9t\u00e9s b\u00e9n\u00e9fiques. Avec une concentration de 63% en eau de racine de ginseng, ce\u2026","rel":"","context":"Similar post","block_context":{"text":"Similar post","link":""},"img":{"alt_text":"","src":"","width":0,"height":0},"classes":[]},{"id":30303,"url":"https:\/\/sakaba.mghosteur.com\/en\/product\/beauty-of-joseon-revive-eye-serum-ginseng-retinal\/","url_meta":{"origin":31393,"position":1},"title":"BEAUTY OF JOSEON REVIVE EYE SERUM GINSENG + RETINAL","author":"admin","date":"May 8, 2023","format":false,"excerpt":"D\u00e9couvrez le S\u00e9rum Contour des Yeux Ravivant au Ginseng et au R\u00e9tinal de la marque Beauty of Joseon, con\u00e7u pour am\u00e9liorer les rides de la peau sensible autour des yeux. La combinaison d'extrait de ginseng et de r\u00e9tinal aide \u00e0 augmenter l'\u00e9lasticit\u00e9 de la couche dermique de la peau, en\u2026","rel":"","context":"Similar post","block_context":{"text":"Similar post","link":""},"img":{"alt_text":"","src":"","width":0,"height":0},"classes":[]},{"id":27615,"url":"https:\/\/sakaba.mghosteur.com\/en\/product\/repair-serum-ginseng-snail-mucin\/","url_meta":{"origin":31393,"position":2},"title":"REPAIR SERUM GINSENG + SNAIL MUCIN","author":"admin","date":"November 29, 2022","format":false,"excerpt":"","rel":"","context":"Similar post","block_context":{"text":"Similar post","link":""},"img":{"alt_text":"","src":"","width":0,"height":0},"classes":[]},{"id":29432,"url":"https:\/\/sakaba.mghosteur.com\/en\/product\/cosrx-advanced-snail-mucin-power-sheet-mask\/","url_meta":{"origin":31393,"position":3},"title":"COSRX ADVANCED SNAIL MUCIN POWER SHEET MASK","author":"admin","date":"April 4, 2023","format":false,"excerpt":"D\u00e9couvrez le masque en feuille Advanced Snail Mucin Power Sheet Mask de la marque COSRX, parfait pour nourrir et hydrater votre peau en profondeur. Chaque paquet contient 10 feuilles de cellulose d'origine naturelle, imbib\u00e9es de 35 000 ppm de mucine d'escargot pour une efficacit\u00e9 maximale. La formule riche de ce\u2026","rel":"","context":"Similar post","block_context":{"text":"Similar post","link":""},"img":{"alt_text":"","src":"","width":0,"height":0},"classes":[]},{"id":30218,"url":"https:\/\/sakaba.mghosteur.com\/en\/product\/beauty-of-joseon-ginseng-cleansing\/","url_meta":{"origin":31393,"position":4},"title":"BEAUTY OF JOSEON &#8211; GINSENG CLEANSING","author":"admin","date":"May 4, 2023","format":false,"excerpt":"D\u00e9couvrez l'huile d\u00e9maquillante au ginseng de la marque Beauty of Joseon pour une exp\u00e9rience de nettoyage en profondeur de votre peau. Contrairement \u00e0 d'autres huiles nettoyantes disponibles sur le march\u00e9, notre formule contient de l'huile de Glycine Soja, une base l\u00e9g\u00e8re et efficace pour \u00e9liminer en douceur la salet\u00e9, le\u2026","rel":"","context":"Similar post","block_context":{"text":"Similar post","link":""},"img":{"alt_text":"","src":"","width":0,"height":0},"classes":[]},{"id":26901,"url":"https:\/\/sakaba.mghosteur.com\/en\/product\/advanced-snail-96-mucin-power-essence\/","url_meta":{"origin":31393,"position":5},"title":"COSRX ADVANCED SNAIL 96 MUCIN POWER ESSENCE","author":"admin","date":"November 28, 2022","format":false,"excerpt":"L'Advanced Snail 96 Mucin Power Essence de la marque COSRX est une essence l\u00e9g\u00e8re qui p\u00e9n\u00e8tre rapidement dans la peau pour donner \u00e0 votre peau un \u00e9clat naturel de l'int\u00e9rieur. Cette essence est cr\u00e9\u00e9e \u00e0 partir de mucine d'escargot filtr\u00e9e nutritive et \u00e0 faible stimulation pour garder votre peau hydrat\u00e9e\u2026","rel":"","context":"Similar post","block_context":{"text":"Similar post","link":""},"img":{"alt_text":"","src":"","width":0,"height":0},"classes":[]}],"_links":{"self":[{"href":"https:\/\/sakaba.mghosteur.com\/en\/wp-json\/wp\/v2\/product\/31393","targetHints":{"allow":["GET"]}}],"collection":[{"href":"https:\/\/sakaba.mghosteur.com\/en\/wp-json\/wp\/v2\/product"}],"about":[{"href":"https:\/\/sakaba.mghosteur.com\/en\/wp-json\/wp\/v2\/types\/product"}],"replies":[{"embeddable":true,"href":"https:\/\/sakaba.mghosteur.com\/en\/wp-json\/wp\/v2\/comments?post=31393"}],"version-history":[{"count":0,"href":"https:\/\/sakaba.mghosteur.com\/en\/wp-json\/wp\/v2\/product\/31393\/revisions"}],"wp:attachment":[{"href":"https:\/\/sakaba.mghosteur.com\/en\/wp-json\/wp\/v2\/media?parent=31393"}],"wp:term":[{"taxonomy":"product_brand","embeddable":true,"href":"https:\/\/sakaba.mghosteur.com\/en\/wp-json\/wp\/v2\/product_brand?post=31393"},{"taxonomy":"product_cat","embeddable":true,"href":"https:\/\/sakaba.mghosteur.com\/en\/wp-json\/wp\/v2\/product_cat?post=31393"},{"taxonomy":"product_tag","embeddable":true,"href":"https:\/\/sakaba.mghosteur.com\/en\/wp-json\/wp\/v2\/product_tag?post=31393"}],"curies":[{"name":"wp","href":"https:\/\/api.w.org\/{rel}","templated":true}]}}