{"id":31394,"date":"2024-05-10T10:58:48","date_gmt":"2024-05-10T10:58:48","guid":{"rendered":"https:\/\/sakaba.mghosteur.com\/?post_type=product&#038;p=31394"},"modified":"2024-08-30T03:38:57","modified_gmt":"2024-08-30T03:38:57","slug":"paula-s-choice-weigntless-body-treatment-2-bha","status":"publish","type":"product","link":"https:\/\/sakaba.mghosteur.com\/en\/product\/paula-s-choice-weigntless-body-treatment-2-bha\/","title":{"rendered":"PAULA&#8217; S CHOICE WEIGNTLESS BODY TREATMENT 2% BHA"},"content":{"rendered":"<p>Cet exfoliant corporel sans rin\u00e7age, renfermant 2 % d&#8217;acide salicylique, un BHA r\u00e9put\u00e9, offre une exfoliation douce, lib\u00e9rant la peau des cellules mortes accumul\u00e9es pour r\u00e9v\u00e9ler une peau radieuse et lisse en dessous. La concentration de 2 % d&#8217;acide salicylique adoucit et affine la texture rugueuse de la peau, tandis que les antioxydants assurent sa protection et sa sant\u00e9. Sa texture l\u00e9g\u00e8re et soyeuse procure une exp\u00e9rience agr\u00e9able sur la peau, id\u00e9ale pour les pores des bras et des jambes sujets aux obstructions.<\/p>\n<p>Convient \u00e0 diff\u00e9rents types de peau, y compris normale, s\u00e8che, mixte et grasse, cet exfoliant offre des r\u00e9sultats visibles d\u00e8s la premi\u00e8re utilisation. Il \u00e9limine les imperfections de la peau pour une apparence plus radieuse et lisse, favorisant une peau r\u00e9siliente et douce au toucher. Ce produit est un favori des clients et convient m\u00eame aux peaux sujettes \u00e0 la k\u00e9ratose pilaire.<\/p>\n<p>Pour l&#8217;utilisation, appliquez une petite quantit\u00e9 sur une peau propre. Utilisez quotidiennement pour un lissage int\u00e9gral ou localement si n\u00e9cessaire, en compl\u00e9ment d&#8217;une cr\u00e8me hydratante. Pendant la journ\u00e9e, appliquez un \u00e9cran solaire \u00e0 large spectre avec un FPS de 30 ou plus. Pour toute allergie aux salicylates, consultez votre m\u00e9decin avant usage.<\/p>","protected":false},"excerpt":{"rendered":"<p>Cet exfoliant corporel sans rin\u00e7age, renfermant 2 % d&#8217;acide salicylique, un BHA r\u00e9put\u00e9, offre une exfoliation douce, lib\u00e9rant la peau des cellules mortes accumul\u00e9es pour r\u00e9v\u00e9ler une peau radieuse et lisse en dessous. La concentration de 2 % d&#8217;acide salicylique adoucit et affine la texture rugueuse de la peau, tandis que les antioxydants assurent sa<span class=\"read-more-faq\"><a href=\"https:\/\/sakaba.mghosteur.com\/en\/product\/paula-s-choice-weigntless-body-treatment-2-bha\/\">Read More<\/a><\/span><\/p>","protected":false},"featured_media":0,"comment_status":"open","ping_status":"closed","template":"","meta":[],"product_brand":[951],"product_cat":[447,1061],"product_tag":[],"class_list":{"0":"post-31394","1":"product","2":"type-product","3":"status-publish","5":"product_brand-paula-choice","6":"product_cat-aac-bain-et-corps","7":"product_cat-lait-huile_corporelle","9":"first","10":"instock","11":"shipping-taxable","12":"product-type-simple"},"jetpack-related-posts":[{"id":26868,"url":"https:\/\/sakaba.mghosteur.com\/en\/product\/paula-choice-2-bha-liquid-exfoliant\/","url_meta":{"origin":31394,"position":0},"title":"PAULA CHOICE 2% BHA LIQUID EXFOLIANT","author":"admin","date":"November 28, 2022","format":false,"excerpt":"Le produit num\u00e9ro 1 de la marque Paula's Choice, cet exfoliant liquide 2% BHA est un favori culte qui nettoie en profondeur les pores, lisse les rides et unifie le teint de la peau. Sa formule douce sans rin\u00e7age \u00e0 base d'acide salicylique \u00e9prouv\u00e9 en clinique permet de d\u00e9sobstruer rapidement\u2026","rel":"","context":"Similar post","block_context":{"text":"Similar post","link":""},"img":{"alt_text":"","src":"","width":0,"height":0},"classes":[]},{"id":26852,"url":"https:\/\/sakaba.mghosteur.com\/en\/product\/skin-perfecting-25aha-2bha-exfoliant-peel\/","url_meta":{"origin":31394,"position":1},"title":"SKIN PERFECTING 25%AHA +2%BHA EXFOLIANT PEEL","author":"admin","date":"November 28, 2022","format":false,"excerpt":"D\u00e9couvrez le Peeling Exfoliant 25% AHA + 2% BHA de la marque Paula's Choice, un gommage exfoliant multi-acides qui transformera votre peau en profondeur. Ce produit unique en son genre est con\u00e7u pour lisser les rides, affiner la texture de la peau, \u00e9claircir le teint et d\u00e9sobstruer les pores pour\u2026","rel":"","context":"Similar post","block_context":{"text":"Similar post","link":""},"img":{"alt_text":"","src":"","width":0,"height":0},"classes":[]},{"id":27487,"url":"https:\/\/sakaba.mghosteur.com\/en\/product\/the-ordinary-salicylic-acid-2-anhydrous-solution-2\/","url_meta":{"origin":31394,"position":2},"title":"THE ORDINARY SALICYLIC ACID 2% ANHYDROUS SOLUTION","author":"admin","date":"November 29, 2022","format":false,"excerpt":"La solution anhydre d'acide salicylique \u00e0 2 % de la marque The Ordinary est une formule douce con\u00e7ue pour exfolier en douceur la peau, d\u00e9congestionner les pores, lisser les irr\u00e9gularit\u00e9s de texture et r\u00e9duire les rougeurs et le teint irr\u00e9gulier. Cette formule se distingue des autres offres d'acide salicylique gr\u00e2ce\u2026","rel":"","context":"Similar post","block_context":{"text":"Similar post","link":""},"img":{"alt_text":"","src":"","width":0,"height":0},"classes":[]},{"id":28072,"url":"https:\/\/sakaba.mghosteur.com\/en\/product\/bha-liquid-exfoliant-2\/","url_meta":{"origin":31394,"position":3},"title":"BHA LIQUID EXFOLIANT 2%","author":"admin","date":"November 29, 2022","format":false,"excerpt":"L'exfoliant liquide Naturium BHA 2% est un exfoliant sans rin\u00e7age qui utilise de l'acide salicylique pour d\u00e9boucher les pores, uniformiser le teint et lisser les rides et ridules. Il est sans cruaut\u00e9, \u00e0 base de plantes et d'ingr\u00e9dients marins, sans parab\u00e8ne, v\u00e9g\u00e9talien, sans gluten, sans parfum et non toxique. Il\u2026","rel":"","context":"Similar post","block_context":{"text":"Similar post","link":""},"img":{"alt_text":"","src":"","width":0,"height":0},"classes":[]},{"id":24177,"url":"https:\/\/sakaba.mghosteur.com\/en\/product\/cerave-sa-body-wash-for-rough-and-bumpy-skin\/","url_meta":{"origin":31394,"position":4},"title":"CERAVE SA BODY WASH FOR ROUGH AND BUMPY SKIN","author":"admin","date":"November 9, 2022","format":false,"excerpt":"Le nettoyant pour le corps CeraVe SA est sp\u00e9cialement con\u00e7u pour les peaux rugueuses et bossel\u00e9es. Il utilise une combinaison d'acide salicylique, de c\u00e9ramides, d'acide hyaluronique et de niacinamide pour nettoyer et exfolier en douceur tout en offrant une hydratation optimale. L'acide salicylique est un exfoliant doux qui aide \u00e0\u2026","rel":"","context":"Similar post","block_context":{"text":"Similar post","link":""},"img":{"alt_text":"","src":"","width":0,"height":0},"classes":[]},{"id":26871,"url":"https:\/\/sakaba.mghosteur.com\/en\/product\/skin-perfecting-bha-9-salicylic-acid\/","url_meta":{"origin":31394,"position":5},"title":"BHA 9 Treatment","author":"admin","date":"November 28, 2022","format":false,"excerpt":"Cet exfoliant BHA concentr\u00e9 et unique sans rin\u00e7age \u00e0 l'acide salicylique fait des merveilles pour am\u00e9liorer l'apparence des probl\u00e8mes de peau tenaces tels que les pores dilat\u00e9s ou obstru\u00e9s, les bosses et les plaques de peau rugueuse et s\u00e8che. Il convient m\u00eame aux peaux sujettes aux miliums. Offre une lib\u00e9ration\u2026","rel":"","context":"Similar post","block_context":{"text":"Similar post","link":""},"img":{"alt_text":"","src":"","width":0,"height":0},"classes":[]}],"_links":{"self":[{"href":"https:\/\/sakaba.mghosteur.com\/en\/wp-json\/wp\/v2\/product\/31394","targetHints":{"allow":["GET"]}}],"collection":[{"href":"https:\/\/sakaba.mghosteur.com\/en\/wp-json\/wp\/v2\/product"}],"about":[{"href":"https:\/\/sakaba.mghosteur.com\/en\/wp-json\/wp\/v2\/types\/product"}],"replies":[{"embeddable":true,"href":"https:\/\/sakaba.mghosteur.com\/en\/wp-json\/wp\/v2\/comments?post=31394"}],"version-history":[{"count":0,"href":"https:\/\/sakaba.mghosteur.com\/en\/wp-json\/wp\/v2\/product\/31394\/revisions"}],"wp:attachment":[{"href":"https:\/\/sakaba.mghosteur.com\/en\/wp-json\/wp\/v2\/media?parent=31394"}],"wp:term":[{"taxonomy":"product_brand","embeddable":true,"href":"https:\/\/sakaba.mghosteur.com\/en\/wp-json\/wp\/v2\/product_brand?post=31394"},{"taxonomy":"product_cat","embeddable":true,"href":"https:\/\/sakaba.mghosteur.com\/en\/wp-json\/wp\/v2\/product_cat?post=31394"},{"taxonomy":"product_tag","embeddable":true,"href":"https:\/\/sakaba.mghosteur.com\/en\/wp-json\/wp\/v2\/product_tag?post=31394"}],"curies":[{"name":"wp","href":"https:\/\/api.w.org\/{rel}","templated":true}]}}