{"id":31403,"date":"2024-05-10T11:00:51","date_gmt":"2024-05-10T11:00:51","guid":{"rendered":"https:\/\/sakaba.mghosteur.com\/?post_type=product&#038;p=31403"},"modified":"2024-08-30T03:40:08","modified_gmt":"2024-08-30T03:40:08","slug":"paulas-choice-pro-collagen-multi-peptide-booster","status":"publish","type":"product","link":"https:\/\/sakaba.mghosteur.com\/en\/product\/paulas-choice-pro-collagen-multi-peptide-booster\/","title":{"rendered":"PAULA&#8217;S CHOICE PRO-COLLAGEN MULTI-PEPTIDE BOOSTER"},"content":{"rendered":"<div class=\"flex-1 overflow-hidden\">\n<div class=\"react-scroll-to-bottom--css-qedfa-79elbk h-full\">\n<div class=\"react-scroll-to-bottom--css-qedfa-1n7m0yu\">\n<div>\n<div class=\"flex flex-col text-sm pb-9\">\n<div class=\"w-full text-token-text-primary\" dir=\"auto\" data-testid=\"conversation-turn-3\" data-scroll-anchor=\"true\">\n<div class=\"py-2 px-3 text-base md:px-4 m-auto md:px-5 lg:px-1 xl:px-5\">\n<div class=\"mx-auto flex flex-1 gap-3 text-base juice:gap-4 juice:md:gap-6 md:max-w-3xl lg:max-w-[40rem] xl:max-w-[48rem]\">\n<div class=\"relative flex w-full min-w-0 flex-col agent-turn\">\n<div class=\"flex-col gap-1 md:gap-3\">\n<div class=\"flex flex-grow flex-col max-w-full\">\n<div class=\"min-h-[20px] text-message flex flex-col items-start whitespace-pre-wrap break-words [.text-message+&amp;]:mt-5 juice:w-full juice:items-end overflow-x-auto gap-3\" dir=\"auto\" data-message-author-role=\"assistant\" data-message-id=\"aa0e085a-e05d-4804-a9a2-a5d656bfd4a5\">\n<div class=\"markdown prose w-full break-words dark:prose-invert light\">\n<p>Pro-Collagen Multi-Peptide Booster<\/p>\n<p>Reconstruisez, renforcez et raffermissez votre peau en profondeur gr\u00e2ce \u00e0 six peptides pro-collag\u00e8ne. Ce booster offre un soutien multicouche pour des r\u00e9sultats imm\u00e9diats et durables.<\/p>\n<p>Le complexe peptidique de pointe agit en profondeur pour offrir un soutien multicouche, lissant visiblement les rides en seulement 15 minutes. Cliniquement prouv\u00e9 pour raffermir, repulper et r\u00e9duire visiblement les rides en 4 semaines.<\/p>\n<p>Sa texture gel soyeux et l\u00e9ger p\u00e9n\u00e8tre instantan\u00e9ment, offrant une solution efficace pour les probl\u00e8mes de fermet\u00e9, les rides, et pour maintenir une peau saine, m\u00eame pour les peaux sensibles.<\/p>\n<p>Adapt\u00e9 \u00e0 tous les types de peau : normale, s\u00e8che, mixte ou grasse.<\/p>\n<p>Les avantages incluent six peptides pro-collag\u00e8ne r\u00e9parateurs de pointe qui s&#8217;inspirent des substances pr\u00e9sentes dans la jonction dermo-\u00e9pidermique pour soutenir et am\u00e9liorer l&#8217;architecture du visage. L&#8217;acide hyaluronique hydratant et les acides amin\u00e9s fortifiants raffermissent, repulpent et lissent la peau en seulement 15 minutes.<\/p>\n<p>Mode d&#8217;emploi : Appliquez une \u00e0 deux fois par jour sur le visage, le contour des yeux et le cou apr\u00e8s avoir nettoy\u00e9, tonifi\u00e9 et exfoli\u00e9. Utilisez une quantit\u00e9 de la taille d&#8217;une perle seule ou ajoutez-la \u00e0 votre s\u00e9rum pr\u00e9f\u00e9r\u00e9 ou \u00e0 votre cr\u00e8me hydratante sans SPF. Pour la journ\u00e9e, suivez avec un SPF 30+.<\/p>\n<\/div>\n<\/div>\n<\/div>\n<div class=\"mt-1 flex gap-3 empty:hidden juice:-ml-3\"><\/div>\n<\/div>\n<\/div>\n<\/div>\n<\/div>\n<\/div>\n<\/div>\n<\/div>\n<\/div>\n<\/div>\n<\/div>\n<div class=\"w-full md:pt-0 dark:border-white\/20 md:border-transparent md:dark:border-transparent md:w-[calc(100%-.5rem)] juice:w-full\">\n<div class=\"px-3 text-base md:px-4 m-auto md:px-5 lg:px-1 xl:px-5\">\n<div class=\"mx-auto flex flex-1 gap-3 text-base juice:gap-4 juice:md:gap-6 md:max-w-3xl lg:max-w-[40rem] xl:max-w-[48rem]\">\n<div class=\"relative flex h-full max-w-full flex-1 flex-col\">\n<div class=\"absolute bottom-full left-0 right-0\"><\/div>\n<div class=\"flex w-full items-center\"><\/div>\n<\/div>\n<\/div>\n<\/div>\n<\/div>","protected":false},"excerpt":{"rendered":"<p>Pro-Collagen Multi-Peptide Booster Reconstruisez, renforcez et raffermissez votre peau en profondeur gr\u00e2ce \u00e0 six peptides pro-collag\u00e8ne. Ce booster offre un soutien multicouche pour des r\u00e9sultats imm\u00e9diats et durables. Le complexe peptidique de pointe agit en profondeur pour offrir un soutien multicouche, lissant visiblement les rides en seulement 15 minutes. Cliniquement prouv\u00e9 pour raffermir, repulper et<span class=\"read-more-faq\"><a href=\"https:\/\/sakaba.mghosteur.com\/en\/product\/paulas-choice-pro-collagen-multi-peptide-booster\/\">Read More<\/a><\/span><\/p>","protected":false},"featured_media":0,"comment_status":"open","ping_status":"closed","template":"","meta":[],"product_brand":[951],"product_cat":[1095,451,334],"product_tag":[],"class_list":{"0":"post-31403","1":"product","2":"type-product","3":"status-publish","5":"product_brand-paula-choice","6":"product_cat-anti-age","7":"product_cat-aab-soin-du-visage","8":"product_cat-traitement-serum","10":"first","11":"instock","12":"shipping-taxable","13":"product-type-simple"},"jetpack-related-posts":[{"id":27435,"url":"https:\/\/sakaba.mghosteur.com\/en\/product\/the-inkey-list-collagen-booster\/","url_meta":{"origin":31403,"position":0},"title":"THE INKEY LIST COLLAGEN BOOSTER","author":"admin","date":"November 29, 2022","format":false,"excerpt":"Le Collagen Booster de The Inkey List est un must-have pour toute personne soucieuse de la sant\u00e9 de sa peau. Ce s\u00e9rum est con\u00e7u pour aider \u00e0 am\u00e9liorer la texture de la peau en stimulant la production naturelle de collag\u00e8ne, pour une apparence plus jeune et plus radieuse. Le peptide\u2026","rel":"","context":"Similar post","block_context":{"text":"Similar post","link":""},"img":{"alt_text":"","src":"","width":0,"height":0},"classes":[]},{"id":29994,"url":"https:\/\/sakaba.mghosteur.com\/en\/product\/neocell-super-collagen-peptides-400g\/","url_meta":{"origin":31403,"position":1},"title":"NEOCELL SUPER COLLAGEN PEPTIDES 400G","author":"admin","date":"May 1, 2023","format":false,"excerpt":"D\u00e9couvrez la poudre de peptides de Super Collag\u00e8ne NeoCell, un suppl\u00e9ment de collag\u00e8ne hydrolys\u00e9 nourri \u00e0 l'herbe pour une beaut\u00e9 int\u00e9rieure \u00e9clatante. Contenant 10 000 mg de collag\u00e8ne de types 1 et 3 par portion, ce compl\u00e9ment alimentaire soutient la sant\u00e9 de votre peau, de vos cheveux, de vos ongles\u2026","rel":"","context":"Similar post","block_context":{"text":"Similar post","link":""},"img":{"alt_text":"","src":"","width":0,"height":0},"classes":[]},{"id":26865,"url":"https:\/\/sakaba.mghosteur.com\/en\/product\/paula-choice-1retinol-booster\/","url_meta":{"origin":31403,"position":2},"title":"PAULA CHOICE 1%RETINOL BOOSTER","author":"admin","date":"November 28, 2022","format":false,"excerpt":"Le Booster de R\u00e9tinol 1% de Paula's Choice est un concentr\u00e9 l\u00e9ger qui aide \u00e0 am\u00e9liorer l'apparence de votre peau en uniformisant le teint, en r\u00e9duisant l'apparence des rides et en cr\u00e9ant un teint plus lisse et plus \u00e9clatant. La formule pure de r\u00e9tinol est lib\u00e9r\u00e9e lentement pour une efficacit\u00e9\u2026","rel":"","context":"Similar post","block_context":{"text":"Similar post","link":""},"img":{"alt_text":"","src":"","width":0,"height":0},"classes":[]},{"id":26845,"url":"https:\/\/sakaba.mghosteur.com\/en\/product\/paula-choice-c15-super-booster-2\/","url_meta":{"origin":31403,"position":3},"title":"PAULA CHOICE C5 SUPER BOOST MOISTURIZER","author":"admin","date":"November 28, 2022","format":false,"excerpt":"Le Hydratant Super Boost C5 de Paula's Choice est un produit multi-actif qui hydrate votre peau tout en vous offrant des bienfaits anti-\u00e2ge. Avec une formule cliniquement prouv\u00e9e, cet hydratant combine une hydratation efficace avec 5% de vitamine C stabilis\u00e9e pour \u00e9claircir votre teint terne. Le Hexapeptide-5 renforce la fermet\u00e9\u2026","rel":"","context":"Similar post","block_context":{"text":"Similar post","link":""},"img":{"alt_text":"","src":"","width":0,"height":0},"classes":[]},{"id":31897,"url":"https:\/\/sakaba.mghosteur.com\/en\/product\/vital-proteins-collagene-peptided-poudre-265g-25000\/","url_meta":{"origin":31403,"position":4},"title":"Vital Proteins, COLLAGENE PEPTIDED POUDRE 265G 25000","author":"admin","date":"May 10, 2024","format":false,"excerpt":"Envie de booster votre scoop ? Atteignez cette formule trois fois plus agr\u00e9able. En plus du collag\u00e8ne, qui favorise la sant\u00e9 des cheveux, des ongles, de la peau et des articulations**, notre poudre Original Collagen Peptides contient de l'acide hyaluronique et de la vitamine C, des ingr\u00e9dients puissants qui procurent\u2026","rel":"","context":"Similar post","block_context":{"text":"Similar post","link":""},"img":{"alt_text":"","src":"","width":0,"height":0},"classes":[]},{"id":26883,"url":"https:\/\/sakaba.mghosteur.com\/en\/product\/paula-choice-0-3-retinol-2-bakuchiol-treatment\/","url_meta":{"origin":31403,"position":5},"title":"PAULA CHOICE 0.3% RETINOL +2% BAKUCHIOL TREATMENT","author":"admin","date":"November 28, 2022","format":false,"excerpt":"Le Traitement 0,3 % r\u00e9tinol + 2 % bakuchiol de la marque Paula's Choice est un produit de soin de la peau qui cible les signes du vieillissement tels que les ridules, les rides profondes, les pores dilat\u00e9s et la perte de fermet\u00e9. La formule contient du r\u00e9tinol \u00e0 0,3\u2026","rel":"","context":"Similar post","block_context":{"text":"Similar post","link":""},"img":{"alt_text":"","src":"","width":0,"height":0},"classes":[]}],"_links":{"self":[{"href":"https:\/\/sakaba.mghosteur.com\/en\/wp-json\/wp\/v2\/product\/31403","targetHints":{"allow":["GET"]}}],"collection":[{"href":"https:\/\/sakaba.mghosteur.com\/en\/wp-json\/wp\/v2\/product"}],"about":[{"href":"https:\/\/sakaba.mghosteur.com\/en\/wp-json\/wp\/v2\/types\/product"}],"replies":[{"embeddable":true,"href":"https:\/\/sakaba.mghosteur.com\/en\/wp-json\/wp\/v2\/comments?post=31403"}],"version-history":[{"count":0,"href":"https:\/\/sakaba.mghosteur.com\/en\/wp-json\/wp\/v2\/product\/31403\/revisions"}],"wp:attachment":[{"href":"https:\/\/sakaba.mghosteur.com\/en\/wp-json\/wp\/v2\/media?parent=31403"}],"wp:term":[{"taxonomy":"product_brand","embeddable":true,"href":"https:\/\/sakaba.mghosteur.com\/en\/wp-json\/wp\/v2\/product_brand?post=31403"},{"taxonomy":"product_cat","embeddable":true,"href":"https:\/\/sakaba.mghosteur.com\/en\/wp-json\/wp\/v2\/product_cat?post=31403"},{"taxonomy":"product_tag","embeddable":true,"href":"https:\/\/sakaba.mghosteur.com\/en\/wp-json\/wp\/v2\/product_tag?post=31403"}],"curies":[{"name":"wp","href":"https:\/\/api.w.org\/{rel}","templated":true}]}}