{"id":31408,"date":"2024-05-10T11:01:39","date_gmt":"2024-05-10T11:01:39","guid":{"rendered":"https:\/\/sakaba.mghosteur.com\/?post_type=product&#038;p=31408"},"modified":"2024-08-30T03:35:21","modified_gmt":"2024-08-30T03:35:21","slug":"paula-choice-perfect-cleasing-oil","status":"publish","type":"product","link":"https:\/\/sakaba.mghosteur.com\/en\/product\/paula-choice-perfect-cleasing-oil\/","title":{"rendered":"PAULA CHOICE PERFECT CLEASING OIL"},"content":{"rendered":"<p>D\u00e9couvrez ce m\u00e9lange r\u00e9parateur d&#8217;huiles v\u00e9g\u00e9tales qui dissout rapidement le maquillage et \u00e9limine les impuret\u00e9s, tout en laissant la peau douce et lisse, sans r\u00e9sidu gras.<\/p>\n<p>Il \u00e9limine efficacement le maquillage, m\u00eame waterproof, gr\u00e2ce \u00e0 ses huiles de tournesol et de noix de coco qui hydratent et nourrissent la peau. Lorsqu&#8217;il est m\u00e9lang\u00e9 \u00e0 l&#8217;eau, il cr\u00e9e une \u00e9mulsion laiteuse pour \u00e9liminer les impuret\u00e9s tenaces.<\/p>\n<p>Utilisez-le en premi\u00e8re \u00e9tape de votre routine de soin matin et soir. Convient \u00e0 tous les types de peau, y compris la peau tr\u00e8s s\u00e8che, sensible, sujette aux rougeurs et r\u00e9active.<\/p>\n<p>Pour l&#8217;utiliser, appliquez une petite quantit\u00e9 de nettoyant (1 \u00e0 2 pressions) sur une peau humide ou s\u00e8che en effectuant de doux mouvements circulaires. Rincez abondamment. Pour enlever un maquillage plus tenace, r\u00e9p\u00e9tez l&#8217;op\u00e9ration ou utilisez avec un gant de toilette propre et humide.<\/p>","protected":false},"excerpt":{"rendered":"<p>D\u00e9couvrez ce m\u00e9lange r\u00e9parateur d&#8217;huiles v\u00e9g\u00e9tales qui dissout rapidement le maquillage et \u00e9limine les impuret\u00e9s, tout en laissant la peau douce et lisse, sans r\u00e9sidu gras. Il \u00e9limine efficacement le maquillage, m\u00eame waterproof, gr\u00e2ce \u00e0 ses huiles de tournesol et de noix de coco qui hydratent et nourrissent la peau. Lorsqu&#8217;il est m\u00e9lang\u00e9 \u00e0 l&#8217;eau,<span class=\"read-more-faq\"><a href=\"https:\/\/sakaba.mghosteur.com\/en\/product\/paula-choice-perfect-cleasing-oil\/\">Read More<\/a><\/span><\/p>","protected":false},"featured_media":0,"comment_status":"open","ping_status":"closed","template":"","meta":[],"product_brand":[951],"product_cat":[324,451],"product_tag":[],"class_list":{"0":"post-31408","1":"product","2":"type-product","3":"status-publish","5":"product_brand-paula-choice","6":"product_cat-demaquillant-nettoyant","7":"product_cat-aab-soin-du-visage","9":"first","10":"instock","11":"shipping-taxable","12":"product-type-simple"},"jetpack-related-posts":[{"id":33336,"url":"https:\/\/sakaba.mghosteur.com\/en\/product\/biore-blue-baking-soda-10-oz\/","url_meta":{"origin":31408,"position":0},"title":"BIORE BLUE + BAKING SODA CLEANSING MICELLAR WATER 296ml","author":"admin","date":"May 21, 2024","format":false,"excerpt":"Enl\u00e8ve tout! L'eau micellaire nettoyante Bior\u00e9 Blue Agave & Baking Soda est un doux rafra\u00eechissement pour le visage tout-en-un qui \u00e9limine le maquillage, la salet\u00e9 et les impuret\u00e9s. Aucun rin\u00e7age requis\u00a0! Cette eau micellaire nettoyante douce \u00e9limine la salet\u00e9 et le maquillage en profondeur en une seule \u00e9tape. NETTOYANT DOUX\u2026","rel":"","context":"Similar post","block_context":{"text":"Similar post","link":""},"img":{"alt_text":"","src":"","width":0,"height":0},"classes":[]},{"id":31417,"url":"https:\/\/sakaba.mghosteur.com\/en\/product\/paulas-choice-the-unscrub\/","url_meta":{"origin":31408,"position":1},"title":"Paula&#8217;s Choice The UnScrub","author":"admin","date":"May 10, 2024","format":false,"excerpt":"Le UnScrub Ce gommage visage unique en son genre \u00e9limine en douceur le maquillage, la cr\u00e8me solaire et les impuret\u00e9s tout en renouvelant la peau avec des perles de jojoba rondes et biod\u00e9gradables. Nettoie en profondeur sans perturber la barri\u00e8re cutan\u00e9e Les perles naturelles et dissolvables nettoient d\u00e9licatement la peau\u2026","rel":"","context":"Similar post","block_context":{"text":"Similar post","link":""},"img":{"alt_text":"","src":"","width":0,"height":0},"classes":[]},{"id":29450,"url":"https:\/\/sakaba.mghosteur.com\/en\/product\/cosrx-cica-clear-cleansing-oil\/","url_meta":{"origin":31408,"position":2},"title":"COSRX CICA CLEAR CLEANSING OIL","author":"admin","date":"April 4, 2023","format":false,"excerpt":"Le Pure Fit Cica Clear Huile Nettoyante de la marque COSRX est un nettoyant l\u00e9ger et aqueux qui permet un nettoyage en profondeur et rafra\u00eechissant. Cette huile nettoyante \u00e9limine efficacement le maquillage tenace, les impuret\u00e9s des pores et la poussi\u00e8re, tout en hydratant la peau sans laisser de sensation grasse.\u2026","rel":"","context":"Similar post","block_context":{"text":"Similar post","link":""},"img":{"alt_text":"","src":"","width":0,"height":0},"classes":[]},{"id":30300,"url":"https:\/\/sakaba.mghosteur.com\/en\/product\/beauty-of-joseon-radiance-cleansing-balm\/","url_meta":{"origin":31408,"position":3},"title":"BEAUTY OF JOSEON RADIANCE CLEANSING BALM","author":"admin","date":"May 8, 2023","format":false,"excerpt":"Description du produit : Baume Nettoyant \u00c9clat de la marque BEAUTY OF JOSEON Le Baume Nettoyant \u00c9clat est un produit nettoyant \u00e0 base d'huile de type baume qui fond doucement sur la peau pour \u00e9liminer en douceur le maquillage, l'exc\u00e8s de s\u00e9bum et les impuret\u00e9s. Sa texture baume solide est\u2026","rel":"","context":"Similar post","block_context":{"text":"Similar post","link":""},"img":{"alt_text":"","src":"","width":0,"height":0},"classes":[]},{"id":24009,"url":"https:\/\/sakaba.mghosteur.com\/en\/product\/neutrogena-hydro-boost-hydrating-cleansing-gel\/","url_meta":{"origin":31408,"position":4},"title":"NEUTROGENA HYDRO BOOST HYDRATING CLEANSING GEL","author":"admin","date":"November 9, 2022","format":false,"excerpt":"D\u00e9couvrez le Gel Nettoyant et D\u00e9maquillant sans Huile de Neutrogena, le compagnon parfait pour une peau d'apparence saine et hydrat\u00e9e. Ce nettoyant pour le visage l\u00e9ger est formul\u00e9 avec de l'acide hyaluronique, offrant une hydratation en profondeur pour une peau douce et \u00e9clatante. Il \u00e9limine efficacement les impuret\u00e9s, l'exc\u00e8s de\u2026","rel":"","context":"Similar post","block_context":{"text":"Similar post","link":""},"img":{"alt_text":"","src":"","width":0,"height":0},"classes":[]},{"id":31351,"url":"https:\/\/sakaba.mghosteur.com\/en\/product\/beauty-of-joseon-ginseng-cleansing-oil\/","url_meta":{"origin":31408,"position":5},"title":"BEAUTY OF JOSEON &#8211; GINSENG CLEANSING OIL","author":"admin","date":"May 10, 2024","format":false,"excerpt":"Huile D\u00e9maquillante au Ginseng Description du produit : Chez Beauty of Joseon, le nettoyage est consid\u00e9r\u00e9 comme l'\u00e9tape primordiale des soins de la peau. En n\u00e9gliger l'importance peut entra\u00eener l'accumulation d'impuret\u00e9s cutan\u00e9es et de s\u00e9bum dans les pores, potentiellement susceptibles de causer une inflammation cutan\u00e9e. Notre huile d\u00e9maquillante \u00e9mulsionne et\u2026","rel":"","context":"Similar post","block_context":{"text":"Similar post","link":""},"img":{"alt_text":"","src":"","width":0,"height":0},"classes":[]}],"_links":{"self":[{"href":"https:\/\/sakaba.mghosteur.com\/en\/wp-json\/wp\/v2\/product\/31408","targetHints":{"allow":["GET"]}}],"collection":[{"href":"https:\/\/sakaba.mghosteur.com\/en\/wp-json\/wp\/v2\/product"}],"about":[{"href":"https:\/\/sakaba.mghosteur.com\/en\/wp-json\/wp\/v2\/types\/product"}],"replies":[{"embeddable":true,"href":"https:\/\/sakaba.mghosteur.com\/en\/wp-json\/wp\/v2\/comments?post=31408"}],"version-history":[{"count":0,"href":"https:\/\/sakaba.mghosteur.com\/en\/wp-json\/wp\/v2\/product\/31408\/revisions"}],"wp:attachment":[{"href":"https:\/\/sakaba.mghosteur.com\/en\/wp-json\/wp\/v2\/media?parent=31408"}],"wp:term":[{"taxonomy":"product_brand","embeddable":true,"href":"https:\/\/sakaba.mghosteur.com\/en\/wp-json\/wp\/v2\/product_brand?post=31408"},{"taxonomy":"product_cat","embeddable":true,"href":"https:\/\/sakaba.mghosteur.com\/en\/wp-json\/wp\/v2\/product_cat?post=31408"},{"taxonomy":"product_tag","embeddable":true,"href":"https:\/\/sakaba.mghosteur.com\/en\/wp-json\/wp\/v2\/product_tag?post=31408"}],"curies":[{"name":"wp","href":"https:\/\/api.w.org\/{rel}","templated":true}]}}