{"id":31411,"date":"2024-05-10T11:02:59","date_gmt":"2024-05-10T11:02:59","guid":{"rendered":"https:\/\/sakaba.mghosteur.com\/?post_type=product&#038;p=31411"},"modified":"2024-08-22T00:32:00","modified_gmt":"2024-08-22T00:32:00","slug":"paula-choice-ultra-gentle-cleanser","status":"publish","type":"product","link":"https:\/\/sakaba.mghosteur.com\/en\/product\/paula-choice-ultra-gentle-cleanser\/","title":{"rendered":"PAULA CHOICE ULTRA GENTLE CLEANSER"},"content":{"rendered":"<div class=\"flex-1 overflow-hidden\">\n<div class=\"react-scroll-to-bottom--css-qedfa-79elbk h-full\">\n<div class=\"react-scroll-to-bottom--css-qedfa-1n7m0yu\">\n<div>\n<div class=\"flex flex-col text-sm pb-9\">\n<div class=\"w-full text-token-text-primary\" dir=\"auto\" data-testid=\"conversation-turn-3\" data-scroll-anchor=\"true\">\n<div class=\"py-2 px-3 text-base md:px-4 m-auto md:px-5 lg:px-1 xl:px-5\">\n<div class=\"mx-auto flex flex-1 gap-3 text-base juice:gap-4 juice:md:gap-6 md:max-w-3xl\">\n<div class=\"relative flex w-full min-w-0 flex-col agent-turn\">\n<div class=\"flex-col gap-1 md:gap-3\">\n<div class=\"flex flex-grow flex-col max-w-full\">\n<div class=\"min-h-[20px] text-message flex flex-col items-start whitespace-pre-wrap break-words [.text-message+&amp;]:mt-5 juice:w-full juice:items-end overflow-x-auto gap-3\" dir=\"auto\" data-message-author-role=\"assistant\" data-message-id=\"404b03a3-8a18-4fb1-acb4-d950e0ee3e8b\">\n<div class=\"markdown prose w-full break-words dark:prose-invert light\">\n<p>D\u00e9couvrez le Nettoyant Ultra Doux Paula&#8217;s Choice, un nettoyant doux qui \u00e9limine le maquillage et les impuret\u00e9s tout en pr\u00e9servant la barri\u00e8re cutan\u00e9e, laissant une sensation soyeuse apr\u00e8s le rin\u00e7age. Sa formule cr\u00e9meuse \u00e9limine en douceur les impuret\u00e9s et apaise les rougeurs, laissant la peau douce et hydrat\u00e9e. Enrichi en probiotiques, il contribue \u00e0 r\u00e9tablir l&#8217;\u00e9quilibre de la peau. Adapt\u00e9 \u00e0 tous les types de peau, ce nettoyant est sp\u00e9cialement con\u00e7u pour les peaux sensibles, r\u00e9actives, sujettes aux rougeurs et \u00e0 la d\u00e9shydratation. Utilisation : Mouillez le visage et appliquez une petite quantit\u00e9 de nettoyant en effectuant de l\u00e9gers mouvements circulaires. Rincez abondamment. Pour enlever un maquillage \u00e9pais, r\u00e9p\u00e9tez l&#8217;op\u00e9ration ou utilisez avec un gant de toilette propre et mouill\u00e9.<\/p>\n<\/div>\n<\/div>\n<\/div>\n<div class=\"mt-1 flex gap-3 empty:hidden juice:-ml-3\">\n<div class=\"-ml-1 mt-0 flex h-7 items-center justify-center gap-[2px] self-end text-gray-400 lg:justify-start lg:self-center visible\">\n<p>&nbsp;<\/p>\n<div class=\"flex\"><\/div>\n<\/div>\n<\/div>\n<div class=\"pr-2 lg:pr-0\"><\/div>\n<\/div>\n<div class=\"absolute\">\n<div class=\"flex w-full gap-2 items-center justify-center\"><\/div>\n<\/div>\n<\/div>\n<\/div>\n<\/div>\n<\/div>\n<\/div>\n<\/div>\n<\/div>\n<\/div>\n<\/div>\n<div class=\"w-full md:pt-0 dark:border-white\/20 md:border-transparent md:dark:border-transparent md:w-[calc(100%-.5rem)] juice:w-full\">\n<div class=\"px-3 text-base md:px-4 m-auto md:px-5 lg:px-1 xl:px-5\">\n<div class=\"mx-auto flex flex-1 gap-3 text-base juice:gap-4 juice:md:gap-6 md:max-w-3xl\">\n<div class=\"relative flex h-full max-w-full flex-1 flex-col\">\n<div class=\"absolute bottom-full left-0 right-0\"><\/div>\n<div class=\"flex w-full items-center\"><\/div>\n<\/div>\n<\/div>\n<\/div>\n<\/div>","protected":false},"excerpt":{"rendered":"<p>D\u00e9couvrez le Nettoyant Ultra Doux Paula&#8217;s Choice, un nettoyant doux qui \u00e9limine le maquillage et les impuret\u00e9s tout en pr\u00e9servant la barri\u00e8re cutan\u00e9e, laissant une sensation soyeuse apr\u00e8s le rin\u00e7age. Sa formule cr\u00e9meuse \u00e9limine en douceur les impuret\u00e9s et apaise les rougeurs, laissant la peau douce et hydrat\u00e9e. Enrichi en probiotiques, il contribue \u00e0 r\u00e9tablir<span class=\"read-more-faq\"><a href=\"https:\/\/sakaba.mghosteur.com\/en\/product\/paula-choice-ultra-gentle-cleanser\/\">Read More<\/a><\/span><\/p>","protected":false},"featured_media":0,"comment_status":"open","ping_status":"closed","template":"","meta":[],"product_brand":[951],"product_cat":[324,451],"product_tag":[],"class_list":{"0":"post-31411","1":"product","2":"type-product","3":"status-publish","5":"product_brand-paula-choice","6":"product_cat-demaquillant-nettoyant","7":"product_cat-aab-soin-du-visage","9":"first","10":"instock","11":"shipping-taxable","12":"product-type-simple"},"jetpack-related-posts":[{"id":31417,"url":"https:\/\/sakaba.mghosteur.com\/en\/product\/paulas-choice-the-unscrub\/","url_meta":{"origin":31411,"position":0},"title":"Paula&#8217;s Choice The UnScrub","author":"admin","date":"May 10, 2024","format":false,"excerpt":"Le UnScrub Ce gommage visage unique en son genre \u00e9limine en douceur le maquillage, la cr\u00e8me solaire et les impuret\u00e9s tout en renouvelant la peau avec des perles de jojoba rondes et biod\u00e9gradables. Nettoie en profondeur sans perturber la barri\u00e8re cutan\u00e9e Les perles naturelles et dissolvables nettoient d\u00e9licatement la peau\u2026","rel":"","context":"Similar post","block_context":{"text":"Similar post","link":""},"img":{"alt_text":"","src":"","width":0,"height":0},"classes":[]},{"id":31386,"url":"https:\/\/sakaba.mghosteur.com\/en\/product\/paula-choice-glucoside-foaming-cleanser\/","url_meta":{"origin":31411,"position":1},"title":"PAULA CHOICE GLUCOSIDE FOAMING CLEANSER","author":"admin","date":"May 10, 2024","format":false,"excerpt":"D\u00e9couvrez notre Nettoyant Moussant Visage Anti-\u00c2ge, un alli\u00e9 pr\u00e9cieux pour votre routine de soin quotidienne. Adapt\u00e9 aux peaux mixtes et grasses, ce nettoyant cible les pr\u00e9occupations telles que les imperfections, les signes de l'\u00e2ge et les points noirs. Sa formule efficace nettoie en profondeur sans dess\u00e9cher la peau, la laissant\u2026","rel":"","context":"Similar post","block_context":{"text":"Similar post","link":""},"img":{"alt_text":"","src":"","width":0,"height":0},"classes":[]},{"id":29354,"url":"https:\/\/sakaba.mghosteur.com\/en\/product\/paula-choice-hydrating-gel-to-cream-cleanser\/","url_meta":{"origin":31411,"position":2},"title":"PAULA CHOICE HYDRATING GEL TO CREAM CLEANSER","author":"admin","date":"April 3, 2023","format":false,"excerpt":"D\u00e9couvrez ce nettoyant gel-cr\u00e8me hydratant de la marque Paula's Choice. Il nettoie en douceur votre peau en \u00e9liminant la salet\u00e9, le s\u00e9bum et le maquillage, tout en rin\u00e7ant les polluants nocifs qui peuvent causer des signes pr\u00e9matur\u00e9s de vieillissement. Sa formule \u00e0 base de superaliments rend votre peau fra\u00eeche et\u2026","rel":"","context":"Similar post","block_context":{"text":"Similar post","link":""},"img":{"alt_text":"","src":"","width":0,"height":0},"classes":[]},{"id":26346,"url":"https:\/\/sakaba.mghosteur.com\/en\/product\/paula-choice-oil-reducing-cleanser\/","url_meta":{"origin":31411,"position":3},"title":"PAULA CHOICE OIL REDUCING CLEANSER","author":"admin","date":"November 25, 2022","format":false,"excerpt":"Le Nettoyant r\u00e9ducteur de s\u00e9bum est un produit de nettoyage doux qui \u00e9limine efficacement le maquillage, l'exc\u00e8s de s\u00e9bum et les impuret\u00e9s de la peau. Sa formule concentr\u00e9e cr\u00e8me-mousse laisse la peau douce au toucher tout en \u00e9vitant de la dess\u00e9cher. Ce produit peut \u00eatre utilis\u00e9 comme premi\u00e8re \u00e9tape de\u2026","rel":"","context":"Similar post","block_context":{"text":"Similar post","link":""},"img":{"alt_text":"","src":"","width":0,"height":0},"classes":[]},{"id":24295,"url":"https:\/\/sakaba.mghosteur.com\/en\/product\/neutrogena-ultra-gentle-hydrating-daily-facial-cleanser-for-sensitive-skin\/","url_meta":{"origin":31411,"position":4},"title":"Neutrogena Ultra Gentle Hydrating Daily Facial Cleanser for Sensitive Skin 171ML","author":"admin","date":"November 9, 2022","format":false,"excerpt":"D\u00e9couvrez le Nettoyant quotidien ultra doux Neutrogena, con\u00e7u pour r\u00e9pondre aux besoins des peaux sensibles. Sa formule brevet\u00e9e efficace mais douce nettoie en profondeur sans perturber la barri\u00e8re d'hydratation naturelle de la peau, laisse votre peau fra\u00eeche et propre sans r\u00e9sidu. Ce nettoyant moussant est hypoallerg\u00e9nique, non com\u00e9dog\u00e8ne, sans huile\u2026","rel":"","context":"Similar post","block_context":{"text":"Similar post","link":""},"img":{"alt_text":"","src":"","width":0,"height":0},"classes":[]},{"id":30396,"url":"https:\/\/sakaba.mghosteur.com\/en\/product\/neutrogena-ultra-gentle-hydrating-daily-facial-cleanser-for-sensitive-skin-354-ml\/","url_meta":{"origin":31411,"position":5},"title":"Neutrogena Ultra Gentle Hydrating Daily Facial Cleanser for Sensitive Skin 354 ML","author":"admin","date":"May 10, 2023","format":false,"excerpt":"D\u00e9couvrez le Nettoyant quotidien ultra doux Neutrogena, con\u00e7u pour r\u00e9pondre aux besoins des peaux sensibles. Sa formule brevet\u00e9e efficace mais douce nettoie en profondeur sans perturber la barri\u00e8re d'hydratation naturelle de la peau, laissant votre peau fra\u00eeche et propre sans r\u00e9sidu. Ce nettoyant moussant est hypoallerg\u00e9nique, non com\u00e9dog\u00e8ne, sans huile\u2026","rel":"","context":"Similar post","block_context":{"text":"Similar post","link":""},"img":{"alt_text":"","src":"","width":0,"height":0},"classes":[]}],"_links":{"self":[{"href":"https:\/\/sakaba.mghosteur.com\/en\/wp-json\/wp\/v2\/product\/31411","targetHints":{"allow":["GET"]}}],"collection":[{"href":"https:\/\/sakaba.mghosteur.com\/en\/wp-json\/wp\/v2\/product"}],"about":[{"href":"https:\/\/sakaba.mghosteur.com\/en\/wp-json\/wp\/v2\/types\/product"}],"replies":[{"embeddable":true,"href":"https:\/\/sakaba.mghosteur.com\/en\/wp-json\/wp\/v2\/comments?post=31411"}],"version-history":[{"count":0,"href":"https:\/\/sakaba.mghosteur.com\/en\/wp-json\/wp\/v2\/product\/31411\/revisions"}],"wp:attachment":[{"href":"https:\/\/sakaba.mghosteur.com\/en\/wp-json\/wp\/v2\/media?parent=31411"}],"wp:term":[{"taxonomy":"product_brand","embeddable":true,"href":"https:\/\/sakaba.mghosteur.com\/en\/wp-json\/wp\/v2\/product_brand?post=31411"},{"taxonomy":"product_cat","embeddable":true,"href":"https:\/\/sakaba.mghosteur.com\/en\/wp-json\/wp\/v2\/product_cat?post=31411"},{"taxonomy":"product_tag","embeddable":true,"href":"https:\/\/sakaba.mghosteur.com\/en\/wp-json\/wp\/v2\/product_tag?post=31411"}],"curies":[{"name":"wp","href":"https:\/\/api.w.org\/{rel}","templated":true}]}}