{"id":31417,"date":"2024-05-10T11:03:59","date_gmt":"2024-05-10T11:03:59","guid":{"rendered":"https:\/\/sakaba.mghosteur.com\/?post_type=product&#038;p=31417"},"modified":"2024-08-22T00:32:45","modified_gmt":"2024-08-22T00:32:45","slug":"paulas-choice-the-unscrub","status":"publish","type":"product","link":"https:\/\/sakaba.mghosteur.com\/en\/product\/paulas-choice-the-unscrub\/","title":{"rendered":"Paula&#8217;s Choice The UnScrub"},"content":{"rendered":"<div class=\"flex-1 overflow-hidden\">\n<div class=\"react-scroll-to-bottom--css-qedfa-79elbk h-full\">\n<div class=\"react-scroll-to-bottom--css-qedfa-1n7m0yu\">\n<div>\n<div class=\"flex flex-col text-sm pb-9\">\n<div class=\"w-full text-token-text-primary\" dir=\"auto\" data-testid=\"conversation-turn-3\" data-scroll-anchor=\"true\">\n<div class=\"py-2 px-3 text-base md:px-4 m-auto md:px-5 lg:px-1 xl:px-5\">\n<div class=\"mx-auto flex flex-1 gap-3 text-base juice:gap-4 juice:md:gap-6 md:max-w-3xl\">\n<div class=\"relative flex w-full min-w-0 flex-col agent-turn\">\n<div class=\"flex-col gap-1 md:gap-3\">\n<div class=\"flex flex-grow flex-col max-w-full\">\n<div class=\"min-h-[20px] text-message flex flex-col items-start whitespace-pre-wrap break-words [.text-message+&amp;]:mt-5 juice:w-full juice:items-end overflow-x-auto gap-3\" dir=\"auto\" data-message-author-role=\"assistant\" data-message-id=\"2ff52250-36e2-43e1-b5e5-f0d11af577e4\">\n<div class=\"markdown prose w-full break-words dark:prose-invert light\">\n<p>Le UnScrub<\/p>\n<p>Ce gommage visage unique en son genre \u00e9limine en douceur le maquillage, la cr\u00e8me solaire et les impuret\u00e9s tout en renouvelant la peau avec des perles de jojoba rondes et biod\u00e9gradables.<\/p>\n<p>Nettoie en profondeur sans perturber la barri\u00e8re cutan\u00e9e Les perles naturelles et dissolvables nettoient d\u00e9licatement la peau La texture laiteuse en gel se rince facilement \u00c0 utiliser seul ou comme premi\u00e8re \u00e9tape d&#8217;un double nettoyage<\/p>\n<p>Probl\u00e8mes de peau Teint terne Peau tr\u00e8s s\u00e8che Peau sensible Rougeurs<\/p>\n<p>Types de peau Normale S\u00e8che Mixte Grasse<\/p>\n<p>Avantages Le UnScrub \u00e9limine le maquillage, la cr\u00e8me solaire et les impuret\u00e9s, laissant la peau ultra-propre, douce et d&#8217;apparence saine.<\/p>\n<p>Mode d&#8217;emploi Mouillez le visage et appliquez une petite quantit\u00e9 en mouvements circulaires doux. Rincez abondamment. Pour enlever un maquillage \u00e9pais, r\u00e9p\u00e9tez ou utilisez avec un gant de toilette propre, doux et mouill\u00e9. En cas de double nettoyage, utilisez avant ou apr\u00e8s votre nettoyant Paula&#8217;s Choice pr\u00e9f\u00e9r\u00e9.<\/p>\n<\/div>\n<\/div>\n<\/div>\n<div class=\"mt-1 flex gap-3 empty:hidden juice:-ml-3\">\n<div class=\"-ml-1 mt-0 flex h-7 items-center justify-center gap-[2px] self-end text-gray-400 lg:justify-start lg:self-center visible\"><button class=\"rounded-md p-1 text-token-text-tertiary hover:text-token-text-primary\"><\/button><button class=\"rounded-md p-1 text-token-text-tertiary hover:text-token-text-primary\"><\/button><button class=\"rounded-md p-1 text-token-text-tertiary hover:text-token-text-primary\"><\/button><\/p>\n<div class=\"flex\"><\/div>\n<\/div>\n<\/div>\n<div class=\"pr-2 lg:pr-0\"><\/div>\n<\/div>\n<div class=\"absolute\">\n<div class=\"flex w-full gap-2 items-center justify-center\"><\/div>\n<\/div>\n<\/div>\n<\/div>\n<\/div>\n<\/div>\n<\/div>\n<\/div>\n<\/div>\n<\/div>\n<\/div>\n<div class=\"w-full md:pt-0 dark:border-white\/20 md:border-transparent md:dark:border-transparent md:w-[calc(100%-.5rem)] juice:w-full\">\n<div class=\"px-3 text-base md:px-4 m-auto md:px-5 lg:px-1 xl:px-5\">\n<div class=\"mx-auto flex flex-1 gap-3 text-base juice:gap-4 juice:md:gap-6 md:max-w-3xl\">\n<div class=\"relative flex h-full max-w-full flex-1 flex-col\">\n<div class=\"absolute bottom-full left-0 right-0\"><\/div>\n<div class=\"flex w-full items-center\"><\/div>\n<\/div>\n<\/div>\n<\/div>\n<\/div>","protected":false},"excerpt":{"rendered":"<p>Le UnScrub Ce gommage visage unique en son genre \u00e9limine en douceur le maquillage, la cr\u00e8me solaire et les impuret\u00e9s tout en renouvelant la peau avec des perles de jojoba rondes et biod\u00e9gradables. Nettoie en profondeur sans perturber la barri\u00e8re cutan\u00e9e Les perles naturelles et dissolvables nettoient d\u00e9licatement la peau La texture laiteuse en gel<span class=\"read-more-faq\"><a href=\"https:\/\/sakaba.mghosteur.com\/en\/product\/paulas-choice-the-unscrub\/\">Read More<\/a><\/span><\/p>","protected":false},"featured_media":0,"comment_status":"open","ping_status":"closed","template":"","meta":[],"product_brand":[951],"product_cat":[324,451],"product_tag":[],"class_list":{"0":"post-31417","1":"product","2":"type-product","3":"status-publish","5":"product_brand-paula-choice","6":"product_cat-demaquillant-nettoyant","7":"product_cat-aab-soin-du-visage","9":"first","10":"instock","11":"shipping-taxable","12":"product-type-simple"},"jetpack-related-posts":[{"id":33866,"url":"https:\/\/sakaba.mghosteur.com\/en\/product\/nars-soft-velvet-loose-powder\/","url_meta":{"origin":31417,"position":0},"title":"NARS SOFT VELVET LOOSE POWDER","author":"admin","date":"May 23, 2024","format":false,"excerpt":"Prolong the wear time of your foundation with the NARS Cosmetics Soft Velvet Loose Powder. The powder works to seal your foundation as well as controlling the production of oil in the skin. Perfect for covering up any fine lines, wrinkles and pores with a smooth finish. The NARS Cosmetics\u2026","rel":"","context":"Similar post","block_context":{"text":"Similar post","link":""},"img":{"alt_text":"","src":"","width":0,"height":0},"classes":[]}],"_links":{"self":[{"href":"https:\/\/sakaba.mghosteur.com\/en\/wp-json\/wp\/v2\/product\/31417","targetHints":{"allow":["GET"]}}],"collection":[{"href":"https:\/\/sakaba.mghosteur.com\/en\/wp-json\/wp\/v2\/product"}],"about":[{"href":"https:\/\/sakaba.mghosteur.com\/en\/wp-json\/wp\/v2\/types\/product"}],"replies":[{"embeddable":true,"href":"https:\/\/sakaba.mghosteur.com\/en\/wp-json\/wp\/v2\/comments?post=31417"}],"version-history":[{"count":0,"href":"https:\/\/sakaba.mghosteur.com\/en\/wp-json\/wp\/v2\/product\/31417\/revisions"}],"wp:attachment":[{"href":"https:\/\/sakaba.mghosteur.com\/en\/wp-json\/wp\/v2\/media?parent=31417"}],"wp:term":[{"taxonomy":"product_brand","embeddable":true,"href":"https:\/\/sakaba.mghosteur.com\/en\/wp-json\/wp\/v2\/product_brand?post=31417"},{"taxonomy":"product_cat","embeddable":true,"href":"https:\/\/sakaba.mghosteur.com\/en\/wp-json\/wp\/v2\/product_cat?post=31417"},{"taxonomy":"product_tag","embeddable":true,"href":"https:\/\/sakaba.mghosteur.com\/en\/wp-json\/wp\/v2\/product_tag?post=31417"}],"curies":[{"name":"wp","href":"https:\/\/api.w.org\/{rel}","templated":true}]}}