{"id":31428,"date":"2024-05-10T11:07:27","date_gmt":"2024-05-10T11:07:27","guid":{"rendered":"https:\/\/sakaba.mghosteur.com\/?post_type=product&#038;p=31428"},"modified":"2024-08-07T19:49:58","modified_gmt":"2024-08-07T19:49:58","slug":"numbuzin-3-skin-softening","status":"publish","type":"product","link":"https:\/\/sakaba.mghosteur.com\/en\/product\/numbuzin-3-skin-softening\/","title":{"rendered":"NUMBUZIN 3 SKIN SOFTENING"},"content":{"rendered":"<p>Le S\u00e9rum Adoucissant Numbuzin No.3 est une solution r\u00e9paratrice innovante, enrichie en galactomyces bifida, qui revitalise et hydrate votre peau en profondeur. Con\u00e7u pour stimuler l&#8217;\u00e9lasticit\u00e9 cutan\u00e9e et att\u00e9nuer l&#8217;apparence des rides, ce s\u00e9rum vous offre une peau \u00e9clatante et rajeunie. Sa formule l\u00e9g\u00e8re p\u00e9n\u00e8tre rapidement dans la peau, la nourrissant et l&#8217;hydratant en profondeur pour r\u00e9v\u00e9ler un teint uniforme et lumineux.<\/p>\n<p>Conseils d&#8217;utilisation :<\/p>\n<ol>\n<li>Pr\u00e9parez votre peau en utilisant une essence pour une meilleure absorption.<\/li>\n<li>D\u00e9posez la quantit\u00e9 n\u00e9cessaire de s\u00e9rum dans le creux de votre main.<\/li>\n<li>R\u00e9chauffez le produit en frottant doucement vos mains.<\/li>\n<li>Appliquez g\u00e9n\u00e9reusement le s\u00e9rum sur votre visage pr\u00e9alablement nettoy\u00e9 et tonifi\u00e9, en massant d\u00e9licatement pour favoriser son absorption.<\/li>\n<li>N&#8217;oubliez pas d&#8217;\u00e9tendre le reste du produit sur votre cou pour une hydratation compl\u00e8te.<\/li>\n<\/ol>\n<p>Offrez \u00e0 votre peau le soin qu&#8217;elle m\u00e9rite avec le S\u00e9rum Adoucissant Numbuzin No.3 et d\u00e9couvrez une peau visiblement plus jeune et \u00e9clatante d\u00e8s les premi\u00e8res utilisations.<\/p>","protected":false},"excerpt":{"rendered":"<p>Le S\u00e9rum Adoucissant Numbuzin No.3 est une solution r\u00e9paratrice innovante, enrichie en galactomyces bifida, qui revitalise et hydrate votre peau en profondeur. Con\u00e7u pour stimuler l&#8217;\u00e9lasticit\u00e9 cutan\u00e9e et att\u00e9nuer l&#8217;apparence des rides, ce s\u00e9rum vous offre une peau \u00e9clatante et rajeunie. Sa formule l\u00e9g\u00e8re p\u00e9n\u00e8tre rapidement dans la peau, la nourrissant et l&#8217;hydratant en profondeur<span class=\"read-more-faq\"><a href=\"https:\/\/sakaba.mghosteur.com\/en\/product\/numbuzin-3-skin-softening\/\">Read More<\/a><\/span><\/p>","protected":false},"featured_media":0,"comment_status":"open","ping_status":"closed","template":"","meta":[],"product_brand":[1020],"product_cat":[1095,1018,451,334],"product_tag":[],"class_list":{"0":"post-31428","1":"product","2":"type-product","3":"status-publish","5":"product_brand-numbuzin","6":"product_cat-anti-age","7":"product_cat-aai-produis-coreens","8":"product_cat-aab-soin-du-visage","9":"product_cat-traitement-serum","11":"first","12":"instock","13":"shipping-taxable","14":"product-type-simple"},"jetpack-related-posts":[{"id":31438,"url":"https:\/\/sakaba.mghosteur.com\/en\/product\/numbuzin-6-deep-sleep-mask-serum-200ml\/","url_meta":{"origin":31428,"position":0},"title":"NUMBUZIN 6 DEEP SLEEP MASK SERUM 200ML","author":"admin","date":"May 10, 2024","format":false,"excerpt":"D\u00e9couvrez le S\u00e9rum Masque Deep Sleep Numbuzin No.6, une formule innovante infus\u00e9e avec 63% d'eau glaciaire d'Islande et trois vari\u00e9t\u00e9s d'acides hyaluroniques. Ce s\u00e9rum luxueux offre une hydratation intense, id\u00e9al pour les peaux s\u00e8ches, d\u00e9shydrat\u00e9es et assoiff\u00e9es. Gr\u00e2ce \u00e0 sa composition unique, le S\u00e9rum Masque Deep Sleep p\u00e9n\u00e8tre en profondeur\u2026","rel":"","context":"Similar post","block_context":{"text":"Similar post","link":""},"img":{"alt_text":"","src":"","width":0,"height":0},"classes":[]},{"id":31433,"url":"https:\/\/sakaba.mghosteur.com\/en\/product\/numbuzin-5-vitamin-concentrated-serum-30ml\/","url_meta":{"origin":31428,"position":1},"title":"NUMBUZIN 5+ VITAMIN CONCENTRATED SERUM 30ML","author":"admin","date":"May 10, 2024","format":false,"excerpt":"D\u00e9couvrez le S\u00e9rum Concentr\u00e9 Vitamine No.5, une fusion de puissants antioxydants tels que le glutathion et la niacinamide. Ce s\u00e9rum de 30 ml est con\u00e7u pour unifier et hydrater votre peau tout en lui apportant une protection sup\u00e9rieure. Sa formule innovante associe des ingr\u00e9dients \u00e9claircissants comme l'alpha-arbutine et la vitamine\u2026","rel":"","context":"Similar post","block_context":{"text":"Similar post","link":""},"img":{"alt_text":"","src":"","width":0,"height":0},"classes":[]},{"id":31451,"url":"https:\/\/sakaba.mghosteur.com\/en\/product\/numbuzin-vitamine-niacinamidee-concentrade-pad-5-180ml\/","url_meta":{"origin":31428,"position":2},"title":"NUMBUZIN VITAMINE NIACINAMIDEE CONCENTRADE PAD 5+ 180ml","author":"admin","date":"May 10, 2024","format":false,"excerpt":"D\u00e9couvrez le Numbuzin n\u00b05, un tampon concentr\u00e9 en vitamine niacinamide con\u00e7u pour laisser votre peau claire et revitalis\u00e9e. Sa formule \u00e9clairante associe habilement le glutathion, la niacinamide et la vitamine pour un effet optimal. Les tampons \u00e0 double face offrent un double effet : d'un c\u00f4t\u00e9, le glutathion lisse la\u2026","rel":"","context":"Similar post","block_context":{"text":"Similar post","link":""},"img":{"alt_text":"","src":"","width":0,"height":0},"classes":[]},{"id":31596,"url":"https:\/\/sakaba.mghosteur.com\/en\/product\/laneige-water-bank-hydro-essence-serum-hydratant\/","url_meta":{"origin":31428,"position":3},"title":"LANEIGE WATER BANK HYDRO ESSENCE SERUM HYDRATANT","author":"admin","date":"May 10, 2024","format":false,"excerpt":"D\u00e9couvrez le s\u00e9rum hydratant \"Hydro Essence\" de la marque LANEIGE, un indispensable pour r\u00e9hydrater et lisser votre peau en profondeur. Sp\u00e9cialement con\u00e7u pour les peaux normales \u00e0 mixtes, ce s\u00e9rum contient de l'Eau Min\u00e9rale Verte impr\u00e9gn\u00e9e d'extraits de l\u00e9gumes, fournissant \u00e0 votre peau six min\u00e9raux essentiels pour une sensation de\u2026","rel":"","context":"Similar post","block_context":{"text":"Similar post","link":""},"img":{"alt_text":"","src":"","width":0,"height":0},"classes":[]},{"id":31544,"url":"https:\/\/sakaba.mghosteur.com\/en\/product\/vaseline-gluta-hya-dewy-radiance-serum-in-lotion\/","url_meta":{"origin":31428,"position":4},"title":"VASELINE GLUTA HYA DEWY RADIANCE SERUM IN LOTION","author":"admin","date":"May 10, 2024","format":false,"excerpt":"D\u00e9couvrez le Vaseline\u00ae Gluta-Hya Serum Burst Lotion Dewy Radiance, un \u00e9lixir de beaut\u00e9 r\u00e9volutionnaire enrichi par la technologie GlutaGlow, offrant une puissance dix fois sup\u00e9rieure \u00e0 celle de la vitamine C+. Cette lotion est con\u00e7ue pour sublimer votre peau avec \u00e9clat. Les b\u00e9n\u00e9fices de cette lotion sont multiples. Gr\u00e2ce \u00e0\u2026","rel":"","context":"Similar post","block_context":{"text":"Similar post","link":""},"img":{"alt_text":"","src":"","width":0,"height":0},"classes":[]},{"id":30184,"url":"https:\/\/sakaba.mghosteur.com\/en\/product\/necessaire-the-body-serum\/","url_meta":{"origin":31428,"position":5},"title":"NECESSAIRE THE BODY SERUM","author":"admin","date":"May 4, 2023","format":false,"excerpt":"Le Body Serum de la marque N\u00e9cessaire\u2122 est un soin pour la peau quotidien \u00e0 base d'Acide Hyaluronique. Ce s\u00e9rum pour le corps est con\u00e7u pour r\u00e9hydrater la peau en profondeur gr\u00e2ce \u00e0 sa formule \u00e0 absorption rapide et \u00e0 ses cinq (5) poids mol\u00e9culaires d'acide hyaluronique qui offrent une\u2026","rel":"","context":"Similar post","block_context":{"text":"Similar post","link":""},"img":{"alt_text":"","src":"","width":0,"height":0},"classes":[]}],"_links":{"self":[{"href":"https:\/\/sakaba.mghosteur.com\/en\/wp-json\/wp\/v2\/product\/31428","targetHints":{"allow":["GET"]}}],"collection":[{"href":"https:\/\/sakaba.mghosteur.com\/en\/wp-json\/wp\/v2\/product"}],"about":[{"href":"https:\/\/sakaba.mghosteur.com\/en\/wp-json\/wp\/v2\/types\/product"}],"replies":[{"embeddable":true,"href":"https:\/\/sakaba.mghosteur.com\/en\/wp-json\/wp\/v2\/comments?post=31428"}],"version-history":[{"count":0,"href":"https:\/\/sakaba.mghosteur.com\/en\/wp-json\/wp\/v2\/product\/31428\/revisions"}],"wp:attachment":[{"href":"https:\/\/sakaba.mghosteur.com\/en\/wp-json\/wp\/v2\/media?parent=31428"}],"wp:term":[{"taxonomy":"product_brand","embeddable":true,"href":"https:\/\/sakaba.mghosteur.com\/en\/wp-json\/wp\/v2\/product_brand?post=31428"},{"taxonomy":"product_cat","embeddable":true,"href":"https:\/\/sakaba.mghosteur.com\/en\/wp-json\/wp\/v2\/product_cat?post=31428"},{"taxonomy":"product_tag","embeddable":true,"href":"https:\/\/sakaba.mghosteur.com\/en\/wp-json\/wp\/v2\/product_tag?post=31428"}],"curies":[{"name":"wp","href":"https:\/\/api.w.org\/{rel}","templated":true}]}}