{"id":31432,"date":"2024-05-10T11:09:07","date_gmt":"2024-05-10T11:09:07","guid":{"rendered":"https:\/\/sakaba.mghosteur.com\/?post_type=product&#038;p=31432"},"modified":"2024-08-20T22:09:43","modified_gmt":"2024-08-20T22:09:43","slug":"kojie-san-skin-lightening-body-lotion","status":"publish","type":"product","link":"https:\/\/sakaba.mghosteur.com\/en\/product\/kojie-san-skin-lightening-body-lotion\/","title":{"rendered":"KOJIE SAN SKIN LIGHTENING BODY LOTION"},"content":{"rendered":"<p>D\u00e9couvrez la lotion \u00e9claircissante pour le corps Kojie-San dans sa version GRANDE bouteille de 200 g. Ce produit renferme un m\u00e9lange pr\u00e9cieux d&#8217;ingr\u00e9dients naturels, dont l&#8217;acide kojique, l&#8217;huile de rose musqu\u00e9e, le collag\u00e8ne et la vitamine E, pour une peau visiblement jeune et \u00e9clatante de sant\u00e9.<\/p>\n<ul>\n<li>Contenance : 200g<\/li>\n<li>Action \u00e9claircissante et att\u00e9nuation des taches brunes<\/li>\n<li>Contr\u00f4le de l&#8217;hyperpigmentation<\/li>\n<li>R\u00e9duction des imperfections cutan\u00e9es visibles<\/li>\n<li>Pr\u00e9servation de la souplesse de la peau<\/li>\n<li>Hydratation en profondeur<\/li>\n<li>L&#8217;huile de rose musqu\u00e9e contribue \u00e0 apaiser, gu\u00e9rir et uniformiser le teint<\/li>\n<\/ul>\n<p>Conseils d&#8217;utilisation : Appliquez g\u00e9n\u00e9reusement sur l&#8217;ensemble du corps, de pr\u00e9f\u00e9rence apr\u00e8s la douche ou le bain, sur une peau humide pour une meilleure absorption et une hydratation optimale.<\/p>\n<p>S\u00c9CURIT\u00c9 : Avant la premi\u00e8re utilisation, effectuez un TEST SPOT pour \u00e9valuer la sensibilit\u00e9 cutan\u00e9e. Appliquez une petite quantit\u00e9 du produit sur une zone restreinte pendant maximum 30 secondes. En cas de r\u00e9action cutan\u00e9e, rincez imm\u00e9diatement et cessez l&#8217;utilisation.<\/p>\n<p>REMARQUE : L&#8217;utilisation de produits \u00e9claircissants pour la peau doit \u00eatre accompagn\u00e9e d&#8217;une protection solaire ad\u00e9quate.<\/p>","protected":false},"excerpt":{"rendered":"<p>D\u00e9couvrez la lotion \u00e9claircissante pour le corps Kojie-San dans sa version GRANDE bouteille de 200 g. Ce produit renferme un m\u00e9lange pr\u00e9cieux d&#8217;ingr\u00e9dients naturels, dont l&#8217;acide kojique, l&#8217;huile de rose musqu\u00e9e, le collag\u00e8ne et la vitamine E, pour une peau visiblement jeune et \u00e9clatante de sant\u00e9. Contenance : 200g Action \u00e9claircissante et att\u00e9nuation des taches<span class=\"read-more-faq\"><a href=\"https:\/\/sakaba.mghosteur.com\/en\/product\/kojie-san-skin-lightening-body-lotion\/\">Read More<\/a><\/span><\/p>","protected":false},"featured_media":0,"comment_status":"open","ping_status":"closed","template":"","meta":[],"product_brand":[894],"product_cat":[447,291,1061,1018],"product_tag":[],"class_list":{"0":"post-31432","1":"product","2":"type-product","3":"status-publish","5":"product_brand-kojie-san","6":"product_cat-aac-bain-et-corps","7":"product_cat-eclaircissant","8":"product_cat-lait-huile_corporelle","9":"product_cat-aai-produis-coreens","11":"first","12":"instock","13":"shipping-taxable","14":"product-type-simple"},"jetpack-related-posts":[{"id":29878,"url":"https:\/\/sakaba.mghosteur.com\/en\/product\/kojie-san-face-lightening-cream\/","url_meta":{"origin":31432,"position":0},"title":"Kojie San Face Lightening Cream","author":"admin","date":"April 26, 2023","format":false,"excerpt":"D\u00e9couvrez la Cr\u00e8me Eclaircissante pour le Visage Kojie San, un produit de beaut\u00e9 l\u00e9ger de 30g formul\u00e9 avec des \u00e9glantiers et de la vitamine E pour une hydratation douce et non grasse. La cr\u00e8me est infus\u00e9e avec de l'acide kojique enti\u00e8rement naturel, qui \u00e9claircit d\u00e9licatement et en toute s\u00e9curit\u00e9 la\u2026","rel":"","context":"Similar post","block_context":{"text":"Similar post","link":""},"img":{"alt_text":"","src":"","width":0,"height":0},"classes":[]},{"id":31444,"url":"https:\/\/sakaba.mghosteur.com\/en\/product\/kojie-san-skin-lightening-kojic-acid-soap-3-bars-65g-x-3\/","url_meta":{"origin":31432,"position":1},"title":"Kojie San Skin Lightening Kojic Acid Soap 3 Bars 65g x 3","author":"admin","date":"May 10, 2024","format":false,"excerpt":"D\u00e9couvrez le savon \u00e9claircissant pour la peau Kojie San - 65 g, une formule originale \u00e0 base d'acide kojique qui allie des ingr\u00e9dients blanchissants efficaces \u00e0 de l'huile de noix de coco nourrissante et un parfum d'orange frais. L'acide kojique, d\u00e9couvert lors de la transformation du riz pour la fabrication\u2026","rel":"","context":"Similar post","block_context":{"text":"Similar post","link":""},"img":{"alt_text":"","src":"","width":0,"height":0},"classes":[]},{"id":26804,"url":"https:\/\/sakaba.mghosteur.com\/en\/product\/skin-lightening-body-lotion\/","url_meta":{"origin":31432,"position":2},"title":"SKIN LIGHTENING BODY LOTION","author":"admin","date":"November 28, 2022","format":false,"excerpt":"La lotion \u00e9claircissante pour le corps Kojie San KOJIC est une solution id\u00e9ale pour ceux qui cherchent \u00e0 \u00e9claircir leur peau et \u00e0 r\u00e9duire les taches brunes. Avec son principal ingr\u00e9dient actif, l'acide kojique, cette lotion est formul\u00e9e pour blanchir naturellement la peau tout en la contient hydrat\u00e9e et saine.\u2026","rel":"","context":"Similar post","block_context":{"text":"Similar post","link":""},"img":{"alt_text":"","src":"","width":0,"height":0},"classes":[]},{"id":28199,"url":"https:\/\/sakaba.mghosteur.com\/en\/product\/100-organic-cold-pressed-rose-hip-seed-oil\/","url_meta":{"origin":31432,"position":3},"title":"THE ORDINARY 100% ORGANIC COLD-PRESSED  ROSE HIP SEED OIL","author":"admin","date":"November 30, 2022","format":false,"excerpt":"L'huile de graines de rose musqu\u00e9e 100 % biologique press\u00e9e \u00e0 froid de la marque The Ordinary est un produit de soin de la peau naturel et puissant. Cette huile hydratante est con\u00e7ue pour lutter contre les signes du vieillissement et \u00e9claircir et \u00e9quilibrer le teint de mani\u00e8re naturelle. Elle\u2026","rel":"","context":"Similar post","block_context":{"text":"Similar post","link":""},"img":{"alt_text":"","src":"","width":0,"height":0},"classes":[]},{"id":29871,"url":"https:\/\/sakaba.mghosteur.com\/en\/product\/kojie-san-skin-lightening-kojic-acid-soap-3-bars-100g\/","url_meta":{"origin":31432,"position":4},"title":"Kojie San Skin Lightening Kojic Acid Soap 3 Bars &#8211; 100g","author":"admin","date":"April 26, 2023","format":false,"excerpt":"D\u00e9couvrez les avantages du Savon Eclaircissant Kojic Acid de Kojie San, avec une formule unique m\u00e9langeant des ingr\u00e9dients \u00e9claircissants efficaces \u00e0 l'huile de noix de coco nourrissante et un parfum frais d'orange. La marque Kojie San a d\u00e9couvert l'acide kojique en traitant du riz pour produire du vin japonais. Les\u2026","rel":"","context":"Similar post","block_context":{"text":"Similar post","link":""},"img":{"alt_text":"","src":"","width":0,"height":0},"classes":[]},{"id":29827,"url":"https:\/\/sakaba.mghosteur.com\/en\/product\/kojie-san-skin-lightening-kojic-acid-soap-2-bars-65g-super-savings\/","url_meta":{"origin":31432,"position":5},"title":"Kojie San Skin Lightening Kojic Acid Soap 2 Bars &#8211; 65g-SUPER SAVINGS","author":"admin","date":"April 26, 2023","format":false,"excerpt":"Le savon \u00e9claircissant pour la peau Kojie San est une solution efficace pour r\u00e9duire l'apparence des taches brunes, de la d\u00e9coloration et d'autres imperfections cutan\u00e9es. Sa formulation unique m\u00e9lange des ingr\u00e9dients blanchissants \u00e0 base d'acide kojique avec de l'huile de noix de coco nourrissante et un parfum d'orange frais pour\u2026","rel":"","context":"Similar post","block_context":{"text":"Similar post","link":""},"img":{"alt_text":"","src":"","width":0,"height":0},"classes":[]}],"_links":{"self":[{"href":"https:\/\/sakaba.mghosteur.com\/en\/wp-json\/wp\/v2\/product\/31432","targetHints":{"allow":["GET"]}}],"collection":[{"href":"https:\/\/sakaba.mghosteur.com\/en\/wp-json\/wp\/v2\/product"}],"about":[{"href":"https:\/\/sakaba.mghosteur.com\/en\/wp-json\/wp\/v2\/types\/product"}],"replies":[{"embeddable":true,"href":"https:\/\/sakaba.mghosteur.com\/en\/wp-json\/wp\/v2\/comments?post=31432"}],"version-history":[{"count":0,"href":"https:\/\/sakaba.mghosteur.com\/en\/wp-json\/wp\/v2\/product\/31432\/revisions"}],"wp:attachment":[{"href":"https:\/\/sakaba.mghosteur.com\/en\/wp-json\/wp\/v2\/media?parent=31432"}],"wp:term":[{"taxonomy":"product_brand","embeddable":true,"href":"https:\/\/sakaba.mghosteur.com\/en\/wp-json\/wp\/v2\/product_brand?post=31432"},{"taxonomy":"product_cat","embeddable":true,"href":"https:\/\/sakaba.mghosteur.com\/en\/wp-json\/wp\/v2\/product_cat?post=31432"},{"taxonomy":"product_tag","embeddable":true,"href":"https:\/\/sakaba.mghosteur.com\/en\/wp-json\/wp\/v2\/product_tag?post=31432"}],"curies":[{"name":"wp","href":"https:\/\/api.w.org\/{rel}","templated":true}]}}