{"id":31433,"date":"2024-05-10T11:08:56","date_gmt":"2024-05-10T11:08:56","guid":{"rendered":"https:\/\/sakaba.mghosteur.com\/?post_type=product&#038;p=31433"},"modified":"2024-08-07T19:51:08","modified_gmt":"2024-08-07T19:51:08","slug":"numbuzin-5-vitamin-concentrated-serum-30ml","status":"publish","type":"product","link":"https:\/\/sakaba.mghosteur.com\/en\/product\/numbuzin-5-vitamin-concentrated-serum-30ml\/","title":{"rendered":"NUMBUZIN 5+ VITAMIN CONCENTRATED SERUM 30ML"},"content":{"rendered":"<p>D\u00e9couvrez le S\u00e9rum Concentr\u00e9 Vitamine No.5, une fusion de puissants antioxydants tels que le glutathion et la niacinamide. Ce s\u00e9rum de 30 ml est con\u00e7u pour unifier et hydrater votre peau tout en lui apportant une protection sup\u00e9rieure.<\/p>\n<p>Sa formule innovante associe des ingr\u00e9dients \u00e9claircissants comme l&#8217;alpha-arbutine et la vitamine C pour att\u00e9nuer les taches brunes, tandis que des extraits de myrtille, de la vitamine E et du coenzyme Q10 offrent une d\u00e9fense antioxidante essentielle. Enrichi en ingr\u00e9dients apaisants comme le panth\u00e9nol, le b\u00eata-glucane et l&#8217;acide hyaluronique, ce s\u00e9rum assure une hydratation optimale.<\/p>\n<p>Pour une absorption optimale, utilisez une essence avant l&#8217;application du s\u00e9rum. Chauffez une petite quantit\u00e9 de produit dans le creux de votre main et appliquez-le g\u00e9n\u00e9reusement sur votre visage propre et tonifi\u00e9. Terminez en appliquant le reste du s\u00e9rum sur votre cou pour une peau uniform\u00e9ment nourrie et prot\u00e9g\u00e9e.<\/p>\n<p>Offrez \u00e0 votre peau le soin qu&#8217;elle m\u00e9rite avec le S\u00e9rum Concentr\u00e9 Vitamine No.5.<\/p>","protected":false},"excerpt":{"rendered":"<p>D\u00e9couvrez le S\u00e9rum Concentr\u00e9 Vitamine No.5, une fusion de puissants antioxydants tels que le glutathion et la niacinamide. Ce s\u00e9rum de 30 ml est con\u00e7u pour unifier et hydrater votre peau tout en lui apportant une protection sup\u00e9rieure. Sa formule innovante associe des ingr\u00e9dients \u00e9claircissants comme l&#8217;alpha-arbutine et la vitamine C pour att\u00e9nuer les taches<span class=\"read-more-faq\"><a href=\"https:\/\/sakaba.mghosteur.com\/en\/product\/numbuzin-5-vitamin-concentrated-serum-30ml\/\">Read More<\/a><\/span><\/p>","protected":false},"featured_media":0,"comment_status":"open","ping_status":"closed","template":"","meta":[],"product_brand":[1020],"product_cat":[293,1018,451,334],"product_tag":[],"class_list":{"0":"post-31433","1":"product","2":"type-product","3":"status-publish","5":"product_brand-numbuzin","6":"product_cat-anti-taches","7":"product_cat-aai-produis-coreens","8":"product_cat-aab-soin-du-visage","9":"product_cat-traitement-serum","11":"first","12":"instock","13":"shipping-taxable","14":"product-type-simple"},"jetpack-related-posts":[{"id":31625,"url":"https:\/\/sakaba.mghosteur.com\/en\/product\/the-ordinary-ascorbyl-tetraisopalmitata-solution-20-in-vitamin-f\/","url_meta":{"origin":31433,"position":0},"title":"The Ordinary ASCORBYL TETRAISOPALMITATA SOLUTION 20% IN VITAMIN F","author":"admin","date":"May 10, 2024","format":false,"excerpt":"D\u00e9couvrez cette incroyable huile de vitamine C, id\u00e9ale pour hydrater et illuminer votre peau. La solution de t\u00e9traisopalmitate d'ascorbyle \u00e0 20 % dans la vitamine F est une formule l\u00e9g\u00e8re qui combat les signes du vieillissement tout en \u00e9quilibrant le teint. Contrairement aux autres formes de vitamine C, cette huile\u2026","rel":"","context":"Similar post","block_context":{"text":"Similar post","link":""},"img":{"alt_text":"","src":"","width":0,"height":0},"classes":[]},{"id":56192,"url":"https:\/\/sakaba.mghosteur.com\/en\/product\/glow-filter-vitamin-illuminating-serum\/","url_meta":{"origin":31433,"position":1},"title":"Glow Filter Vitamin Illuminating Serum","author":"Sope DIA","date":"January 2, 2026","format":false,"excerpt":"\u00c9CLAT NATUREL \u00c0 LA VITAMINE C : VITAQUEEN Acerola 40 % procure une infusion rafra\u00eechissante, tonifie la peau, lui redonne de l'\u00e9clat et la rend plus saine pour une peau radieuse et \u00e9clatante \u2013 bonjour l'\u00e9clat ! TRIPLE SOIN BEAUT\u00c9 : La niacinamide 4 % + l'arbutine 2 % agissent\u2026","rel":"","context":"Similar post","block_context":{"text":"Similar post","link":""},"img":{"alt_text":"","src":"","width":0,"height":0},"classes":[]},{"id":23965,"url":"https:\/\/sakaba.mghosteur.com\/en\/product\/cerave-skin-renewing-vitamin-c-serum\/","url_meta":{"origin":31433,"position":2},"title":"CERAVE SKIN RENEWING VITAMIN C SERUM","author":"admin","date":"November 9, 2022","format":false,"excerpt":"Le s\u00e9rum \u00e0 la vitamine C r\u00e9g\u00e9n\u00e9rant pour la peau de CeraVe est un v\u00e9ritable alli\u00e9 pour votre peau. Enrichi en 10% de vitamine C pure, ce s\u00e9rum antioxydant \u00e9claircit visiblement le teint et am\u00e9liore l'apparence des ridules, des taches brunes et du teint irr\u00e9gulier. Formul\u00e9 avec trois c\u00e9ramides essentiels,\u2026","rel":"","context":"Similar post","block_context":{"text":"Similar post","link":""},"img":{"alt_text":"","src":"","width":0,"height":0},"classes":[]},{"id":31642,"url":"https:\/\/sakaba.mghosteur.com\/en\/product\/the-inkey-niacinamide-serum\/","url_meta":{"origin":31433,"position":3},"title":"THE INKEY NIACINAMIDE SERUM","author":"admin","date":"May 10, 2024","format":false,"excerpt":"S\u00e9rum Niacinamide Un s\u00e9rum \u00e0 la niacinamide l\u00e9ger et puissant, parfait pour une int\u00e9gration ais\u00e9e dans votre routine de soins de la peau. Dot\u00e9 de 10 % de niacinamide, cette vitamine B3 d'origine naturelle est reconnue pour sa capacit\u00e9 \u00e0 r\u00e9duire efficacement l'exc\u00e8s de s\u00e9bum, les imperfections et les rougeurs.\u2026","rel":"","context":"Similar post","block_context":{"text":"Similar post","link":""},"img":{"alt_text":"","src":"","width":0,"height":0},"classes":[]},{"id":28864,"url":"https:\/\/sakaba.mghosteur.com\/en\/product\/hyper-even-for-brightening-dark-spot-and-discolora\/","url_meta":{"origin":31433,"position":4},"title":"HYPER EVEN FOR BRIGHTENING DARK SPOT AND DISCOLORANTION","author":"admin","date":"March 6, 2023","format":false,"excerpt":"Dites adieu aux taches brunes tenaces et bonjour \u00e0 une peau uniforme et \u00e9clatante avec le s\u00e9rum Hyper Brightening \u00e0 la Vitamine C pour les Taches Sombres de HYPER EVEN. Cette formule intensive est con\u00e7ue pour combattre efficacement l'hyperpigmentation et les signes du vieillissement. Notre ingr\u00e9dient phare, la vitamine C\u2026","rel":"","context":"Similar post","block_context":{"text":"Similar post","link":""},"img":{"alt_text":"","src":"","width":0,"height":0},"classes":[]},{"id":29602,"url":"https:\/\/sakaba.mghosteur.com\/en\/product\/fenty-skin-watch-ya-tone-niacinamide-dard-spot-ser\/","url_meta":{"origin":31433,"position":5},"title":"FENTY SKIN WATCH YA TONE NIACINAMIDE DARD SPOT SER","author":"admin","date":"April 10, 2023","format":false,"excerpt":"D\u00e9couvrez le s\u00e9rum WATCH YA TONE NIACINAMIDE DARK SPOT de la marque FENTY, un traitement cibl\u00e9 pour une peau uniforme et lumineuse. Les taches sombres ne sont plus un probl\u00e8me avec ce cocktail concentr\u00e9 d'ingr\u00e9dients anti-taches. En seulement une semaine, vous verrez une am\u00e9lioration de l'apparence de votre peau, qui\u2026","rel":"","context":"Similar post","block_context":{"text":"Similar post","link":""},"img":{"alt_text":"","src":"","width":0,"height":0},"classes":[]}],"_links":{"self":[{"href":"https:\/\/sakaba.mghosteur.com\/en\/wp-json\/wp\/v2\/product\/31433","targetHints":{"allow":["GET"]}}],"collection":[{"href":"https:\/\/sakaba.mghosteur.com\/en\/wp-json\/wp\/v2\/product"}],"about":[{"href":"https:\/\/sakaba.mghosteur.com\/en\/wp-json\/wp\/v2\/types\/product"}],"replies":[{"embeddable":true,"href":"https:\/\/sakaba.mghosteur.com\/en\/wp-json\/wp\/v2\/comments?post=31433"}],"version-history":[{"count":0,"href":"https:\/\/sakaba.mghosteur.com\/en\/wp-json\/wp\/v2\/product\/31433\/revisions"}],"wp:attachment":[{"href":"https:\/\/sakaba.mghosteur.com\/en\/wp-json\/wp\/v2\/media?parent=31433"}],"wp:term":[{"taxonomy":"product_brand","embeddable":true,"href":"https:\/\/sakaba.mghosteur.com\/en\/wp-json\/wp\/v2\/product_brand?post=31433"},{"taxonomy":"product_cat","embeddable":true,"href":"https:\/\/sakaba.mghosteur.com\/en\/wp-json\/wp\/v2\/product_cat?post=31433"},{"taxonomy":"product_tag","embeddable":true,"href":"https:\/\/sakaba.mghosteur.com\/en\/wp-json\/wp\/v2\/product_tag?post=31433"}],"curies":[{"name":"wp","href":"https:\/\/api.w.org\/{rel}","templated":true}]}}