{"id":31439,"date":"2024-05-10T11:10:45","date_gmt":"2024-05-10T11:10:45","guid":{"rendered":"https:\/\/sakaba.mghosteur.com\/?post_type=product&#038;p=31439"},"modified":"2025-04-04T03:44:04","modified_gmt":"2025-04-04T03:44:04","slug":"kojie-san-skin-lightening-cleanser-toner","status":"publish","type":"product","link":"https:\/\/sakaba.mghosteur.com\/en\/product\/kojie-san-skin-lightening-cleanser-toner\/","title":{"rendered":"KOJIE SAN SKIN LIGHTENING CLEANSER +TONER"},"content":{"rendered":"<p>D\u00e9couvrez le Kojie San Dual Action Cleanser + Toner &#8211; SUPER SAVINGS<\/p>\n<p>Profitez des avantages du Kojie San Dual Action Cleanser + Toner<\/p>\n<p>Ce nettoyant et tonique combin\u00e9 gardera votre peau fra\u00eeche en \u00e9liminant l&#8217;exc\u00e8s de s\u00e9bum.<\/p>\n<p>Les ingr\u00e9dients actifs nettoient d\u00e9licatement la peau, resserrent les pores et exfolient la couche sup\u00e9rieure des cellules cutan\u00e9es, r\u00e9v\u00e9lant ainsi une peau fra\u00eeche, saine et jeune.<\/p>\n<ul>\n<li>Bouteille de 100 ml (3,38 oz liquides)<\/li>\n<li>Nettoyage en profondeur<\/li>\n<li>\u00c9limine l&#8217;exc\u00e8s de s\u00e9bum<\/li>\n<li>Exfoliation douce<\/li>\n<li>Laisse la peau para\u00eetre jeune<\/li>\n<\/ul>\n<p>Instructions d&#8217;utilisation : Appliquez directement sur le visage en mouvements ascendants vers l&#8217;ext\u00e9rieur, sous le menton et le cou. Utilisez matin et soir.<\/p>\n<p>S\u00e9curit\u00e9 : Avant utilisation, effectuez un TEST SPOT pour v\u00e9rifier la sensibilit\u00e9 comme suit : Appliquez sur la zone pr\u00e9vue pendant 30 secondes maximum. En cas d&#8217;\u00e9ruption cutan\u00e9e, de br\u00fblure ou d&#8217;inflammation, retirez imm\u00e9diatement le produit de la peau et cessez toute utilisation ult\u00e9rieure.<\/p>","protected":false},"excerpt":{"rendered":"<p>D\u00e9couvrez le Kojie San Dual Action Cleanser + Toner &#8211; SUPER SAVINGS Profitez des avantages du Kojie San Dual Action Cleanser + Toner Ce nettoyant et tonique combin\u00e9 gardera votre peau fra\u00eeche en \u00e9liminant l&#8217;exc\u00e8s de s\u00e9bum. Les ingr\u00e9dients actifs nettoient d\u00e9licatement la peau, resserrent les pores et exfolient la couche sup\u00e9rieure des cellules cutan\u00e9es,<span class=\"read-more-faq\"><a href=\"https:\/\/sakaba.mghosteur.com\/en\/product\/kojie-san-skin-lightening-cleanser-toner\/\">Read More<\/a><\/span><\/p>","protected":false},"featured_media":0,"comment_status":"open","ping_status":"closed","template":"","meta":[],"product_brand":[894],"product_cat":[324,291,1018,451],"product_tag":[],"class_list":{"0":"post-31439","1":"product","2":"type-product","3":"status-publish","5":"product_brand-kojie-san","6":"product_cat-demaquillant-nettoyant","7":"product_cat-eclaircissant","8":"product_cat-aai-produis-coreens","9":"product_cat-aab-soin-du-visage","11":"first","12":"instock","13":"shipping-taxable","14":"product-type-simple"},"jetpack-related-posts":[{"id":26816,"url":"https:\/\/sakaba.mghosteur.com\/en\/product\/skin-lightening-cleanser-toner\/","url_meta":{"origin":31439,"position":0},"title":"SKIN LIGHTENING CLEANSER +TONER","author":"admin","date":"November 28, 2022","format":false,"excerpt":"D\u00e9couvrez le Kojie San Combined Cleanser and Toner, un nettoyant et tonique \u00e0 double action qui aide \u00e0 garder votre peau fra\u00eeche en \u00e9liminant le s\u00e9bum. La bouteille contient 100 ml (3,38 onces liquides) et les ingr\u00e9dients actifs nettoient en douceur la peau, resserrent les pores et exfolient la couche\u2026","rel":"","context":"Similar post","block_context":{"text":"Similar post","link":""},"img":{"alt_text":"","src":"","width":0,"height":0},"classes":[]},{"id":29859,"url":"https:\/\/sakaba.mghosteur.com\/en\/product\/kojie-san-skin-lightening-foaming-face-wash-with-hydromoist-150ml\/","url_meta":{"origin":31439,"position":1},"title":"Kojie San Skin Lightening Foaming Face Wash With Hydromoist 150ml","author":"admin","date":"April 26, 2023","format":false,"excerpt":"D\u00e9couvrez le Kojie San Skin Lightening Foaming Face Wash With Hydromoist de 150ml, un produit de beaut\u00e9 de qualit\u00e9 qui nettoie en douceur le visage tout en le rendant plus lumineux. Ce nettoyant pour le visage \u00e0 la mousse l\u00e9g\u00e8re et a\u00e9r\u00e9e nettoie en douceur et \u00e9limine les impuret\u00e9s, la\u2026","rel":"","context":"Similar post","block_context":{"text":"Similar post","link":""},"img":{"alt_text":"","src":"","width":0,"height":0},"classes":[]},{"id":31432,"url":"https:\/\/sakaba.mghosteur.com\/en\/product\/kojie-san-skin-lightening-body-lotion\/","url_meta":{"origin":31439,"position":2},"title":"KOJIE SAN SKIN LIGHTENING BODY LOTION","author":"admin","date":"May 10, 2024","format":false,"excerpt":"D\u00e9couvrez la lotion \u00e9claircissante pour le corps Kojie-San dans sa version GRANDE bouteille de 200 g. Ce produit renferme un m\u00e9lange pr\u00e9cieux d'ingr\u00e9dients naturels, dont l'acide kojique, l'huile de rose musqu\u00e9e, le collag\u00e8ne et la vitamine E, pour une peau visiblement jeune et \u00e9clatante de sant\u00e9. Contenance : 200g Action\u2026","rel":"","context":"Similar post","block_context":{"text":"Similar post","link":""},"img":{"alt_text":"","src":"","width":0,"height":0},"classes":[]},{"id":29851,"url":"https:\/\/sakaba.mghosteur.com\/en\/product\/kojie-san-skin-lightening-facial-wash-with-hydromoist\/","url_meta":{"origin":31439,"position":3},"title":"Kojie San Skin Lightening Facial Wash with Hydromoist","author":"admin","date":"April 26, 2023","format":false,"excerpt":"D\u00e9couvrez le Kojie San Skin Lightening Facial Wash with Hydromoist, un nettoyant pour le visage de qualit\u00e9 de 100g qui \u00e9claircit, restaure et hydrate la peau. L'acide kojique et la niacinamide travaillent ensemble pour \u00e9claircir et apaiser la peau, laissant votre visage \u00e9clatant et hydrat\u00e9. Ce nettoyant en bouteille de\u2026","rel":"","context":"Similar post","block_context":{"text":"Similar post","link":""},"img":{"alt_text":"","src":"","width":0,"height":0},"classes":[]},{"id":29844,"url":"https:\/\/sakaba.mghosteur.com\/en\/product\/kojie-san-dream-white-soap-2-bars-65g\/","url_meta":{"origin":31439,"position":4},"title":"Kojie San Dream White Soap 2 Bars &#8211; 65g","author":"admin","date":"April 26, 2023","format":false,"excerpt":"D\u00e9couvrez le savon Kojie San Dream White Soap - 65g, un produit de beaut\u00e9 qui \u00e9claircit la peau tout en r\u00e9duisant l'apparence des signes de vieillissement. Ce savon contient du collag\u00e8ne et de l'\u00e9lastine, des substances pr\u00e9sentes dans la peau qui contribuent \u00e0 une apparence plus jeune. Il remplace les\u2026","rel":"","context":"Similar post","block_context":{"text":"Similar post","link":""},"img":{"alt_text":"","src":"","width":0,"height":0},"classes":[]},{"id":28809,"url":"https:\/\/sakaba.mghosteur.com\/en\/product\/foaming-cleanser-bar\/","url_meta":{"origin":31439,"position":5},"title":"FOAMING CLEANSER BAR","author":"admin","date":"December 12, 2022","format":false,"excerpt":"La barre nettoyante moussante CeraVe est la solution id\u00e9ale pour les peaux normales \u00e0 grasses. D\u00e9velopp\u00e9e avec des dermatologues, cette formule non com\u00e9dog\u00e8ne et sans savon nettoie efficacement la salet\u00e9 et l'exc\u00e8s de s\u00e9bum sans provoquer d'irritation ou de s\u00e9cheresse. Enrichie en argile de kaolin, niacinamide, acide hyaluronique et trois\u2026","rel":"","context":"Similar post","block_context":{"text":"Similar post","link":""},"img":{"alt_text":"","src":"","width":0,"height":0},"classes":[]}],"_links":{"self":[{"href":"https:\/\/sakaba.mghosteur.com\/en\/wp-json\/wp\/v2\/product\/31439","targetHints":{"allow":["GET"]}}],"collection":[{"href":"https:\/\/sakaba.mghosteur.com\/en\/wp-json\/wp\/v2\/product"}],"about":[{"href":"https:\/\/sakaba.mghosteur.com\/en\/wp-json\/wp\/v2\/types\/product"}],"replies":[{"embeddable":true,"href":"https:\/\/sakaba.mghosteur.com\/en\/wp-json\/wp\/v2\/comments?post=31439"}],"version-history":[{"count":0,"href":"https:\/\/sakaba.mghosteur.com\/en\/wp-json\/wp\/v2\/product\/31439\/revisions"}],"wp:attachment":[{"href":"https:\/\/sakaba.mghosteur.com\/en\/wp-json\/wp\/v2\/media?parent=31439"}],"wp:term":[{"taxonomy":"product_brand","embeddable":true,"href":"https:\/\/sakaba.mghosteur.com\/en\/wp-json\/wp\/v2\/product_brand?post=31439"},{"taxonomy":"product_cat","embeddable":true,"href":"https:\/\/sakaba.mghosteur.com\/en\/wp-json\/wp\/v2\/product_cat?post=31439"},{"taxonomy":"product_tag","embeddable":true,"href":"https:\/\/sakaba.mghosteur.com\/en\/wp-json\/wp\/v2\/product_tag?post=31439"}],"curies":[{"name":"wp","href":"https:\/\/api.w.org\/{rel}","templated":true}]}}