{"id":31451,"date":"2024-05-10T11:15:27","date_gmt":"2024-05-10T11:15:27","guid":{"rendered":"https:\/\/sakaba.mghosteur.com\/?post_type=product&#038;p=31451"},"modified":"2024-08-07T19:53:25","modified_gmt":"2024-08-07T19:53:25","slug":"numbuzin-vitamine-niacinamidee-concentrade-pad-5-180ml","status":"publish","type":"product","link":"https:\/\/sakaba.mghosteur.com\/en\/product\/numbuzin-vitamine-niacinamidee-concentrade-pad-5-180ml\/","title":{"rendered":"NUMBUZIN VITAMINE NIACINAMIDEE CONCENTRADE PAD 5+ 180ml"},"content":{"rendered":"<p>D\u00e9couvrez le Numbuzin n\u00b05, un tampon concentr\u00e9 en vitamine niacinamide con\u00e7u pour laisser votre peau claire et revitalis\u00e9e. Sa formule \u00e9clairante associe habilement le glutathion, la niacinamide et la vitamine pour un effet optimal.<\/p>\n<p>Les tampons \u00e0 double face offrent un double effet : d&#8217;un c\u00f4t\u00e9, le glutathion lisse la peau tandis que le c\u00f4t\u00e9 en gel\u00e9e \u00e9claircit le teint, tandis que de l&#8217;autre c\u00f4t\u00e9, la gaze en coton 100% contribue \u00e0 refaire la texture de la peau.<\/p>\n<p>Fabriqu\u00e9s \u00e0 partir de coton de gaze 100% pur et enrichis d&#8217;un film de gel\u00e9e, ces coussinets restaurent l&#8217;\u00e9clat et l&#8217;hydratation de votre peau. Convient \u00e0 tous les types de peau, ils ciblent les imperfections, les taches, l&#8217;hyperpigmentation, le teint in\u00e9gal et la peau terne.<\/p>\n<p>Gr\u00e2ce \u00e0 la pr\u00e9sence de PHA &amp; LHA, ces tampons \u00e9liminent efficacement les cellules mortes de la peau, laissant votre teint radieux et uniforme.<\/p>\n<p>Formul\u00e9 sans cruaut\u00e9, sans parfum artificiel et sans huile min\u00e9rale, ce produit est parfaitement adapt\u00e9 \u00e0 votre routine de soins.<\/p>\n<p>Mode d&#8217;emploi :<\/p>\n<ul>\n<li>Apr\u00e8s le nettoyage, placez le c\u00f4t\u00e9 en gel\u00e9e du coussin sur votre peau et laissez agir pendant 3 \u00e0 5 minutes.<\/li>\n<li>Ensuite, essuyez l\u00e9g\u00e8rement votre peau avec le c\u00f4t\u00e9 en coton du tampon. Tapotez doucement pour favoriser l&#8217;absorption de toute essence restante.<\/li>\n<\/ul>","protected":false},"excerpt":{"rendered":"<p>D\u00e9couvrez le Numbuzin n\u00b05, un tampon concentr\u00e9 en vitamine niacinamide con\u00e7u pour laisser votre peau claire et revitalis\u00e9e. Sa formule \u00e9clairante associe habilement le glutathion, la niacinamide et la vitamine pour un effet optimal. Les tampons \u00e0 double face offrent un double effet : d&#8217;un c\u00f4t\u00e9, le glutathion lisse la peau tandis que le c\u00f4t\u00e9<span class=\"read-more-faq\"><a href=\"https:\/\/sakaba.mghosteur.com\/en\/product\/numbuzin-vitamine-niacinamidee-concentrade-pad-5-180ml\/\">Read More<\/a><\/span><\/p>","protected":false},"featured_media":0,"comment_status":"open","ping_status":"closed","template":"","meta":[],"product_brand":[1020],"product_cat":[294,293,1018,451,334],"product_tag":[],"class_list":{"0":"post-31451","1":"product","2":"type-product","3":"status-publish","5":"product_brand-numbuzin","6":"product_cat-acne","7":"product_cat-anti-taches","8":"product_cat-aai-produis-coreens","9":"product_cat-aab-soin-du-visage","10":"product_cat-traitement-serum","12":"first","13":"instock","14":"shipping-taxable","15":"product-type-simple"},"jetpack-related-posts":[{"id":31433,"url":"https:\/\/sakaba.mghosteur.com\/en\/product\/numbuzin-5-vitamin-concentrated-serum-30ml\/","url_meta":{"origin":31451,"position":0},"title":"NUMBUZIN 5+ VITAMIN CONCENTRATED SERUM 30ML","author":"admin","date":"May 10, 2024","format":false,"excerpt":"D\u00e9couvrez le S\u00e9rum Concentr\u00e9 Vitamine No.5, une fusion de puissants antioxydants tels que le glutathion et la niacinamide. Ce s\u00e9rum de 30 ml est con\u00e7u pour unifier et hydrater votre peau tout en lui apportant une protection sup\u00e9rieure. Sa formule innovante associe des ingr\u00e9dients \u00e9claircissants comme l'alpha-arbutine et la vitamine\u2026","rel":"","context":"Similar post","block_context":{"text":"Similar post","link":""},"img":{"alt_text":"","src":"","width":0,"height":0},"classes":[]},{"id":31445,"url":"https:\/\/sakaba.mghosteur.com\/en\/product\/numbuzin-3-toner-super-glowing-essence-200ml\/","url_meta":{"origin":31451,"position":1},"title":"NUMBUZIN 3 TONER SUPER GLOWING ESSENCE 200ML","author":"admin","date":"May 10, 2024","format":false,"excerpt":"D\u00e9couvrez le Numbuzin No.3 Super Glowing Essence Toner, une v\u00e9ritable r\u00e9v\u00e9lation pour votre routine de soins de la peau. Compos\u00e9 de 50 types d'ingr\u00e9dients ferment\u00e9s, ce toner est un indispensable pour am\u00e9liorer l'\u00e9clat, l'\u00e9lasticit\u00e9 et l'apparence g\u00e9n\u00e9rale de votre peau. Con\u00e7u pour ceux qui souffrent d'un teint terne ou d'un\u2026","rel":"","context":"Similar post","block_context":{"text":"Similar post","link":""},"img":{"alt_text":"","src":"","width":0,"height":0},"classes":[]},{"id":56206,"url":"https:\/\/sakaba.mghosteur.com\/en\/product\/mediheal-watermide-moisture-pad\/","url_meta":{"origin":31451,"position":2},"title":"Mediheal Watermide Moisture Pad","author":"Sope DIA","date":"January 2, 2026","format":false,"excerpt":"Tampons de toner quotidiens jour et nuit pour une r\u00e9paration rapide de la peau Fournit la solution de beaut\u00e9 adapt\u00e9e \u00e0 vos types de peau et \u00e0 vos pr\u00e9occupations. Taille (67 mm) pour couvrir une large zone. Coins arrondis pour un ajustement parfait sur la peau. 2 en 1 ;\u2026","rel":"","context":"Similar post","block_context":{"text":"Similar post","link":""},"img":{"alt_text":"","src":"","width":0,"height":0},"classes":[]},{"id":31687,"url":"https:\/\/sakaba.mghosteur.com\/en\/product\/aplb-glutathione-niacinamide-5-3-body-wash\/","url_meta":{"origin":31451,"position":3},"title":"APLB GLUTATHIONE NIACINAMIDE 5.3% BODY WASH","author":"admin","date":"May 10, 2024","format":false,"excerpt":"D\u00e9couvrez ce produit exceptionnel pour votre routine de soin corporel : le Gel Douche Glutathion Niacinamide \/ LIPO GLUTA NIAC CEN 5.3%. Il associe le Glutathion \u00e0 1 000 ppm, la Niacinamide \u00e0 1 000 ppm et un extrait de Centella Asiatica \u00e0 5,1%, enrichi avec le Complexe Centella 3x.\u2026","rel":"","context":"Similar post","block_context":{"text":"Similar post","link":""},"img":{"alt_text":"","src":"","width":0,"height":0},"classes":[]},{"id":31667,"url":"https:\/\/sakaba.mghosteur.com\/en\/product\/aplb-glutathione-niacinamide-facial-24-8\/","url_meta":{"origin":31451,"position":4},"title":"APLB GLUTATHIONE NIACINAMIDE FACIAL 24.8%","author":"admin","date":"May 10, 2024","format":false,"excerpt":"D\u00e9couvrez la Cr\u00e8me Visage Glutathion Niacinamide, un v\u00e9ritable tr\u00e9sor pour votre peau. Avec une concentration remarquable de 24,8% (Glutathion 1 000 ppm, Niacinamide 20 000 ppm, Extrait de Centella Asiatica 22,7%), ce produit est une v\u00e9ritable r\u00e9v\u00e9lation pour votre routine de soins. Associ\u00e9 au Complexe Centella 3x, comprenant de l'acide\u2026","rel":"","context":"Similar post","block_context":{"text":"Similar post","link":""},"img":{"alt_text":"","src":"","width":0,"height":0},"classes":[]},{"id":31600,"url":"https:\/\/sakaba.mghosteur.com\/en\/product\/cosrx-original-clear-pad-salix-alba-bark-water-bha\/","url_meta":{"origin":31451,"position":5},"title":"ONE STEP ORIGINAL CLEAR PAD","author":"admin","date":"May 10, 2024","format":false,"excerpt":"Les Tampons Exfoliants Clear Pad One Step Original sont votre alli\u00e9 pour une peau claire et sans imperfections. Chaque bo\u00eete contient 70 tampons, impr\u00e9gn\u00e9s d'une essence douce qui \u00e9limine les impuret\u00e9s et l'exc\u00e8s de s\u00e9bum en un seul geste. Gr\u00e2ce \u00e0 leur texture gaufr\u00e9e, ces tampons p\u00e9n\u00e8trent en profondeur dans\u2026","rel":"","context":"Similar post","block_context":{"text":"Similar post","link":""},"img":{"alt_text":"","src":"","width":0,"height":0},"classes":[]}],"_links":{"self":[{"href":"https:\/\/sakaba.mghosteur.com\/en\/wp-json\/wp\/v2\/product\/31451","targetHints":{"allow":["GET"]}}],"collection":[{"href":"https:\/\/sakaba.mghosteur.com\/en\/wp-json\/wp\/v2\/product"}],"about":[{"href":"https:\/\/sakaba.mghosteur.com\/en\/wp-json\/wp\/v2\/types\/product"}],"replies":[{"embeddable":true,"href":"https:\/\/sakaba.mghosteur.com\/en\/wp-json\/wp\/v2\/comments?post=31451"}],"version-history":[{"count":0,"href":"https:\/\/sakaba.mghosteur.com\/en\/wp-json\/wp\/v2\/product\/31451\/revisions"}],"wp:attachment":[{"href":"https:\/\/sakaba.mghosteur.com\/en\/wp-json\/wp\/v2\/media?parent=31451"}],"wp:term":[{"taxonomy":"product_brand","embeddable":true,"href":"https:\/\/sakaba.mghosteur.com\/en\/wp-json\/wp\/v2\/product_brand?post=31451"},{"taxonomy":"product_cat","embeddable":true,"href":"https:\/\/sakaba.mghosteur.com\/en\/wp-json\/wp\/v2\/product_cat?post=31451"},{"taxonomy":"product_tag","embeddable":true,"href":"https:\/\/sakaba.mghosteur.com\/en\/wp-json\/wp\/v2\/product_tag?post=31451"}],"curies":[{"name":"wp","href":"https:\/\/api.w.org\/{rel}","templated":true}]}}