{"id":31456,"date":"2024-05-10T11:16:29","date_gmt":"2024-05-10T11:16:29","guid":{"rendered":"https:\/\/sakaba.mghosteur.com\/?post_type=product&#038;p=31456"},"modified":"2024-08-07T20:15:04","modified_gmt":"2024-08-07T20:15:04","slug":"laneige-baume-brillant-pour-les-levres-berry","status":"publish","type":"product","link":"https:\/\/sakaba.mghosteur.com\/en\/product\/laneige-baume-brillant-pour-les-levres-berry\/","title":{"rendered":"LANEIGE BAUME BRILLANT POUR LES LEVRES BERRY"},"content":{"rendered":"<p>D\u00e9couvrez le partenaire id\u00e9al du Lip Sleeping Mask pour des l\u00e8vres prot\u00e9g\u00e9es et hydrat\u00e9es toute la journ\u00e9e !<\/p>\n<p>Le Lip Glowy Balm fusionne les bienfaits d&#8217;un baume et d&#8217;un gloss en un seul produit ! Hydratant et nourrissant, ce baume contient des beurres de karit\u00e9 qui facilitent son application, laissant les l\u00e8vres douces et soign\u00e9es. Dot\u00e9 d&#8217;un fini brillant semblable \u00e0 un gloss, il est l\u00e9ger et l\u00e9g\u00e8rement teint\u00e9, offrant ainsi une touche de couleur subtile. Sa formule \u00e0 base de beurre de Murumuru et de karit\u00e9 assure une hydratation intense et durable, id\u00e9ale pour ceux qui portent r\u00e9guli\u00e8rement du rouge \u00e0 l\u00e8vres et souhaitent prendre soin de leurs l\u00e8vres. Avec sa texture non collante et sa praticit\u00e9, ce baume est parfait pour des retouches tout au long de la journ\u00e9e.<\/p>\n<p>Conseils d&#8217;utilisation : Appliquez uniform\u00e9ment sur l&#8217;ensemble de vos l\u00e8vres apr\u00e8s votre routine de soin habituelle.<\/p>","protected":false},"excerpt":{"rendered":"<p>D\u00e9couvrez le partenaire id\u00e9al du Lip Sleeping Mask pour des l\u00e8vres prot\u00e9g\u00e9es et hydrat\u00e9es toute la journ\u00e9e ! Le Lip Glowy Balm fusionne les bienfaits d&#8217;un baume et d&#8217;un gloss en un seul produit ! Hydratant et nourrissant, ce baume contient des beurres de karit\u00e9 qui facilitent son application, laissant les l\u00e8vres douces et soign\u00e9es.<span class=\"read-more-faq\"><a href=\"https:\/\/sakaba.mghosteur.com\/en\/product\/laneige-baume-brillant-pour-les-levres-berry\/\">Read More<\/a><\/span><\/p>","protected":false},"featured_media":0,"comment_status":"open","ping_status":"closed","template":"","meta":[],"product_brand":[903],"product_cat":[1054,451],"product_tag":[],"class_list":{"0":"post-31456","1":"product","2":"type-product","3":"status-publish","5":"product_brand-laneige","6":"product_cat-soins-des-levres","7":"product_cat-aab-soin-du-visage","9":"first","10":"instock","11":"shipping-taxable","12":"product-type-simple"},"jetpack-related-posts":[{"id":31469,"url":"https:\/\/sakaba.mghosteur.com\/en\/product\/laneige-lip-glowy-balm-baume-brillant-gummy-bear\/","url_meta":{"origin":31456,"position":0},"title":"LANEIGE LIP GLOWY BALM BAUME BRILLANT GUMMY BEAR","author":"admin","date":"May 10, 2024","format":false,"excerpt":"D\u00e9couvrez le baume \u00e0 l\u00e8vres teint\u00e9 et brillant, un indispensable de votre routine beaut\u00e9. Ce baume-gloss 2-en-1 de Laneige est con\u00e7u pour vous offrir un \u00e9clat subtil et naturel. Enrichi en beurres de karit\u00e9 et de murumuru, il nourrit vos l\u00e8vres tout en leur procurant un fini l\u00e9g\u00e8rement teint\u00e9 et\u2026","rel":"","context":"Similar post","block_context":{"text":"Similar post","link":""},"img":{"alt_text":"","src":"","width":0,"height":0},"classes":[]},{"id":33249,"url":"https:\/\/sakaba.mghosteur.com\/en\/product\/eos-100-natural-shea-lip-balm-pomegranate-raspberry\/","url_meta":{"origin":31456,"position":1},"title":"EOS 100% Natural Shea Lip Balm Pomegranate Raspberry","author":"admin","date":"May 20, 2024","format":false,"excerpt":"Le go\u00fbt de grenade et de framboise a le go\u00fbt de grenade p\u00e9tillante et de framboise acidul\u00e9e et juteuse. Notre baume \u00e0 l\u00e8vres certifi\u00e9 biologique par l'USDA et recommand\u00e9 par les dermatologues est formul\u00e9 pour les peaux sensibles et fabriqu\u00e9 avec du beurre de karit\u00e9 apaisant, de l'huile de coco\u2026","rel":"","context":"Similar post","block_context":{"text":"Similar post","link":""},"img":{"alt_text":"","src":"","width":0,"height":0},"classes":[]},{"id":34602,"url":"https:\/\/sakaba.mghosteur.com\/en\/product\/fenty-luscious-lip-balm-latte-lips\/","url_meta":{"origin":31456,"position":2},"title":"FENTY LUSCIOUS LIP BALM LATTE LIPS","author":"admin","date":"May 29, 2024","format":false,"excerpt":"Un baume \u00e0 l\u00e8vres cr\u00e9meux et hydratant dot\u00e9 d'un applicateur en forme de pied de biche moelleux qui lisse, adoucit et pr\u00e9pare vos l\u00e8vres pour des l\u00e8vres instantan\u00e9ment pulpeuses et dignes d'un baiser qui durent, dans des teintes transparentes con\u00e7ues pour tous les tons de peau. Description: Super cr\u00e9meux et\u2026","rel":"","context":"Similar post","block_context":{"text":"Similar post","link":""},"img":{"alt_text":"","src":"","width":0,"height":0},"classes":[]},{"id":34599,"url":"https:\/\/sakaba.mghosteur.com\/en\/product\/fenty-luscious-lip-balm-cocoa-drizzle\/","url_meta":{"origin":31456,"position":3},"title":"FENTY LUSCIOUS LIP BALM COCOA DRIZZLE","author":"admin","date":"May 29, 2024","format":false,"excerpt":"Un baume \u00e0 l\u00e8vres cr\u00e9meux et hydratant dot\u00e9 d'un applicateur en forme de pied de biche moelleux qui lisse, adoucit et pr\u00e9pare vos l\u00e8vres pour des l\u00e8vres instantan\u00e9ment pulpeuses et dignes d'un baiser qui durent, dans des teintes transparentes con\u00e7ues pour tous les tons de peau. Description: Super cr\u00e9meux et\u2026","rel":"","context":"Similar post","block_context":{"text":"Similar post","link":""},"img":{"alt_text":"","src":"","width":0,"height":0},"classes":[]},{"id":24832,"url":"https:\/\/sakaba.mghosteur.com\/en\/product\/eos-100-natural-shea-lip-balm-vanilla-bean\/","url_meta":{"origin":31456,"position":4},"title":"EOS 100% Natural Shea Lip Balm Vanilla Bean","author":"admin","date":"November 11, 2022","format":false,"excerpt":"Le Baume \u00e0 L\u00e8vres B\u00e2ton Vanille de la marque EOS est un produit de beaut\u00e9 naturel et biologique qui hydrate et nourrit vos l\u00e8vres tout en leur offrant une saveur de vanille douce, riche et cr\u00e9meuse. Ce baume \u00e0 l\u00e8vres est compos\u00e9 d'ingr\u00e9dients de qualit\u00e9 sup\u00e9rieure, tels que l'huile de\u2026","rel":"","context":"Similar post","block_context":{"text":"Similar post","link":""},"img":{"alt_text":"","src":"","width":0,"height":0},"classes":[]},{"id":29579,"url":"https:\/\/sakaba.mghosteur.com\/en\/product\/fenty-gloss-bomb-ice\/","url_meta":{"origin":31456,"position":5},"title":"FENTY GLOSS BOMB ICE","author":"admin","date":"April 10, 2023","format":false,"excerpt":"D\u00e9couvrez le GLOSS BOMB ICE COOLING LIP LUMINIZER de la marque FENTY, le brillant \u00e0 l\u00e8vres qui vous donnera un look mouill\u00e9 et rafra\u00eechissant gr\u00e2ce \u00e0 son effet menthol\u00e9 instantan\u00e9. Ce brillant \u00e0 l\u00e8vres est la version am\u00e9lior\u00e9e de notre bestseller. Il vous donnera un fini mouill\u00e9 et brillant sans\u2026","rel":"","context":"Similar post","block_context":{"text":"Similar post","link":""},"img":{"alt_text":"","src":"","width":0,"height":0},"classes":[]}],"_links":{"self":[{"href":"https:\/\/sakaba.mghosteur.com\/en\/wp-json\/wp\/v2\/product\/31456","targetHints":{"allow":["GET"]}}],"collection":[{"href":"https:\/\/sakaba.mghosteur.com\/en\/wp-json\/wp\/v2\/product"}],"about":[{"href":"https:\/\/sakaba.mghosteur.com\/en\/wp-json\/wp\/v2\/types\/product"}],"replies":[{"embeddable":true,"href":"https:\/\/sakaba.mghosteur.com\/en\/wp-json\/wp\/v2\/comments?post=31456"}],"version-history":[{"count":0,"href":"https:\/\/sakaba.mghosteur.com\/en\/wp-json\/wp\/v2\/product\/31456\/revisions"}],"wp:attachment":[{"href":"https:\/\/sakaba.mghosteur.com\/en\/wp-json\/wp\/v2\/media?parent=31456"}],"wp:term":[{"taxonomy":"product_brand","embeddable":true,"href":"https:\/\/sakaba.mghosteur.com\/en\/wp-json\/wp\/v2\/product_brand?post=31456"},{"taxonomy":"product_cat","embeddable":true,"href":"https:\/\/sakaba.mghosteur.com\/en\/wp-json\/wp\/v2\/product_cat?post=31456"},{"taxonomy":"product_tag","embeddable":true,"href":"https:\/\/sakaba.mghosteur.com\/en\/wp-json\/wp\/v2\/product_tag?post=31456"}],"curies":[{"name":"wp","href":"https:\/\/api.w.org\/{rel}","templated":true}]}}